{"id":2763,"date":"2023-09-01T16:11:54","date_gmt":"2023-09-01T16:11:54","guid":{"rendered":"https:\/\/www.ramgmbh.de\/?page_id=2763"},"modified":"2024-07-19T13:17:04","modified_gmt":"2024-07-19T12:17:04","slug":"recycling1","status":"publish","type":"page","link":"https:\/\/www.ramgmbh.de\/br\/recycling1\/","title":{"rendered":"Recycling"},"content":{"rendered":"\t\t<div data-elementor-type=\"wp-page\" data-elementor-id=\"2763\" class=\"elementor elementor-2763\">\n\t\t\t\t\t\t<section class=\"elementor-section elementor-top-section elementor-element elementor-element-a9ede96 elementor-section-full_width elementor-section-stretched elementor-section-height-default elementor-section-height-default\" data-id=\"a9ede96\" data-element_type=\"section\" id=\"history\" data-settings=\"{&quot;stretch_section&quot;:&quot;section-stretched&quot;,&quot;background_background&quot;:&quot;classic&quot;}\">\n\t\t\t\t\t\t\t<div class=\"elementor-background-overlay\"><\/div>\n\t\t\t\t\t\t\t<div class=\"elementor-container elementor-column-gap-no\">\n\t\t\t\t\t<div class=\"elementor-column elementor-col-100 elementor-top-column elementor-element elementor-element-28bb6815\" data-id=\"28bb6815\" data-element_type=\"column\">\n\t\t\t<div class=\"elementor-widget-wrap elementor-element-populated\">\n\t\t\t\t\t\t\t<\/div>\n\t\t<\/div>\n\t\t\t\t\t<\/div>\n\t\t<\/section>\n\t\t<div class=\"elementor-element elementor-element-ae57e16 e-flex e-con-boxed e-con e-parent\" data-id=\"ae57e16\" data-element_type=\"container\">\n\t\t\t\t\t<div class=\"e-con-inner\">\n\t\t\t\t<div class=\"elementor-element elementor-element-184a5fa elementor-grid-1 elementor-posts--thumbnail-left elementor-grid-tablet-2 elementor-grid-mobile-1 elementor-widget elementor-widget-posts\" data-id=\"184a5fa\" data-element_type=\"widget\" data-settings=\"{&quot;pagination_type&quot;:&quot;numbers_and_prev_next&quot;,&quot;classic_columns&quot;:&quot;1&quot;,&quot;classic_columns_tablet&quot;:&quot;2&quot;,&quot;classic_columns_mobile&quot;:&quot;1&quot;,&quot;classic_row_gap&quot;:{&quot;unit&quot;:&quot;px&quot;,&quot;size&quot;:35,&quot;sizes&quot;:[]},&quot;classic_row_gap_tablet&quot;:{&quot;unit&quot;:&quot;px&quot;,&quot;size&quot;:&quot;&quot;,&quot;sizes&quot;:[]},&quot;classic_row_gap_mobile&quot;:{&quot;unit&quot;:&quot;px&quot;,&quot;size&quot;:&quot;&quot;,&quot;sizes&quot;:[]}}\" data-widget_type=\"posts.classic\">\n\t\t\t\t<div class=\"elementor-widget-container\">\n\t\t\t<link rel=\"stylesheet\" href=\"https:\/\/www.ramgmbh.de\/wp-content\/plugins\/elementor-pro\/assets\/css\/widget-posts.min.css\">\t\t<div class=\"elementor-posts-container elementor-posts elementor-posts--skin-classic elementor-grid\">\n\t\t\t\t<article class=\"elementor-post elementor-grid-item post-7625 product type-product status-publish has-post-thumbnail hentry product_category-laboratory\">\n\t\t\t\t<a class=\"elementor-post__thumbnail__link\" href=\"https:\/\/www.ramgmbh.de\/br\/product\/itg-500\/\" >\n\t\t\t<div class=\"elementor-post__thumbnail\"><img fetchpriority=\"high\" decoding=\"async\" width=\"300\" height=\"227\" src=\"https:\/\/www.ramgmbh.de\/wp-content\/uploads\/2025\/05\/ITG500-300x227.png\" class=\"attachment-medium size-medium wp-image-7627\" alt=\"\" srcset=\"https:\/\/www.ramgmbh.de\/wp-content\/uploads\/2025\/05\/ITG500-300x227.png 300w, https:\/\/www.ramgmbh.de\/wp-content\/uploads\/2025\/05\/ITG500.png 526w\" sizes=\"(max-width: 300px) 100vw, 300px\" \/><\/div>\n\t\t<\/a>\n\t\t\t\t<div class=\"elementor-post__text\">\n\t\t\t\t<h3 class=\"elementor-post__title\">\n\t\t\t<a href=\"https:\/\/www.ramgmbh.de\/br\/product\/itg-500\/\" >\n\t\t\t\tITG 500\t\t\t<\/a>\n\t\t<\/h3>\n\t\t\t\t<div class=\"elementor-post__excerpt\">\n\t\t\t<p>Precis\u00e3o na Inspe\u00e7\u00e3o de Superf\u00edcies para Laborat\u00f3rio Mergulhe na pr\u00f3xima gera\u00e7\u00e3o de inspe\u00e7\u00e3o de filmes com nosso Bench Analyser\u00ae. Projetado como uma bancada de laborat\u00f3rio de \u00faltima gera\u00e7\u00e3o, este sistema identifica, categoriza e documenta meticulosamente defeitos \u00f3pticos em amostras de filmes de acordo com os padr\u00f5es DIN A4 \/ DIN A3. Seja para filmes transparentes ou opacos, nosso sistema garante uma an\u00e1lise abrangente. Caracter\u00edsticas Principais: Ilumina\u00e7\u00e3o Transmitida: Ideal tanto para filmes transparentes quanto para filmes parcialmente opacos. Ilumina\u00e7\u00e3o Refletida: Melhora a visibilidade e clareza, especialmente em filmes de suporte. Diafragma de Campo Escuro: Desenvolvido especialmente para melhorar a detec\u00e7\u00e3o de manchas de gel em filmes transparentes. Ilumina\u00e7\u00e3o Bilateral: Uma mistura harmoniosa de ilumina\u00e7\u00e3o transmitida e refletida, oferecendo uma clareza incompar\u00e1vel para filmes de suporte. Classifica\u00e7\u00e3o Automatizada de Defeitos: Desde manchas<\/p>\n\t\t<\/div>\n\t\t\n\t\t<a class=\"elementor-post__read-more\" href=\"https:\/\/www.ramgmbh.de\/br\/product\/itg-500\/\" >\n\t\t\tRead More \u00bb\t\t<\/a>\n\n\t\t\t\t<\/div>\n\t\t\t\t<\/article>\n\t\t\t\t<article class=\"elementor-post elementor-grid-item post-6227 product type-product status-publish has-post-thumbnail hentry product_category-software\">\n\t\t\t\t<a class=\"elementor-post__thumbnail__link\" href=\"https:\/\/www.ramgmbh.de\/br\/product\/plastpsm\/\" >\n\t\t\t<div class=\"elementor-post__thumbnail\"><img decoding=\"async\" width=\"300\" height=\"100\" src=\"https:\/\/www.ramgmbh.de\/wp-content\/uploads\/2024\/04\/PMS-Logo.1-e1714374307909-300x100.jpeg\" class=\"attachment-medium size-medium wp-image-6228\" alt=\"\" srcset=\"https:\/\/www.ramgmbh.de\/wp-content\/uploads\/2024\/04\/PMS-Logo.1-e1714374307909-300x100.jpeg 300w, https:\/\/www.ramgmbh.de\/wp-content\/uploads\/2024\/04\/PMS-Logo.1-e1714374307909-1024x340.jpeg 1024w, https:\/\/www.ramgmbh.de\/wp-content\/uploads\/2024\/04\/PMS-Logo.1-e1714374307909-768x255.jpeg 768w, https:\/\/www.ramgmbh.de\/wp-content\/uploads\/2024\/04\/PMS-Logo.1-e1714374307909.jpeg 1172w\" sizes=\"(max-width: 300px) 100vw, 300px\" \/><\/div>\n\t\t<\/a>\n\t\t\t\t<div class=\"elementor-post__text\">\n\t\t\t\t<h3 class=\"elementor-post__title\">\n\t\t\t<a href=\"https:\/\/www.ramgmbh.de\/br\/product\/plastpsm\/\" >\n\t\t\t\tPlastPSM\u00ae\t\t\t<\/a>\n\t\t<\/h3>\n\t\t\t\t<div class=\"elementor-post__excerpt\">\n\t\t\t<p>PlastPMS\u00ae: seu sistema de monitoramento unificado Sistema de Monitoramento de Produ\u00e7\u00e3o de Pl\u00e1sticos PlastPMS \u00e9 sua ferramenta completa para an\u00e1lise ao vivo e detalhada, levando sua produ\u00e7\u00e3o a um novo n\u00edvel. Ele re\u00fane dados de todos os seus sistemas, oferecendo um \u00fanico lugar para ver tudo. Mas n\u00e3o \u00e9 s\u00f3 sobre ver dados. Nosso algoritmo inteligente ajuda a prever o que vem a seguir, para que voc\u00ea possa se antecipar, reduzir desperd\u00edcios e melhorar a qualidade ativamente. Com o PlastPMS, a qualidade n\u00e3o \u00e9 s\u00f3 monitorada; \u00e9 alcan\u00e7ada. Principais Caracter\u00edsticas: Todos os Seus Dados em Um S\u00f3 Lugar: Veja os dados de todos os sensores das m\u00e1quinas juntos, numa vis\u00e3o completa. Verifique a Qualidade em Tempo Real: Avalie a qualidade do produto diretamente do seu local. Use Dados Passados para<\/p>\n\t\t<\/div>\n\t\t\n\t\t<a class=\"elementor-post__read-more\" href=\"https:\/\/www.ramgmbh.de\/br\/product\/plastpsm\/\" >\n\t\t\tRead More \u00bb\t\t<\/a>\n\n\t\t\t\t<\/div>\n\t\t\t\t<\/article>\n\t\t\t\t<article class=\"elementor-post elementor-grid-item post-5276 product type-product status-publish has-post-thumbnail hentry product_category-software\">\n\t\t\t\t<a class=\"elementor-post__thumbnail__link\" href=\"https:\/\/www.ramgmbh.de\/br\/product\/camen\/\" >\n\t\t\t<div class=\"elementor-post__thumbnail\"><img decoding=\"async\" width=\"300\" height=\"169\" src=\"https:\/\/www.ramgmbh.de\/wp-content\/uploads\/2023\/11\/Design-sem-nome-25-300x169.png\" class=\"attachment-medium size-medium wp-image-5408\" alt=\"\" srcset=\"https:\/\/www.ramgmbh.de\/wp-content\/uploads\/2023\/11\/Design-sem-nome-25-300x169.png 300w, https:\/\/www.ramgmbh.de\/wp-content\/uploads\/2023\/11\/Design-sem-nome-25-1024x576.png 1024w, https:\/\/www.ramgmbh.de\/wp-content\/uploads\/2023\/11\/Design-sem-nome-25-768x432.png 768w, https:\/\/www.ramgmbh.de\/wp-content\/uploads\/2023\/11\/Design-sem-nome-25-1536x864.png 1536w, https:\/\/www.ramgmbh.de\/wp-content\/uploads\/2023\/11\/Design-sem-nome-25.png 1920w\" sizes=\"(max-width: 300px) 100vw, 300px\" \/><\/div>\n\t\t<\/a>\n\t\t\t\t<div class=\"elementor-post__text\">\n\t\t\t\t<h3 class=\"elementor-post__title\">\n\t\t\t<a href=\"https:\/\/www.ramgmbh.de\/br\/product\/camen\/\" >\n\t\t\t\tCAMEN\u00ae\t\t\t<\/a>\n\t\t<\/h3>\n\t\t\t\t<div class=\"elementor-post__excerpt\">\n\t\t\t<p>CAMEN\u00ae: Seu Centro de Comando para Controle de Qualidade Ambiente de Fabrica\u00e7\u00e3o Assistido por Computador CAMEN\u00ae \u00e9 uma interface de usu\u00e1rio que fornece an\u00e1lises detalhadas de qualidade \u00e0 produ\u00e7\u00e3o, focando no acompanhamento de defeitos de qualidade e no registro da produ\u00e7\u00e3o. Os registros de CAMEN\u00ae oferecem insights detalhados sobre as classes de defeitos, seu tamanho e sua localiza\u00e7\u00e3o exata, tudo organizado para sua conveni\u00eancia. Aproveite relat\u00f3rios personaliz\u00e1veis que avaliam m\u00e9tricas relacionadas \u00e0 qualidade e visualize defeitos com nossa exclusiva fun\u00e7\u00e3o de mapas de defeitos. Requisitos do Sistema: Compat\u00edvel com Windows 7, Mac OS X 10.9 e Linux com Desktop. Recomenda-se uma resolu\u00e7\u00e3o de tela de pelo menos 1024 x 768. 8GB de mem\u00f3ria (recomendado). Com o CAMEN\u00ae, voc\u00ea obt\u00e9m uma vis\u00e3o completa da qualidade do seu material e pode tomar<\/p>\n\t\t<\/div>\n\t\t\n\t\t<a class=\"elementor-post__read-more\" href=\"https:\/\/www.ramgmbh.de\/br\/product\/camen\/\" >\n\t\t\tRead More \u00bb\t\t<\/a>\n\n\t\t\t\t<\/div>\n\t\t\t\t<\/article>\n\t\t\t\t<article class=\"elementor-post elementor-grid-item post-5147 product type-product status-publish has-post-thumbnail hentry product_category-surface-inspection\">\n\t\t\t\t<a class=\"elementor-post__thumbnail__link\" href=\"https:\/\/www.ramgmbh.de\/br\/product\/slitter-rewinder-itg700\/\" >\n\t\t\t<div class=\"elementor-post__thumbnail\"><img loading=\"lazy\" decoding=\"async\" width=\"300\" height=\"165\" src=\"https:\/\/www.ramgmbh.de\/wp-content\/uploads\/2023\/09\/itg700-1-300x165.png\" class=\"attachment-medium size-medium wp-image-2661\" alt=\"\" srcset=\"https:\/\/www.ramgmbh.de\/wp-content\/uploads\/2023\/09\/itg700-1-300x165.png 300w, https:\/\/www.ramgmbh.de\/wp-content\/uploads\/2023\/09\/itg700-1.png 400w\" sizes=\"(max-width: 300px) 100vw, 300px\" \/><\/div>\n\t\t<\/a>\n\t\t\t\t<div class=\"elementor-post__text\">\n\t\t\t\t<h3 class=\"elementor-post__title\">\n\t\t\t<a href=\"https:\/\/www.ramgmbh.de\/br\/product\/slitter-rewinder-itg700\/\" >\n\t\t\t\tSlitter Rewinder\u00ae &#8211; ITG700\t\t\t<\/a>\n\t\t<\/h3>\n\t\t\t\t<div class=\"elementor-post__excerpt\">\n\t\t\t<p>Precis\u00e3o na Inspe\u00e7\u00e3o durante o Rebobinamento Caracter\u00edsticas Principais: Inspe\u00e7\u00e3o em Dupla Face: Verifica tanto a parte superior quanto a inferior dos filmes opacos em busca de defeitos. Classifica\u00e7\u00e3o Autom\u00e1tica de Defeitos: Classifica os defeitos em categorias como manchas\/g\u00e9is, queimaduras, olhos de peixe, impurezas, rugas, furos ou insetos. Al\u00e9m disso, armazena imagens desses defeitos para uma avalia\u00e7\u00e3o posterior. Relat\u00f3rio de Defeitos (MAP): Fornece uma representa\u00e7\u00e3o simb\u00f3lica dos defeitos no rolo, incluindo imagens em tons de cinza. O relat\u00f3rio cont\u00e9m informa\u00e7\u00f5es sobre o n\u00famero do rolo, o n\u00famero total de defeitos e os defeitos por m\u00b2, classificados por tamanho\/tipo. Tamb\u00e9m mostra as localiza\u00e7\u00f5es dos defeitos na dire\u00e7\u00e3o da m\u00e1quina e transversalmente. Gest\u00e3o de Receitas: Permite a cria\u00e7\u00e3o de um n\u00famero ilimitado de receitas de inspe\u00e7\u00e3o, garantindo flexibilidade e adaptabilidade a diferentes requisitos<\/p>\n\t\t<\/div>\n\t\t\n\t\t<a class=\"elementor-post__read-more\" href=\"https:\/\/www.ramgmbh.de\/br\/product\/slitter-rewinder-itg700\/\" >\n\t\t\tRead More \u00bb\t\t<\/a>\n\n\t\t\t\t<\/div>\n\t\t\t\t<\/article>\n\t\t\t\t<article class=\"elementor-post elementor-grid-item post-4997 product type-product status-publish has-post-thumbnail hentry product_category-recycling\">\n\t\t\t\t<a class=\"elementor-post__thumbnail__link\" href=\"https:\/\/www.ramgmbh.de\/br\/product\/pqm-lab-extruder\/\" >\n\t\t\t<div class=\"elementor-post__thumbnail\"><img loading=\"lazy\" decoding=\"async\" width=\"225\" height=\"300\" src=\"https:\/\/www.ramgmbh.de\/wp-content\/uploads\/2023\/09\/1697104400302-2-225x300.jpeg\" class=\"attachment-medium size-medium wp-image-7205\" alt=\"\" srcset=\"https:\/\/www.ramgmbh.de\/wp-content\/uploads\/2023\/09\/1697104400302-2-225x300.jpeg 225w, https:\/\/www.ramgmbh.de\/wp-content\/uploads\/2023\/09\/1697104400302-2-768x1024.jpeg 768w, https:\/\/www.ramgmbh.de\/wp-content\/uploads\/2023\/09\/1697104400302-2-1152x1536.jpeg 1152w, https:\/\/www.ramgmbh.de\/wp-content\/uploads\/2023\/09\/1697104400302-2.jpeg 1280w\" sizes=\"(max-width: 225px) 100vw, 225px\" \/><\/div>\n\t\t<\/a>\n\t\t\t\t<div class=\"elementor-post__text\">\n\t\t\t\t<h3 class=\"elementor-post__title\">\n\t\t\t<a href=\"https:\/\/www.ramgmbh.de\/br\/product\/pqm-lab-extruder\/\" >\n\t\t\t\tPQMex &#8211; Gel Analyzer\t\t\t<\/a>\n\t\t<\/h3>\n\t\t\t\t<div class=\"elementor-post__excerpt\">\n\t\t\t<p>O Pr\u00f3ximo N\u00edvel em An\u00e1lise de G\u00e9is em Materiais Reciclados Materiais compat\u00edveis: LDPE, LLDPE, MDPE, HDPE e PP. Pellets, flocos ou p\u00f3. Principais Caracter\u00edsticas: An\u00e1lise Integrada: An\u00e1lise de contaminantes com n\u00edveis de aviso e alarme para controle autom\u00e1tico e classifica\u00e7\u00e3o da qualidade. Totalmente Autom\u00e1tico:\u00a0Ajuste autom\u00e1tico do di\u00e2metro do bal\u00e3o, transporte autom\u00e1tico de material e controle autom\u00e1tico do n\u00edvel do funil por sensor ultrass\u00f4nico. Ajustado por receitas: Troca de materiais atrav\u00e9s de receitas salvas fazem o ajuste autom\u00e1tico da extrusora. Conectividade:\u00a0Instrumentos de medi\u00e7\u00e3o externos (por exemplo, MFI) podem ser agregados para an\u00e1lise de material. Gest\u00e3o de Temperaturas:\u00a0Zonas de temperatura controladas por alvo, garantindo condi\u00e7\u00f5es de opera\u00e7\u00e3o ideais. Op\u00e7\u00f5es e Extens\u00f5es: Atualiza\u00e7\u00e3o do seu extrusor de laborat\u00f3rio existente. Integra\u00e7\u00e3o com linhas de reciclagem existentes.vSTAT: Ferramenta de an\u00e1lise estat\u00edstica visual. Op\u00e7\u00f5es de integra\u00e7\u00e3o<\/p>\n\t\t<\/div>\n\t\t\n\t\t<a class=\"elementor-post__read-more\" href=\"https:\/\/www.ramgmbh.de\/br\/product\/pqm-lab-extruder\/\" >\n\t\t\tRead More \u00bb\t\t<\/a>\n\n\t\t\t\t<\/div>\n\t\t\t\t<\/article>\n\t\t\t\t<article class=\"elementor-post elementor-grid-item post-3925 product type-product status-publish has-post-thumbnail hentry product_category-recycling product_category-software\">\n\t\t\t\t<a class=\"elementor-post__thumbnail__link\" href=\"https:\/\/www.ramgmbh.de\/br\/product\/airec\/\" >\n\t\t\t<div class=\"elementor-post__thumbnail\"><img loading=\"lazy\" decoding=\"async\" width=\"300\" height=\"169\" src=\"https:\/\/www.ramgmbh.de\/wp-content\/uploads\/2023\/09\/Design-sem-nome-27-300x169.png\" class=\"attachment-medium size-medium wp-image-5410\" alt=\"\" srcset=\"https:\/\/www.ramgmbh.de\/wp-content\/uploads\/2023\/09\/Design-sem-nome-27-300x169.png 300w, https:\/\/www.ramgmbh.de\/wp-content\/uploads\/2023\/09\/Design-sem-nome-27-1024x576.png 1024w, https:\/\/www.ramgmbh.de\/wp-content\/uploads\/2023\/09\/Design-sem-nome-27-768x432.png 768w, https:\/\/www.ramgmbh.de\/wp-content\/uploads\/2023\/09\/Design-sem-nome-27-1536x864.png 1536w, https:\/\/www.ramgmbh.de\/wp-content\/uploads\/2023\/09\/Design-sem-nome-27.png 1920w\" sizes=\"(max-width: 300px) 100vw, 300px\" \/><\/div>\n\t\t<\/a>\n\t\t\t\t<div class=\"elementor-post__text\">\n\t\t\t\t<h3 class=\"elementor-post__title\">\n\t\t\t<a href=\"https:\/\/www.ramgmbh.de\/br\/product\/airec\/\" >\n\t\t\t\tAIREC\u00ae\t\t\t<\/a>\n\t\t<\/h3>\n\t\t\t\t<div class=\"elementor-post__excerpt\">\n\t\t\t<p>Revolucionando a Reciclagem com Intelig\u00eancia Artificial Mergulhe no futuro da reciclagem com o AIREC\u00ae, nossa tecnologia avan\u00e7ada de IA, desenvolvida especificamente para a ind\u00fastria de reciclagem. O AIREC\u00ae foi projetado para operar as m\u00e1quinas de reciclagem em seu ponto de trabalho ideal, garantindo a mais alta qualidade do material reciclado. CARACTER\u00cdSTICAS PRINCIPAIS: Otimiza\u00e7\u00e3o de toda a linha: Desde trituradores e lavadoras at\u00e9 linhas de extrus\u00e3o e plantas de peletiza\u00e7\u00e3o, o AIREC\u00ae garante desempenho m\u00e1ximo em todo o processo de reciclagem. Integra\u00e7\u00e3o abrangente de sensores: Monitora par\u00e2metros como temperatura, press\u00e3o, pH, detalhes do tratamento de \u00e1gua e mais, garantindo uma vis\u00e3o hol\u00edstica de suas opera\u00e7\u00f5es. Capacidades preditivas: Oferece um horizonte de previs\u00e3o de 30-60 minutos, permitindo ajustes e otimiza\u00e7\u00f5es proativas. Avalia\u00e7\u00e3o de qualidade: Mede par\u00e2metros como n\u00famero de g\u00e9is, opacidade, turbidez<\/p>\n\t\t<\/div>\n\t\t\n\t\t<a class=\"elementor-post__read-more\" href=\"https:\/\/www.ramgmbh.de\/br\/product\/airec\/\" >\n\t\t\tRead More \u00bb\t\t<\/a>\n\n\t\t\t\t<\/div>\n\t\t\t\t<\/article>\n\t\t\t\t<article class=\"elementor-post elementor-grid-item post-3717 product type-product status-publish has-post-thumbnail hentry product_category-software\">\n\t\t\t\t<a class=\"elementor-post__thumbnail__link\" href=\"https:\/\/www.ramgmbh.de\/br\/product\/vstat\/\" >\n\t\t\t<div class=\"elementor-post__thumbnail\"><img loading=\"lazy\" decoding=\"async\" width=\"300\" height=\"169\" src=\"https:\/\/www.ramgmbh.de\/wp-content\/uploads\/2023\/09\/Design-sem-nome-26-300x169.png\" class=\"attachment-medium size-medium wp-image-5409\" alt=\"\" srcset=\"https:\/\/www.ramgmbh.de\/wp-content\/uploads\/2023\/09\/Design-sem-nome-26-300x169.png 300w, https:\/\/www.ramgmbh.de\/wp-content\/uploads\/2023\/09\/Design-sem-nome-26-1024x576.png 1024w, https:\/\/www.ramgmbh.de\/wp-content\/uploads\/2023\/09\/Design-sem-nome-26-768x432.png 768w, https:\/\/www.ramgmbh.de\/wp-content\/uploads\/2023\/09\/Design-sem-nome-26-1536x864.png 1536w, https:\/\/www.ramgmbh.de\/wp-content\/uploads\/2023\/09\/Design-sem-nome-26.png 1920w\" sizes=\"(max-width: 300px) 100vw, 300px\" \/><\/div>\n\t\t<\/a>\n\t\t\t\t<div class=\"elementor-post__text\">\n\t\t\t\t<h3 class=\"elementor-post__title\">\n\t\t\t<a href=\"https:\/\/www.ramgmbh.de\/br\/product\/vstat\/\" >\n\t\t\t\tvSTAT\u00ae\t\t\t<\/a>\n\t\t<\/h3>\n\t\t\t\t<div class=\"elementor-post__excerpt\">\n\t\t\t<p>Sua ferramenta abrangente para an\u00e1lise estat\u00edstica visual Ferramenta de An\u00e1lise Estat\u00edstica Visual Melhore a qualidade da sua produ\u00e7\u00e3o com vSTAT\u00ae, nossa ferramenta de an\u00e1lise f\u00e1cil de usar. Ela re\u00fane todos os dados dos sensores em uma tela. vSTAT\u00ae \u00e9 excelente para exibir dados de observa\u00e7\u00e3o de webs e espessura, e pode ser combinado com muitos outros sensores e sistemas. Caracter\u00edsticas Principais: Controle de Qualidade no Local: Tome decis\u00f5es r\u00e1pidas e inteligentes diretamente na produ\u00e7\u00e3o. Acompanhar tend\u00eancias armazenadas: Revise a produ\u00e7\u00e3o anterior para melhorar continuamente o fluxo de produ\u00e7\u00e3o. Insights Profundos nos Processos: Melhore seu entendimento sobre a produ\u00e7\u00e3o. Acesso Seguro aos Dados de Qualquer Lugar: Acesse seus dados de produ\u00e7\u00e3o com seguran\u00e7a, a qualquer hora e em qualquer lugar. Requisitos do Sistema: Compat\u00edvel com Windows 7, Mac OS X 10.9<\/p>\n\t\t<\/div>\n\t\t\n\t\t<a class=\"elementor-post__read-more\" href=\"https:\/\/www.ramgmbh.de\/br\/product\/vstat\/\" >\n\t\t\tRead More \u00bb\t\t<\/a>\n\n\t\t\t\t<\/div>\n\t\t\t\t<\/article>\n\t\t\t\t<article class=\"elementor-post elementor-grid-item post-3704 product type-product status-publish hentry product_category-training\">\n\t\t\t\t<div class=\"elementor-post__text\">\n\t\t\t\t<h3 class=\"elementor-post__title\">\n\t\t\t<a href=\"https:\/\/www.ramgmbh.de\/br\/product\/training\/\" >\n\t\t\t\tTraining\t\t\t<\/a>\n\t\t<\/h3>\n\t\t\t\t<div class=\"elementor-post__excerpt\">\n\t\t\t<p>Expanda seu Conhecimento com os Programas de Treinamento da R.A.M. Na R.A.M. acreditamos que conhecimento \u00e9 poder. Por isso, oferecemos treinamentos especializados, adaptados \u00e0s suas necessidades individuais. Esses cursos s\u00e3o conduzidos por nossa equipe altamente qualificada e t\u00eam como objetivo fornecer as habilidades e conhecimentos necess\u00e1rios para o seu trabalho. Escolha seu programa de treinamento: Domine o b\u00e1sico em um dia Treinamento de Operador: O que voc\u00ea aprender\u00e1: Navegar no software CAMEN e carregar receitas Compreender termos-chave como valor de cinza, limiar e utilidade &#8211; Cria\u00e7\u00e3o de pedidos e gerenciamento de relat\u00f3rios de rolos no CAMEN Lidar eficazmente com alertas e erros &#8211; Funcionalidades b\u00e1sicas do software Local: Na sua pr\u00f3pria m\u00e1quina Dura\u00e7\u00e3o: 1 dia Agende agora Expanda suas habilidades Treinamento para Gerente \/ Chefe de Produ\u00e7\u00e3o: O que voc\u00ea<\/p>\n\t\t<\/div>\n\t\t\n\t\t<a class=\"elementor-post__read-more\" href=\"https:\/\/www.ramgmbh.de\/br\/product\/training\/\" >\n\t\t\tRead More \u00bb\t\t<\/a>\n\n\t\t\t\t<\/div>\n\t\t\t\t<\/article>\n\t\t\t\t<article class=\"elementor-post elementor-grid-item post-3037 product type-product status-publish has-post-thumbnail hentry product_category-laboratory\">\n\t\t\t\t<a class=\"elementor-post__thumbnail__link\" href=\"https:\/\/www.ramgmbh.de\/br\/product\/itg-500-labratory-bench\/\" >\n\t\t\t<div class=\"elementor-post__thumbnail\"><img loading=\"lazy\" decoding=\"async\" width=\"214\" height=\"300\" src=\"https:\/\/www.ramgmbh.de\/wp-content\/uploads\/2023\/09\/Bildschirmfoto-2023-09-04-um-14.23.47-214x300.png\" class=\"attachment-medium size-medium wp-image-3054\" alt=\"\" srcset=\"https:\/\/www.ramgmbh.de\/wp-content\/uploads\/2023\/09\/Bildschirmfoto-2023-09-04-um-14.23.47-214x300.png 214w, https:\/\/www.ramgmbh.de\/wp-content\/uploads\/2023\/09\/Bildschirmfoto-2023-09-04-um-14.23.47-732x1024.png 732w, https:\/\/www.ramgmbh.de\/wp-content\/uploads\/2023\/09\/Bildschirmfoto-2023-09-04-um-14.23.47-768x1074.png 768w, https:\/\/www.ramgmbh.de\/wp-content\/uploads\/2023\/09\/Bildschirmfoto-2023-09-04-um-14.23.47.png 772w\" sizes=\"(max-width: 214px) 100vw, 214px\" \/><\/div>\n\t\t<\/a>\n\t\t\t\t<div class=\"elementor-post__text\">\n\t\t\t\t<h3 class=\"elementor-post__title\">\n\t\t\t<a href=\"https:\/\/www.ramgmbh.de\/br\/product\/itg-500-labratory-bench\/\" >\n\t\t\t\tITG 500 &#8211; Bench Analyzer\t\t\t<\/a>\n\t\t<\/h3>\n\t\t\t\t<div class=\"elementor-post__excerpt\">\n\t\t\t<p>Precis\u00e3o na Inspe\u00e7\u00e3o de Superf\u00edcies para Laborat\u00f3rio Mergulhe na pr\u00f3xima gera\u00e7\u00e3o de inspe\u00e7\u00e3o de filmes com nosso Bench Analyser\u00ae. Projetado como uma bancada de laborat\u00f3rio de \u00faltima gera\u00e7\u00e3o, este sistema identifica, categoriza e documenta meticulosamente defeitos \u00f3pticos em amostras de filmes de acordo com os padr\u00f5es DIN A4 \/ DIN A3. Seja para filmes transparentes ou opacos, nosso sistema garante uma an\u00e1lise abrangente. Caracter\u00edsticas Principais: Ilumina\u00e7\u00e3o Transmitida: Ideal tanto para filmes transparentes quanto para filmes parcialmente opacos. Ilumina\u00e7\u00e3o Refletida: Melhora a visibilidade e clareza, especialmente em filmes de suporte. Diafragma de Campo Escuro: Desenvolvido especialmente para melhorar a detec\u00e7\u00e3o de manchas de gel em filmes transparentes. Ilumina\u00e7\u00e3o Bilateral: Uma mistura harmoniosa de ilumina\u00e7\u00e3o transmitida e refletida, oferecendo uma clareza incompar\u00e1vel para filmes de suporte. Classifica\u00e7\u00e3o Automatizada de Defeitos: Desde manchas<\/p>\n\t\t<\/div>\n\t\t\n\t\t<a class=\"elementor-post__read-more\" href=\"https:\/\/www.ramgmbh.de\/br\/product\/itg-500-labratory-bench\/\" >\n\t\t\tRead More \u00bb\t\t<\/a>\n\n\t\t\t\t<\/div>\n\t\t\t\t<\/article>\n\t\t\t\t<\/div>\n\n\n\t\t\n\t\t\t\t<div class=\"e-load-more-anchor\" data-page=\"1\" data-max-page=\"2\" data-next-page=\"https:\/\/www.ramgmbh.de\/br\/wp-json\/wp\/v2\/pages\/2763\/page\/2\/\"><\/div>\n\t\t\t\t<nav class=\"elementor-pagination\" role=\"navigation\" aria-label=\"Pagination\">\n\t\t\t<span class=\"page-numbers prev\">&laquo; Previous<\/span>\n<span aria-current=\"page\" class=\"page-numbers current\"><span class=\"elementor-screen-only\">Page<\/span>1<\/span>\n<a class=\"page-numbers\" href=\"https:\/\/www.ramgmbh.de\/br\/wp-json\/wp\/v2\/pages\/2763\/page\/2\/\"><span class=\"elementor-screen-only\">Page<\/span>2<\/a>\n<a class=\"page-numbers next\" href=\"https:\/\/www.ramgmbh.de\/br\/wp-json\/wp\/v2\/pages\/2763\/page\/2\/\">Next &raquo;<\/a>\t\t<\/nav>\n\t\t\t\t<\/div>\n\t\t\t\t<\/div>\n\t\t\t\t\t<\/div>\n\t\t\t\t<\/div>\n\t\t\t\t<\/div>\n\t\t","protected":false},"excerpt":{"rendered":"","protected":false},"author":1,"featured_media":0,"parent":0,"menu_order":0,"comment_status":"closed","ping_status":"closed","template":"elementor_header_footer","meta":{"footnotes":""},"class_list":["post-2763","page","type-page","status-publish","hentry"],"translation":{"provider":"WPGlobus","version":"2.12.2","language":"br","enabled_languages":["en","es","de","br","fr"],"languages":{"en":{"title":true,"content":false,"excerpt":false},"es":{"title":true,"content":false,"excerpt":false},"de":{"title":true,"content":false,"excerpt":false},"br":{"title":true,"content":false,"excerpt":false},"fr":{"title":true,"content":false,"excerpt":false}}},"aioseo_notices":[],"_links":{"self":[{"href":"https:\/\/www.ramgmbh.de\/br\/wp-json\/wp\/v2\/pages\/2763","targetHints":{"allow":["GET"]}}],"collection":[{"href":"https:\/\/www.ramgmbh.de\/br\/wp-json\/wp\/v2\/pages"}],"about":[{"href":"https:\/\/www.ramgmbh.de\/br\/wp-json\/wp\/v2\/types\/page"}],"author":[{"embeddable":true,"href":"https:\/\/www.ramgmbh.de\/br\/wp-json\/wp\/v2\/users\/1"}],"replies":[{"embeddable":true,"href":"https:\/\/www.ramgmbh.de\/br\/wp-json\/wp\/v2\/comments?post=2763"}],"version-history":[{"count":1,"href":"https:\/\/www.ramgmbh.de\/br\/wp-json\/wp\/v2\/pages\/2763\/revisions"}],"predecessor-version":[{"id":7315,"href":"https:\/\/www.ramgmbh.de\/br\/wp-json\/wp\/v2\/pages\/2763\/revisions\/7315"}],"wp:attachment":[{"href":"https:\/\/www.ramgmbh.de\/br\/wp-json\/wp\/v2\/media?parent=2763"}],"curies":[{"name":"wp","href":"https:\/\/api.w.org\/{rel}","templated":true}]}}