{"id":378,"date":"2022-06-14T17:14:11","date_gmt":"2022-06-14T17:14:11","guid":{"rendered":"https:\/\/validthemes.tech\/themeforest\/wp\/crysa\/?page_id=378"},"modified":"2025-11-11T10:22:36","modified_gmt":"2025-11-11T09:22:36","slug":"about-us","status":"publish","type":"page","link":"https:\/\/www.ramgmbh.de\/br\/about-us\/","title":{"rendered":"Sobre N\u00f3s"},"content":{"rendered":"<p><img decoding=\"async\" src=\"https:\/\/www.ramgmbh.de\/wp-content\/uploads\/2023\/09\/lens4-e1695991365674.png\" alt=\"R.A.M.\"><\/p>\n<h4>QUEM SOMOS<\/h4>\n<h2>N\u00f3s somos a R.A.M.!<\/h2>\n<p>\n                 R.A.M. &#8211; Real Time Application Measurement GmbH \u00e9 uma empresa l\u00edder em otimiza\u00e7\u00e3o da qualidade industrial. H\u00e1 mais de 35 anos, fornecemos solu\u00e7\u00f5es que melhoram a gest\u00e3o e garantia da qualidade. Nossa empresa \u00e9 parceira das ind\u00fastrias que visam os mais altos padr\u00f5es de qualidade e efici\u00eancia.<\/p>\n<p>Fundada em 1988, a R.A.M. GmbH tem consistentemente focado em entregar solu\u00e7\u00f5es que garantam inspe\u00e7\u00e3o de qualidade minuciosa. Nosso suporte abrange v\u00e1rias ind\u00fastrias, com empresas globais confiando em n\u00f3s para atender seus estritos padr\u00f5es de qualidade.<\/p>\n<style>\/*! elementor - v3.21.0 - 25-04-2024 *\/\n.elementor-heading-title{padding:0;margin:0;line-height:1}.elementor-widget-heading .elementor-heading-title[class*=elementor-size-]>a{color:inherit;font-size:inherit;line-height:inherit}.elementor-widget-heading .elementor-heading-title.elementor-size-small{font-size:15px}.elementor-widget-heading .elementor-heading-title.elementor-size-medium{font-size:19px}.elementor-widget-heading .elementor-heading-title.elementor-size-large{font-size:29px}.elementor-widget-heading .elementor-heading-title.elementor-size-xl{font-size:39px}.elementor-widget-heading .elementor-heading-title.elementor-size-xxl{font-size:59px}<\/style>\n<h2>HIST\u00d3RIA<\/h2>\n<p>\t\t\t<!-- ========= Timeline Widget Addon For Elementor 1.5.7 ========= --><br \/>\n    <!-- Start of Story Repeater Content --><!-- Story Label -->1988<!-- Story Icon Dot --><!-- Story Arrow --><!-- Start of Story Content --><!-- Story Title -->O In\u00edcio da R.A.M. GmbH<!-- Story Description --><\/p>\n<p>Em 1988, sob a lideran\u00e7a do CEO Helmut Flohr, a R.A.M. GmbH foi estabelecida para melhorar a otimiza\u00e7\u00e3o da qualidade industrial. A empresa rapidamente se tornou conhecida por suas solu\u00e7\u00f5es precisas e confi\u00e1veis, criando novos benchmarks para qualidade e efici\u00eancia.<\/p>\n<p><!-- Start of Story Repeater Content --><!-- Story Label -->1990<!-- Story Icon Dot --><!-- Story Arrow --><!-- Start of Story Content --><!-- Story Title -->Instala\u00e7\u00e3o do Primeiro Sistema de Inspe\u00e7\u00e3o<!-- Story Description --><\/p>\n<p>A durabilidade e confiabilidade de nossos produtos s\u00e3o demonstradas atrav\u00e9s do nosso primeiro sistema de inspe\u00e7\u00e3o instalado em 1990 que continua operaracional at\u00e9 hoje. Essa conquista demonstrou nossa capacidade tecnol\u00f3gica e fomentou a confian\u00e7a com nossos clientes.<\/p>\n<p><!-- Start of Story Repeater Content --><!-- Story Label -->2001<!-- Story Icon Dot --><!-- Story Arrow --><!-- Start of Story Content --><!-- Story Title -->R.A.M. Kunststofftechnik GmbH<!-- Story Description --><\/p>\n<p>A R.A.M. Kunststofftechnik GmbH foi criada como uma subsidi\u00e1ria para aumentar nossos esfor\u00e7os de consultoria e vendas. Enquanto a R.A.M. GmbH foca na fabrica\u00e7\u00e3o e desenvolvimento, a R.A.M. Kunststofftechnik GmbH fornece consultoria e vendas, oferecendo solu\u00e7\u00f5es completas para inspe\u00e7\u00e3o \u00f3ptica, medi\u00e7\u00e3o de espessura e an\u00e1lise de reciclados.<\/p>\n<p><!-- Start of Story Repeater Content --><!-- Story Label -->2008<!-- Story Icon Dot --><!-- Story Arrow --><!-- Start of Story Content --><!-- Story Title -->Mudan\u00e7a para Floersheim<!-- Story Image --><img fetchpriority=\"high\" width=\"800\" height=\"600\" src=\"https:\/\/www.ramgmbh.de\/wp-content\/uploads\/2023\/09\/IMG_0505-2-800x600.jpg\" alt=\"\" decoding=\"async\" \/><!-- Story Description --><\/p>\n<p>Nossa proximidade com o Aeroporto de Frankfurt, a apenas 15 km de dist\u00e2ncia, permite entregas globais mais r\u00e1pidas e eficientes, gra\u00e7as ao f\u00e1cil acesso a rotas de transporte principais.<\/p>\n<p><!-- Start of Story Repeater Content --><!-- Story Label -->2015<!-- Story Icon Dot --><!-- Story Arrow --><!-- Start of Story Content --><!-- Story Title -->Mais de 300 Sistemas de Inspe\u00e7\u00e3o Mundialmente<!-- Story Description --><\/p>\n<p>Nossos sistemas s\u00e3o utilizados globalmente para assegurar a qualidade de diversos materiais. O software \u201cCAMEN\u201d possibilita a integra\u00e7\u00e3o com m\u00e1quinas existentes, e nossos sistemas modulares de inspe\u00e7\u00e3o web podem ser facilmente aplicados para atender necessidades crescentes.<\/p>\n<p><!-- Start of Story Repeater Content --><!-- Story Label -->2019<!-- Story Icon Dot --><!-- Story Arrow --><!-- Start of Story Content --><!-- Story Title -->Introdu\u00e7\u00e3o do plastPMS<!-- Story Description --><\/p>\n<p>PlastPMS \u00e9 um sistema de monitoramento de produ\u00e7\u00e3o que fornece an\u00e1lise em tempo real, alarmes e capacidades preditivas para melhorar a qualidade e reduzir o desperd\u00edcio. \u00c9 compat\u00edvel com v\u00e1rios sistemas operacionais e oferece recursos de relat\u00f3rios personaliz\u00e1veis.<\/p>\n<p><!-- Start of Story Repeater Content --><!-- Story Label -->2021<!-- Story Icon Dot --><!-- Story Arrow --><!-- Start of Story Content --><!-- Story Title -->33 anos de dedica\u00e7\u00e3o em equipe<!-- Story Image --><img width=\"800\" height=\"333\" src=\"https:\/\/www.ramgmbh.de\/wp-content\/uploads\/2023\/09\/20210831_33jahre.jpg\" alt=\"\" decoding=\"async\" srcset=\"https:\/\/www.ramgmbh.de\/wp-content\/uploads\/2023\/09\/20210831_33jahre.jpg 800w, https:\/\/www.ramgmbh.de\/wp-content\/uploads\/2023\/09\/20210831_33jahre-300x125.jpg 300w, https:\/\/www.ramgmbh.de\/wp-content\/uploads\/2023\/09\/20210831_33jahre-768x320.jpg 768w\" sizes=\"(max-width: 800px) 100vw, 800px\" \/><!-- Start of Story Repeater Content --><!-- Story Label -->2022<!-- Story Icon Dot --><!-- Story Arrow --><!-- Start of Story Content --><!-- Story Title -->PQMex<!-- Story Image --><img width=\"800\" height=\"600\" src=\"https:\/\/www.ramgmbh.de\/wp-content\/uploads\/2024\/01\/1705057481836-800x600.jpeg\" alt=\"\" decoding=\"async\" \/><!-- Story Description --><\/p>\n<p>Dado o avan\u00e7o da economia circular no mundo, desenvolvemos um sistema para medi\u00e7\u00f5es precisas de gel em materiais reciclados. Esta tecnologia permite uma an\u00e1lise detalhada, fornecendo m\u00e9tricas essenciais de garantia de qualidade.<\/p>\n<p><!-- Start of Story Repeater Content --><!-- Story Label -->2023<!-- Story Icon Dot --><!-- Story Arrow --><!-- Start of Story Content --><!-- Story Title -->35 Anos Contribuindo para um Mundo Mais Sustent\u00e1vel<!-- Story Description --><\/p>\n<p>Por 35 anos, a R.A.M. GmbH tem se dedicado a melhorar processos industriais e a garantia da qualidade. Nossa jornada \u00e9 marcada por um compromisso com o aprendizado, a adapta\u00e7\u00e3o e a excel\u00eancia, impulsionada por uma cren\u00e7a na melhoria e sustentabilidade. Agradecemos a nossos clientes, parceiros e equipe pelo apoio.<\/p>\n<style type=\"text\/css\">@media (max-width: 1024px){ .twae-wrapper{--tw-ybx-size: 80px !important;}}@media (max-width: 767px){ .twae-wrapper{--tw-ybx-size: 80px !important}}<\/style>\n<link rel=\"stylesheet\" href=\"https:\/\/www.ramgmbh.de\/wp-content\/plugins\/elementor\/assets\/css\/widget-icon-box.min.css\">\n<h3>\n\t\t\t\t\t\t\tMISS\u00c3O<br \/>\n\t\t\t\t\t<\/h3>\n<p>\n\t\t\t\t\t\tFornecer solu\u00e7\u00f5es tecnol\u00f3gicas que ajudem nossos clientes a otimizar seus processos de produ\u00e7\u00e3o, melhorar a efici\u00eancia e aumentar a qualidade.\n\t\t\t\t\t<\/p>\n<h3>\n\t\t\t\t\t\t\tVIS\u00c3O<br \/>\n\t\t\t\t\t<\/h3>\n<p>\n\t\t\t\t\t\tNosso objetivo \u00e9 liderar em tecnologia de medi\u00e7\u00e3o da qualidade industrial, influenciando o futuro do pl\u00e1stico e da reciclagem, estabelecendo padr\u00f5es para qualidade e desempenho.\t\t\t\t\t<\/p>\n<h3>\n\t\t\t\t\t\t\tVALORES<br \/>\n\t\t\t\t\t<\/h3>\n<p>\n\t\t\t\t\t\t<b style=\"color: #2A2A2A;\">Inova\u00e7\u00e3o:<\/b> A R.A.M. dedica-se a avan\u00e7ar em tecnologia para aumentar a qualidade e a efici\u00eancia de nossos clientes.<\/p>\n<p><b style=\"color: #2A2A2A;\">Colabora\u00e7\u00e3o:<\/b> Acreditamos em trabalhar de perto com clientes, parceiros e nossa equipe para alcan\u00e7ar objetivos.<\/p>\n<p><b style=\"color: #2A2A2A;\">Foco no Cliente:<\/b> Compromisso em atender \u00e0s necessidades espec\u00edficas de nossos clientes, fornecendo servi\u00e7o e consultoria de excel\u00eancia.<\/p>\n<p><b style=\"color: #2A2A2A;\">Resultados &#038; Impacto:<\/b> Entregar resultados de qualidade significativos para clientes e sociedade.\t\t\t\t\t<\/p>\n<h2>Parceiros Globais<\/h2>\n<p>\t\t    <!-- Start Brand \n\t    ============================================= --><br \/>\n\t                            <!-- Additional required wrapper --><br \/>\n\t                            \t\t                                <!-- Single Item --><br \/>\n\t\t\t\t\t\t\t\t\t\t<a target=\"_blank\" href=\"\"><br \/>\n\t\t\t\t\t\t\t\t\t\t\t<img decoding=\"async\" src=\"https:\/\/www.ramgmbh.de\/wp-content\/uploads\/2023\/08\/pta-1.png\" alt=\"R.A.M.\"><br \/>\n\t\t\t\t\t\t\t\t\t\t<\/a><br \/>\n\t                                <!-- End Single Item --><br \/>\n\t                                \t                                <!-- Single Item --><br \/>\n\t\t\t\t\t\t\t\t\t\t<a target=\"_blank\" href=\"\"><br \/>\n\t\t\t\t\t\t\t\t\t\t\t<img decoding=\"async\" src=\"https:\/\/www.ramgmbh.de\/wp-content\/uploads\/2023\/08\/aca-1.png\" alt=\"R.A.M.\"><br \/>\n\t\t\t\t\t\t\t\t\t\t<\/a><br \/>\n\t                                <!-- End Single Item --><br \/>\n\t                                \t                                <!-- Single Item --><br \/>\n\t\t\t\t\t\t\t\t\t\t<a target=\"_blank\" href=\"https:\/\/google.com\"><br \/>\n\t\t\t\t\t\t\t\t\t\t\t<img decoding=\"async\" src=\"https:\/\/www.ramgmbh.de\/wp-content\/uploads\/2023\/08\/pronix.png\" alt=\"R.A.M.\"><br \/>\n\t\t\t\t\t\t\t\t\t\t<\/a><br \/>\n\t                                <!-- End Single Item --><br \/>\n\t                                \t                                <!-- Single Item --><br \/>\n\t\t\t\t\t\t\t\t\t\t<a target=\"_blank\" href=\"http:\/\/www.implastic.com.br\"><br \/>\n\t\t\t\t\t\t\t\t\t\t\t<img decoding=\"async\" src=\"https:\/\/www.ramgmbh.de\/wp-content\/uploads\/2024\/03\/img.swapcard.com_.png\" alt=\"R.A.M.\"><br \/>\n\t\t\t\t\t\t\t\t\t\t<\/a><br \/>\n\t                                <!-- End Single Item --><br \/>\n\t                                \t                                <!-- Single Item --><br \/>\n\t\t\t\t\t\t\t\t\t\t<a target=\"_blank\" href=\"\"><br \/>\n\t\t\t\t\t\t\t\t\t\t\t<img decoding=\"async\" src=\"https:\/\/www.ramgmbh.de\/wp-content\/uploads\/2023\/08\/ppc.png\" alt=\"R.A.M.\"><br \/>\n\t\t\t\t\t\t\t\t\t\t<\/a><br \/>\n\t                                <!-- End Single Item --><br \/>\n\t                                \t                                <!-- Single Item --><br \/>\n\t\t\t\t\t\t\t\t\t\t<a target=\"_blank\" href=\"\"><br \/>\n\t\t\t\t\t\t\t\t\t\t\t<img decoding=\"async\" src=\"https:\/\/www.ramgmbh.de\/wp-content\/uploads\/2023\/08\/SCL.png\" alt=\"R.A.M.\"><br \/>\n\t\t\t\t\t\t\t\t\t\t<\/a><br \/>\n\t                                <!-- End Single Item --><br \/>\n\t                                \t                                <!-- Single Item --><br \/>\n\t\t\t\t\t\t\t\t\t\t<a target=\"_blank\" href=\"\"><br \/>\n\t\t\t\t\t\t\t\t\t\t\t<img decoding=\"async\" src=\"https:\/\/www.ramgmbh.de\/wp-content\/uploads\/2023\/08\/kimpai.png\" alt=\"R.A.M.\"><br \/>\n\t\t\t\t\t\t\t\t\t\t<\/a><br \/>\n\t                                <!-- End Single Item --><br \/>\n\t                                \t                                <!-- Single Item --><br \/>\n\t\t\t\t\t\t\t\t\t\t<a target=\"_blank\" href=\"\"><br \/>\n\t\t\t\t\t\t\t\t\t\t\t<img decoding=\"async\" src=\"https:\/\/www.ramgmbh.de\/wp-content\/uploads\/2023\/08\/images.png\" alt=\"R.A.M.\"><br \/>\n\t\t\t\t\t\t\t\t\t\t<\/a><br \/>\n\t                                <!-- End Single Item --><br \/>\n\t    <!-- End Brand --><\/p>\n","protected":false},"excerpt":{"rendered":"<p>QUEM SOMOS N\u00f3s somos a R.A.M.! R.A.M. &#8211; Real Time Application Measurement GmbH \u00e9 uma empresa l\u00edder em otimiza\u00e7\u00e3o da qualidade industrial. H\u00e1 mais de 35 anos, fornecemos solu\u00e7\u00f5es que melhoram a gest\u00e3o e garantia da qualidade. Nossa empresa \u00e9 parceira das ind\u00fastrias que visam os mais altos padr\u00f5es de qualidade e efici\u00eancia. Fundada em [&hellip;]<\/p>\n","protected":false},"author":1,"featured_media":0,"parent":0,"menu_order":0,"comment_status":"closed","ping_status":"closed","template":"","meta":{"footnotes":""},"class_list":["post-378","page","type-page","status-publish","hentry"],"translation":{"provider":"WPGlobus","version":"2.12.2","language":"br","enabled_languages":["en","es","de","br","fr"],"languages":{"en":{"title":true,"content":true,"excerpt":false},"es":{"title":true,"content":true,"excerpt":false},"de":{"title":true,"content":true,"excerpt":false},"br":{"title":true,"content":true,"excerpt":false},"fr":{"title":true,"content":true,"excerpt":false}}},"aioseo_notices":[],"_links":{"self":[{"href":"https:\/\/www.ramgmbh.de\/br\/wp-json\/wp\/v2\/pages\/378","targetHints":{"allow":["GET"]}}],"collection":[{"href":"https:\/\/www.ramgmbh.de\/br\/wp-json\/wp\/v2\/pages"}],"about":[{"href":"https:\/\/www.ramgmbh.de\/br\/wp-json\/wp\/v2\/types\/page"}],"author":[{"embeddable":true,"href":"https:\/\/www.ramgmbh.de\/br\/wp-json\/wp\/v2\/users\/1"}],"replies":[{"embeddable":true,"href":"https:\/\/www.ramgmbh.de\/br\/wp-json\/wp\/v2\/comments?post=378"}],"version-history":[{"count":163,"href":"https:\/\/www.ramgmbh.de\/br\/wp-json\/wp\/v2\/pages\/378\/revisions"}],"predecessor-version":[{"id":7703,"href":"https:\/\/www.ramgmbh.de\/br\/wp-json\/wp\/v2\/pages\/378\/revisions\/7703"}],"wp:attachment":[{"href":"https:\/\/www.ramgmbh.de\/br\/wp-json\/wp\/v2\/media?parent=378"}],"curies":[{"name":"wp","href":"https:\/\/api.w.org\/{rel}","templated":true}]}}