{"id":479,"date":"2022-06-15T05:21:30","date_gmt":"2022-06-15T05:21:30","guid":{"rendered":"https:\/\/validthemes.tech\/themeforest\/wp\/crysa\/?page_id=479"},"modified":"2024-07-19T13:24:35","modified_gmt":"2024-07-19T12:24:35","slug":"contact","status":"publish","type":"page","link":"https:\/\/www.ramgmbh.de\/br\/contact\/","title":{"rendered":"Contato"},"content":{"rendered":"<p><!-- Start Contact Us \n    ============================================= --><br \/>\n            \t                <!-- Shape --><br \/>\n                <!-- Shape --><br \/>\n                \t\t                    <!-- Single Item --><\/p>\n<h4>Telefone<\/h4>\n<\/p>\n<p>\t                            <a href=\"tel:2151234567\">+49 (0) 6145 \/ 9356-0<\/a><br \/>\n\t                    <!-- End Single Item --><br \/>\n                \t\t                    <!-- Single Item --><\/p>\n<h4>Nossa Localiza\u00e7\u00e3o<\/h4>\n<p>\n\t                                B\u00f6ttgerstr. 6b<br \/>\nD-65439<br \/>Fl\u00f6rsheim am Main &#8211;<br \/>\nGermany\t                            <\/p>\n<p>\t                            <a href=\"#contact\">Verificar Localiza\u00e7\u00e3o<\/a><br \/>\n\t                    <!-- End Single Item --><br \/>\n                \t\t                    <!-- Single Item --><\/p>\n<h4>Email<\/h4>\n<\/p>\n<p>\t                            <a href=\"mailto:info@crysta.com.com\">info@ramgmbh.de<\/a><br \/>\n\t                    <!-- End Single Item --><br \/>\n    <!-- End Contact --><\/p>\n<style>\/*! elementor - v3.7.8 - 02-10-2022 *\/\n.elementor-column .elementor-spacer-inner{height:var(--spacer-size)}.e-container{--container-widget-width:100%}.e-container>.elementor-widget-spacer{width:var(--container-widget-width,var(--spacer-size));-ms-flex-item-align:stretch;align-self:stretch;-ms-flex-negative:0;flex-shrink:0}.e-container>.elementor-widget-spacer>.elementor-widget-container,.e-container>.elementor-widget-spacer>.elementor-widget-container>.elementor-spacer{height:100%}.e-container>.elementor-widget-spacer>.elementor-widget-container>.elementor-spacer>.elementor-spacer-inner{height:var(--container-widget-height,var(--spacer-size))}<\/style>\n<p>    <!-- Start Contact Form \n    ============================================= --><br \/>\n        <!-- Shape --><br \/>\n        <!-- Shape --><br \/>\n            <iframe src=\"https:\/\/www.google.com\/maps\/embed?pb=!1m18!1m12!1m3!1d2564.6816382610255!2d8.393942693823478!3d49.998577946342536!2m3!1f0!2f0!3f0!3m2!1i1024!2i768!4f13.1!3m3!1m2!1s0x47bd994963a8a67d%3A0x4c167c344a3fa830!2sR.A.M.%20Realtime%20Application%20Measurement%20GmbH!5e0!3m2!1spt-BR!2sbr!4v1692363405875!5m2!1spt-BR!2sbr\" width=\"600\" height=\"450\" style=\"border:0;\" allowfullscreen=\"\" loading=\"lazy\" referrerpolicy=\"no-referrer-when-downgrade\"><\/iframe><br \/>\n            <!-- Contact Form --><\/p>\n<h4>Contato<\/h4>\n<h2>Perguntas?<br \/>\nEntre em contato!<\/h2>\n<p role=\"status\" aria-live=\"polite\" aria-atomic=\"true\">\n<ul><\/ul>\n<form action=\"\/wp-admin\/admin-ajax.php#wpcf7-f490-o1\" method=\"post\" aria-label=\"Contact form\" novalidate=\"novalidate\" data-status=\"init\">\n<input type=\"hidden\" name=\"_wpcf7\" value=\"490\" \/><br \/>\n<input type=\"hidden\" name=\"_wpcf7_version\" value=\"5.8.1\" \/><br \/>\n<input type=\"hidden\" name=\"_wpcf7_locale\" value=\"en_US\" \/><br \/>\n<input type=\"hidden\" name=\"_wpcf7_unit_tag\" value=\"wpcf7-f490-o1\" \/><br \/>\n<input type=\"hidden\" name=\"_wpcf7_container_post\" value=\"0\" \/><br \/>\n<input type=\"hidden\" name=\"_wpcf7_posted_data_hash\" value=\"\" \/><br \/>\n<input type=\"hidden\" name=\"_wpcf7_recaptcha_response\" value=\"\" \/><br \/>\n           <input size=\"40\" id=\"name\" aria-invalid=\"false\" placeholder=\"Name\" value=\"\" type=\"text\" name=\"text-590\" \/><br \/>\n           <input size=\"40\" id=\"company\" aria-invalid=\"false\" placeholder=\"Company\" value=\"\" type=\"text\" name=\"text-600\" \/><br \/>\n            <input size=\"40\" id=\"email\" aria-required=\"true\" aria-invalid=\"false\" placeholder=\"Email*\" value=\"\" type=\"email\" name=\"email-568\" \/><br \/>\n            <input size=\"40\" id=\"phone\" aria-invalid=\"false\" placeholder=\"Phone\" value=\"\" type=\"text\" name=\"text-826\" \/><br \/>\n            <textarea cols=\"40\" rows=\"10\" id=\"comments\" aria-required=\"true\" aria-invalid=\"false\" placeholder=\"Tell Us About *\" name=\"textarea-498\"><\/textarea><br \/>\n        <button type=\"submit\" name=\"submit\" id=\"submit\"> Get in Touch <\/button><br \/>\n<\/form>\n<p>            <!-- End Contact Form --><br \/>\n    <!-- End Contact Form --><\/p>\n","protected":false},"excerpt":{"rendered":"<p>Telefone +49 (0) 6145 \/ 9356-0 Nossa Localiza\u00e7\u00e3o B\u00f6ttgerstr. 6b D-65439Fl\u00f6rsheim am Main &#8211; Germany Verificar Localiza\u00e7\u00e3o Email info@ramgmbh.de Contato Perguntas? Entre em contato! Get in Touch<\/p>\n","protected":false},"author":1,"featured_media":0,"parent":0,"menu_order":0,"comment_status":"closed","ping_status":"closed","template":"page-template\/crystal-template.php","meta":{"footnotes":""},"class_list":["post-479","page","type-page","status-publish","hentry"],"translation":{"provider":"WPGlobus","version":"2.12.2","language":"br","enabled_languages":["en","es","de","br","fr"],"languages":{"en":{"title":true,"content":true,"excerpt":false},"es":{"title":true,"content":true,"excerpt":false},"de":{"title":true,"content":true,"excerpt":false},"br":{"title":true,"content":true,"excerpt":false},"fr":{"title":true,"content":true,"excerpt":false}}},"aioseo_notices":[],"_links":{"self":[{"href":"https:\/\/www.ramgmbh.de\/br\/wp-json\/wp\/v2\/pages\/479","targetHints":{"allow":["GET"]}}],"collection":[{"href":"https:\/\/www.ramgmbh.de\/br\/wp-json\/wp\/v2\/pages"}],"about":[{"href":"https:\/\/www.ramgmbh.de\/br\/wp-json\/wp\/v2\/types\/page"}],"author":[{"embeddable":true,"href":"https:\/\/www.ramgmbh.de\/br\/wp-json\/wp\/v2\/users\/1"}],"replies":[{"embeddable":true,"href":"https:\/\/www.ramgmbh.de\/br\/wp-json\/wp\/v2\/comments?post=479"}],"version-history":[{"count":1,"href":"https:\/\/www.ramgmbh.de\/br\/wp-json\/wp\/v2\/pages\/479\/revisions"}],"predecessor-version":[{"id":7317,"href":"https:\/\/www.ramgmbh.de\/br\/wp-json\/wp\/v2\/pages\/479\/revisions\/7317"}],"wp:attachment":[{"href":"https:\/\/www.ramgmbh.de\/br\/wp-json\/wp\/v2\/media?parent=479"}],"curies":[{"name":"wp","href":"https:\/\/api.w.org\/{rel}","templated":true}]}}