{"id":2650,"date":"2023-09-01T05:48:57","date_gmt":"2023-09-01T05:48:57","guid":{"rendered":"https:\/\/www.ramgmbh.de\/?post_type=product&#038;p=2650"},"modified":"2024-05-27T10:04:28","modified_gmt":"2024-05-27T09:04:28","slug":"fis-1000-surface-camera","status":"publish","type":"product","link":"https:\/\/www.ramgmbh.de\/br\/product\/fis-1000-surface-camera\/","title":{"rendered":"FIS 1000 &#8211; Surface Camera"},"content":{"rendered":"<style>\/*! elementor - v3.21.0 - 25-04-2024 *\/\n.elementor-heading-title{padding:0;margin:0;line-height:1}.elementor-widget-heading .elementor-heading-title[class*=elementor-size-]>a{color:inherit;font-size:inherit;line-height:inherit}.elementor-widget-heading .elementor-heading-title.elementor-size-small{font-size:15px}.elementor-widget-heading .elementor-heading-title.elementor-size-medium{font-size:19px}.elementor-widget-heading .elementor-heading-title.elementor-size-large{font-size:29px}.elementor-widget-heading .elementor-heading-title.elementor-size-xl{font-size:39px}.elementor-widget-heading .elementor-heading-title.elementor-size-xxl{font-size:59px}<\/style>\n<h2>Inspe\u00e7\u00e3o de Superf\u00edcie FIS-1000\u00ae: Precis\u00e3o na Medi\u00e7\u00e3o<\/h2>\n<p>O FIS-1000 \u00e9 um exemplo de precis\u00e3o e efici\u00eancia na inspe\u00e7\u00e3o de web. Projetado para atender \u00e0s diversas necessidades de fabrica\u00e7\u00e3o, este sistema oferece alta precis\u00e3o, garantindo a m\u00e1xima qualidade em cada lote de produ\u00e7\u00e3o. Detecte defeitos como g\u00e9is, manchas pretas, furos, insetos, marcas de \u00f3leo e muitos outros contaminantes com monitoramento em tempo real.<\/p>\n<h4>\u00a0<\/h4>\n<h4 style=\"text-align: left;\">Seja para filmes soprados, lamina\u00e7\u00e3o, biaxiais, n\u00e3o tecidos e t\u00eaxteis, o FIS-1000 garante qualidade e consist\u00eancia ideais em cada quadro.<\/h4>\n<ul>\n<li>\n<p>Inspe\u00e7\u00e3o de Filme Biaxial: Projetado para monitorar o processo de estiramento na produ\u00e7\u00e3o de filmes biaxiais.<\/p>\n<\/li>\n<\/ul>\n<p><img fetchpriority=\"high\" decoding=\"async\" src=\"https:\/\/www.ramgmbh.de\/wp-content\/uploads\/2023\/09\/combined-film-e1695397422960-300x215.jpg\" alt=\"\" width=\"300\" height=\"215\" \/><\/p>\n<ul>\n<li>\n<p>Inspe\u00e7\u00e3o de N\u00e3o Tecidos e T\u00eaxteis: Desde a distribui\u00e7\u00e3o das fibras at\u00e9 a consist\u00eancia da textura, assegura que cada tecido atenda \u00e0s especifica\u00e7\u00f5es desejadas.<\/p>\n<\/li>\n<\/ul>\n<p><img decoding=\"async\" src=\"https:\/\/www.ramgmbh.de\/wp-content\/uploads\/2023\/09\/combined-nonwovens-1-e1695397442231-300x215.jpg\" alt=\"\" width=\"300\" height=\"215\" \/><\/p>\n<h4>\u00a0<\/h4>\n<h4>\u00a0<\/h4>\n<h4>Principais Caracter\u00edsticas:<\/h4>\n<ul>\n<li style=\"list-style-type: none;\">\n<ul>\n<li style=\"list-style-type: none;\">\n<ul>\n<li>Imagem de alta resolu\u00e7\u00e3o por Multi Camera: A partir de 4.096 pixels em CD, com op\u00e7\u00f5es para 8.192 e at\u00e9 16.384 pixels.<\/li>\n<li>Taxas de Amostragem R\u00e1pidas: Alcan\u00e7a taxas de amostragem de 20.000 a 100.000 linhas\/seg, permitindo alta resolu\u00e7\u00e3o na Dire\u00e7\u00e3o da M\u00e1quina (MD) mesmo em altas velocidades de produ\u00e7\u00e3o.<\/li>\n<li>Calibra\u00e7\u00e3o Avan\u00e7ada: Minimiza a distor\u00e7\u00e3o nas bordas em linhas longas para uma imagem precisa.<\/li>\n<li>Detec\u00e7\u00e3o de defeitos Otimizada: Em conjunto com o software de controle de processos CAMEN, pode gerar e processar at\u00e9 256 thresholds. Isso garante que apenas defeitos de fabrica\u00e7\u00e3o relevantes sejam reconhecidos, analisados e exibidos.<\/li>\n<li>\n<p>Design\u00a0Compacto e Robusto:\u00a0O design compacto da c\u00e2mera garante modularidade ideal. A c\u00e2mera e a unidade de processamento s\u00e3o resfriadas passivamente por meio de um dissipador de calor montado lateralmente, tornando-a adequada para temperaturas ambiente de at\u00e9 50\u00b0C. Op\u00e7\u00f5es para resfriamento a ar e\/ou \u00e1gua tamb\u00e9m est\u00e3o dispon\u00edveis para temperaturas ambiente mais altas..<\/p>\n<\/li>\n<\/ul>\n<\/li>\n<\/ul>\n<\/li>\n<\/ul>\n<style>\/*! elementor - v3.21.0 - 25-04-2024 *\/\n.elementor-widget-image-carousel .swiper,.elementor-widget-image-carousel .swiper-container{position:static}.elementor-widget-image-carousel .swiper-container .swiper-slide figure,.elementor-widget-image-carousel .swiper .swiper-slide figure{line-height:inherit}.elementor-widget-image-carousel .swiper-slide{text-align:center}.elementor-image-carousel-wrapper:not(.swiper-container-initialized):not(.swiper-initialized) .swiper-slide{max-width:calc(100% \/ var(--e-image-carousel-slides-to-show, 3))}<\/style>\n<figure><img data-src=\"https:\/\/www.ramgmbh.de\/wp-content\/uploads\/2023\/09\/IMGP3053.jpeg\" alt=\"IMGP3053\" \/><\/figure>\n<figure><img data-src=\"https:\/\/www.ramgmbh.de\/wp-content\/uploads\/2023\/09\/Bildschirmfoto-2023-07-29-um-09.30.38-800x600.png\" alt=\"Bildschirmfoto 2023-07-29 um 09.30.38\" \/><\/figure>\n<h4>Dados T\u00e9cnicos<\/h4>\n<h2>Line Camera<\/h2>\n<\/p>\n<table border=\"0\" width=\"519\" cellspacing=\"0\" cellpadding=\"0\">\n<colgroup>\n<col width=\"185\" \/>\n<col width=\"81\" \/>\n<col width=\"136\" \/>\n<col width=\"117\" \/><\/colgroup>\n<tbody>\n<tr>\n<td width=\"185\" height=\"13\">Camera<\/td>\n<td width=\"81\">Pixel<\/td>\n<td width=\"136\">Linhas\/Segundo<\/td>\n<td width=\"117\">Frequ\u00eancia<\/td>\n<\/tr>\n<tr>\n<td height=\"13\">RAM-CAM-4k100<\/td>\n<td>4.096<\/td>\n<td>100.000<\/td>\n<td>410MHz<\/td>\n<\/tr>\n<tr>\n<td height=\"13\">RAM-CAM-4k172<\/td>\n<td>4.096<\/td>\n<td>172.000<\/td>\n<td>704MHz<\/td>\n<\/tr>\n<tr>\n<td height=\"13\">RAM-CAM-8k135<\/td>\n<td>8.192<\/td>\n<td>135.000<\/td>\n<td>1,11 GHz<\/td>\n<\/tr>\n<tr>\n<td height=\"13\">RAM-CAM-8k150<\/td>\n<td>8.192<\/td>\n<td>150.000<\/td>\n<td>1,23 GHz<\/td>\n<\/tr>\n<tr>\n<td height=\"13\">RAM-CAM-16k70<\/td>\n<td>16.384<\/td>\n<td>70.000<\/td>\n<td>1,15 GHz<\/td>\n<\/tr>\n<tr>\n<td height=\"13\">RAM-CAM-16k100<\/td>\n<td>16.384<\/td>\n<td>100.000<\/td>\n<td>1,64 GHz<\/td>\n<\/tr>\n<\/tbody>\n<\/table>\n<p>\t\t\t<a href=\"http:\/\/www.ramgmbh.com\/download\/eng_Zeilenkamera.pdf\" target=\"_blank\" rel=\"noopener\"><br \/>\n\t\t\t\t\t\t\t\t\tDatasheet<br \/>\n\t\t\t\t\t<\/a><\/p>\n<h2><a href=\"https:\/\/www.ramgmbh.de\/contact\/\"><br \/>\nA s\u00e9rie RAM-CAM foi projetada para atender \u00e0s rigorosas demandas da fabrica\u00e7\u00e3o de produtos em bobinas atualmente. Sua constru\u00e7\u00e3o em a\u00e7o inoxid\u00e1vel garante durabilidade e longevidade.<br \/>\nPara entender melhor como o FIS1000\u00ae pode revolucionar seu laborat\u00f3rio de qualidade e produ\u00e7\u00e3o, <a href=\"https:\/\/www.ramgmbh.de\/contact\/\" target=\"_new\" style=\"color: var(--tw-prose-links); text-decoration: underline; border-style: solid; border-color: rgb(217, 217, 227); outline: currentcolor; font-family: S\u00f6hne, ui-sans-serif, system-ui, -apple-system, &quot;Segoe UI&quot;, Roboto, Ubuntu, Cantarell, &quot;Noto Sans&quot;, sans-serif, &quot;Helvetica Neue&quot;, Arial, &quot;Apple Color Emoji&quot;, &quot;Segoe UI Emoji&quot;, &quot;Segoe UI Symbol&quot;, &quot;Noto Color Emoji&quot;; font-weight: 500; font-size: 16px; caret-color: rgb(0, 0, 0); text-underline-offset: 2px;\" rel=\"noopener\">entre em contato conosco<\/a> hoje mesmo.<\/p>\n<p><\/a><\/h2>\n","protected":false},"featured_media":6224,"menu_order":4,"template":"elementor_header_footer","meta":[],"product_category":[51],"class_list":["post-2650","product","type-product","status-publish","has-post-thumbnail","hentry","product_category-surface-inspection"],"translation":{"provider":"WPGlobus","version":"2.12.2","language":"br","enabled_languages":["en","es","de","br","fr"],"languages":{"en":{"title":true,"content":true,"excerpt":false},"es":{"title":true,"content":true,"excerpt":false},"de":{"title":true,"content":true,"excerpt":false},"br":{"title":true,"content":true,"excerpt":false},"fr":{"title":true,"content":true,"excerpt":false}}},"aioseo_notices":[],"_links":{"self":[{"href":"https:\/\/www.ramgmbh.de\/br\/wp-json\/wp\/v2\/product\/2650","targetHints":{"allow":["GET"]}}],"collection":[{"href":"https:\/\/www.ramgmbh.de\/br\/wp-json\/wp\/v2\/product"}],"about":[{"href":"https:\/\/www.ramgmbh.de\/br\/wp-json\/wp\/v2\/types\/product"}],"version-history":[{"count":81,"href":"https:\/\/www.ramgmbh.de\/br\/wp-json\/wp\/v2\/product\/2650\/revisions"}],"predecessor-version":[{"id":6981,"href":"https:\/\/www.ramgmbh.de\/br\/wp-json\/wp\/v2\/product\/2650\/revisions\/6981"}],"wp:featuredmedia":[{"embeddable":true,"href":"https:\/\/www.ramgmbh.de\/br\/wp-json\/wp\/v2\/media\/6224"}],"wp:attachment":[{"href":"https:\/\/www.ramgmbh.de\/br\/wp-json\/wp\/v2\/media?parent=2650"}],"wp:term":[{"taxonomy":"product_category","embeddable":true,"href":"https:\/\/www.ramgmbh.de\/br\/wp-json\/wp\/v2\/product_category?post=2650"}],"curies":[{"name":"wp","href":"https:\/\/api.w.org\/{rel}","templated":true}]}}