{"id":3704,"date":"2023-09-15T15:19:14","date_gmt":"2023-09-15T15:19:14","guid":{"rendered":"https:\/\/www.ramgmbh.de\/?post_type=product&#038;p=3704"},"modified":"2024-05-27T09:10:49","modified_gmt":"2024-05-27T08:10:49","slug":"training","status":"publish","type":"product","link":"https:\/\/www.ramgmbh.de\/br\/product\/training\/","title":{"rendered":"Training"},"content":{"rendered":"<h4><\/h4>\n<h2>Expanda seu Conhecimento com os Programas de Treinamento da R.A.M.<br \/>\n<\/h2>\n<\/p>\n<link rel=\"stylesheet\" href=\"https:\/\/www.ramgmbh.de\/wp-content\/plugins\/elementor\/assets\/css\/widget-icon-box.min.css\">\n<p>\n\t\t\t\t\t\t<b>Na R.A.M.<\/b> acreditamos que conhecimento \u00e9 poder. Por isso, oferecemos treinamentos especializados, adaptados \u00e0s suas necessidades individuais. Esses cursos s\u00e3o conduzidos por nossa equipe altamente qualificada e t\u00eam como objetivo fornecer as habilidades e conhecimentos necess\u00e1rios para o seu trabalho. Escolha seu programa de treinamento:\t\t\t\t\t<\/p>\n<h4>Domine o b\u00e1sico em um dia<br \/>\n<\/h4>\n<h2>Treinamento de Operador:<\/h2>\n<p>\n\t            O que voc\u00ea aprender\u00e1:<\/p>\n<p>Navegar no software CAMEN e carregar receitas<br \/>\nCompreender termos-chave como valor de cinza, limiar e utilidade<br \/>\n<br \/>&#8211; Cria\u00e7\u00e3o de pedidos e gerenciamento de relat\u00f3rios de rolos no CAMEN<br \/>\nLidar eficazmente com alertas e erros<br \/>\n<br \/>&#8211; Funcionalidades b\u00e1sicas do software <\/p>\n<p>Local: Na sua pr\u00f3pria m\u00e1quina<br \/>\nDura\u00e7\u00e3o: 1 dia\t        <\/p>\n<p>\t\t\t<a href=\"mailto:info@ramgmbh.de\"> Agende agora<\/a>\t\t<\/p>\n<h4>Expanda suas habilidades<br \/>\n<\/h4>\n<h2>Treinamento para Gerente \/ Chefe de Produ\u00e7\u00e3o:<br \/>\n<\/h2>\n<p>\n\t            O que voc\u00ea aprender\u00e1:<\/p>\n<p>Todo o conte\u00fado do Treinamento de Operador<br \/>\nCria\u00e7\u00e3o de receitas para diferentes produtos<br \/>\n<br \/>&#8211; Fundamentos da detec\u00e7\u00e3o de defeitos \u00f3pticos<br \/>\n<br \/>&#8211; Classifica\u00e7\u00e3o de defeitos por tamanho e tipo (envie amostras antecipadamente)<br \/>\n<br \/>&#8211; Funcionalidades avan\u00e7adas do software<\/p>\n<p>Local: F\u00e1brica da R.A.M. GmbH<br \/>\n<br \/>Dura\u00e7\u00e3o: 2 dias\t        <\/p>\n<p>\t\t\t<a href=\"mailto:info@ramgmbh.de\"> Agende agora<\/a>\t\t<\/p>\n<h4>Torne-se um especialista em sistemas<br \/>\n<\/h4>\n<h2>Treinamento em Manuten\u00e7\u00e3o:<br \/>\n<\/h2>\n<p>\n\t            O que voc\u00ea aprender\u00e1:<\/p>\n<p>Todo o conte\u00fado do Treinamento de Gerente<br \/>\nCompreender os alertas do sistema e as a\u00e7\u00f5es apropriadas<br \/>\n<br \/>&#8211; Uso dos protocolos CAMEN para solu\u00e7\u00e3o de problemas<br \/>\n<br \/>&#8211; Reinicializa\u00e7\u00e3o de c\u00e2meras de linha \u00fanica<br \/>\n<br \/>&#8211; Avalia\u00e7\u00e3o abrangente do sistema, incluindo testes mec\u00e2nicos e el\u00e9tricos<br \/>\n<br \/>&#8211; Procedimentos de calibra\u00e7\u00e3o do sistema<\/p>\n<p>Local: F\u00e1brica da R.A.M. GmbH<br \/>\n<br \/>Dura\u00e7\u00e3o: 3 dias\n\t        <\/p>\n<p>\t\t\t<a href=\"mailto:info@ramgmbh.de\"> Agende agora<\/a>\t\t<\/p>\n<style>\n    .shape-move,.shape-move:nth-child(2){\n        background: var(--color-primary) !important;\n    }\n<\/style>\n","protected":false},"featured_media":0,"menu_order":0,"template":"elementor_header_footer","meta":[],"product_category":[60],"class_list":["post-3704","product","type-product","status-publish","hentry","product_category-training"],"translation":{"provider":"WPGlobus","version":"2.12.2","language":"br","enabled_languages":["en","es","de","br","fr"],"languages":{"en":{"title":true,"content":true,"excerpt":false},"es":{"title":true,"content":true,"excerpt":false},"de":{"title":true,"content":true,"excerpt":false},"br":{"title":true,"content":true,"excerpt":false},"fr":{"title":true,"content":true,"excerpt":false}}},"aioseo_notices":[],"_links":{"self":[{"href":"https:\/\/www.ramgmbh.de\/br\/wp-json\/wp\/v2\/product\/3704","targetHints":{"allow":["GET"]}}],"collection":[{"href":"https:\/\/www.ramgmbh.de\/br\/wp-json\/wp\/v2\/product"}],"about":[{"href":"https:\/\/www.ramgmbh.de\/br\/wp-json\/wp\/v2\/types\/product"}],"version-history":[{"count":22,"href":"https:\/\/www.ramgmbh.de\/br\/wp-json\/wp\/v2\/product\/3704\/revisions"}],"predecessor-version":[{"id":6937,"href":"https:\/\/www.ramgmbh.de\/br\/wp-json\/wp\/v2\/product\/3704\/revisions\/6937"}],"wp:attachment":[{"href":"https:\/\/www.ramgmbh.de\/br\/wp-json\/wp\/v2\/media?parent=3704"}],"wp:term":[{"taxonomy":"product_category","embeddable":true,"href":"https:\/\/www.ramgmbh.de\/br\/wp-json\/wp\/v2\/product_category?post=3704"}],"curies":[{"name":"wp","href":"https:\/\/api.w.org\/{rel}","templated":true}]}}