{"id":5147,"date":"2023-09-29T13:31:15","date_gmt":"2023-09-29T13:31:15","guid":{"rendered":"https:\/\/www.ramgmbh.de\/?post_type=product&#038;p=5147"},"modified":"2024-05-27T11:04:55","modified_gmt":"2024-05-27T10:04:55","slug":"slitter-rewinder-itg700","status":"publish","type":"product","link":"https:\/\/www.ramgmbh.de\/br\/product\/slitter-rewinder-itg700\/","title":{"rendered":"Slitter Rewinder\u00ae &#8211; ITG700"},"content":{"rendered":"<style>\/*! elementor - v3.21.0 - 25-04-2024 *\/\n.elementor-heading-title{padding:0;margin:0;line-height:1}.elementor-widget-heading .elementor-heading-title[class*=elementor-size-]>a{color:inherit;font-size:inherit;line-height:inherit}.elementor-widget-heading .elementor-heading-title.elementor-size-small{font-size:15px}.elementor-widget-heading .elementor-heading-title.elementor-size-medium{font-size:19px}.elementor-widget-heading .elementor-heading-title.elementor-size-large{font-size:29px}.elementor-widget-heading .elementor-heading-title.elementor-size-xl{font-size:39px}.elementor-widget-heading .elementor-heading-title.elementor-size-xxl{font-size:59px}<\/style>\n<h2>Precis\u00e3o na Inspe\u00e7\u00e3o durante o Rebobinamento<\/h2>\n<h4>Caracter\u00edsticas Principais:<\/h4>\n<ul>\n<li>Inspe\u00e7\u00e3o em Dupla Face: Verifica tanto a parte superior quanto a inferior dos filmes opacos em busca de defeitos.<\/li>\n<li>Classifica\u00e7\u00e3o Autom\u00e1tica de Defeitos: Classifica os defeitos em categorias como manchas\/g\u00e9is, queimaduras, olhos de peixe, impurezas, rugas, furos ou insetos. Al\u00e9m disso, armazena imagens desses defeitos para uma avalia\u00e7\u00e3o posterior.<\/li>\n<li>Relat\u00f3rio de Defeitos (MAP): Fornece uma representa\u00e7\u00e3o simb\u00f3lica dos defeitos no rolo, incluindo imagens em tons de cinza. O relat\u00f3rio cont\u00e9m informa\u00e7\u00f5es sobre o n\u00famero do rolo, o n\u00famero total de defeitos e os defeitos por m\u00b2, classificados por tamanho\/tipo. Tamb\u00e9m mostra as localiza\u00e7\u00f5es dos defeitos na dire\u00e7\u00e3o da m\u00e1quina e transversalmente.<\/li>\n<li>Gest\u00e3o de Receitas: Permite a cria\u00e7\u00e3o de um n\u00famero ilimitado de receitas de inspe\u00e7\u00e3o, garantindo flexibilidade e adaptabilidade a diferentes requisitos de fabrica\u00e7\u00e3o.<\/li>\n<li>Alerta de Defeitos Cr\u00edticos: Em caso de defeitos graves, o sistema pode acionar uma luz de alarme, fazer soar uma buzina ou at\u00e9 mesmo parar um enrolador para garantir que problemas cr\u00edticos sejam resolvidos imediatamente.<\/li>\n<li>Integra\u00e7\u00e3o de Dados BDE: Carrega perfeitamente os dados BDE no sistema de inspe\u00e7\u00e3o para melhorar a an\u00e1lise e o monitoramento.<\/li>\n<li>Entradas\/Sa\u00eddas Digitais: Equipado com entradas digitais para sinal de troca de rolo, sinal de codificador ou parada de inspe\u00e7\u00e3o e sa\u00eddas digitais para controlar alarmes em situa\u00e7\u00f5es de defeitos cr\u00edticos.<\/li>\n<\/ul>\n<h4><\/h4>\n<h4>Aplica\u00e7\u00f5es:<\/h4>\n<p>O ITG 700 foi desenvolvido para atender \u00e0s rigorosas exig\u00eancias dos processos de fabrica\u00e7\u00e3o modernos. Suas funcionalidades avan\u00e7adas e capacidades fazem dele uma ferramenta indispens\u00e1vel para garantir a mais alta qualidade na produ\u00e7\u00e3o de filmes\/folhas. Quer voc\u00ea deseje melhorar o controle de qualidade, reduzir desperd\u00edcios ou otimizar seu processo de fabrica\u00e7\u00e3o, o ITG 700 \u00e9 a solu\u00e7\u00e3o que voc\u00ea estava procurando.<\/p>\n<style>\/*! elementor - v3.21.0 - 25-04-2024 *\/\n.elementor-widget-image-carousel .swiper,.elementor-widget-image-carousel .swiper-container{position:static}.elementor-widget-image-carousel .swiper-container .swiper-slide figure,.elementor-widget-image-carousel .swiper .swiper-slide figure{line-height:inherit}.elementor-widget-image-carousel .swiper-slide{text-align:center}.elementor-image-carousel-wrapper:not(.swiper-container-initialized):not(.swiper-initialized) .swiper-slide{max-width:calc(100% \/ var(--e-image-carousel-slides-to-show, 3))}<\/style>\n<p>\t\t\t\t\t\t\t\t<a data-elementor-open-lightbox=\"yes\" data-elementor-lightbox-slideshow=\"39d6a2e\" data-elementor-lightbox-title=\"itg700\" data-e-action-hash=\"#elementor-action%3Aaction%3Dlightbox%26settings%3DeyJpZCI6MjY2MSwidXJsIjoiaHR0cHM6XC9cL3d3dy5yYW1nbWJoLmRlXC93cC1jb250ZW50XC91cGxvYWRzXC8yMDIzXC8wOVwvaXRnNzAwLTEucG5nIiwic2xpZGVzaG93IjoiMzlkNmEyZSJ9\" href=\"https:\/\/www.ramgmbh.de\/wp-content\/uploads\/2023\/09\/itg700-1.png\"><\/p>\n<figure><img data-src=\"https:\/\/www.ramgmbh.de\/wp-content\/uploads\/2023\/09\/itg700-1.png\" alt=\"itg700\" \/><\/figure>\n<p><\/a><a data-elementor-open-lightbox=\"yes\" data-elementor-lightbox-slideshow=\"39d6a2e\" data-elementor-lightbox-title=\"Bildschirmfoto 2023-07-29 um 09.30.38\" data-e-action-hash=\"#elementor-action%3Aaction%3Dlightbox%26settings%3DeyJpZCI6NDEyNiwidXJsIjoiaHR0cHM6XC9cL3d3dy5yYW1nbWJoLmRlXC93cC1jb250ZW50XC91cGxvYWRzXC8yMDIzXC8wOVwvQmlsZHNjaGlybWZvdG8tMjAyMy0wNy0yOS11bS0wOS4zMC4zOC5wbmciLCJzbGlkZXNob3ciOiIzOWQ2YTJlIn0%3D\" href=\"https:\/\/www.ramgmbh.de\/wp-content\/uploads\/2023\/09\/Bildschirmfoto-2023-07-29-um-09.30.38.png\"><\/p>\n<figure><img data-src=\"https:\/\/www.ramgmbh.de\/wp-content\/uploads\/2023\/09\/Bildschirmfoto-2023-07-29-um-09.30.38-800x600.png\" alt=\"Bildschirmfoto 2023-07-29 um 09.30.38\" \/><\/figure>\n<p><\/a>\t\t\t<\/p>\n<h4>TECHNICAL DATA<\/h4>\n<h2>ITG 700<\/h2>\n<\/p>\n<style>\/*! elementor-pro - v3.7.7 - 20-09-2022 *\/\n.elementor-widget-price-list .elementor-price-list{list-style:none;padding:0;margin:0}.elementor-widget-price-list .elementor-price-list li{margin:0}.elementor-price-list li:not(:last-child){margin-bottom:20px}.elementor-price-list .elementor-price-list-image{max-width:50%;-ms-flex-negative:0;flex-shrink:0;padding-right:25px}.elementor-price-list .elementor-price-list-image img{width:100%}.elementor-price-list .elementor-price-list-header,.elementor-price-list .elementor-price-list-item,.elementor-price-list .elementor-price-list-text{display:-webkit-box;display:-ms-flexbox;display:flex}.elementor-price-list .elementor-price-list-item{-webkit-box-align:start;-ms-flex-align:start;align-items:flex-start}.elementor-price-list .elementor-price-list-item .elementor-price-list-text{-webkit-box-align:start;-ms-flex-align:start;align-items:flex-start;-ms-flex-wrap:wrap;flex-wrap:wrap;-webkit-box-flex:1;-ms-flex-positive:1;flex-grow:1}.elementor-price-list .elementor-price-list-item .elementor-price-list-header{-webkit-box-align:center;-ms-flex-align:center;align-items:center;-ms-flex-preferred-size:100%;flex-basis:100%;font-size:19px;font-weight:600;margin-bottom:10px;-webkit-box-pack:justify;-ms-flex-pack:justify;justify-content:space-between}.elementor-price-list .elementor-price-list-item .elementor-price-list-title{max-width:80%}.elementor-price-list .elementor-price-list-item .elementor-price-list-price{font-weight:600}.elementor-price-list .elementor-price-list-item p.elementor-price-list-description{-ms-flex-preferred-size:100%;flex-basis:100%;font-size:14px;margin:0}.elementor-price-list .elementor-price-list-item .elementor-price-list-separator{-webkit-box-flex:1;-ms-flex-positive:1;flex-grow:1;margin-left:10px;margin-right:10px;border-bottom-style:dotted;border-bottom-width:2px;height:0}.elementor-price-table{text-align:center}.elementor-price-table .elementor-price-table__header{background:var(--e-price-table-header-background-color,#555);padding:20px 0}.elementor-price-table .elementor-price-table__heading{margin:0;padding:0;line-height:1.2;font-size:24px;font-weight:600;color:#fff}.elementor-price-table .elementor-price-table__subheading{font-size:13px;font-weight:400;color:#fff}.elementor-price-table .elementor-price-table__original-price{margin-right:15px;text-decoration:line-through;font-size:.5em;line-height:1;font-weight:400;-ms-flex-item-align:center;align-self:center}.elementor-price-table .elementor-price-table__original-price .elementor-price-table__currency{font-size:1em;margin:0}.elementor-price-table .elementor-price-table__price{display:-webkit-box;display:-ms-flexbox;display:flex;-webkit-box-pack:center;-ms-flex-pack:center;justify-content:center;-webkit-box-align:center;-ms-flex-align:center;align-items:center;-ms-flex-wrap:wrap;flex-wrap:wrap;-webkit-box-orient:horizontal;-webkit-box-direction:normal;-ms-flex-direction:row;flex-direction:row;color:#555;font-weight:800;font-size:65px;padding:40px 0}.elementor-price-table .elementor-price-table__price .elementor-typo-excluded{line-height:normal;letter-spacing:normal;text-transform:none;font-weight:400;font-size:medium;font-style:normal}.elementor-price-table .elementor-price-table__after-price{display:-webkit-box;display:-ms-flexbox;display:flex;-ms-flex-wrap:wrap;flex-wrap:wrap;text-align:left;-ms-flex-item-align:stretch;align-self:stretch;-webkit-box-align:start;-ms-flex-align:start;align-items:flex-start;-webkit-box-orient:vertical;-webkit-box-direction:normal;-ms-flex-direction:column;flex-direction:column}.elementor-price-table .elementor-price-table__integer-part{line-height:.8}.elementor-price-table .elementor-price-table__currency,.elementor-price-table .elementor-price-table__fractional-part{line-height:1;font-size:.3em}.elementor-price-table .elementor-price-table__currency{margin-right:3px}.elementor-price-table .elementor-price-table__period{width:100%;font-size:13px;font-weight:400}.elementor-price-table .elementor-price-table__features-list{list-style-type:none;margin:0;padding:0;line-height:1;color:var(--e-price-table-features-list-color)}.elementor-price-table .elementor-price-table__features-list li{font-size:14px;line-height:1;margin:0;padding:0}.elementor-price-table .elementor-price-table__features-list li .elementor-price-table__feature-inner{margin-left:15px;margin-right:15px}.elementor-price-table .elementor-price-table__features-list li:not(:first-child):before{content:\"\";display:block;border:0 solid hsla(0,0%,47.8%,.3);margin:10px 12.5%}.elementor-price-table .elementor-price-table__features-list i{margin-right:10px;font-size:1.3em}.elementor-price-table .elementor-price-table__features-list svg{margin-right:10px;fill:var(--e-price-table-features-list-color);height:1.3em;width:1.3em}.elementor-price-table .elementor-price-table__features-list svg~*{vertical-align:text-top}.elementor-price-table .elementor-price-table__footer{padding:30px 0}.elementor-price-table .elementor-price-table__additional_info{margin:0;font-size:13px;line-height:1.4}.elementor-price-table__ribbon{position:absolute;top:0;left:auto;right:0;-webkit-transform:rotate(90deg);-ms-transform:rotate(90deg);transform:rotate(90deg);width:150px;overflow:hidden;height:150px}.elementor-price-table__ribbon-inner{text-align:center;left:0;width:200%;-webkit-transform:translateY(-50%) translateX(-50%) translateX(35px) rotate(-45deg);-ms-transform:translateY(-50%) translateX(-50%) translateX(35px) rotate(-45deg);transform:translateY(-50%) translateX(-50%) translateX(35px) rotate(-45deg);margin-top:35px;font-size:13px;line-height:2;font-weight:800;text-transform:uppercase;background:#000}.elementor-price-table__ribbon.elementor-ribbon-left{-webkit-transform:rotate(0);-ms-transform:rotate(0);transform:rotate(0);left:0;right:auto}.elementor-price-table__ribbon.elementor-ribbon-right{-webkit-transform:rotate(90deg);-ms-transform:rotate(90deg);transform:rotate(90deg);left:auto;right:0}.elementor-widget-price-table .elementor-widget-container{overflow:hidden;background-color:#f7f7f7}.e-container>.elementor-widget-price-list,.e-container__inner>.elementor-widget-price-list{width:var(--container-widget-width,100%)}<\/style>\n<ul>\n<li>\n\t\t\t\t\t\t\tPC\t\t\t\t\t\t<\/p>\n<p>\n\t\t\t\t\t\t\tCPU 16 Gbyte RAM<br \/>\n1 TByte HD<br \/>\nSSD for operating system\t\t\t\t\t\t<\/p>\n<\/li>\n<li><a href=\"#\"><br \/>\n\t\t\t\t\t\t\tInterfaces\t\t\t\t\t\t<\/p>\n<p>\n\t\t\t\t\t\t\t1 Input and 1 Output with optocoupler<br \/>\n1 Input counter for running meters\t\t\t\t\t\t<\/p>\n<p>\t\t\t\t<\/a><\/li>\n<li><a href=\"#\"><br \/>\n\t\t\t\t\t\t\tScreen\t\t\t\t\t\t<\/p>\n<p>\n\t\t\t\t\t\t\t19&#8243; LCD-TFT Touch-Screen\n\t\t\t\t\t\t<\/p>\n<p>\t\t\t\t<\/a><\/li>\n<li><a href=\"#\"><br \/>\n\t\t\t\t\t\t\tSoftware\t\t\t\t\t\t<\/p>\n<p>\n\t\t\t\t\t\t\tITG CAMEN 10.xx\t\t\t\t\t\t<\/p>\n<p>\t\t\t\t<\/a><\/li>\n<li><a href=\"#\"><br \/>\n\t\t\t\t\t\t\tCamera\t\t\t\t\t\t<\/p>\n<p>\n\t\t\t\t\t\t\tCMOS Line Camera 8.192 pixel<br \/>\n40.000 scans \/ sec.<br \/>\n320 MBit\/s\t\t\t\t\t\t<\/p>\n<p>\t\t\t\t<\/a><\/li>\n<li><a href=\"#\"><br \/>\n\t\t\t\t\t\t\tSystem Resolution\t\t\t\t\t\t<\/p>\n<p>\n\t\t\t\t\t\t\tCD 65 \u00b5m ( width 500 mm)<br \/>\nMD 170 \u00b5m ( at 400 m\/Min.)\t\t\t\t\t\t<\/p>\n<p>\t\t\t\t<\/a><\/li>\n<li><a href=\"#\"><br \/>\n\t\t\t\t\t\t\tLighting System\t\t\t\t\t\t<\/p>\n<p>\n\t\t\t\t\t\t\tLED Lamp 1000, 1500 &#038; 2000 mm for max. 1900 mm Inspection width<br \/>\nSuitable for reflected light, transmitted light and light\/dark field inspection\t\t\t\t\t\t<\/p>\n<p>\t\t\t\t<\/a><\/li>\n<li><a href=\"#\"><br \/>\n\t\t\t\t\t\t\tDimension Cabinet\t\t\t\t\t\t<\/p>\n<p>\n\t\t\t\t\t\t\t860 x 860 x 30 mm\t\t\t\t\t\t<\/p>\n<p>\t\t\t\t<\/a><\/li>\n<li><a href=\"#\"><br \/>\n\t\t\t\t\t\t\tPower Supply\t\t\t\t\t\t<\/p>\n<p>\n\t\t\t\t\t\t\tSSH\/VPN-Tunnel (DSL necessary) recommended\t\t\t\t\t\t<\/p>\n<p>\t\t\t\t<\/a><\/li>\n<li><a href=\"#\"><br \/>\n\t\t\t\t\t\t\tService and Support\t\t\t\t\t\t<\/p>\n<p>\n\t\t\t\t\t\t\t230 VAC, 50-60 Hz, 500 W\n\t\t\t\t\t\t<\/p>\n<p>\t\t\t\t<\/a><\/li>\n<\/ul>\n<p>\t\t\t<a href=\"https:\/\/www.ramgmbh.de\/download\/eng_ITG-700.pdf\" target=\"_blank\" rel=\"noopener\"><br \/>\n\t\t\t\t\t\t\t\t\tDatasheet<br \/>\n\t\t\t\t\t<\/a><\/p>\n<h2><a href=\"https:\/\/www.ramgmbh.de\/contact\/\">For a deeper understanding of how Slitter Rewinder can improve your production quality, <a href=\"https:\/\/www.ramgmbh.de\/contact\/\" target=\"_new\" style=\"color: var(--tw-prose-links); text-decoration: underline; border-style: solid; border-color: rgb(217, 217, 227); outline: currentcolor; font-family: S\u00f6hne, ui-sans-serif, system-ui, -apple-system, &quot;Segoe UI&quot;, Roboto, Ubuntu, Cantarell, &quot;Noto Sans&quot;, sans-serif, &quot;Helvetica Neue&quot;, Arial, &quot;Apple Color Emoji&quot;, &quot;Segoe UI Emoji&quot;, &quot;Segoe UI Symbol&quot;, &quot;Noto Color Emoji&quot;; font-weight: 500; font-size: 16px; caret-color: rgb(0, 0, 0); text-underline-offset: 2px;\" rel=\"noopener\">contact us<\/a> today.<\/p>\n<p><\/a><\/h2>\n","protected":false},"featured_media":2661,"menu_order":0,"template":"elementor_header_footer","meta":[],"product_category":[51],"class_list":["post-5147","product","type-product","status-publish","has-post-thumbnail","hentry","product_category-surface-inspection"],"translation":{"provider":"WPGlobus","version":"2.12.2","language":"br","enabled_languages":["en","es","de","br","fr"],"languages":{"en":{"title":true,"content":true,"excerpt":false},"es":{"title":true,"content":true,"excerpt":false},"de":{"title":true,"content":true,"excerpt":false},"br":{"title":true,"content":true,"excerpt":false},"fr":{"title":true,"content":true,"excerpt":false}}},"aioseo_notices":[],"_links":{"self":[{"href":"https:\/\/www.ramgmbh.de\/br\/wp-json\/wp\/v2\/product\/5147","targetHints":{"allow":["GET"]}}],"collection":[{"href":"https:\/\/www.ramgmbh.de\/br\/wp-json\/wp\/v2\/product"}],"about":[{"href":"https:\/\/www.ramgmbh.de\/br\/wp-json\/wp\/v2\/types\/product"}],"version-history":[{"count":28,"href":"https:\/\/www.ramgmbh.de\/br\/wp-json\/wp\/v2\/product\/5147\/revisions"}],"predecessor-version":[{"id":6989,"href":"https:\/\/www.ramgmbh.de\/br\/wp-json\/wp\/v2\/product\/5147\/revisions\/6989"}],"wp:featuredmedia":[{"embeddable":true,"href":"https:\/\/www.ramgmbh.de\/br\/wp-json\/wp\/v2\/media\/2661"}],"wp:attachment":[{"href":"https:\/\/www.ramgmbh.de\/br\/wp-json\/wp\/v2\/media?parent=5147"}],"wp:term":[{"taxonomy":"product_category","embeddable":true,"href":"https:\/\/www.ramgmbh.de\/br\/wp-json\/wp\/v2\/product_category?post=5147"}],"curies":[{"name":"wp","href":"https:\/\/api.w.org\/{rel}","templated":true}]}}