{"id":6227,"date":"2024-04-29T08:03:20","date_gmt":"2024-04-29T07:03:20","guid":{"rendered":"https:\/\/www.ramgmbh.de\/?post_type=product&#038;p=6227"},"modified":"2024-05-27T09:57:46","modified_gmt":"2024-05-27T08:57:46","slug":"plastpsm","status":"publish","type":"product","link":"https:\/\/www.ramgmbh.de\/br\/product\/plastpsm\/","title":{"rendered":"PlastPSM\u00ae"},"content":{"rendered":"<h2>PlastPMS\u00ae: seu sistema de monitoramento unificado<\/h2>\n<h4>Sistema de Monitoramento de Produ\u00e7\u00e3o de Pl\u00e1sticos<\/h4>\n<p>PlastPMS \u00e9 sua ferramenta completa para an\u00e1lise ao vivo e detalhada, levando sua produ\u00e7\u00e3o a um novo n\u00edvel. Ele re\u00fane dados de todos os seus sistemas, oferecendo um \u00fanico lugar para ver tudo. Mas n\u00e3o \u00e9 s\u00f3 sobre ver dados. Nosso algoritmo inteligente ajuda a prever o que vem a seguir, para que voc\u00ea possa se antecipar, reduzir desperd\u00edcios e melhorar a qualidade ativamente. Com o PlastPMS, a qualidade n\u00e3o \u00e9 s\u00f3 monitorada; \u00e9 alcan\u00e7ada.<\/p>\n<h4><\/h4>\n<h4>Principais Caracter\u00edsticas:<\/h4>\n<ul>\n<li>Todos os Seus Dados em Um S\u00f3 Lugar: Veja os dados de todos os sensores das m\u00e1quinas juntos, numa vis\u00e3o completa.<\/li>\n<li>Verifique a Qualidade em Tempo Real: Avalie a qualidade do produto diretamente do seu local.<\/li>\n<li>Use Dados Passados para Melhorar: Utilize informa\u00e7\u00f5es anteriores para continuar melhorando.<\/li>\n<li>Insights Profundos: Aprofunde-se nos detalhes da sua produ\u00e7\u00e3o para tomar decis\u00f5es mais inteligentes.<\/li>\n<li>Acesso aos Dados de Qualquer Lugar: Acesse seus dados com seguran\u00e7a, a qualquer hora, em qualquer lugar.<\/li>\n<\/ul>\n<h4><\/h4>\n<h4>Requisitos do Sistema:<\/h4>\n<ul>\n<li>Compat\u00edvel com Windows 7, Mac OS X 10.9 e Linux com Desktop.<\/li>\n<li>Resolu\u00e7\u00e3o de tela de pelo menos 1024 \u00d7 768 recomendada.<\/li>\n<li>M\u00ednimo de 2GB de mem\u00f3ria (8GB recomendados).<\/li>\n<\/ul>\n<h4><\/h4>\n<h4>M\u00f3dulos Especializados:<\/h4>\n<ul>\n<li style=\"list-style-type: none;\">\n<ul>\n<li style=\"list-style-type: none;\">\n<ul>\n<li>ESTAT\u00cdSTICAS: Personalize sua an\u00e1lise com inspe\u00e7\u00e3o web, espessura e mais. Obtenha insights exatamente onde precisa.<\/li>\n<\/ul>\n<\/li>\n<\/ul>\n<\/li>\n<\/ul>\n<ul>\n<li style=\"list-style-type: none;\">\n<ul>\n<li style=\"list-style-type: none;\">\n<ul>\n<li>MONITORAMENTO &#8211; VISUALIZADOR DE RELAT\u00d3RIOS: Mantenha todos os dados dos seus sensores em um s\u00f3 lugar, projetado para inspe\u00e7\u00e3o web e espessura, mas pronto para muito mais.<\/li>\n<\/ul>\n<\/li>\n<\/ul>\n<\/li>\n<\/ul>\n<p><img fetchpriority=\"high\" decoding=\"async\" src=\"https:\/\/www.ramgmbh.de\/wp-content\/uploads\/2023\/09\/Design-sem-nome-7-1024x838.png\" alt=\"\" width=\"1024\" height=\"838\"><\/p>\n<p><u><a href=\"https:\/\/www.ramgmbh.de\/contact\/\">Entre em contato e saiba mais!<\/a><\/u><\/p>\n<p>\t\t\t<a href=\"http:\/\/www.ramgmbh.de\/download\/plastPMS_by_RAM_i40.pdf\"><br \/>\n\t\t\t\t\t\t\t\t\tPlastPMS Datasheet<br \/>\n\t\t\t\t\t<\/a><\/p>\n<style>\/*! elementor - v3.21.0 - 25-04-2024 *\/\n.elementor-column .elementor-spacer-inner{height:var(--spacer-size)}.e-con{--container-widget-width:100%}.e-con-inner>.elementor-widget-spacer,.e-con>.elementor-widget-spacer{width:var(--container-widget-width,var(--spacer-size));--align-self:var(--container-widget-align-self,initial);--flex-shrink:0}.e-con-inner>.elementor-widget-spacer>.elementor-widget-container,.e-con>.elementor-widget-spacer>.elementor-widget-container{height:100%;width:100%}.e-con-inner>.elementor-widget-spacer>.elementor-widget-container>.elementor-spacer,.e-con>.elementor-widget-spacer>.elementor-widget-container>.elementor-spacer{height:100%}.e-con-inner>.elementor-widget-spacer>.elementor-widget-container>.elementor-spacer>.elementor-spacer-inner,.e-con>.elementor-widget-spacer>.elementor-widget-container>.elementor-spacer>.elementor-spacer-inner{height:var(--container-widget-height,var(--spacer-size))}.e-con-inner>.elementor-widget-spacer.elementor-widget-empty,.e-con>.elementor-widget-spacer.elementor-widget-empty{position:relative;min-height:22px;min-width:22px}.e-con-inner>.elementor-widget-spacer.elementor-widget-empty .elementor-widget-empty-icon,.e-con>.elementor-widget-spacer.elementor-widget-empty .elementor-widget-empty-icon{position:absolute;top:0;bottom:0;left:0;right:0;margin:auto;padding:0;width:22px;height:22px}<\/style>\n","protected":false},"featured_media":6228,"menu_order":1,"template":"elementor_header_footer","meta":[],"product_category":[57],"class_list":["post-6227","product","type-product","status-publish","has-post-thumbnail","hentry","product_category-software"],"translation":{"provider":"WPGlobus","version":"2.12.2","language":"br","enabled_languages":["en","es","de","br","fr"],"languages":{"en":{"title":true,"content":true,"excerpt":false},"es":{"title":true,"content":true,"excerpt":false},"de":{"title":true,"content":true,"excerpt":false},"br":{"title":true,"content":true,"excerpt":false},"fr":{"title":true,"content":true,"excerpt":false}}},"aioseo_notices":[],"_links":{"self":[{"href":"https:\/\/www.ramgmbh.de\/br\/wp-json\/wp\/v2\/product\/6227","targetHints":{"allow":["GET"]}}],"collection":[{"href":"https:\/\/www.ramgmbh.de\/br\/wp-json\/wp\/v2\/product"}],"about":[{"href":"https:\/\/www.ramgmbh.de\/br\/wp-json\/wp\/v2\/types\/product"}],"version-history":[{"count":50,"href":"https:\/\/www.ramgmbh.de\/br\/wp-json\/wp\/v2\/product\/6227\/revisions"}],"predecessor-version":[{"id":6975,"href":"https:\/\/www.ramgmbh.de\/br\/wp-json\/wp\/v2\/product\/6227\/revisions\/6975"}],"wp:featuredmedia":[{"embeddable":true,"href":"https:\/\/www.ramgmbh.de\/br\/wp-json\/wp\/v2\/media\/6228"}],"wp:attachment":[{"href":"https:\/\/www.ramgmbh.de\/br\/wp-json\/wp\/v2\/media?parent=6227"}],"wp:term":[{"taxonomy":"product_category","embeddable":true,"href":"https:\/\/www.ramgmbh.de\/br\/wp-json\/wp\/v2\/product_category?post=6227"}],"curies":[{"name":"wp","href":"https:\/\/api.w.org\/{rel}","templated":true}]}}