{"id":7625,"date":"2025-05-05T11:22:19","date_gmt":"2025-05-05T10:22:19","guid":{"rendered":"https:\/\/www.ramgmbh.de\/?post_type=product&#038;p=7625"},"modified":"2025-05-05T11:44:16","modified_gmt":"2025-05-05T10:44:16","slug":"itg-500","status":"publish","type":"product","link":"https:\/\/www.ramgmbh.de\/br\/product\/itg-500\/","title":{"rendered":"ITG 500"},"content":{"rendered":"<style>\/*! elementor - v3.21.0 - 25-04-2024 *\/\n.elementor-heading-title{padding:0;margin:0;line-height:1}.elementor-widget-heading .elementor-heading-title[class*=elementor-size-]>a{color:inherit;font-size:inherit;line-height:inherit}.elementor-widget-heading .elementor-heading-title.elementor-size-small{font-size:15px}.elementor-widget-heading .elementor-heading-title.elementor-size-medium{font-size:19px}.elementor-widget-heading .elementor-heading-title.elementor-size-large{font-size:29px}.elementor-widget-heading .elementor-heading-title.elementor-size-xl{font-size:39px}.elementor-widget-heading .elementor-heading-title.elementor-size-xxl{font-size:59px}<\/style>\n<h2>Precis\u00e3o na Inspe\u00e7\u00e3o de Superf\u00edcies para  Laborat\u00f3rio<\/h2>\n<p>\t\tMergulhe na pr\u00f3xima gera\u00e7\u00e3o de inspe\u00e7\u00e3o de filmes com nosso Bench Analyser\u00ae. Projetado como uma bancada de laborat\u00f3rio de \u00faltima gera\u00e7\u00e3o, este sistema identifica, categoriza e documenta meticulosamente defeitos \u00f3pticos em amostras de filmes de acordo com os padr\u00f5es DIN A4 \/ DIN A3. Seja para filmes transparentes ou opacos, nosso sistema garante uma an\u00e1lise abrangente.<\/p>\n<h4>Caracter\u00edsticas Principais:<\/h4>\n<ul>\n<li>Ilumina\u00e7\u00e3o Transmitida: Ideal tanto para filmes transparentes quanto para filmes parcialmente opacos.<\/li>\n<li>Ilumina\u00e7\u00e3o Refletida: Melhora a visibilidade e clareza, especialmente em filmes de suporte.<\/li>\n<li>Diafragma de Campo Escuro: Desenvolvido especialmente para melhorar a detec\u00e7\u00e3o de manchas de gel em filmes transparentes.<\/li>\n<li>Ilumina\u00e7\u00e3o Bilateral: Uma mistura harmoniosa de ilumina\u00e7\u00e3o transmitida e refletida, oferecendo uma clareza incompar\u00e1vel para filmes de suporte.<\/li>\n<li>Classifica\u00e7\u00e3o Automatizada de Defeitos: Desde manchas de gel, gelos, queimaduras at\u00e9 olhos de peixe, impurezas, rugas, cavidades ou moscas &#8211; nosso sistema classifica todos. Al\u00e9m disso, fornece fotos desses defeitos para uma avalia\u00e7\u00e3o detalhada.<\/li>\n<\/ul>\n<h4>Conectividade e Integra\u00e7\u00e3o:<\/h4>\n<p>O sistema ITG 500 Bench integra-se facilmente \u00e0 sua rede de TI, permitindo acesso de qualquer esta\u00e7\u00e3o de trabalho. Monitore avalia\u00e7\u00f5es em tempo real ou baixe dados diretamente por meio de uma interface USB. Melhore seu processo de inspe\u00e7\u00e3o de filmes com o Bench Analyser.<\/p>\n<p><\/p>\n<style>\/*! elementor - v3.21.0 - 25-04-2024 *\/\n.elementor-widget-image{text-align:center}.elementor-widget-image a{display:inline-block}.elementor-widget-image a img[src$=\".svg\"]{width:48px}.elementor-widget-image img{vertical-align:middle;display:inline-block}<\/style>\n<p>\t\t\t\t\t\t\t\t\t\t<img fetchpriority=\"high\" decoding=\"async\" width=\"772\" height=\"1080\" src=\"https:\/\/www.ramgmbh.de\/wp-content\/uploads\/2023\/09\/Bildschirmfoto-2023-09-04-um-14.23.47-1.png\" alt=\"\" srcset=\"https:\/\/www.ramgmbh.de\/wp-content\/uploads\/2023\/09\/Bildschirmfoto-2023-09-04-um-14.23.47-1.png 772w, https:\/\/www.ramgmbh.de\/wp-content\/uploads\/2023\/09\/Bildschirmfoto-2023-09-04-um-14.23.47-1-214x300.png 214w, https:\/\/www.ramgmbh.de\/wp-content\/uploads\/2023\/09\/Bildschirmfoto-2023-09-04-um-14.23.47-1-732x1024.png 732w, https:\/\/www.ramgmbh.de\/wp-content\/uploads\/2023\/09\/Bildschirmfoto-2023-09-04-um-14.23.47-1-768x1074.png 768w\" sizes=\"(max-width: 772px) 100vw, 772px\" \/>\t\t\t\t\t\t\t\t\t\t\t\t\t<\/p>\n<h4>DADOS T\u00c9CNICOS<\/h4>\n<h2>ITG 500 &#8211; Bench<\/h2>\n<\/p>\n<style>\/*! elementor-pro - v3.7.7 - 20-09-2022 *\/\n.elementor-widget-price-list .elementor-price-list{list-style:none;padding:0;margin:0}.elementor-widget-price-list .elementor-price-list li{margin:0}.elementor-price-list li:not(:last-child){margin-bottom:20px}.elementor-price-list .elementor-price-list-image{max-width:50%;-ms-flex-negative:0;flex-shrink:0;padding-right:25px}.elementor-price-list .elementor-price-list-image img{width:100%}.elementor-price-list .elementor-price-list-header,.elementor-price-list .elementor-price-list-item,.elementor-price-list .elementor-price-list-text{display:-webkit-box;display:-ms-flexbox;display:flex}.elementor-price-list .elementor-price-list-item{-webkit-box-align:start;-ms-flex-align:start;align-items:flex-start}.elementor-price-list .elementor-price-list-item .elementor-price-list-text{-webkit-box-align:start;-ms-flex-align:start;align-items:flex-start;-ms-flex-wrap:wrap;flex-wrap:wrap;-webkit-box-flex:1;-ms-flex-positive:1;flex-grow:1}.elementor-price-list .elementor-price-list-item .elementor-price-list-header{-webkit-box-align:center;-ms-flex-align:center;align-items:center;-ms-flex-preferred-size:100%;flex-basis:100%;font-size:19px;font-weight:600;margin-bottom:10px;-webkit-box-pack:justify;-ms-flex-pack:justify;justify-content:space-between}.elementor-price-list .elementor-price-list-item .elementor-price-list-title{max-width:80%}.elementor-price-list .elementor-price-list-item .elementor-price-list-price{font-weight:600}.elementor-price-list .elementor-price-list-item p.elementor-price-list-description{-ms-flex-preferred-size:100%;flex-basis:100%;font-size:14px;margin:0}.elementor-price-list .elementor-price-list-item .elementor-price-list-separator{-webkit-box-flex:1;-ms-flex-positive:1;flex-grow:1;margin-left:10px;margin-right:10px;border-bottom-style:dotted;border-bottom-width:2px;height:0}.elementor-price-table{text-align:center}.elementor-price-table .elementor-price-table__header{background:var(--e-price-table-header-background-color,#555);padding:20px 0}.elementor-price-table .elementor-price-table__heading{margin:0;padding:0;line-height:1.2;font-size:24px;font-weight:600;color:#fff}.elementor-price-table .elementor-price-table__subheading{font-size:13px;font-weight:400;color:#fff}.elementor-price-table .elementor-price-table__original-price{margin-right:15px;text-decoration:line-through;font-size:.5em;line-height:1;font-weight:400;-ms-flex-item-align:center;align-self:center}.elementor-price-table .elementor-price-table__original-price .elementor-price-table__currency{font-size:1em;margin:0}.elementor-price-table .elementor-price-table__price{display:-webkit-box;display:-ms-flexbox;display:flex;-webkit-box-pack:center;-ms-flex-pack:center;justify-content:center;-webkit-box-align:center;-ms-flex-align:center;align-items:center;-ms-flex-wrap:wrap;flex-wrap:wrap;-webkit-box-orient:horizontal;-webkit-box-direction:normal;-ms-flex-direction:row;flex-direction:row;color:#555;font-weight:800;font-size:65px;padding:40px 0}.elementor-price-table .elementor-price-table__price .elementor-typo-excluded{line-height:normal;letter-spacing:normal;text-transform:none;font-weight:400;font-size:medium;font-style:normal}.elementor-price-table .elementor-price-table__after-price{display:-webkit-box;display:-ms-flexbox;display:flex;-ms-flex-wrap:wrap;flex-wrap:wrap;text-align:left;-ms-flex-item-align:stretch;align-self:stretch;-webkit-box-align:start;-ms-flex-align:start;align-items:flex-start;-webkit-box-orient:vertical;-webkit-box-direction:normal;-ms-flex-direction:column;flex-direction:column}.elementor-price-table .elementor-price-table__integer-part{line-height:.8}.elementor-price-table .elementor-price-table__currency,.elementor-price-table .elementor-price-table__fractional-part{line-height:1;font-size:.3em}.elementor-price-table .elementor-price-table__currency{margin-right:3px}.elementor-price-table .elementor-price-table__period{width:100%;font-size:13px;font-weight:400}.elementor-price-table .elementor-price-table__features-list{list-style-type:none;margin:0;padding:0;line-height:1;color:var(--e-price-table-features-list-color)}.elementor-price-table .elementor-price-table__features-list li{font-size:14px;line-height:1;margin:0;padding:0}.elementor-price-table .elementor-price-table__features-list li .elementor-price-table__feature-inner{margin-left:15px;margin-right:15px}.elementor-price-table .elementor-price-table__features-list li:not(:first-child):before{content:\"\";display:block;border:0 solid hsla(0,0%,47.8%,.3);margin:10px 12.5%}.elementor-price-table .elementor-price-table__features-list i{margin-right:10px;font-size:1.3em}.elementor-price-table .elementor-price-table__features-list svg{margin-right:10px;fill:var(--e-price-table-features-list-color);height:1.3em;width:1.3em}.elementor-price-table .elementor-price-table__features-list svg~*{vertical-align:text-top}.elementor-price-table .elementor-price-table__footer{padding:30px 0}.elementor-price-table .elementor-price-table__additional_info{margin:0;font-size:13px;line-height:1.4}.elementor-price-table__ribbon{position:absolute;top:0;left:auto;right:0;-webkit-transform:rotate(90deg);-ms-transform:rotate(90deg);transform:rotate(90deg);width:150px;overflow:hidden;height:150px}.elementor-price-table__ribbon-inner{text-align:center;left:0;width:200%;-webkit-transform:translateY(-50%) translateX(-50%) translateX(35px) rotate(-45deg);-ms-transform:translateY(-50%) translateX(-50%) translateX(35px) rotate(-45deg);transform:translateY(-50%) translateX(-50%) translateX(35px) rotate(-45deg);margin-top:35px;font-size:13px;line-height:2;font-weight:800;text-transform:uppercase;background:#000}.elementor-price-table__ribbon.elementor-ribbon-left{-webkit-transform:rotate(0);-ms-transform:rotate(0);transform:rotate(0);left:0;right:auto}.elementor-price-table__ribbon.elementor-ribbon-right{-webkit-transform:rotate(90deg);-ms-transform:rotate(90deg);transform:rotate(90deg);left:auto;right:0}.elementor-widget-price-table .elementor-widget-container{overflow:hidden;background-color:#f7f7f7}.e-container>.elementor-widget-price-list,.e-container__inner>.elementor-widget-price-list{width:var(--container-widget-width,100%)}<\/style>\n<ul>\n<li>\n\t\t\t\t\t\t\tPC\t\t\t\t\t\t<\/p>\n<p>\n\t\t\t\t\t\t\t1 x CPU 3,10 GHz<br \/>\n16 GByte Mem\u00f3ria<br \/>\n1 TByte<br \/>\n8 Gbyte SSD<br \/>\n2x Ethernet\t\t\t\t\t\t<\/p>\n<\/li>\n<li><a href=\"#\"><br \/>\n\t\t\t\t\t\t\tScreen\t\t\t\t\t\t<\/p>\n<p>\n\t\t\t\t\t\t\t19&#8243; Touch-Screen\n\t\t\t\t\t\t<\/p>\n<p>\t\t\t\t<\/a><\/li>\n<li><a href=\"#\"><br \/>\n\t\t\t\t\t\t\tSoftware\t\t\t\t\t\t<\/p>\n<p>\n\t\t\t\t\t\t\tITG CAMEN 10.xx\t\t\t\t\t\t<\/p>\n<p>\t\t\t\t<\/a><\/li>\n<li><a href=\"#\"><br \/>\n\t\t\t\t\t\t\tCamera\t\t\t\t\t\t<\/p>\n<p>\n\t\t\t\t\t\t\tCMOS Line Camera 4.096 pixel<br \/>\n20.000 scans \/ sec.\t\t\t\t\t\t<\/p>\n<p>\t\t\t\t<\/a><\/li>\n<li><a href=\"#\"><br \/>\n\t\t\t\t\t\t\tSistema de Ilumina\u00e7\u00e3o\t\t\t\t\t\t<\/p>\n<p>\n\t\t\t\t\t\t\tL\u00e2mpada LED Longfield LL 500 mm para luz e campo escuro\t\t\t\t\t\t<\/p>\n<p>\t\t\t\t<\/a><\/li>\n<li><a href=\"#\"><br \/>\n\t\t\t\t\t\t\tDimens\u00f5es\t\t\t\t\t\t<\/p>\n<p>\n\t\t\t\t\t\t\tL: 1.005 mm<br \/>\nLargura: 885 mm<br \/>\nAltura: 1.590 mm\t\t\t\t\t\t<\/p>\n<p>\t\t\t\t<\/a><\/li>\n<li><a href=\"#\"><br \/>\n\t\t\t\t\t\t\tFonte de Alimenta\u00e7\u00e3o\t\t\t\t\t\t<\/p>\n<p>\n\t\t\t\t\t\t\t230 VAC, 50-60 Hz, 500 W\n\t\t\t\t\t\t<\/p>\n<p>\t\t\t\t<\/a><\/li>\n<li><a href=\"#\"><br \/>\n\t\t\t\t\t\t\tOptions\t\t\t\t\t\t<\/p>\n<p>\n\t\t\t\t\t\t\tLongfield lamp LL 500 reflected light<br \/>\nOpacity, Haze and Orange-peel measurement<br \/>\nCMOS Line Cameras up to 16.384 Pixel\n\t\t\t\t\t\t<\/p>\n<p>\t\t\t\t<\/a><\/li>\n<\/ul>\n<p>\t\t\t<a href=\"https:\/\/www.ramgmbh.de\/download\/eng_ITG-500-Bench.pdf\" target=\"_blank\"><br \/>\n\t\t\t\t\t\t\t\t\tDatasheet<br \/>\n\t\t\t\t\t<\/a><\/p>\n<h2><a href=\"https:\/\/www.ramgmbh.de\/contact\/\">Para entender melhor como o Bench Analyser\u00ae pode revolucionar seu laborat\u00f3rio de qualidade e produ\u00e7\u00e3o, <a href=\"https:\/\/www.ramgmbh.de\/contact\/\" target=\"_new\" style=\"color: var(--tw-prose-links); text-decoration: underline; border-style: solid; border-color: rgb(217, 217, 227); outline: currentcolor; font-family: S\u00f6hne, ui-sans-serif, system-ui, -apple-system, &quot;Segoe UI&quot;, Roboto, Ubuntu, Cantarell, &quot;Noto Sans&quot;, sans-serif, &quot;Helvetica Neue&quot;, Arial, &quot;Apple Color Emoji&quot;, &quot;Segoe UI Emoji&quot;, &quot;Segoe UI Symbol&quot;, &quot;Noto Color Emoji&quot;; font-weight: 500; font-size: 16px; caret-color: rgb(0, 0, 0); text-underline-offset: 2px;\">entre em contato conosco<\/a> hoje mesmo.<\/p>\n<p><\/a><\/h2>\n","protected":false},"featured_media":7627,"menu_order":0,"template":"elementor_header_footer","meta":[],"product_category":[54],"class_list":["post-7625","product","type-product","status-publish","has-post-thumbnail","hentry","product_category-laboratory"],"translation":{"provider":"WPGlobus","version":"2.12.2","language":"br","enabled_languages":["en","es","de","br","fr"],"languages":{"en":{"title":true,"content":true,"excerpt":false},"es":{"title":true,"content":true,"excerpt":false},"de":{"title":true,"content":true,"excerpt":false},"br":{"title":true,"content":true,"excerpt":false},"fr":{"title":true,"content":true,"excerpt":false}}},"aioseo_notices":[],"_links":{"self":[{"href":"https:\/\/www.ramgmbh.de\/br\/wp-json\/wp\/v2\/product\/7625","targetHints":{"allow":["GET"]}}],"collection":[{"href":"https:\/\/www.ramgmbh.de\/br\/wp-json\/wp\/v2\/product"}],"about":[{"href":"https:\/\/www.ramgmbh.de\/br\/wp-json\/wp\/v2\/types\/product"}],"version-history":[{"count":27,"href":"https:\/\/www.ramgmbh.de\/br\/wp-json\/wp\/v2\/product\/7625\/revisions"}],"predecessor-version":[{"id":7653,"href":"https:\/\/www.ramgmbh.de\/br\/wp-json\/wp\/v2\/product\/7625\/revisions\/7653"}],"wp:featuredmedia":[{"embeddable":true,"href":"https:\/\/www.ramgmbh.de\/br\/wp-json\/wp\/v2\/media\/7627"}],"wp:attachment":[{"href":"https:\/\/www.ramgmbh.de\/br\/wp-json\/wp\/v2\/media?parent=7625"}],"wp:term":[{"taxonomy":"product_category","embeddable":true,"href":"https:\/\/www.ramgmbh.de\/br\/wp-json\/wp\/v2\/product_category?post=7625"}],"curies":[{"name":"wp","href":"https:\/\/api.w.org\/{rel}","templated":true}]}}