{"id":2763,"date":"2023-09-01T16:11:54","date_gmt":"2023-09-01T16:11:54","guid":{"rendered":"https:\/\/www.ramgmbh.de\/?page_id=2763"},"modified":"2024-07-19T13:17:04","modified_gmt":"2024-07-19T12:17:04","slug":"recycling1","status":"publish","type":"page","link":"https:\/\/www.ramgmbh.de\/de\/recycling1\/","title":{"rendered":"Recycling"},"content":{"rendered":"\t\t<div data-elementor-type=\"wp-page\" data-elementor-id=\"2763\" class=\"elementor elementor-2763\">\n\t\t\t\t\t\t<section class=\"elementor-section elementor-top-section elementor-element elementor-element-a9ede96 elementor-section-full_width elementor-section-stretched elementor-section-height-default elementor-section-height-default\" data-id=\"a9ede96\" data-element_type=\"section\" id=\"history\" data-settings=\"{&quot;stretch_section&quot;:&quot;section-stretched&quot;,&quot;background_background&quot;:&quot;classic&quot;}\">\n\t\t\t\t\t\t\t<div class=\"elementor-background-overlay\"><\/div>\n\t\t\t\t\t\t\t<div class=\"elementor-container elementor-column-gap-no\">\n\t\t\t\t\t<div class=\"elementor-column elementor-col-100 elementor-top-column elementor-element elementor-element-28bb6815\" data-id=\"28bb6815\" data-element_type=\"column\">\n\t\t\t<div class=\"elementor-widget-wrap elementor-element-populated\">\n\t\t\t\t\t\t\t<\/div>\n\t\t<\/div>\n\t\t\t\t\t<\/div>\n\t\t<\/section>\n\t\t<div class=\"elementor-element elementor-element-ae57e16 e-flex e-con-boxed e-con e-parent\" data-id=\"ae57e16\" data-element_type=\"container\">\n\t\t\t\t\t<div class=\"e-con-inner\">\n\t\t\t\t<div class=\"elementor-element elementor-element-184a5fa elementor-grid-1 elementor-posts--thumbnail-left elementor-grid-tablet-2 elementor-grid-mobile-1 elementor-widget elementor-widget-posts\" data-id=\"184a5fa\" data-element_type=\"widget\" data-settings=\"{&quot;pagination_type&quot;:&quot;numbers_and_prev_next&quot;,&quot;classic_columns&quot;:&quot;1&quot;,&quot;classic_columns_tablet&quot;:&quot;2&quot;,&quot;classic_columns_mobile&quot;:&quot;1&quot;,&quot;classic_row_gap&quot;:{&quot;unit&quot;:&quot;px&quot;,&quot;size&quot;:35,&quot;sizes&quot;:[]},&quot;classic_row_gap_tablet&quot;:{&quot;unit&quot;:&quot;px&quot;,&quot;size&quot;:&quot;&quot;,&quot;sizes&quot;:[]},&quot;classic_row_gap_mobile&quot;:{&quot;unit&quot;:&quot;px&quot;,&quot;size&quot;:&quot;&quot;,&quot;sizes&quot;:[]}}\" data-widget_type=\"posts.classic\">\n\t\t\t\t<div class=\"elementor-widget-container\">\n\t\t\t<link rel=\"stylesheet\" href=\"https:\/\/www.ramgmbh.de\/wp-content\/plugins\/elementor-pro\/assets\/css\/widget-posts.min.css\">\t\t<div class=\"elementor-posts-container elementor-posts elementor-posts--skin-classic elementor-grid\">\n\t\t\t\t<article class=\"elementor-post elementor-grid-item post-7625 product type-product status-publish has-post-thumbnail hentry product_category-laboratory\">\n\t\t\t\t<a class=\"elementor-post__thumbnail__link\" href=\"https:\/\/www.ramgmbh.de\/de\/product\/itg-500\/\" >\n\t\t\t<div class=\"elementor-post__thumbnail\"><img fetchpriority=\"high\" decoding=\"async\" width=\"300\" height=\"227\" src=\"https:\/\/www.ramgmbh.de\/wp-content\/uploads\/2025\/05\/ITG500-300x227.png\" class=\"attachment-medium size-medium wp-image-7627\" alt=\"\" srcset=\"https:\/\/www.ramgmbh.de\/wp-content\/uploads\/2025\/05\/ITG500-300x227.png 300w, https:\/\/www.ramgmbh.de\/wp-content\/uploads\/2025\/05\/ITG500.png 526w\" sizes=\"(max-width: 300px) 100vw, 300px\" \/><\/div>\n\t\t<\/a>\n\t\t\t\t<div class=\"elementor-post__text\">\n\t\t\t\t<h3 class=\"elementor-post__title\">\n\t\t\t<a href=\"https:\/\/www.ramgmbh.de\/de\/product\/itg-500\/\" >\n\t\t\t\tITG 500\t\t\t<\/a>\n\t\t<\/h3>\n\t\t\t\t<div class=\"elementor-post__excerpt\">\n\t\t\t<p>Pr\u00e4zision in der LAB-Oberfl\u00e4cheninspektion Tauchen Sie ein in die n\u00e4chste Generation der Folienpr\u00fcfung mit unserem Bench Analyser\u00ae. Als hochmoderner Labortisch konzipiert, identifiziert, kategorisiert und dokumentiert dieses System akribisch optische Defekte in Filmproben unter Einhaltung des DIN A4 \/ DIN A3 Standards. Egal ob es sich um transparente oder opake Folien handelt, unser System gew\u00e4hrleistet eine umfassende Analyse. Schl\u00fcsselmerkmale: Durchlicht Belichtung: Ideal sowohl f\u00fcr transparente als auch f\u00fcr teils undurchsichtige Folien. Auflicht Belichtung: Verbessert die Sichtbarkeit und Klarheit, insbesondere bei Begleitfolien. Dunkelfeld Blende: Speziell entwickelt, um die Erkennung von Gelflecken in transparenten Filmen zu verbessern. Beidseitige Belichtung: Eine harmonische Mischung aus Durchlicht- und Auflichtbeleuchtung, die eine unvergleichliche Klarheit f\u00fcr Begleitfolien bietet. Automatisierte Fehlerklassifizierung: Von Gelflecken, Gelen, Brennern bis hin zu Fischaugen, Unreinheiten, Falten, Hohlr\u00e4umen oder Fliegen &#8211; unser System klassifiziert sie<\/p>\n\t\t<\/div>\n\t\t\n\t\t<a class=\"elementor-post__read-more\" href=\"https:\/\/www.ramgmbh.de\/de\/product\/itg-500\/\" >\n\t\t\tRead More \u00bb\t\t<\/a>\n\n\t\t\t\t<\/div>\n\t\t\t\t<\/article>\n\t\t\t\t<article class=\"elementor-post elementor-grid-item post-6227 product type-product status-publish has-post-thumbnail hentry product_category-software\">\n\t\t\t\t<a class=\"elementor-post__thumbnail__link\" href=\"https:\/\/www.ramgmbh.de\/de\/product\/plastpsm\/\" >\n\t\t\t<div class=\"elementor-post__thumbnail\"><img decoding=\"async\" width=\"300\" height=\"100\" src=\"https:\/\/www.ramgmbh.de\/wp-content\/uploads\/2024\/04\/PMS-Logo.1-e1714374307909-300x100.jpeg\" class=\"attachment-medium size-medium wp-image-6228\" alt=\"\" srcset=\"https:\/\/www.ramgmbh.de\/wp-content\/uploads\/2024\/04\/PMS-Logo.1-e1714374307909-300x100.jpeg 300w, https:\/\/www.ramgmbh.de\/wp-content\/uploads\/2024\/04\/PMS-Logo.1-e1714374307909-1024x340.jpeg 1024w, https:\/\/www.ramgmbh.de\/wp-content\/uploads\/2024\/04\/PMS-Logo.1-e1714374307909-768x255.jpeg 768w, https:\/\/www.ramgmbh.de\/wp-content\/uploads\/2024\/04\/PMS-Logo.1-e1714374307909.jpeg 1172w\" sizes=\"(max-width: 300px) 100vw, 300px\" \/><\/div>\n\t\t<\/a>\n\t\t\t\t<div class=\"elementor-post__text\">\n\t\t\t\t<h3 class=\"elementor-post__title\">\n\t\t\t<a href=\"https:\/\/www.ramgmbh.de\/de\/product\/plastpsm\/\" >\n\t\t\t\tPlastPSM\u00ae\t\t\t<\/a>\n\t\t<\/h3>\n\t\t\t\t<div class=\"elementor-post__excerpt\">\n\t\t\t<p>PlastPMS\u00ae: Ihr allumfassendes \u00dcberwachungssystem Plastic Production Monitoring System PlastPMS ist Ihr All-in-One-Tool f\u00fcr Live- und Detailanalysen, das Ihre Produktion auf ein neues Niveau hebt. Es kombiniert Daten aus all Ihren Systemen, so dass Sie alles an einem Ort sehen k\u00f6nnen. Aber es geht nicht nur darum, Daten zu sehen. Unser intelligenter Algorithmus hilft bei der Vorhersage der n\u00e4chsten Ereignisse in der Produktion, so dass Sie immer einen Schritt voraus sind, Abfall reduzieren und die Qualit\u00e4t aktiv verbessern k\u00f6nnen. Mit PlastPMS wird Qualit\u00e4t nicht nur \u00fcberwacht, sondern auch erreicht. \u00a0 Hauptmerkmale: All Ihre Daten an einem Ort: Sehen Sie sich die Daten aller Maschinensensoren zusammen an, um einen umfassenden \u00dcberblick zu erhalten. Qualit\u00e4t in Echtzeit pr\u00fcfen: Beurteilen Sie die Produktqualit\u00e4t direkt von Ihrem Standort aus. Analysieren, um zu optimieren: Nutzen Sie<\/p>\n\t\t<\/div>\n\t\t\n\t\t<a class=\"elementor-post__read-more\" href=\"https:\/\/www.ramgmbh.de\/de\/product\/plastpsm\/\" >\n\t\t\tRead More \u00bb\t\t<\/a>\n\n\t\t\t\t<\/div>\n\t\t\t\t<\/article>\n\t\t\t\t<article class=\"elementor-post elementor-grid-item post-5276 product type-product status-publish has-post-thumbnail hentry product_category-software\">\n\t\t\t\t<a class=\"elementor-post__thumbnail__link\" href=\"https:\/\/www.ramgmbh.de\/de\/product\/camen\/\" >\n\t\t\t<div class=\"elementor-post__thumbnail\"><img decoding=\"async\" width=\"300\" height=\"169\" src=\"https:\/\/www.ramgmbh.de\/wp-content\/uploads\/2023\/11\/Design-sem-nome-25-300x169.png\" class=\"attachment-medium size-medium wp-image-5408\" alt=\"\" srcset=\"https:\/\/www.ramgmbh.de\/wp-content\/uploads\/2023\/11\/Design-sem-nome-25-300x169.png 300w, https:\/\/www.ramgmbh.de\/wp-content\/uploads\/2023\/11\/Design-sem-nome-25-1024x576.png 1024w, https:\/\/www.ramgmbh.de\/wp-content\/uploads\/2023\/11\/Design-sem-nome-25-768x432.png 768w, https:\/\/www.ramgmbh.de\/wp-content\/uploads\/2023\/11\/Design-sem-nome-25-1536x864.png 1536w, https:\/\/www.ramgmbh.de\/wp-content\/uploads\/2023\/11\/Design-sem-nome-25.png 1920w\" sizes=\"(max-width: 300px) 100vw, 300px\" \/><\/div>\n\t\t<\/a>\n\t\t\t\t<div class=\"elementor-post__text\">\n\t\t\t\t<h3 class=\"elementor-post__title\">\n\t\t\t<a href=\"https:\/\/www.ramgmbh.de\/de\/product\/camen\/\" >\n\t\t\t\tCAMEN\u00ae\t\t\t<\/a>\n\t\t<\/h3>\n\t\t\t\t<div class=\"elementor-post__excerpt\">\n\t\t\t<p>\u00a0 CAMEN\u00ae: Ihr Kommandozentrum f\u00fcr Qualit\u00e4tskontrolle Computer Aided Manufacturing Environment \u00a0 CAMEN\u00ae ist eine Benutzeroberfl\u00e4che, die die Produktion nahtlos mit detaillierten Qualit\u00e4tsanalysen versorgt und sich auf die Verfolgung von Qualit\u00e4tsm\u00e4ngeln und die Aufzeichnung der Produktion konzentriert. Die Rollenprotokolle von CAMEN\u00ae bieten detaillierte Einblicke in die Fehlerklassen, ihre Gr\u00f6\u00dfe und ihre genaue Position, alles zu Ihrer Unterst\u00fctzung sortiert. Profitieren Sie von anpassbaren Berichten, die qualit\u00e4tsbezogene Metriken auswerten, und visualisieren Sie Defekte mit unserer einzigartigen Defektkartenfunktion. \u00a0 System Voraussetzungen: Kompatibel mit Windows 7, Mac OS X 10.9, und Linux mit Desktop. Eine Bildschirmaufl\u00f6sung von mindestens 1024 x 768 wird empfohlen. 8GB Speicher (empfohlen). \u00a0 Mit CAMEN\u00ae erhalten Sie einen umfassenden \u00dcberblick \u00fcber Ihre Materialqualit\u00e4t und k\u00f6nnen so datengest\u00fctzte Entscheidungen f\u00fcr eine verbesserte Qualit\u00e4t und Effizienz treffen. \u00a0 Kontaktieren Sie uns um mehr<\/p>\n\t\t<\/div>\n\t\t\n\t\t<a class=\"elementor-post__read-more\" href=\"https:\/\/www.ramgmbh.de\/de\/product\/camen\/\" >\n\t\t\tRead More \u00bb\t\t<\/a>\n\n\t\t\t\t<\/div>\n\t\t\t\t<\/article>\n\t\t\t\t<article class=\"elementor-post elementor-grid-item post-5147 product type-product status-publish has-post-thumbnail hentry product_category-surface-inspection\">\n\t\t\t\t<a class=\"elementor-post__thumbnail__link\" href=\"https:\/\/www.ramgmbh.de\/de\/product\/slitter-rewinder-itg700\/\" >\n\t\t\t<div class=\"elementor-post__thumbnail\"><img loading=\"lazy\" decoding=\"async\" width=\"300\" height=\"165\" src=\"https:\/\/www.ramgmbh.de\/wp-content\/uploads\/2023\/09\/itg700-1-300x165.png\" class=\"attachment-medium size-medium wp-image-2661\" alt=\"\" srcset=\"https:\/\/www.ramgmbh.de\/wp-content\/uploads\/2023\/09\/itg700-1-300x165.png 300w, https:\/\/www.ramgmbh.de\/wp-content\/uploads\/2023\/09\/itg700-1.png 400w\" sizes=\"(max-width: 300px) 100vw, 300px\" \/><\/div>\n\t\t<\/a>\n\t\t\t\t<div class=\"elementor-post__text\">\n\t\t\t\t<h3 class=\"elementor-post__title\">\n\t\t\t<a href=\"https:\/\/www.ramgmbh.de\/de\/product\/slitter-rewinder-itg700\/\" >\n\t\t\t\tSlitter Rewinder\u00ae &#8211; ITG700\t\t\t<\/a>\n\t\t<\/h3>\n\t\t\t\t<div class=\"elementor-post__excerpt\">\n\t\t\t<p>Pr\u00e4zision bei der Aufwickler-Inspektion Schl\u00fcsselmerkmale: Beidseitige Inspektion: \u00dcberpr\u00fcft sowohl die Ober- als auch die Unterseite von undurchsichtigen Folien auf Fehler. Automatisierte Fehlerklassifizierung: Klassifiziert Fehler in Kategorien wie Flecken\/Gele, Einbrennen, Fischaugen, Verunreinigungen, Falten, L\u00f6cher oder Fliegen. Au\u00dferdem speichert es Bilder dieser Fehler zur weiteren Auswertung. Fehler Bericht (MAP): Bietet eine symbolische Darstellung von Fehlern in der Rolle, einschlie\u00dflich Graustufenbildern. Der Bericht enth\u00e4lt Angaben zur Rollennummer, zur Gesamtzahl der Fehler und zu den Fehlern pro m\u00b2, sortiert nach Gr\u00f6\u00dfenklasse\/Typ. Es werden au\u00dferdem die Fehlerstellen in Maschinen- und Querrichtung angezeigt. Rezept Verwaltung: Erm\u00f6glicht die Erstellung einer beliebigen Anzahl von Inspektionsrezepten und gew\u00e4hrleistet so Flexibilit\u00e4t und Anpassungsf\u00e4higkeit an unterschiedliche Fertigungsanforderungen. Kritische Fehlerwarnung: Bei schwerwiegenden Fehlern kann das System eine Alarmlampe ausl\u00f6sen, eine Hupe ert\u00f6nen lassen oder sogar einen Wickler anhalten, um sicherzustellen, dass kritische<\/p>\n\t\t<\/div>\n\t\t\n\t\t<a class=\"elementor-post__read-more\" href=\"https:\/\/www.ramgmbh.de\/de\/product\/slitter-rewinder-itg700\/\" >\n\t\t\tRead More \u00bb\t\t<\/a>\n\n\t\t\t\t<\/div>\n\t\t\t\t<\/article>\n\t\t\t\t<article class=\"elementor-post elementor-grid-item post-4997 product type-product status-publish has-post-thumbnail hentry product_category-recycling\">\n\t\t\t\t<a class=\"elementor-post__thumbnail__link\" href=\"https:\/\/www.ramgmbh.de\/de\/product\/pqm-lab-extruder\/\" >\n\t\t\t<div class=\"elementor-post__thumbnail\"><img loading=\"lazy\" decoding=\"async\" width=\"225\" height=\"300\" src=\"https:\/\/www.ramgmbh.de\/wp-content\/uploads\/2023\/09\/1697104400302-2-225x300.jpeg\" class=\"attachment-medium size-medium wp-image-7205\" alt=\"\" srcset=\"https:\/\/www.ramgmbh.de\/wp-content\/uploads\/2023\/09\/1697104400302-2-225x300.jpeg 225w, https:\/\/www.ramgmbh.de\/wp-content\/uploads\/2023\/09\/1697104400302-2-768x1024.jpeg 768w, https:\/\/www.ramgmbh.de\/wp-content\/uploads\/2023\/09\/1697104400302-2-1152x1536.jpeg 1152w, https:\/\/www.ramgmbh.de\/wp-content\/uploads\/2023\/09\/1697104400302-2.jpeg 1280w\" sizes=\"(max-width: 225px) 100vw, 225px\" \/><\/div>\n\t\t<\/a>\n\t\t\t\t<div class=\"elementor-post__text\">\n\t\t\t\t<h3 class=\"elementor-post__title\">\n\t\t\t<a href=\"https:\/\/www.ramgmbh.de\/de\/product\/pqm-lab-extruder\/\" >\n\t\t\t\tPQMex &#8211; Gel Analyzer\t\t\t<\/a>\n\t\t<\/h3>\n\t\t\t\t<div class=\"elementor-post__excerpt\">\n\t\t\t<p>Analyse von recyceltem Gel auf n\u00e4chster Stufe Kompatible Materialien: LDPE, LLDPE, MDPE, HDPE und PP. Pellets, Flocken oder Pulver. Schl\u00fcsselmerkmale: Integrierte Analyse:\u00a0Kontaminationsanalyse mit Warn- und Alarmstufen zur automatischen Kontrolle und Sortierung der Qualit\u00e4t. Vollautomatisch:\u00a0Automatische Einstellung des Blasendurchmessers, automatischer Materialtransport und automatische Kontrolle des Trichterf\u00fcllstands durch Ultraschallsensor. Materialanpassung: Konfiguration durch Rezepte f\u00fcr die automatische Einstellung des Extruders. Konnektivit\u00e4t: Externe Messger\u00e4te (z.B. MFI) k\u00f6nnen zur Materialanalyse zusammengefasst werden. Temperatur Management: Temperaturzonen, die nach Zielvorgaben gesteuert werden, gew\u00e4hrleisten optimale Betriebsbedingungen. Optionen &amp; Erweiterungen: Aufr\u00fcstung Ihres vorhandenen Laborextruders Integration in bestehende Recyclinglinien vSTAT: Visual statistical analysis tool Integrationsm\u00f6glichkeiten f\u00fcr plastPMS und AIREC\u00ae Software Technische Daten Stromversorgung 400 V \/ 3 Phase \/ 50 Hz Einzelner Extruder &#8211; Konstruktion: Zweikanalige Mischstrecke. &#8211; Temperaturkontrolle f\u00fcr D\u00fcse und Barrel &#8211; Barrel Heizung: Elektrische Widerstandsheizung. &#8211; Schneckendrehzahl:10-60rpm. &#8211;<\/p>\n\t\t<\/div>\n\t\t\n\t\t<a class=\"elementor-post__read-more\" href=\"https:\/\/www.ramgmbh.de\/de\/product\/pqm-lab-extruder\/\" >\n\t\t\tRead More \u00bb\t\t<\/a>\n\n\t\t\t\t<\/div>\n\t\t\t\t<\/article>\n\t\t\t\t<article class=\"elementor-post elementor-grid-item post-3925 product type-product status-publish has-post-thumbnail hentry product_category-recycling product_category-software\">\n\t\t\t\t<a class=\"elementor-post__thumbnail__link\" href=\"https:\/\/www.ramgmbh.de\/de\/product\/airec\/\" >\n\t\t\t<div class=\"elementor-post__thumbnail\"><img loading=\"lazy\" decoding=\"async\" width=\"300\" height=\"169\" src=\"https:\/\/www.ramgmbh.de\/wp-content\/uploads\/2023\/09\/Design-sem-nome-27-300x169.png\" class=\"attachment-medium size-medium wp-image-5410\" alt=\"\" srcset=\"https:\/\/www.ramgmbh.de\/wp-content\/uploads\/2023\/09\/Design-sem-nome-27-300x169.png 300w, https:\/\/www.ramgmbh.de\/wp-content\/uploads\/2023\/09\/Design-sem-nome-27-1024x576.png 1024w, https:\/\/www.ramgmbh.de\/wp-content\/uploads\/2023\/09\/Design-sem-nome-27-768x432.png 768w, https:\/\/www.ramgmbh.de\/wp-content\/uploads\/2023\/09\/Design-sem-nome-27-1536x864.png 1536w, https:\/\/www.ramgmbh.de\/wp-content\/uploads\/2023\/09\/Design-sem-nome-27.png 1920w\" sizes=\"(max-width: 300px) 100vw, 300px\" \/><\/div>\n\t\t<\/a>\n\t\t\t\t<div class=\"elementor-post__text\">\n\t\t\t\t<h3 class=\"elementor-post__title\">\n\t\t\t<a href=\"https:\/\/www.ramgmbh.de\/de\/product\/airec\/\" >\n\t\t\t\tAIREC\u00ae\t\t\t<\/a>\n\t\t<\/h3>\n\t\t\t\t<div class=\"elementor-post__excerpt\">\n\t\t\t<p>Revolutionierung des Recyclings mit k\u00fcnstlicher Intelligenz Tauchen Sie ein in die Zukunft des Recyclings mit AIREC\u00ae, unserer hochmodernen KI-Technologie, die speziell auf die Recyclingindustrie zugeschnitten ist. AIREC\u00ae wurde entwickelt, um Recycling-Maschinen an ihrem optimalen Arbeitspunkt zu betreiben und so die h\u00f6chste Qualit\u00e4t des recycelten Materials zu erreichen. SCHL\u00dcSSELMERKMALE: Optimierung der gesamten Linie: Von Schreddern und Waschmaschinen bis hin zu Extrusionslinien und Pelletieranlagen sorgt AIREC\u00ae f\u00fcr Spitzenleistungen im gesamten Recyclingprozess. Comprehensive Sensor Integration: Monitors parameters like temperature, pressure, pH, water treatment details, and more, ensuring a holistic view of your operations. Prognostische F\u00e4higkeiten: Bietet einen Prognosehorizont von 30-60 Minuten und erm\u00f6glicht so proaktive Anpassungen und Optimierungen. Qualit\u00e4tseinstufung: Misst Parameter wie Gelanzahl, Opazit\u00e4t, Tr\u00fcbung und Transparenz, um eine umfassende Qualit\u00e4tsbewertung zu erm\u00f6glichen. Integration externer Ger\u00e4te: Nahtlose Integration von Ger\u00e4ten wie MFI-Messungen in<\/p>\n\t\t<\/div>\n\t\t\n\t\t<a class=\"elementor-post__read-more\" href=\"https:\/\/www.ramgmbh.de\/de\/product\/airec\/\" >\n\t\t\tRead More \u00bb\t\t<\/a>\n\n\t\t\t\t<\/div>\n\t\t\t\t<\/article>\n\t\t\t\t<article class=\"elementor-post elementor-grid-item post-3717 product type-product status-publish has-post-thumbnail hentry product_category-software\">\n\t\t\t\t<a class=\"elementor-post__thumbnail__link\" href=\"https:\/\/www.ramgmbh.de\/de\/product\/vstat\/\" >\n\t\t\t<div class=\"elementor-post__thumbnail\"><img loading=\"lazy\" decoding=\"async\" width=\"300\" height=\"169\" src=\"https:\/\/www.ramgmbh.de\/wp-content\/uploads\/2023\/09\/Design-sem-nome-26-300x169.png\" class=\"attachment-medium size-medium wp-image-5409\" alt=\"\" srcset=\"https:\/\/www.ramgmbh.de\/wp-content\/uploads\/2023\/09\/Design-sem-nome-26-300x169.png 300w, https:\/\/www.ramgmbh.de\/wp-content\/uploads\/2023\/09\/Design-sem-nome-26-1024x576.png 1024w, https:\/\/www.ramgmbh.de\/wp-content\/uploads\/2023\/09\/Design-sem-nome-26-768x432.png 768w, https:\/\/www.ramgmbh.de\/wp-content\/uploads\/2023\/09\/Design-sem-nome-26-1536x864.png 1536w, https:\/\/www.ramgmbh.de\/wp-content\/uploads\/2023\/09\/Design-sem-nome-26.png 1920w\" sizes=\"(max-width: 300px) 100vw, 300px\" \/><\/div>\n\t\t<\/a>\n\t\t\t\t<div class=\"elementor-post__text\">\n\t\t\t\t<h3 class=\"elementor-post__title\">\n\t\t\t<a href=\"https:\/\/www.ramgmbh.de\/de\/product\/vstat\/\" >\n\t\t\t\tvSTAT\u00ae\t\t\t<\/a>\n\t\t<\/h3>\n\t\t\t\t<div class=\"elementor-post__excerpt\">\n\t\t\t<p>Ihr umfassendes Tool f\u00fcr die visuelle statistische Analyse Visual Statistical Analysis Tool Steigern Sie Ihre Produktionsqualit\u00e4t mit vSTAT\u00ae, unserem benutzerfreundlichen Analysetool.\u00a0Es fasst alle Sensordaten auf einem Bildschirm zusammen. vSTAT\u00ae eignet sich hervorragend zur Anzeige von Bahnbeobachtungs- und Dickendaten und kann mit vielen anderen Sensoren und Systemen kombiniert werden. \u00a0 Hauptmerkmale: Qualit\u00e4tskontrolle vor Ort: Treffen Sie schnelle, intelligente Entscheidungen direkt in der Produktion. gespeicherte Trends verfolgen: Schauen Sie sich die bisherige Produktion an, um den Produktionsablauf stetig zu verbessern. Tiefe Einblicke in die Prozesse: Verbessern Sie Ihr Verst\u00e4ndnis f\u00fcr die Produktion. gesicherter Datenzugriff von \u00fcberall: Greifen Sie sicher auf Ihre Produktionsdaten zu, jederzeit und an jedem Ort. System Voraussetzungen: Kompatibel mit Windows 7, Mac OS X 10.9, und Linux mit Desktop. Eine Bildschirmaufl\u00f6sung von mindestens 1024 \u00d7 768 wird empfohlen. Mindestens<\/p>\n\t\t<\/div>\n\t\t\n\t\t<a class=\"elementor-post__read-more\" href=\"https:\/\/www.ramgmbh.de\/de\/product\/vstat\/\" >\n\t\t\tRead More \u00bb\t\t<\/a>\n\n\t\t\t\t<\/div>\n\t\t\t\t<\/article>\n\t\t\t\t<article class=\"elementor-post elementor-grid-item post-3704 product type-product status-publish hentry product_category-training\">\n\t\t\t\t<div class=\"elementor-post__text\">\n\t\t\t\t<h3 class=\"elementor-post__title\">\n\t\t\t<a href=\"https:\/\/www.ramgmbh.de\/de\/product\/training\/\" >\n\t\t\t\tTraining\t\t\t<\/a>\n\t\t<\/h3>\n\t\t\t\t<div class=\"elementor-post__excerpt\">\n\t\t\t<p>Erweitern Sie Ihr Fachwissen mit den R.A.M. Trainingsprogrammen Bei R.A.M. glauben wir, dass Wissen Macht ist. Deshalb bieten wir spezielle Schulungen an, die auf Ihre individuellen Bed\u00fcrfnisse zugeschnitten sind. Diese Kurse werden von unserem hochqualifizierten Team durchgef\u00fchrt und sollen Ihnen die F\u00e4higkeiten und Kenntnisse vermitteln, die Sie f\u00fcr Ihre Arbeit ben\u00f6tigen. W\u00e4hlen Sie Ihr Schulungsprogramm: Beherrschen Sie die Grundlagen in einem Tag Bedienerschulung: Was Sie lernen werden: &#8211; Navigieren in der CAMEN-Software und Laden von Rezepten &#8211; Verstehen von Schl\u00fcsselbegriffen wie Grauwert, Schwellenwert und Nutzen &#8211; Auftragserstellung und Rollenbericht-Verwaltung in CAMEN &#8211; Effektiver Umgang mit Warnungen und Fehlern &#8211; Grundlegende Software-Funktionalit\u00e4ten Standort: An Ihrer eigenen Maschine Dauer: 1 Tag Jetzt terminieren Erweitern Sie Ihre F\u00e4higkeiten Manager \/ Leiter der Produktionsausbildung: Was Sie lernen werden: &#8211; Alle Inhalte Bedienerschulung &#8211; Rezepterstellung<\/p>\n\t\t<\/div>\n\t\t\n\t\t<a class=\"elementor-post__read-more\" href=\"https:\/\/www.ramgmbh.de\/de\/product\/training\/\" >\n\t\t\tRead More \u00bb\t\t<\/a>\n\n\t\t\t\t<\/div>\n\t\t\t\t<\/article>\n\t\t\t\t<article class=\"elementor-post elementor-grid-item post-3037 product type-product status-publish has-post-thumbnail hentry product_category-laboratory\">\n\t\t\t\t<a class=\"elementor-post__thumbnail__link\" href=\"https:\/\/www.ramgmbh.de\/de\/product\/itg-500-labratory-bench\/\" >\n\t\t\t<div class=\"elementor-post__thumbnail\"><img loading=\"lazy\" decoding=\"async\" width=\"214\" height=\"300\" src=\"https:\/\/www.ramgmbh.de\/wp-content\/uploads\/2023\/09\/Bildschirmfoto-2023-09-04-um-14.23.47-214x300.png\" class=\"attachment-medium size-medium wp-image-3054\" alt=\"\" srcset=\"https:\/\/www.ramgmbh.de\/wp-content\/uploads\/2023\/09\/Bildschirmfoto-2023-09-04-um-14.23.47-214x300.png 214w, https:\/\/www.ramgmbh.de\/wp-content\/uploads\/2023\/09\/Bildschirmfoto-2023-09-04-um-14.23.47-732x1024.png 732w, https:\/\/www.ramgmbh.de\/wp-content\/uploads\/2023\/09\/Bildschirmfoto-2023-09-04-um-14.23.47-768x1074.png 768w, https:\/\/www.ramgmbh.de\/wp-content\/uploads\/2023\/09\/Bildschirmfoto-2023-09-04-um-14.23.47.png 772w\" sizes=\"(max-width: 214px) 100vw, 214px\" \/><\/div>\n\t\t<\/a>\n\t\t\t\t<div class=\"elementor-post__text\">\n\t\t\t\t<h3 class=\"elementor-post__title\">\n\t\t\t<a href=\"https:\/\/www.ramgmbh.de\/de\/product\/itg-500-labratory-bench\/\" >\n\t\t\t\tITG 500 &#8211; Bench Analyzer\t\t\t<\/a>\n\t\t<\/h3>\n\t\t\t\t<div class=\"elementor-post__excerpt\">\n\t\t\t<p>Pr\u00e4zision in der LAB-Oberfl\u00e4cheninspektion Tauchen Sie ein in die n\u00e4chste Generation der Folienpr\u00fcfung mit unserem Bench Analyser\u00ae. Als hochmoderner Labortisch konzipiert, identifiziert, kategorisiert und dokumentiert dieses System akribisch optische Defekte in Filmproben unter Einhaltung des DIN A4 \/ DIN A3 Standards. Egal ob es sich um transparente oder opake Folien handelt, unser System gew\u00e4hrleistet eine umfassende Analyse. Schl\u00fcsselmerkmale: Durchlicht Belichtung: Ideal sowohl f\u00fcr transparente als auch f\u00fcr teils undurchsichtige Folien. Auflicht Belichtung: Verbessert die Sichtbarkeit und Klarheit, insbesondere bei Begleitfolien. Dunkelfeld Blende: Speziell entwickelt, um die Erkennung von Gelflecken in transparenten Filmen zu verbessern. Beidseitige Belichtung: Eine harmonische Mischung aus Durchlicht- und Auflichtbeleuchtung, die eine unvergleichliche Klarheit f\u00fcr Begleitfolien bietet. Automatisierte Fehlerklassifizierung: Von Gelflecken, Gelen, Brennern bis hin zu Fischaugen, Unreinheiten, Falten, Hohlr\u00e4umen oder Fliegen &#8211; unser System klassifiziert sie<\/p>\n\t\t<\/div>\n\t\t\n\t\t<a class=\"elementor-post__read-more\" href=\"https:\/\/www.ramgmbh.de\/de\/product\/itg-500-labratory-bench\/\" >\n\t\t\tRead More \u00bb\t\t<\/a>\n\n\t\t\t\t<\/div>\n\t\t\t\t<\/article>\n\t\t\t\t<\/div>\n\n\n\t\t\n\t\t\t\t<div class=\"e-load-more-anchor\" data-page=\"1\" data-max-page=\"2\" data-next-page=\"https:\/\/www.ramgmbh.de\/de\/wp-json\/wp\/v2\/pages\/2763\/page\/2\/\"><\/div>\n\t\t\t\t<nav class=\"elementor-pagination\" role=\"navigation\" aria-label=\"Pagination\">\n\t\t\t<span class=\"page-numbers prev\">&laquo; Previous<\/span>\n<span aria-current=\"page\" class=\"page-numbers current\"><span class=\"elementor-screen-only\">Page<\/span>1<\/span>\n<a class=\"page-numbers\" href=\"https:\/\/www.ramgmbh.de\/de\/wp-json\/wp\/v2\/pages\/2763\/page\/2\/\"><span class=\"elementor-screen-only\">Page<\/span>2<\/a>\n<a class=\"page-numbers next\" href=\"https:\/\/www.ramgmbh.de\/de\/wp-json\/wp\/v2\/pages\/2763\/page\/2\/\">Next &raquo;<\/a>\t\t<\/nav>\n\t\t\t\t<\/div>\n\t\t\t\t<\/div>\n\t\t\t\t\t<\/div>\n\t\t\t\t<\/div>\n\t\t\t\t<\/div>\n\t\t","protected":false},"excerpt":{"rendered":"","protected":false},"author":1,"featured_media":0,"parent":0,"menu_order":0,"comment_status":"closed","ping_status":"closed","template":"elementor_header_footer","meta":{"footnotes":""},"class_list":["post-2763","page","type-page","status-publish","hentry"],"translation":{"provider":"WPGlobus","version":"2.12.2","language":"de","enabled_languages":["en","es","de","br","fr"],"languages":{"en":{"title":true,"content":false,"excerpt":false},"es":{"title":true,"content":false,"excerpt":false},"de":{"title":true,"content":false,"excerpt":false},"br":{"title":true,"content":false,"excerpt":false},"fr":{"title":true,"content":false,"excerpt":false}}},"aioseo_notices":[],"_links":{"self":[{"href":"https:\/\/www.ramgmbh.de\/de\/wp-json\/wp\/v2\/pages\/2763","targetHints":{"allow":["GET"]}}],"collection":[{"href":"https:\/\/www.ramgmbh.de\/de\/wp-json\/wp\/v2\/pages"}],"about":[{"href":"https:\/\/www.ramgmbh.de\/de\/wp-json\/wp\/v2\/types\/page"}],"author":[{"embeddable":true,"href":"https:\/\/www.ramgmbh.de\/de\/wp-json\/wp\/v2\/users\/1"}],"replies":[{"embeddable":true,"href":"https:\/\/www.ramgmbh.de\/de\/wp-json\/wp\/v2\/comments?post=2763"}],"version-history":[{"count":1,"href":"https:\/\/www.ramgmbh.de\/de\/wp-json\/wp\/v2\/pages\/2763\/revisions"}],"predecessor-version":[{"id":7315,"href":"https:\/\/www.ramgmbh.de\/de\/wp-json\/wp\/v2\/pages\/2763\/revisions\/7315"}],"wp:attachment":[{"href":"https:\/\/www.ramgmbh.de\/de\/wp-json\/wp\/v2\/media?parent=2763"}],"curies":[{"name":"wp","href":"https:\/\/api.w.org\/{rel}","templated":true}]}}