{"id":378,"date":"2022-06-14T17:14:11","date_gmt":"2022-06-14T17:14:11","guid":{"rendered":"https:\/\/validthemes.tech\/themeforest\/wp\/crysa\/?page_id=378"},"modified":"2025-11-11T10:22:36","modified_gmt":"2025-11-11T09:22:36","slug":"about-us","status":"publish","type":"page","link":"https:\/\/www.ramgmbh.de\/de\/about-us\/","title":{"rendered":"\u00dcber Uns"},"content":{"rendered":"<p><img decoding=\"async\" src=\"https:\/\/www.ramgmbh.de\/wp-content\/uploads\/2023\/09\/lens4-e1695991365674.png\" alt=\"R.A.M.\"><\/p>\n<h4>WER WIR SIND<\/h4>\n<h2>Wir sind R.A.M.!<\/h2>\n<p>\n                 R.A.M. &#8211; Real Time Application Measurement GmbH ist ein f\u00fchrendes Unternehmen in der Optimierung der industriellen Qualit\u00e4t. Seit \u00fcber 35 Jahren bieten wir pr\u00e4zise und zuverl\u00e4ssige L\u00f6sungen an, die Arbeitsabl\u00e4ufe im Qualit\u00e4tsmanagement verbessern. Unser Unternehmen wird als verl\u00e4sslicher Partner von Industrien anerkannt, die h\u00f6chste Qualit\u00e4ts- und Effizienzstandards anstreben.<\/p>\n<p>Gegr\u00fcndet im Jahr 1988, hat sich R.A.M. GmbH kontinuierlich auf die Bereitstellung von L\u00f6sungen konzentriert, die eine gr\u00fcndliche Qualit\u00e4tsinspektion gew\u00e4hrleisten. Unser Support erstreckt sich \u00fcber verschiedene Industrien, wobei globale Unternehmen uns vertrauen, um ihre Qualit\u00e4tsstandards zu erf\u00fcllen.<\/p>\n<p>Bei R.A.M. pflegen wir starke Beziehungen zu unseren Kunden, mit dem Schwerpunkt auf hohen Standards und der Entwicklung von Innovationen zur Verbesserung der Qualit\u00e4t.            <\/p>\n<style>\/*! elementor - v3.21.0 - 25-04-2024 *\/\n.elementor-heading-title{padding:0;margin:0;line-height:1}.elementor-widget-heading .elementor-heading-title[class*=elementor-size-]>a{color:inherit;font-size:inherit;line-height:inherit}.elementor-widget-heading .elementor-heading-title.elementor-size-small{font-size:15px}.elementor-widget-heading .elementor-heading-title.elementor-size-medium{font-size:19px}.elementor-widget-heading .elementor-heading-title.elementor-size-large{font-size:29px}.elementor-widget-heading .elementor-heading-title.elementor-size-xl{font-size:39px}.elementor-widget-heading .elementor-heading-title.elementor-size-xxl{font-size:59px}<\/style>\n<h2>GESCHICHTE<\/h2>\n<p>\t\t\t<!-- ========= Timeline Widget Addon For Elementor 1.5.7 ========= --><br \/>\n    <!-- Start of Story Repeater Content --><!-- Story Label -->1988<!-- Story Icon Dot --><!-- Story Arrow --><!-- Start of Story Content --><!-- Story Title -->Der Beginn von R.A.M. GmbH<!-- Story Description --><\/p>\n<p>1988 wurde R.A.M. GmbH unter der Leitung von CEO Helmut Flohr mit der Mission gegr\u00fcndet, die industrielle Qualit\u00e4tsoptimierung zu verbessern. Das Unternehmen wurde schnell f\u00fcr seine pr\u00e4zisen und zuverl\u00e4ssigen L\u00f6sungen bekannt und setzte neue Ma\u00dfst\u00e4be f\u00fcr Qualit\u00e4t und Effizienz.<\/p>\n<p><!-- Start of Story Repeater Content --><!-- Story Label -->1990<!-- Story Icon Dot --><!-- Story Arrow --><!-- Start of Story Content --><!-- Story Title -->Installation des ersten Inspektionssystems<!-- Story Description --><\/p>\n<p>Unsere technologische Kompetenz und die Zuverl\u00e4ssigkeit unserer Produkte wurde unter Beweis gestellt, als im Jahr 1990 das erste installierte Inspektionssystem Erflog hatte. Dieser Erfolg unterstreicht bis heute die Effektivit\u00e4t und Langlebigkeit unserer Systeme. Zusammen mit den folgenden Projekten konnten wir das Vertrauen unserer Kunden in unsere Arbeit untermauern.<\/p>\n<p><!-- Start of Story Repeater Content --><!-- Story Label -->2001<!-- Story Icon Dot --><!-- Story Arrow --><!-- Start of Story Content --><!-- Story Title -->Gr\u00fcndung von R.A.M. Kunststofftechnik GmbH<!-- Story Description --><\/p>\n<p>Um unsere Beratungs- und Verkaufsbem\u00fchungen zu verst\u00e4rken, wurde R.A.M. Kunststofftechnik GmbH als Tochtergesellschaft gegr\u00fcndet. W\u00e4hrend sich R.A.M. GmbH auf Fertigung und Entwicklung konzentriert, bietet R.A.M. Kunststofftechnik GmbH umfassende L\u00f6sungen f\u00fcr optische Inspektion, Dickenmessung und Feuchtigkeitsanalyse an.<\/p>\n<p><!-- Start of Story Repeater Content --><!-- Story Label -->2008<!-- Story Icon Dot --><!-- Story Arrow --><!-- Start of Story Content --><!-- Story Title -->Umzug nach Floersheim<!-- Story Image --><img fetchpriority=\"high\" width=\"800\" height=\"600\" src=\"https:\/\/www.ramgmbh.de\/wp-content\/uploads\/2023\/09\/IMG_0505-2-800x600.jpg\" alt=\"\" decoding=\"async\" \/><!-- Story Description --><\/p>\n<p>Unsere N\u00e4he zum Frankfurter Flughafen, nur 15 km entfernt, erm\u00f6glicht schnelle und effiziente globale Lieferungen dank des einfachen Zugangs zu wichtigen Verkehrswegen.<\/p>\n<p><!-- Start of Story Repeater Content --><!-- Story Label -->2015<!-- Story Icon Dot --><!-- Story Arrow --><!-- Start of Story Content --><!-- Story Title -->\u00dcber 300 Inspektionssysteme weltweit installiert<!-- Story Description --><\/p>\n<p>Unsere Systeme werden weltweit eingesetzt, um die Qualit\u00e4t verschiedener Materialien zu gew\u00e4hrleisten. Die Software \u201eCAMEN\u201c erm\u00f6glicht eine Integration mit bestehenden Maschinen, und unsere modularen Web-Inspektionssysteme k\u00f6nnen leicht erweitert werden, um wachsenden Anforderungen gerecht zu werden.<\/p>\n<p><!-- Start of Story Repeater Content --><!-- Story Label -->2019<!-- Story Icon Dot --><!-- Story Arrow --><!-- Start of Story Content --><!-- Story Title -->Einf\u00fchrung von plastPMS<!-- Story Description --><\/p>\n<p>plastPMS ist ein fortschrittliches Produktionssystem zur \u00dcberwachung, das Echtzeitanalysen, Schwellenwertalarme und pr\u00e4diktive F\u00e4higkeiten bietet, um die Qualit\u00e4t zu verbessern und Abfall zu reduzieren. Es ist kompatibel mit mehreren Betriebssystemen und bietet anpassbare Berichtsfunktionen.<\/p>\n<p><!-- Start of Story Repeater Content --><!-- Story Label -->2021<!-- Story Icon Dot --><!-- Story Arrow --><!-- Start of Story Content --><!-- Story Title -->33 Jahre R.A.M.<!-- Story Image --><img width=\"800\" height=\"333\" src=\"https:\/\/www.ramgmbh.de\/wp-content\/uploads\/2023\/09\/20210831_33jahre.jpg\" alt=\"\" decoding=\"async\" srcset=\"https:\/\/www.ramgmbh.de\/wp-content\/uploads\/2023\/09\/20210831_33jahre.jpg 800w, https:\/\/www.ramgmbh.de\/wp-content\/uploads\/2023\/09\/20210831_33jahre-300x125.jpg 300w, https:\/\/www.ramgmbh.de\/wp-content\/uploads\/2023\/09\/20210831_33jahre-768x320.jpg 768w\" sizes=\"(max-width: 800px) 100vw, 800px\" \/><!-- Story Description --><\/p>\n<p>&lt;3<\/p>\n<p><!-- Start of Story Repeater Content --><!-- Story Label -->2022<!-- Story Icon Dot --><!-- Story Arrow --><!-- Start of Story Content --><!-- Story Title -->Der PQM Extruder<!-- Story Image --><img width=\"800\" height=\"600\" src=\"https:\/\/www.ramgmbh.de\/wp-content\/uploads\/2024\/01\/1705057481836-800x600.jpeg\" alt=\"\" decoding=\"async\" \/><!-- Story Description --><\/p>\n<p>Auch wir haben es uns zur Aufgabe gemacht, Witrschaftlichkeit nachhaltiger zu gestalten. Mit unserer neusten Innovation revolutionieren wir die Recycling Branche. Unser PQM Extruder erm\u00f6glicht eine detaillierte Analyse von recycelten Materialien und liefert essentielle Qualit\u00e4tskontrollmetriken. Noch nie in der Geschichte konnte Abfall in der Produktion so effizient reduziert werden.<\/p>\n<p><!-- Start of Story Repeater Content --><!-- Story Label -->2023<!-- Story Icon Dot --><!-- Story Arrow --><!-- Start of Story Content --><!-- Story Title -->35 Jahre Beitrag zu einer nachhaltigeren Welt<!-- Story Description --><\/p>\n<p>Seit 35 Jahren widmet sich R.A.M. GmbH der Verbesserung industrieller Prozesse und der Zuverl\u00e4ssigkeit von recycelten Materialien. Unsere Reise wurde von einem Engagement f\u00fcr Lernen, Anpassung und Perfektion gepr\u00e4gt, getrieben von unserem Glauben an Nachhaltigkeit. Wir danken unseren Kunden, Partnern und unserem Team f\u00fcr ihre Unterst\u00fctzung.<\/p>\n<style type=\"text\/css\">@media (max-width: 1024px){ .twae-wrapper{--tw-ybx-size: 80px !important;}}@media (max-width: 767px){ .twae-wrapper{--tw-ybx-size: 80px !important}}<\/style>\n<link rel=\"stylesheet\" href=\"https:\/\/www.ramgmbh.de\/wp-content\/plugins\/elementor\/assets\/css\/widget-icon-box.min.css\">\n<h3>\n\t\t\t\t\t\t\tMISSION<br \/>\n\t\t\t\t\t<\/h3>\n<p>\n\t\t\t\t\t\tTechnologische L\u00f6sungen bereitzustellen, die unseren Kunden helfen, ihre Produktionsprozesse zu optimieren, die Effizienz zu steigern und die Qualit\u00e4t zu verbessern.\t\t\t\t\t<\/p>\n<h3>\n\t\t\t\t\t\t\tVISION<br \/>\n\t\t\t\t\t<\/h3>\n<p>\n\t\t\t\t\t\tUnser Ziel ist es, f\u00fchrend in der Technologie zur Messung der industriellen Qualit\u00e4t zu sein und die Zukunft von Kunststoff und Recycling zu beeinflussen. Wir streben danach, neue Standards f\u00fcr Wert, Leistung und Nachhaltigkeit zu setzen.\t\t\t\t\t<\/p>\n<h3>\n\t\t\t\t\t\t\tWERTE<br \/>\n\t\t\t\t\t<\/h3>\n<p>\n\t\t\t\t\t\t<b style=\"color: #2A2A2A;\">Innovation:<\/b> R.A.M. widmet sich der Weiterentwicklung der Technologie, um den Erfolg und die Effizienz unserer Kunden zu steigern.<\/p>\n<p><b style=\"color: #2A2A2A;\">Kollaboration:<\/b> Wir glauben an eine enge Zusammenarbeit mit Kunden, Partnern und unserem Team, um gemeinsame Ziele und nachhaltigen Erfolg zu erreichen.<\/p>\n<p><b style=\"color: #2A2A2A;\">Kundenorientierung:<\/b> Wir verpflichten uns, die spezifischen Bed\u00fcrfnisse unserer Kunden zu erf\u00fcllen und sie mit erstklassigem Service und Beratung zu unterst\u00fctzen.<\/p>\n<p><b style=\"color: #2A2A2A;\">Ergebnisse &#038; Auswirkungen:<\/b> Unser Ziel ist es, bedeutende Vorteile f\u00fcr unsere Kunden, Stakeholder und die Gesellschaft zu liefern.\t\t\t\t\t<\/p>\n<h2>GLOBALE PARTNER<\/h2>\n<p>\t\t    <!-- Start Brand \n\t    ============================================= --><br \/>\n\t                            <!-- Additional required wrapper --><br \/>\n\t                            \t\t                                <!-- Single Item --><br \/>\n\t\t\t\t\t\t\t\t\t\t<a target=\"_blank\" href=\"\"><br \/>\n\t\t\t\t\t\t\t\t\t\t\t<img decoding=\"async\" src=\"https:\/\/www.ramgmbh.de\/wp-content\/uploads\/2023\/08\/pta-1.png\" alt=\"R.A.M.\"><br \/>\n\t\t\t\t\t\t\t\t\t\t<\/a><br \/>\n\t                                <!-- End Single Item --><br \/>\n\t                                \t                                <!-- Single Item --><br \/>\n\t\t\t\t\t\t\t\t\t\t<a target=\"_blank\" href=\"\"><br \/>\n\t\t\t\t\t\t\t\t\t\t\t<img decoding=\"async\" src=\"https:\/\/www.ramgmbh.de\/wp-content\/uploads\/2023\/08\/aca-1.png\" alt=\"R.A.M.\"><br \/>\n\t\t\t\t\t\t\t\t\t\t<\/a><br \/>\n\t                                <!-- End Single Item --><br \/>\n\t                                \t                                <!-- Single Item --><br \/>\n\t\t\t\t\t\t\t\t\t\t<a target=\"_blank\" href=\"https:\/\/google.com\"><br \/>\n\t\t\t\t\t\t\t\t\t\t\t<img decoding=\"async\" src=\"https:\/\/www.ramgmbh.de\/wp-content\/uploads\/2023\/08\/pronix.png\" alt=\"R.A.M.\"><br \/>\n\t\t\t\t\t\t\t\t\t\t<\/a><br \/>\n\t                                <!-- End Single Item --><br \/>\n\t                                \t                                <!-- Single Item --><br \/>\n\t\t\t\t\t\t\t\t\t\t<a target=\"_blank\" href=\"http:\/\/www.implastic.com.br\"><br \/>\n\t\t\t\t\t\t\t\t\t\t\t<img decoding=\"async\" src=\"https:\/\/www.ramgmbh.de\/wp-content\/uploads\/2024\/03\/img.swapcard.com_.png\" alt=\"R.A.M.\"><br \/>\n\t\t\t\t\t\t\t\t\t\t<\/a><br \/>\n\t                                <!-- End Single Item --><br \/>\n\t                                \t                                <!-- Single Item --><br \/>\n\t\t\t\t\t\t\t\t\t\t<a target=\"_blank\" href=\"\"><br \/>\n\t\t\t\t\t\t\t\t\t\t\t<img decoding=\"async\" src=\"https:\/\/www.ramgmbh.de\/wp-content\/uploads\/2023\/08\/ppc.png\" alt=\"R.A.M.\"><br \/>\n\t\t\t\t\t\t\t\t\t\t<\/a><br \/>\n\t                                <!-- End Single Item --><br \/>\n\t                                \t                                <!-- Single Item --><br \/>\n\t\t\t\t\t\t\t\t\t\t<a target=\"_blank\" href=\"\"><br \/>\n\t\t\t\t\t\t\t\t\t\t\t<img decoding=\"async\" src=\"https:\/\/www.ramgmbh.de\/wp-content\/uploads\/2023\/08\/SCL.png\" alt=\"R.A.M.\"><br \/>\n\t\t\t\t\t\t\t\t\t\t<\/a><br \/>\n\t                                <!-- End Single Item --><br \/>\n\t                                \t                                <!-- Single Item --><br \/>\n\t\t\t\t\t\t\t\t\t\t<a target=\"_blank\" href=\"\"><br \/>\n\t\t\t\t\t\t\t\t\t\t\t<img decoding=\"async\" src=\"https:\/\/www.ramgmbh.de\/wp-content\/uploads\/2023\/08\/kimpai.png\" alt=\"R.A.M.\"><br \/>\n\t\t\t\t\t\t\t\t\t\t<\/a><br \/>\n\t                                <!-- End Single Item --><br \/>\n\t                                \t                                <!-- Single Item --><br \/>\n\t\t\t\t\t\t\t\t\t\t<a target=\"_blank\" href=\"\"><br \/>\n\t\t\t\t\t\t\t\t\t\t\t<img decoding=\"async\" src=\"https:\/\/www.ramgmbh.de\/wp-content\/uploads\/2023\/08\/images.png\" alt=\"R.A.M.\"><br \/>\n\t\t\t\t\t\t\t\t\t\t<\/a><br \/>\n\t                                <!-- End Single Item --><br \/>\n\t    <!-- End Brand --><\/p>\n<h2>KARRIERE<\/h2>\n<p>\u00a0<\/p>\n<p>Aktuell sind keine Stellen ausgeschrieben.<\/p>\n<p>\u00a0<\/p>\n","protected":false},"excerpt":{"rendered":"<p>WER WIR SIND Wir sind R.A.M.! R.A.M. &#8211; Real Time Application Measurement GmbH ist ein f\u00fchrendes Unternehmen in der Optimierung der industriellen Qualit\u00e4t. Seit \u00fcber 35 Jahren bieten wir pr\u00e4zise und zuverl\u00e4ssige L\u00f6sungen an, die Arbeitsabl\u00e4ufe im Qualit\u00e4tsmanagement verbessern. Unser Unternehmen wird als verl\u00e4sslicher Partner von Industrien anerkannt, die h\u00f6chste Qualit\u00e4ts- und Effizienzstandards anstreben. Gegr\u00fcndet [&hellip;]<\/p>\n","protected":false},"author":1,"featured_media":0,"parent":0,"menu_order":0,"comment_status":"closed","ping_status":"closed","template":"","meta":{"footnotes":""},"class_list":["post-378","page","type-page","status-publish","hentry"],"translation":{"provider":"WPGlobus","version":"2.12.2","language":"de","enabled_languages":["en","es","de","br","fr"],"languages":{"en":{"title":true,"content":true,"excerpt":false},"es":{"title":true,"content":true,"excerpt":false},"de":{"title":true,"content":true,"excerpt":false},"br":{"title":true,"content":true,"excerpt":false},"fr":{"title":true,"content":true,"excerpt":false}}},"aioseo_notices":[],"_links":{"self":[{"href":"https:\/\/www.ramgmbh.de\/de\/wp-json\/wp\/v2\/pages\/378","targetHints":{"allow":["GET"]}}],"collection":[{"href":"https:\/\/www.ramgmbh.de\/de\/wp-json\/wp\/v2\/pages"}],"about":[{"href":"https:\/\/www.ramgmbh.de\/de\/wp-json\/wp\/v2\/types\/page"}],"author":[{"embeddable":true,"href":"https:\/\/www.ramgmbh.de\/de\/wp-json\/wp\/v2\/users\/1"}],"replies":[{"embeddable":true,"href":"https:\/\/www.ramgmbh.de\/de\/wp-json\/wp\/v2\/comments?post=378"}],"version-history":[{"count":163,"href":"https:\/\/www.ramgmbh.de\/de\/wp-json\/wp\/v2\/pages\/378\/revisions"}],"predecessor-version":[{"id":7703,"href":"https:\/\/www.ramgmbh.de\/de\/wp-json\/wp\/v2\/pages\/378\/revisions\/7703"}],"wp:attachment":[{"href":"https:\/\/www.ramgmbh.de\/de\/wp-json\/wp\/v2\/media?parent=378"}],"curies":[{"name":"wp","href":"https:\/\/api.w.org\/{rel}","templated":true}]}}