{"id":2650,"date":"2023-09-01T05:48:57","date_gmt":"2023-09-01T05:48:57","guid":{"rendered":"https:\/\/www.ramgmbh.de\/?post_type=product&#038;p=2650"},"modified":"2024-05-27T10:04:28","modified_gmt":"2024-05-27T09:04:28","slug":"fis-1000-surface-camera","status":"publish","type":"product","link":"https:\/\/www.ramgmbh.de\/de\/product\/fis-1000-surface-camera\/","title":{"rendered":"FIS 1000 &#8211; Surface Camera"},"content":{"rendered":"<style>\/*! elementor - v3.21.0 - 25-04-2024 *\/\n.elementor-heading-title{padding:0;margin:0;line-height:1}.elementor-widget-heading .elementor-heading-title[class*=elementor-size-]>a{color:inherit;font-size:inherit;line-height:inherit}.elementor-widget-heading .elementor-heading-title.elementor-size-small{font-size:15px}.elementor-widget-heading .elementor-heading-title.elementor-size-medium{font-size:19px}.elementor-widget-heading .elementor-heading-title.elementor-size-large{font-size:29px}.elementor-widget-heading .elementor-heading-title.elementor-size-xl{font-size:39px}.elementor-widget-heading .elementor-heading-title.elementor-size-xxl{font-size:59px}<\/style>\n<h2>Oberfl\u00e4cheninspektion FIS-1000\u00ae: Pr\u00e4zision beim Messen<\/h2>\n<p>\t\tDer FIS-1000 ist ein Beispiel f\u00fcr Pr\u00e4zision und Effizienz bei der Oberfl\u00e4cheninspektion. Entwickelt, um den vielf\u00e4ltigen Anforderungen der Fertigung gerecht zu werden, bietet dieses System hohe Genauigkeit und gew\u00e4hrleistet die maximale Qualit\u00e4t in jeder Produktionscharge. Erkennen Sie Defekte wie Gele, schwarze Flecken, L\u00f6cher, Insekten, \u00d6lspuren und viele andere Verunreinigungen mit Echtzeit\u00fcberwachung.<\/p>\n<h4>\u00a0<\/h4>\n<h4 style=\"text-align: left;\">Ob Folie, biaxiale Folie oder Vliesstoffe und Textilien, der FIS-1000 gew\u00e4hrleistet optimale Qualit\u00e4t und Konsistenz bei jedem Bild.<\/h4>\n<ul>\n<li>\n<p>Biaxiale Folieninspektion: Ma\u00dfgeschneidert f\u00fcr die Herstellung biaxialer Folien zur \u00dcberwachung des Reckprozesses.<\/p>\n<\/li>\n<\/ul>\n<p><img fetchpriority=\"high\" decoding=\"async\" src=\"https:\/\/www.ramgmbh.de\/wp-content\/uploads\/2023\/09\/combined-film-e1695397422960-300x215.jpg\" alt=\"\" width=\"300\" height=\"215\" \/><\/p>\n<ul>\n<li>\n<p>Nonwoven &amp; Textil Inspektion: Von der Verteilung der Fasern bis zur Konsistenz der Textur &#8211; stellen Sie sicher, dass jedes Textil die gew\u00fcnschten Spezifikationen erf\u00fcllt.<\/p>\n<\/li>\n<\/ul>\n<p><img decoding=\"async\" src=\"https:\/\/www.ramgmbh.de\/wp-content\/uploads\/2023\/09\/combined-nonwovens-1-e1695397442231-300x215.jpg\" alt=\"\" width=\"300\" height=\"215\" \/><\/p>\n<h4>\u00a0<\/h4>\n<h4>\u00a0<\/h4>\n<h4>Schl\u00fcsselmerkmale:<\/h4>\n<ul>\n<li style=\"list-style-type: none;\">\n<ul>\n<li style=\"list-style-type: none;\">\n<ul>\n<li>Hochaufl\u00f6sende Bildgebung durch Multikameras: Beginnend bei 4.096 Pixeln in Querrichtung (CD), mit Optionen f\u00fcr 8.192 und bis zu 16.384 Pixeln.<\/li>\n<li>Hohe Abtastraten:\u00a0Erzielen Sie Abtastraten von 20.000 bis 100.000 Zeilen\/Sekunde, die eine hohe Aufl\u00f6sung in Maschinenrichtung (MD) auch bei hohen Produktionsgeschwindigkeiten erm\u00f6glichen.<\/li>\n<li>Erweiterte Kalibrierung: Minimieren Sie die Kantenverzerrung in langen Linien f\u00fcr eine genaue Abbildung.<\/li>\n<li>Optimierte Fehlererkennung: In Verbindung mit der Prozesssteuerungssoftware CAMEN k\u00f6nnen bis zu 256 Schwellenwerte erzeugt und verarbeitet werden. So wird sichergestellt, dass nur relevante Fertigungsfehler erkannt, analysiert und angezeigt werden.<\/li>\n<li>\n<p>Kompaktes &amp; Robustes Design: Die kompakte Bauweise der Kamera gew\u00e4hrleistet eine optimale Modularit\u00e4t. Der Kamerakopf und die Verarbeitungseinheit werden passiv \u00fcber einen seitlich angebrachten K\u00fchlk\u00f6rper gek\u00fchlt, so dass sie f\u00fcr Umgebungstemperaturen bis zu 50\u00b0C geeignet ist. F\u00fcr h\u00f6here Umgebungstemperaturen gibt es Optionen f\u00fcr Luft- und\/oder Wasserk\u00fchlung.<\/p>\n<\/li>\n<\/ul>\n<\/li>\n<\/ul>\n<\/li>\n<\/ul>\n<style>\/*! elementor - v3.21.0 - 25-04-2024 *\/\n.elementor-widget-image-carousel .swiper,.elementor-widget-image-carousel .swiper-container{position:static}.elementor-widget-image-carousel .swiper-container .swiper-slide figure,.elementor-widget-image-carousel .swiper .swiper-slide figure{line-height:inherit}.elementor-widget-image-carousel .swiper-slide{text-align:center}.elementor-image-carousel-wrapper:not(.swiper-container-initialized):not(.swiper-initialized) .swiper-slide{max-width:calc(100% \/ var(--e-image-carousel-slides-to-show, 3))}<\/style>\n<figure><img data-src=\"https:\/\/www.ramgmbh.de\/wp-content\/uploads\/2023\/09\/IMGP3053.jpeg\" alt=\"IMGP3053\" \/><\/figure>\n<figure><img data-src=\"https:\/\/www.ramgmbh.de\/wp-content\/uploads\/2023\/09\/Bildschirmfoto-2023-07-29-um-09.30.38-800x600.png\" alt=\"Bildschirmfoto 2023-07-29 um 09.30.38\" \/><\/figure>\n<h4>TECHNISCHE DATEN<\/h4>\n<h2>Zeilenkamera<\/h2>\n<\/p>\n<table border=\"0\" width=\"519\" cellspacing=\"0\" cellpadding=\"0\">\n<colgroup>\n<col width=\"185\" \/>\n<col width=\"81\" \/>\n<col width=\"136\" \/>\n<col width=\"117\" \/><\/colgroup>\n<tbody>\n<tr>\n<td width=\"185\" height=\"13\">Kamera<\/td>\n<td width=\"81\">Pixel<\/td>\n<td width=\"136\">Zeilen\/Sekunde<\/td>\n<td width=\"117\">Frequenz<\/td>\n<\/tr>\n<tr>\n<td height=\"13\">RAM-CAM-4k100<\/td>\n<td>4.096<\/td>\n<td>100.000<\/td>\n<td>410MHz<\/td>\n<\/tr>\n<tr>\n<td height=\"13\">RAM-CAM-4k172<\/td>\n<td>4.096<\/td>\n<td>172.000<\/td>\n<td>704MHz<\/td>\n<\/tr>\n<tr>\n<td height=\"13\">RAM-CAM-8k135<\/td>\n<td>8.192<\/td>\n<td>135.000<\/td>\n<td>1,11 GHz<\/td>\n<\/tr>\n<tr>\n<td height=\"13\">RAM-CAM-8k150<\/td>\n<td>8.192<\/td>\n<td>150.000<\/td>\n<td>1,23 GHz<\/td>\n<\/tr>\n<tr>\n<td height=\"13\">RAM-CAM-16k70<\/td>\n<td>16.384<\/td>\n<td>70.000<\/td>\n<td>1,15 GHz<\/td>\n<\/tr>\n<tr>\n<td height=\"13\">RAM-CAM-16k100<\/td>\n<td>16.384<\/td>\n<td>100.000<\/td>\n<td>1,64 GHz<\/td>\n<\/tr>\n<\/tbody>\n<\/table>\n<p>\t\t\t<a href=\"http:\/\/www.ramgmbh.com\/download\/eng_Zeilenkamera.pdf\" target=\"_blank\" rel=\"noopener\"><br \/>\n\t\t\t\t\t\t\t\t\tDatenblatt<br \/>\n\t\t\t\t\t<\/a><\/p>\n<h2><a href=\"https:\/\/www.ramgmbh.de\/contact\/\"><br \/>\nDie RAM-CAM-Serie ist f\u00fcr die strengen Anforderungen der heutigen Bahnwarenherstellung konzipiert. Ihre Konstruktion aus rostfreiem Stahl gew\u00e4hrleistet Haltbarkeit und Langlebigkeit.<br \/>\nF\u00fcr ein tieferes Verst\u00e4ndnis, wie FIS-1000\u00ae Ihr Qualit\u00e4ts-LAB und Ihre Produktion revolutionieren kann, <a href=\"https:\/\/www.ramgmbh.de\/contact\/\" target=\"_new\" style=\"color: var(--tw-prose-links); text-decoration: underline; border-style: solid; border-color: rgb(217, 217, 227); outline: currentcolor; font-family: S\u00f6hne, ui-sans-serif, system-ui, -apple-system, &quot;Segoe UI&quot;, Roboto, Ubuntu, Cantarell, &quot;Noto Sans&quot;, sans-serif, &quot;Helvetica Neue&quot;, Arial, &quot;Apple Color Emoji&quot;, &quot;Segoe UI Emoji&quot;, &quot;Segoe UI Symbol&quot;, &quot;Noto Color Emoji&quot;; font-weight: 500; font-size: 16px; caret-color: rgb(0, 0, 0); text-underline-offset: 2px;\" rel=\"noopener\">kontaktieren Sie uns<\/a> noch heute.<\/p>\n<p><\/a><\/h2>\n","protected":false},"featured_media":6224,"menu_order":4,"template":"elementor_header_footer","meta":[],"product_category":[51],"class_list":["post-2650","product","type-product","status-publish","has-post-thumbnail","hentry","product_category-surface-inspection"],"translation":{"provider":"WPGlobus","version":"2.12.2","language":"de","enabled_languages":["en","es","de","br","fr"],"languages":{"en":{"title":true,"content":true,"excerpt":false},"es":{"title":true,"content":true,"excerpt":false},"de":{"title":true,"content":true,"excerpt":false},"br":{"title":true,"content":true,"excerpt":false},"fr":{"title":true,"content":true,"excerpt":false}}},"aioseo_notices":[],"_links":{"self":[{"href":"https:\/\/www.ramgmbh.de\/de\/wp-json\/wp\/v2\/product\/2650","targetHints":{"allow":["GET"]}}],"collection":[{"href":"https:\/\/www.ramgmbh.de\/de\/wp-json\/wp\/v2\/product"}],"about":[{"href":"https:\/\/www.ramgmbh.de\/de\/wp-json\/wp\/v2\/types\/product"}],"version-history":[{"count":81,"href":"https:\/\/www.ramgmbh.de\/de\/wp-json\/wp\/v2\/product\/2650\/revisions"}],"predecessor-version":[{"id":6981,"href":"https:\/\/www.ramgmbh.de\/de\/wp-json\/wp\/v2\/product\/2650\/revisions\/6981"}],"wp:featuredmedia":[{"embeddable":true,"href":"https:\/\/www.ramgmbh.de\/de\/wp-json\/wp\/v2\/media\/6224"}],"wp:attachment":[{"href":"https:\/\/www.ramgmbh.de\/de\/wp-json\/wp\/v2\/media?parent=2650"}],"wp:term":[{"taxonomy":"product_category","embeddable":true,"href":"https:\/\/www.ramgmbh.de\/de\/wp-json\/wp\/v2\/product_category?post=2650"}],"curies":[{"name":"wp","href":"https:\/\/api.w.org\/{rel}","templated":true}]}}