{"id":3704,"date":"2023-09-15T15:19:14","date_gmt":"2023-09-15T15:19:14","guid":{"rendered":"https:\/\/www.ramgmbh.de\/?post_type=product&#038;p=3704"},"modified":"2024-05-27T09:10:49","modified_gmt":"2024-05-27T08:10:49","slug":"training","status":"publish","type":"product","link":"https:\/\/www.ramgmbh.de\/de\/product\/training\/","title":{"rendered":"Training"},"content":{"rendered":"<h4><\/h4>\n<h2>Erweitern Sie Ihr Fachwissen mit den R.A.M. Trainingsprogrammen<\/h2>\n<\/p>\n<link rel=\"stylesheet\" href=\"https:\/\/www.ramgmbh.de\/wp-content\/plugins\/elementor\/assets\/css\/widget-icon-box.min.css\">\n<p>\n\t\t\t\t\t\t<b>Bei R.A.M.<\/b> glauben wir, dass Wissen Macht ist. Deshalb bieten wir spezielle Schulungen an, die auf Ihre individuellen Bed\u00fcrfnisse zugeschnitten sind. Diese Kurse werden von unserem hochqualifizierten Team durchgef\u00fchrt und sollen Ihnen die F\u00e4higkeiten und Kenntnisse vermitteln, die Sie f\u00fcr Ihre Arbeit ben\u00f6tigen. W\u00e4hlen Sie Ihr Schulungsprogramm:\t\t\t\t\t<\/p>\n<h4>Beherrschen Sie die Grundlagen in einem Tag<br \/>\n<\/h4>\n<h2>Bedienerschulung:<\/h2>\n<p>\n\t            Was Sie lernen werden:<\/p>\n<p>&#8211; Navigieren in der CAMEN-Software und Laden von Rezepten<br \/>\n&#8211; Verstehen von Schl\u00fcsselbegriffen wie Grauwert, Schwellenwert und Nutzen<br \/>\n<br \/>&#8211; Auftragserstellung und Rollenbericht-Verwaltung in CAMEN<br \/>\n&#8211; Effektiver Umgang mit Warnungen und Fehlern<br \/>\n<br \/>&#8211; Grundlegende Software-Funktionalit\u00e4ten <\/p>\n<p>Standort: An Ihrer eigenen Maschine<br \/>\nDauer: 1 Tag\t        <\/p>\n<p>\t\t\t<a href=\"mailto:info@ramgmbh.de\"> Jetzt terminieren<\/a>\t\t<\/p>\n<h4>Erweitern Sie Ihre F\u00e4higkeiten<\/h4>\n<h2>Manager \/ Leiter der Produktionsausbildung: <\/h2>\n<p>\n\t            Was Sie lernen werden:<\/p>\n<p>&#8211; Alle Inhalte Bedienerschulung<br \/>\n&#8211; Rezepterstellung f\u00fcr verschiedene Produkte<br \/>\n<br \/>&#8211; Grundlagen der optischen Fehlererkennung<br \/>\n<br \/>&#8211; Klassifizierung der Fehler nach Gr\u00f6\u00dfe und Art (bitte senden Sie vorab Muster)<br \/>\n<br \/>&#8211; Erweiterte Software-Funktionalit\u00e4ten<\/p>\n<p>Standort: Werk der R.A.M. GmbH<br \/>\n<br \/>Dauer: 2 Tage\t        <\/p>\n<p>\t\t\t<a href=\"mailto:info@ramgmbh.de\"> Jetzt Terminieren<\/a>\t\t<\/p>\n<h4>Werden Sie Systemexperte<\/h4>\n<h2>Ausbildung in der Instandhaltung:<\/h2>\n<p>\n\t            Was Sie lernen werden:<\/p>\n<p>&#8211; Alle Inhalte der Manager Schulung<br \/>\n<br \/>&#8211; Verstehen von Systemwarnungen und geeigneten Ma\u00dfnahmen<br \/>\n<br \/>-Verwendung von CAMEN-Protokollen f\u00fcr die Fehlersuche<br \/>\n<br \/>&#8211; Neustart von Einzelzeilenkameras<br \/>\n<br \/>&#8211; Umfassende Systembewertung, einschlie\u00dflich mechanischer und elektrischer Pr\u00fcfungen<br \/>\n<br \/>&#8211; Verfahren zur Systemkalibrierung<\/p>\n<p>Standort: Werk der R.A.M. GmbH<br \/>\n<br \/>Dauer: 3 Tage\t        <\/p>\n<p>\t\t\t<a href=\"mailto:info@ramgmbh.de\"> Jetzt Terminieren<\/a>\t\t<\/p>\n<style>\n    .shape-move,.shape-move:nth-child(2){\n        background: var(--color-primary) !important;\n    }\n<\/style>\n","protected":false},"featured_media":0,"menu_order":0,"template":"elementor_header_footer","meta":[],"product_category":[60],"class_list":["post-3704","product","type-product","status-publish","hentry","product_category-training"],"translation":{"provider":"WPGlobus","version":"2.12.2","language":"de","enabled_languages":["en","es","de","br","fr"],"languages":{"en":{"title":true,"content":true,"excerpt":false},"es":{"title":true,"content":true,"excerpt":false},"de":{"title":true,"content":true,"excerpt":false},"br":{"title":true,"content":true,"excerpt":false},"fr":{"title":true,"content":true,"excerpt":false}}},"aioseo_notices":[],"_links":{"self":[{"href":"https:\/\/www.ramgmbh.de\/de\/wp-json\/wp\/v2\/product\/3704","targetHints":{"allow":["GET"]}}],"collection":[{"href":"https:\/\/www.ramgmbh.de\/de\/wp-json\/wp\/v2\/product"}],"about":[{"href":"https:\/\/www.ramgmbh.de\/de\/wp-json\/wp\/v2\/types\/product"}],"version-history":[{"count":22,"href":"https:\/\/www.ramgmbh.de\/de\/wp-json\/wp\/v2\/product\/3704\/revisions"}],"predecessor-version":[{"id":6937,"href":"https:\/\/www.ramgmbh.de\/de\/wp-json\/wp\/v2\/product\/3704\/revisions\/6937"}],"wp:attachment":[{"href":"https:\/\/www.ramgmbh.de\/de\/wp-json\/wp\/v2\/media?parent=3704"}],"wp:term":[{"taxonomy":"product_category","embeddable":true,"href":"https:\/\/www.ramgmbh.de\/de\/wp-json\/wp\/v2\/product_category?post=3704"}],"curies":[{"name":"wp","href":"https:\/\/api.w.org\/{rel}","templated":true}]}}