{"id":3717,"date":"2023-09-15T15:36:09","date_gmt":"2023-09-15T15:36:09","guid":{"rendered":"https:\/\/www.ramgmbh.de\/?post_type=product&#038;p=3717"},"modified":"2024-05-27T09:51:24","modified_gmt":"2024-05-27T08:51:24","slug":"vstat","status":"publish","type":"product","link":"https:\/\/www.ramgmbh.de\/de\/product\/vstat\/","title":{"rendered":"vSTAT\u00ae"},"content":{"rendered":"<h2>Ihr umfassendes Tool f\u00fcr die visuelle statistische Analyse<br \/><\/h2>\n<p>Visual Statistical Analysis Tool<\/p>\n<p>Steigern Sie Ihre Produktionsqualit\u00e4t mit vSTAT\u00ae, unserem benutzerfreundlichen Analysetool.\u00a0Es fasst alle Sensordaten auf einem Bildschirm zusammen. vSTAT\u00ae eignet sich hervorragend zur Anzeige von Bahnbeobachtungs- und Dickendaten und kann mit vielen anderen Sensoren und Systemen kombiniert werden.<\/p>\n<h4>\u00a0<\/h4>\n<h4>Hauptmerkmale:<\/h4>\n<ul>\n<li>Qualit\u00e4tskontrolle vor Ort: Treffen Sie schnelle, intelligente Entscheidungen direkt in der Produktion.<\/li>\n<li>gespeicherte Trends verfolgen: Schauen Sie sich die bisherige Produktion an, um den Produktionsablauf stetig zu verbessern.<\/li>\n<li>Tiefe Einblicke in die Prozesse: Verbessern Sie Ihr Verst\u00e4ndnis f\u00fcr die Produktion.<\/li>\n<li>gesicherter Datenzugriff von \u00fcberall: Greifen Sie sicher auf Ihre Produktionsdaten zu, jederzeit und an jedem Ort.<\/li>\n<\/ul>\n<h4>System Voraussetzungen:<\/h4>\n<ul>\n<li>Kompatibel mit Windows 7, Mac OS X 10.9, und Linux mit Desktop.<\/li>\n<li>Eine Bildschirmaufl\u00f6sung von mindestens 1024 \u00d7 768 wird empfohlen.<\/li>\n<li>Mindestens 2 GB Arbeitsspeicher (8 GB empfohlen).<\/li>\n<\/ul>\n<h4>\u00a0<\/h4>\n<h4>Besondere Merkmale:<\/h4>\n<ul>\n<li style=\"list-style-type: none;\">\n<ul>\n<li style=\"list-style-type: none;\">\n<ul>\n<li>STATISTIC: Richten Sie Ihre Statistiken f\u00fcr Webinspektion, Dicke und mehr ein. Wir sorgen daf\u00fcr, dass Sie n\u00fctzliche Einblicke in die Qualit\u00e4t erhalten.<\/li>\n<\/ul>\n<ul>\n<li>OVERLAY: Sie k\u00f6nnen Daten von verschiedenen Sensoren gemeinsam betrachten und leicht vergleichen.<\/li>\n<\/ul>\n<\/li>\n<\/ul>\n<\/li>\n<\/ul>\n<p>\u00a0<\/p>\n<p><img fetchpriority=\"high\" decoding=\"async\" src=\"https:\/\/www.ramgmbh.de\/wp-content\/uploads\/2023\/09\/Design-sem-nome-6-1024x838.png\" alt=\"\" width=\"1024\" height=\"838\" \/><\/p>\n<p><a href=\"https:\/\/www.ramgmbh.de\/contact\/\"><u>Kontaktieren Sie uns, um mehr zu erfahren!<\/u><\/a><\/p>\n<p>\t\t\t<a href=\"http:\/\/www.ramgmbh.de\/download\/plastPMS_by_RAM_i40.pdf\"><br \/>\n\t\t\t\t\t\t\t\t\tvSTAT Datenblatt<br \/>\n\t\t\t\t\t<\/a><\/p>\n<style>\/*! elementor - v3.21.0 - 25-04-2024 *\/\n.elementor-column .elementor-spacer-inner{height:var(--spacer-size)}.e-con{--container-widget-width:100%}.e-con-inner>.elementor-widget-spacer,.e-con>.elementor-widget-spacer{width:var(--container-widget-width,var(--spacer-size));--align-self:var(--container-widget-align-self,initial);--flex-shrink:0}.e-con-inner>.elementor-widget-spacer>.elementor-widget-container,.e-con>.elementor-widget-spacer>.elementor-widget-container{height:100%;width:100%}.e-con-inner>.elementor-widget-spacer>.elementor-widget-container>.elementor-spacer,.e-con>.elementor-widget-spacer>.elementor-widget-container>.elementor-spacer{height:100%}.e-con-inner>.elementor-widget-spacer>.elementor-widget-container>.elementor-spacer>.elementor-spacer-inner,.e-con>.elementor-widget-spacer>.elementor-widget-container>.elementor-spacer>.elementor-spacer-inner{height:var(--container-widget-height,var(--spacer-size))}.e-con-inner>.elementor-widget-spacer.elementor-widget-empty,.e-con>.elementor-widget-spacer.elementor-widget-empty{position:relative;min-height:22px;min-width:22px}.e-con-inner>.elementor-widget-spacer.elementor-widget-empty .elementor-widget-empty-icon,.e-con>.elementor-widget-spacer.elementor-widget-empty .elementor-widget-empty-icon{position:absolute;top:0;bottom:0;left:0;right:0;margin:auto;padding:0;width:22px;height:22px}<\/style>\n","protected":false},"featured_media":5409,"menu_order":7,"template":"elementor_header_footer","meta":[],"product_category":[57],"class_list":["post-3717","product","type-product","status-publish","has-post-thumbnail","hentry","product_category-software"],"translation":{"provider":"WPGlobus","version":"2.12.2","language":"de","enabled_languages":["en","es","de","br","fr"],"languages":{"en":{"title":true,"content":true,"excerpt":false},"es":{"title":true,"content":true,"excerpt":false},"de":{"title":true,"content":true,"excerpt":false},"br":{"title":true,"content":true,"excerpt":false},"fr":{"title":true,"content":true,"excerpt":false}}},"aioseo_notices":[],"_links":{"self":[{"href":"https:\/\/www.ramgmbh.de\/de\/wp-json\/wp\/v2\/product\/3717","targetHints":{"allow":["GET"]}}],"collection":[{"href":"https:\/\/www.ramgmbh.de\/de\/wp-json\/wp\/v2\/product"}],"about":[{"href":"https:\/\/www.ramgmbh.de\/de\/wp-json\/wp\/v2\/types\/product"}],"version-history":[{"count":37,"href":"https:\/\/www.ramgmbh.de\/de\/wp-json\/wp\/v2\/product\/3717\/revisions"}],"predecessor-version":[{"id":6972,"href":"https:\/\/www.ramgmbh.de\/de\/wp-json\/wp\/v2\/product\/3717\/revisions\/6972"}],"wp:featuredmedia":[{"embeddable":true,"href":"https:\/\/www.ramgmbh.de\/de\/wp-json\/wp\/v2\/media\/5409"}],"wp:attachment":[{"href":"https:\/\/www.ramgmbh.de\/de\/wp-json\/wp\/v2\/media?parent=3717"}],"wp:term":[{"taxonomy":"product_category","embeddable":true,"href":"https:\/\/www.ramgmbh.de\/de\/wp-json\/wp\/v2\/product_category?post=3717"}],"curies":[{"name":"wp","href":"https:\/\/api.w.org\/{rel}","templated":true}]}}