{"id":5276,"date":"2023-11-01T07:50:25","date_gmt":"2023-11-01T07:50:25","guid":{"rendered":"https:\/\/www.ramgmbh.de\/?post_type=product&#038;p=5276"},"modified":"2024-05-27T10:02:03","modified_gmt":"2024-05-27T09:02:03","slug":"camen","status":"publish","type":"product","link":"https:\/\/www.ramgmbh.de\/de\/product\/camen\/","title":{"rendered":"CAMEN\u00ae"},"content":{"rendered":"<h4>\u00a0<\/h4>\n<h2>CAMEN\u00ae: Ihr Kommandozentrum f\u00fcr Qualit\u00e4tskontrolle<\/h2>\n<h4 style=\"letter-spacing: normal;\">Computer Aided Manufacturing Environment<\/h4>\n<p>\u00a0<\/p>\n<p>CAMEN\u00ae ist eine Benutzeroberfl\u00e4che, die die Produktion nahtlos mit detaillierten Qualit\u00e4tsanalysen versorgt und sich auf die Verfolgung von Qualit\u00e4tsm\u00e4ngeln und die Aufzeichnung der Produktion konzentriert. Die Rollenprotokolle von CAMEN\u00ae bieten detaillierte Einblicke in die Fehlerklassen, ihre Gr\u00f6\u00dfe und ihre genaue Position, alles zu Ihrer Unterst\u00fctzung sortiert. Profitieren Sie von anpassbaren Berichten, die qualit\u00e4tsbezogene Metriken auswerten, und visualisieren Sie Defekte mit unserer einzigartigen Defektkartenfunktion.<\/p>\n<h4>\u00a0<\/h4>\n<h4>System Voraussetzungen:<\/h4>\n<ul>\n<li>Kompatibel mit Windows 7, Mac OS X 10.9, und Linux mit Desktop.<\/li>\n<li>Eine Bildschirmaufl\u00f6sung von mindestens 1024 x 768 wird empfohlen.<\/li>\n<li>8GB Speicher (empfohlen).<\/li>\n<\/ul>\n<h5>\u00a0<\/h5>\n<p><style>\/*! elementor - v3.7.8 - 02-10-2022 *\/<br \/>.elementor-widget-image{text-align:center}.elementor-widget-image a{display:inline-block}.elementor-widget-image a img[src$=\".svg\"]{width:48px}.elementor-widget-image img{vertical-align:middle;display:inline-block}<\/style>\n<\/p>\n<p><img fetchpriority=\"high\" decoding=\"async\" src=\"https:\/\/www.ramgmbh.de\/wp-content\/uploads\/2023\/09\/Bildschirmfoto-2018-10-17-um-16.19.50-1-1024x838.png\" sizes=\"(max-width: 1024px) 100vw, 1024px\" srcset=\"https:\/\/www.ramgmbh.de\/wp-content\/uploads\/2023\/09\/Bildschirmfoto-2018-10-17-um-16.19.50-1-1024x838.png 1024w, https:\/\/www.ramgmbh.de\/wp-content\/uploads\/2023\/09\/Bildschirmfoto-2018-10-17-um-16.19.50-1-300x245.png 300w, https:\/\/www.ramgmbh.de\/wp-content\/uploads\/2023\/09\/Bildschirmfoto-2018-10-17-um-16.19.50-1-768x628.png 768w, https:\/\/www.ramgmbh.de\/wp-content\/uploads\/2023\/09\/Bildschirmfoto-2018-10-17-um-16.19.50-1-1536x1257.png 1536w, https:\/\/www.ramgmbh.de\/wp-content\/uploads\/2023\/09\/Bildschirmfoto-2018-10-17-um-16.19.50-1-2048x1676.png 2048w\" alt=\"\" width=\"1024\" height=\"838\" \/><\/p>\n<p>Mit CAMEN\u00ae erhalten Sie einen umfassenden \u00dcberblick \u00fcber Ihre Materialqualit\u00e4t und k\u00f6nnen so datengest\u00fctzte Entscheidungen f\u00fcr eine verbesserte Qualit\u00e4t und Effizienz treffen.<\/p>\n<h4>\u00a0<\/h4>\n<h5><a style=\"color: #ad1221; text-decoration: underline;\" href=\"https:\/\/www.ramgmbh.de\/contact\/\">Kontaktieren Sie uns um mehr zu erfahren!<\/a><\/h5>\n<h3 style=\"text-align: center;\">\u00a0\u00a0<\/h3>\n<p>\t\t\t<a href=\"http:\/\/www.ramgmbh.de\/download\/plastPMS_by_RAM_i40.pdf\"><br \/>\n\t\t\t\t\t\t\t\t\tCAMEN\u00ae Datenblatt<br \/>\n\t\t\t\t\t<\/a><\/p>\n<style>\/*! elementor - v3.21.0 - 25-04-2024 *\/\n.elementor-column .elementor-spacer-inner{height:var(--spacer-size)}.e-con{--container-widget-width:100%}.e-con-inner>.elementor-widget-spacer,.e-con>.elementor-widget-spacer{width:var(--container-widget-width,var(--spacer-size));--align-self:var(--container-widget-align-self,initial);--flex-shrink:0}.e-con-inner>.elementor-widget-spacer>.elementor-widget-container,.e-con>.elementor-widget-spacer>.elementor-widget-container{height:100%;width:100%}.e-con-inner>.elementor-widget-spacer>.elementor-widget-container>.elementor-spacer,.e-con>.elementor-widget-spacer>.elementor-widget-container>.elementor-spacer{height:100%}.e-con-inner>.elementor-widget-spacer>.elementor-widget-container>.elementor-spacer>.elementor-spacer-inner,.e-con>.elementor-widget-spacer>.elementor-widget-container>.elementor-spacer>.elementor-spacer-inner{height:var(--container-widget-height,var(--spacer-size))}.e-con-inner>.elementor-widget-spacer.elementor-widget-empty,.e-con>.elementor-widget-spacer.elementor-widget-empty{position:relative;min-height:22px;min-width:22px}.e-con-inner>.elementor-widget-spacer.elementor-widget-empty .elementor-widget-empty-icon,.e-con>.elementor-widget-spacer.elementor-widget-empty .elementor-widget-empty-icon{position:absolute;top:0;bottom:0;left:0;right:0;margin:auto;padding:0;width:22px;height:22px}<\/style>\n","protected":false},"featured_media":5408,"menu_order":7,"template":"elementor_header_footer","meta":[],"product_category":[57],"class_list":["post-5276","product","type-product","status-publish","has-post-thumbnail","hentry","product_category-software"],"translation":{"provider":"WPGlobus","version":"2.12.2","language":"de","enabled_languages":["en","es","de","br","fr"],"languages":{"en":{"title":true,"content":true,"excerpt":false},"es":{"title":true,"content":true,"excerpt":false},"de":{"title":true,"content":true,"excerpt":false},"br":{"title":true,"content":true,"excerpt":false},"fr":{"title":true,"content":true,"excerpt":false}}},"aioseo_notices":[],"_links":{"self":[{"href":"https:\/\/www.ramgmbh.de\/de\/wp-json\/wp\/v2\/product\/5276","targetHints":{"allow":["GET"]}}],"collection":[{"href":"https:\/\/www.ramgmbh.de\/de\/wp-json\/wp\/v2\/product"}],"about":[{"href":"https:\/\/www.ramgmbh.de\/de\/wp-json\/wp\/v2\/types\/product"}],"version-history":[{"count":19,"href":"https:\/\/www.ramgmbh.de\/de\/wp-json\/wp\/v2\/product\/5276\/revisions"}],"predecessor-version":[{"id":6978,"href":"https:\/\/www.ramgmbh.de\/de\/wp-json\/wp\/v2\/product\/5276\/revisions\/6978"}],"wp:featuredmedia":[{"embeddable":true,"href":"https:\/\/www.ramgmbh.de\/de\/wp-json\/wp\/v2\/media\/5408"}],"wp:attachment":[{"href":"https:\/\/www.ramgmbh.de\/de\/wp-json\/wp\/v2\/media?parent=5276"}],"wp:term":[{"taxonomy":"product_category","embeddable":true,"href":"https:\/\/www.ramgmbh.de\/de\/wp-json\/wp\/v2\/product_category?post=5276"}],"curies":[{"name":"wp","href":"https:\/\/api.w.org\/{rel}","templated":true}]}}