{"id":6227,"date":"2024-04-29T08:03:20","date_gmt":"2024-04-29T07:03:20","guid":{"rendered":"https:\/\/www.ramgmbh.de\/?post_type=product&#038;p=6227"},"modified":"2024-05-27T09:57:46","modified_gmt":"2024-05-27T08:57:46","slug":"plastpsm","status":"publish","type":"product","link":"https:\/\/www.ramgmbh.de\/de\/product\/plastpsm\/","title":{"rendered":"PlastPSM\u00ae"},"content":{"rendered":"<h2>PlastPMS\u00ae: Ihr allumfassendes \u00dcberwachungssystem<br \/><\/h2>\n<h4>Plastic Production Monitoring System<\/h4>\n<p>PlastPMS ist Ihr All-in-One-Tool f\u00fcr Live- und Detailanalysen, das Ihre Produktion auf ein neues Niveau hebt. Es kombiniert Daten aus all Ihren Systemen, so dass Sie alles an einem Ort sehen k\u00f6nnen. Aber es geht nicht nur darum, Daten zu sehen. Unser intelligenter Algorithmus hilft bei der Vorhersage der n\u00e4chsten Ereignisse in der Produktion, so dass Sie immer einen Schritt voraus sind, Abfall reduzieren und die Qualit\u00e4t aktiv verbessern k\u00f6nnen. Mit PlastPMS wird Qualit\u00e4t nicht nur \u00fcberwacht, sondern auch erreicht.<\/p>\n<h4>\u00a0<\/h4>\n<h4>Hauptmerkmale:<\/h4>\n<ul>\n<li>All Ihre Daten an einem Ort: Sehen Sie sich die Daten aller Maschinensensoren zusammen an, um einen umfassenden \u00dcberblick zu erhalten.<\/li>\n<li>Qualit\u00e4t in Echtzeit pr\u00fcfen: Beurteilen Sie die Produktqualit\u00e4t direkt von Ihrem Standort aus.<\/li>\n<li>Analysieren, um zu optimieren: Nutzen Sie die bisherigen Daten, um die Produktion weiter zu verbessern.<\/li>\n<li>Tiefgehende Einblicke: Erfahren Sie mehr \u00fcber die Details Ihrer Produktion und treffen Sie bessere Entscheidungen.<\/li>\n<li>Daten dort, wo Sie sind: Greifen Sie sicher auf Ihre Daten zu, jederzeit und \u00fcberall.<\/li>\n<\/ul>\n<h4>\u00a0<\/h4>\n<h4>System Voraussetzungen:<\/h4>\n<ul>\n<li>Kompatibel mit Windows 7, Mac OS X 10.9, und Linux mit Desktop.<\/li>\n<li>Eine Bildschirmaufl\u00f6sung von mindestens 1024 \u00d7 768 wird empfohlen.<\/li>\n<li>Minimum 2GB Speicher (8GB empfohlen).<\/li>\n<\/ul>\n<h4>\u00a0<\/h4>\n<h4>Besondere Module:<\/h4>\n<ul>\n<li style=\"list-style-type: none;\">\n<ul>\n<li style=\"list-style-type: none;\">\n<ul>\n<li>STATISTIC: Gestalten Sie Ihre Analyse mit Bahnbeobachtung, Dicke und mehr. Erhalten Sie Einblicke genau dort, wo Sie sie brauchen.<\/li>\n<\/ul>\n<\/li>\n<\/ul>\n<\/li>\n<\/ul>\n<p>\u00a0<\/p>\n<ul>\n<li style=\"list-style-type: none;\">\n<ul>\n<li style=\"list-style-type: none;\">\n<ul>\n<li>MONITORING &#8211; REPORT VIEWER: Speichern Sie alle Ihre Sensordaten an einem Ort, der f\u00fcr die Bahn- und Dickeninspektion entwickelt wurde, aber f\u00fcr mehr ger\u00fcstet ist.<\/li>\n<\/ul>\n<\/li>\n<\/ul>\n<\/li>\n<\/ul>\n<p>\u00a0<\/p>\n<p><img fetchpriority=\"high\" decoding=\"async\" src=\"https:\/\/www.ramgmbh.de\/wp-content\/uploads\/2023\/09\/Design-sem-nome-7-1024x838.png\" alt=\"\" width=\"1024\" height=\"838\" \/><\/p>\n<p><a href=\"https:\/\/www.ramgmbh.de\/contact\/\"><u>Kontaktieren Sie uns, um mehr zu erfahren!<\/u><\/a><\/p>\n<p>\t\t\t<a href=\"http:\/\/www.ramgmbh.de\/download\/plastPMS_by_RAM_i40.pdf\"><br \/>\n\t\t\t\t\t\t\t\t\tPlastPMS Datenblatt<br \/>\n\t\t\t\t\t<\/a><\/p>\n<style>\/*! elementor - v3.21.0 - 25-04-2024 *\/\n.elementor-column .elementor-spacer-inner{height:var(--spacer-size)}.e-con{--container-widget-width:100%}.e-con-inner>.elementor-widget-spacer,.e-con>.elementor-widget-spacer{width:var(--container-widget-width,var(--spacer-size));--align-self:var(--container-widget-align-self,initial);--flex-shrink:0}.e-con-inner>.elementor-widget-spacer>.elementor-widget-container,.e-con>.elementor-widget-spacer>.elementor-widget-container{height:100%;width:100%}.e-con-inner>.elementor-widget-spacer>.elementor-widget-container>.elementor-spacer,.e-con>.elementor-widget-spacer>.elementor-widget-container>.elementor-spacer{height:100%}.e-con-inner>.elementor-widget-spacer>.elementor-widget-container>.elementor-spacer>.elementor-spacer-inner,.e-con>.elementor-widget-spacer>.elementor-widget-container>.elementor-spacer>.elementor-spacer-inner{height:var(--container-widget-height,var(--spacer-size))}.e-con-inner>.elementor-widget-spacer.elementor-widget-empty,.e-con>.elementor-widget-spacer.elementor-widget-empty{position:relative;min-height:22px;min-width:22px}.e-con-inner>.elementor-widget-spacer.elementor-widget-empty .elementor-widget-empty-icon,.e-con>.elementor-widget-spacer.elementor-widget-empty .elementor-widget-empty-icon{position:absolute;top:0;bottom:0;left:0;right:0;margin:auto;padding:0;width:22px;height:22px}<\/style>\n","protected":false},"featured_media":6228,"menu_order":1,"template":"elementor_header_footer","meta":[],"product_category":[57],"class_list":["post-6227","product","type-product","status-publish","has-post-thumbnail","hentry","product_category-software"],"translation":{"provider":"WPGlobus","version":"2.12.2","language":"de","enabled_languages":["en","es","de","br","fr"],"languages":{"en":{"title":true,"content":true,"excerpt":false},"es":{"title":true,"content":true,"excerpt":false},"de":{"title":true,"content":true,"excerpt":false},"br":{"title":true,"content":true,"excerpt":false},"fr":{"title":true,"content":true,"excerpt":false}}},"aioseo_notices":[],"_links":{"self":[{"href":"https:\/\/www.ramgmbh.de\/de\/wp-json\/wp\/v2\/product\/6227","targetHints":{"allow":["GET"]}}],"collection":[{"href":"https:\/\/www.ramgmbh.de\/de\/wp-json\/wp\/v2\/product"}],"about":[{"href":"https:\/\/www.ramgmbh.de\/de\/wp-json\/wp\/v2\/types\/product"}],"version-history":[{"count":50,"href":"https:\/\/www.ramgmbh.de\/de\/wp-json\/wp\/v2\/product\/6227\/revisions"}],"predecessor-version":[{"id":6975,"href":"https:\/\/www.ramgmbh.de\/de\/wp-json\/wp\/v2\/product\/6227\/revisions\/6975"}],"wp:featuredmedia":[{"embeddable":true,"href":"https:\/\/www.ramgmbh.de\/de\/wp-json\/wp\/v2\/media\/6228"}],"wp:attachment":[{"href":"https:\/\/www.ramgmbh.de\/de\/wp-json\/wp\/v2\/media?parent=6227"}],"wp:term":[{"taxonomy":"product_category","embeddable":true,"href":"https:\/\/www.ramgmbh.de\/de\/wp-json\/wp\/v2\/product_category?post=6227"}],"curies":[{"name":"wp","href":"https:\/\/api.w.org\/{rel}","templated":true}]}}