{"id":7625,"date":"2025-05-05T11:22:19","date_gmt":"2025-05-05T10:22:19","guid":{"rendered":"https:\/\/www.ramgmbh.de\/?post_type=product&#038;p=7625"},"modified":"2025-05-05T11:44:16","modified_gmt":"2025-05-05T10:44:16","slug":"itg-500","status":"publish","type":"product","link":"https:\/\/www.ramgmbh.de\/de\/product\/itg-500\/","title":{"rendered":"ITG 500"},"content":{"rendered":"<style>\/*! elementor - v3.21.0 - 25-04-2024 *\/\n.elementor-heading-title{padding:0;margin:0;line-height:1}.elementor-widget-heading .elementor-heading-title[class*=elementor-size-]>a{color:inherit;font-size:inherit;line-height:inherit}.elementor-widget-heading .elementor-heading-title.elementor-size-small{font-size:15px}.elementor-widget-heading .elementor-heading-title.elementor-size-medium{font-size:19px}.elementor-widget-heading .elementor-heading-title.elementor-size-large{font-size:29px}.elementor-widget-heading .elementor-heading-title.elementor-size-xl{font-size:39px}.elementor-widget-heading .elementor-heading-title.elementor-size-xxl{font-size:59px}<\/style>\n<h2>Pr\u00e4zision in der LAB-Oberfl\u00e4cheninspektion<\/h2>\n<p>Tauchen Sie ein in die n\u00e4chste Generation der Folienpr\u00fcfung mit unserem Bench Analyser\u00ae. Als hochmoderner Labortisch konzipiert, identifiziert, kategorisiert und dokumentiert dieses System akribisch optische Defekte in Filmproben unter Einhaltung des DIN A4 \/ DIN A3 Standards. Egal ob es sich um transparente oder opake Folien handelt, unser System gew\u00e4hrleistet eine umfassende Analyse.<\/p>\n<h4>Schl\u00fcsselmerkmale:<\/h4>\n<ul>\n<li>Durchlicht Belichtung: Ideal sowohl f\u00fcr transparente als auch f\u00fcr teils undurchsichtige Folien.<\/li>\n<li>Auflicht Belichtung: Verbessert die Sichtbarkeit und Klarheit, insbesondere bei Begleitfolien.<\/li>\n<li>Dunkelfeld Blende: Speziell entwickelt, um die Erkennung von Gelflecken in transparenten Filmen zu verbessern.<\/li>\n<li>Beidseitige Belichtung: Eine harmonische Mischung aus Durchlicht- und Auflichtbeleuchtung, die eine unvergleichliche Klarheit f\u00fcr Begleitfolien bietet.<\/li>\n<li>Automatisierte Fehlerklassifizierung: Von Gelflecken, Gelen, Brennern bis hin zu Fischaugen, Unreinheiten, Falten, Hohlr\u00e4umen oder Fliegen &#8211; unser System klassifiziert sie alle. Au\u00dferdem liefert es Fotos dieser Fehler zur detaillierten Auswertung.<\/li>\n<\/ul>\n<h4>\u00a0<\/h4>\n<h4>Konnektivit\u00e4t und Integration:<\/h4>\n<p>Das ITG 500 Bench System l\u00e4sst sich m\u00fchelos in Ihr IT-Netzwerk integrieren, so dass der Zugriff von jedem Arbeitsplatz aus m\u00f6glich ist. \u00dcberwachen Sie Auswertungen in Echtzeit oder laden Sie Daten direkt \u00fcber eine USB-Schnittstelle herunter. Verbessern Sie Ihren Filmpr\u00fcfprozess mit dem Bench Analyser.<\/p>\n<p>\u00a0<\/p>\n<style>\/*! elementor - v3.21.0 - 25-04-2024 *\/\n.elementor-widget-image{text-align:center}.elementor-widget-image a{display:inline-block}.elementor-widget-image a img[src$=\".svg\"]{width:48px}.elementor-widget-image img{vertical-align:middle;display:inline-block}<\/style>\n<p>\t\t\t\t\t\t\t\t\t\t<img fetchpriority=\"high\" decoding=\"async\" width=\"772\" height=\"1080\" src=\"https:\/\/www.ramgmbh.de\/wp-content\/uploads\/2023\/09\/Bildschirmfoto-2023-09-04-um-14.23.47-1.png\" alt=\"\" srcset=\"https:\/\/www.ramgmbh.de\/wp-content\/uploads\/2023\/09\/Bildschirmfoto-2023-09-04-um-14.23.47-1.png 772w, https:\/\/www.ramgmbh.de\/wp-content\/uploads\/2023\/09\/Bildschirmfoto-2023-09-04-um-14.23.47-1-214x300.png 214w, https:\/\/www.ramgmbh.de\/wp-content\/uploads\/2023\/09\/Bildschirmfoto-2023-09-04-um-14.23.47-1-732x1024.png 732w, https:\/\/www.ramgmbh.de\/wp-content\/uploads\/2023\/09\/Bildschirmfoto-2023-09-04-um-14.23.47-1-768x1074.png 768w\" sizes=\"(max-width: 772px) 100vw, 772px\" \/>\t\t\t\t\t\t\t\t\t\t\t\t\t<\/p>\n<h4>Technische Daten<\/h4>\n<h2>ITG 500 &#8211; Bench<\/h2>\n<\/p>\n<style>\/*! elementor-pro - v3.7.7 - 20-09-2022 *\/\n.elementor-widget-price-list .elementor-price-list{list-style:none;padding:0;margin:0}.elementor-widget-price-list .elementor-price-list li{margin:0}.elementor-price-list li:not(:last-child){margin-bottom:20px}.elementor-price-list .elementor-price-list-image{max-width:50%;-ms-flex-negative:0;flex-shrink:0;padding-right:25px}.elementor-price-list .elementor-price-list-image img{width:100%}.elementor-price-list .elementor-price-list-header,.elementor-price-list .elementor-price-list-item,.elementor-price-list .elementor-price-list-text{display:-webkit-box;display:-ms-flexbox;display:flex}.elementor-price-list .elementor-price-list-item{-webkit-box-align:start;-ms-flex-align:start;align-items:flex-start}.elementor-price-list .elementor-price-list-item .elementor-price-list-text{-webkit-box-align:start;-ms-flex-align:start;align-items:flex-start;-ms-flex-wrap:wrap;flex-wrap:wrap;-webkit-box-flex:1;-ms-flex-positive:1;flex-grow:1}.elementor-price-list .elementor-price-list-item .elementor-price-list-header{-webkit-box-align:center;-ms-flex-align:center;align-items:center;-ms-flex-preferred-size:100%;flex-basis:100%;font-size:19px;font-weight:600;margin-bottom:10px;-webkit-box-pack:justify;-ms-flex-pack:justify;justify-content:space-between}.elementor-price-list .elementor-price-list-item .elementor-price-list-title{max-width:80%}.elementor-price-list .elementor-price-list-item .elementor-price-list-price{font-weight:600}.elementor-price-list .elementor-price-list-item p.elementor-price-list-description{-ms-flex-preferred-size:100%;flex-basis:100%;font-size:14px;margin:0}.elementor-price-list .elementor-price-list-item .elementor-price-list-separator{-webkit-box-flex:1;-ms-flex-positive:1;flex-grow:1;margin-left:10px;margin-right:10px;border-bottom-style:dotted;border-bottom-width:2px;height:0}.elementor-price-table{text-align:center}.elementor-price-table .elementor-price-table__header{background:var(--e-price-table-header-background-color,#555);padding:20px 0}.elementor-price-table .elementor-price-table__heading{margin:0;padding:0;line-height:1.2;font-size:24px;font-weight:600;color:#fff}.elementor-price-table .elementor-price-table__subheading{font-size:13px;font-weight:400;color:#fff}.elementor-price-table .elementor-price-table__original-price{margin-right:15px;text-decoration:line-through;font-size:.5em;line-height:1;font-weight:400;-ms-flex-item-align:center;align-self:center}.elementor-price-table .elementor-price-table__original-price .elementor-price-table__currency{font-size:1em;margin:0}.elementor-price-table .elementor-price-table__price{display:-webkit-box;display:-ms-flexbox;display:flex;-webkit-box-pack:center;-ms-flex-pack:center;justify-content:center;-webkit-box-align:center;-ms-flex-align:center;align-items:center;-ms-flex-wrap:wrap;flex-wrap:wrap;-webkit-box-orient:horizontal;-webkit-box-direction:normal;-ms-flex-direction:row;flex-direction:row;color:#555;font-weight:800;font-size:65px;padding:40px 0}.elementor-price-table .elementor-price-table__price .elementor-typo-excluded{line-height:normal;letter-spacing:normal;text-transform:none;font-weight:400;font-size:medium;font-style:normal}.elementor-price-table .elementor-price-table__after-price{display:-webkit-box;display:-ms-flexbox;display:flex;-ms-flex-wrap:wrap;flex-wrap:wrap;text-align:left;-ms-flex-item-align:stretch;align-self:stretch;-webkit-box-align:start;-ms-flex-align:start;align-items:flex-start;-webkit-box-orient:vertical;-webkit-box-direction:normal;-ms-flex-direction:column;flex-direction:column}.elementor-price-table .elementor-price-table__integer-part{line-height:.8}.elementor-price-table .elementor-price-table__currency,.elementor-price-table .elementor-price-table__fractional-part{line-height:1;font-size:.3em}.elementor-price-table .elementor-price-table__currency{margin-right:3px}.elementor-price-table .elementor-price-table__period{width:100%;font-size:13px;font-weight:400}.elementor-price-table .elementor-price-table__features-list{list-style-type:none;margin:0;padding:0;line-height:1;color:var(--e-price-table-features-list-color)}.elementor-price-table .elementor-price-table__features-list li{font-size:14px;line-height:1;margin:0;padding:0}.elementor-price-table .elementor-price-table__features-list li .elementor-price-table__feature-inner{margin-left:15px;margin-right:15px}.elementor-price-table .elementor-price-table__features-list li:not(:first-child):before{content:\"\";display:block;border:0 solid hsla(0,0%,47.8%,.3);margin:10px 12.5%}.elementor-price-table .elementor-price-table__features-list i{margin-right:10px;font-size:1.3em}.elementor-price-table .elementor-price-table__features-list svg{margin-right:10px;fill:var(--e-price-table-features-list-color);height:1.3em;width:1.3em}.elementor-price-table .elementor-price-table__features-list svg~*{vertical-align:text-top}.elementor-price-table .elementor-price-table__footer{padding:30px 0}.elementor-price-table .elementor-price-table__additional_info{margin:0;font-size:13px;line-height:1.4}.elementor-price-table__ribbon{position:absolute;top:0;left:auto;right:0;-webkit-transform:rotate(90deg);-ms-transform:rotate(90deg);transform:rotate(90deg);width:150px;overflow:hidden;height:150px}.elementor-price-table__ribbon-inner{text-align:center;left:0;width:200%;-webkit-transform:translateY(-50%) translateX(-50%) translateX(35px) rotate(-45deg);-ms-transform:translateY(-50%) translateX(-50%) translateX(35px) rotate(-45deg);transform:translateY(-50%) translateX(-50%) translateX(35px) rotate(-45deg);margin-top:35px;font-size:13px;line-height:2;font-weight:800;text-transform:uppercase;background:#000}.elementor-price-table__ribbon.elementor-ribbon-left{-webkit-transform:rotate(0);-ms-transform:rotate(0);transform:rotate(0);left:0;right:auto}.elementor-price-table__ribbon.elementor-ribbon-right{-webkit-transform:rotate(90deg);-ms-transform:rotate(90deg);transform:rotate(90deg);left:auto;right:0}.elementor-widget-price-table .elementor-widget-container{overflow:hidden;background-color:#f7f7f7}.e-container>.elementor-widget-price-list,.e-container__inner>.elementor-widget-price-list{width:var(--container-widget-width,100%)}<\/style>\n<ul>\n<li>\n\t\t\t\t\t\t\tPC\t\t\t\t\t\t<\/p>\n<p>\n\t\t\t\t\t\t\t1 x CPU 3,10 GHz,<br \/>\n16 GByte Memory,<br \/>\n1 TByte,<br \/>\n8 Gbyte SSD,<br \/>\n2x Ethernet,\n\t\t\t\t\t\t<\/p>\n<\/li>\n<li><a href=\"#\"><br \/>\n\t\t\t\t\t\t\tBildschirm\t\t\t\t\t\t<\/p>\n<p>\n\t\t\t\t\t\t\t19&#8243; Touch-Screen\n\t\t\t\t\t\t<\/p>\n<p>\t\t\t\t<\/a><\/li>\n<li><a href=\"#\"><br \/>\n\t\t\t\t\t\t\tSoftware\t\t\t\t\t\t<\/p>\n<p>\n\t\t\t\t\t\t\tITG CAMEN 10.xx\t\t\t\t\t\t<\/p>\n<p>\t\t\t\t<\/a><\/li>\n<li><a href=\"#\"><br \/>\n\t\t\t\t\t\t\tCamera\t\t\t\t\t\t<\/p>\n<p>\n\t\t\t\t\t\t\tCMOS Zeilenkamera 4.096 pixel,<br \/>\n20.000 scans \/ sek.\t\t\t\t\t\t<\/p>\n<p>\t\t\t\t<\/a><\/li>\n<li><a href=\"#\"><br \/>\n\t\t\t\t\t\t\tBelichtungssystem\t\t\t\t\t\t<\/p>\n<p>\n\t\t\t\t\t\t\tLED Langfeld Lampe LL 500 mm f\u00fcr Hell und Dunkelfeld\t\t\t\t\t\t<\/p>\n<p>\t\t\t\t<\/a><\/li>\n<li><a href=\"#\"><br \/>\n\t\t\t\t\t\t\tAbmessung\t\t\t\t\t\t<\/p>\n<p>\n\t\t\t\t\t\t\tL: 1.005 mm W: 885 mm H: 1.590 mm\n\t\t\t\t\t\t<\/p>\n<p>\t\t\t\t<\/a><\/li>\n<li><a href=\"#\"><br \/>\n\t\t\t\t\t\t\tPower Supply\t\t\t\t\t\t<\/p>\n<p>\n\t\t\t\t\t\t\t230 VAC, 50-60 Hz, 500 W\n\t\t\t\t\t\t<\/p>\n<p>\t\t\t\t<\/a><\/li>\n<li><a href=\"#\"><br \/>\n\t\t\t\t\t\t\tOptions\t\t\t\t\t\t<\/p>\n<p>\n\t\t\t\t\t\t\tLangfeld Lampe LL 500 reflektiertes Licht,<br \/>\nOpazit\u00e4ts-, Haze- and Orangenhaut Messung<br \/>\nCMOS Zeilenkameras mit bis zu 16.384 Pixel\n\t\t\t\t\t\t<\/p>\n<p>\t\t\t\t<\/a><\/li>\n<\/ul>\n<p>\t\t\t<a href=\"https:\/\/www.ramgmbh.de\/download\/eng_ITG-500-Bench.pdf\" target=\"_blank\"><br \/>\n\t\t\t\t\t\t\t\t\tDatenblatt<br \/>\n\t\t\t\t\t<\/a><\/p>\n<h2><a href=\"https:\/\/www.ramgmbh.de\/contact\/\">F\u00fcr ein tieferes Verst\u00e4ndnis, wie der Bench Analyser\u00ae Ihr Qualit\u00e4ts-LAB und Ihre Produktion revolutionieren kann, <a href=\"https:\/\/www.ramgmbh.de\/contact\/\" target=\"_new\" style=\"color: var(--tw-prose-links); text-decoration: underline; border-style: solid; border-color: rgb(217, 217, 227); outline: currentcolor; font-family: S\u00f6hne, ui-sans-serif, system-ui, -apple-system, &quot;Segoe UI&quot;, Roboto, Ubuntu, Cantarell, &quot;Noto Sans&quot;, sans-serif, &quot;Helvetica Neue&quot;, Arial, &quot;Apple Color Emoji&quot;, &quot;Segoe UI Emoji&quot;, &quot;Segoe UI Symbol&quot;, &quot;Noto Color Emoji&quot;; font-weight: 500; font-size: 16px; caret-color: rgb(0, 0, 0); text-underline-offset: 2px;\">kontaktieren Sie uns<\/a> noch heute.<\/p>\n<p><\/a><\/h2>\n","protected":false},"featured_media":7627,"menu_order":0,"template":"elementor_header_footer","meta":[],"product_category":[54],"class_list":["post-7625","product","type-product","status-publish","has-post-thumbnail","hentry","product_category-laboratory"],"translation":{"provider":"WPGlobus","version":"2.12.2","language":"de","enabled_languages":["en","es","de","br","fr"],"languages":{"en":{"title":true,"content":true,"excerpt":false},"es":{"title":true,"content":true,"excerpt":false},"de":{"title":true,"content":true,"excerpt":false},"br":{"title":true,"content":true,"excerpt":false},"fr":{"title":true,"content":true,"excerpt":false}}},"aioseo_notices":[],"_links":{"self":[{"href":"https:\/\/www.ramgmbh.de\/de\/wp-json\/wp\/v2\/product\/7625","targetHints":{"allow":["GET"]}}],"collection":[{"href":"https:\/\/www.ramgmbh.de\/de\/wp-json\/wp\/v2\/product"}],"about":[{"href":"https:\/\/www.ramgmbh.de\/de\/wp-json\/wp\/v2\/types\/product"}],"version-history":[{"count":27,"href":"https:\/\/www.ramgmbh.de\/de\/wp-json\/wp\/v2\/product\/7625\/revisions"}],"predecessor-version":[{"id":7653,"href":"https:\/\/www.ramgmbh.de\/de\/wp-json\/wp\/v2\/product\/7625\/revisions\/7653"}],"wp:featuredmedia":[{"embeddable":true,"href":"https:\/\/www.ramgmbh.de\/de\/wp-json\/wp\/v2\/media\/7627"}],"wp:attachment":[{"href":"https:\/\/www.ramgmbh.de\/de\/wp-json\/wp\/v2\/media?parent=7625"}],"wp:term":[{"taxonomy":"product_category","embeddable":true,"href":"https:\/\/www.ramgmbh.de\/de\/wp-json\/wp\/v2\/product_category?post=7625"}],"curies":[{"name":"wp","href":"https:\/\/api.w.org\/{rel}","templated":true}]}}