{"id":2763,"date":"2023-09-01T16:11:54","date_gmt":"2023-09-01T16:11:54","guid":{"rendered":"https:\/\/www.ramgmbh.de\/?page_id=2763"},"modified":"2024-07-19T13:17:04","modified_gmt":"2024-07-19T12:17:04","slug":"recycling1","status":"publish","type":"page","link":"https:\/\/www.ramgmbh.de\/es\/recycling1\/","title":{"rendered":"Recycling"},"content":{"rendered":"\t\t<div data-elementor-type=\"wp-page\" data-elementor-id=\"2763\" class=\"elementor elementor-2763\">\n\t\t\t\t\t\t<section class=\"elementor-section elementor-top-section elementor-element elementor-element-a9ede96 elementor-section-full_width elementor-section-stretched elementor-section-height-default elementor-section-height-default\" data-id=\"a9ede96\" data-element_type=\"section\" id=\"history\" data-settings=\"{&quot;stretch_section&quot;:&quot;section-stretched&quot;,&quot;background_background&quot;:&quot;classic&quot;}\">\n\t\t\t\t\t\t\t<div class=\"elementor-background-overlay\"><\/div>\n\t\t\t\t\t\t\t<div class=\"elementor-container elementor-column-gap-no\">\n\t\t\t\t\t<div class=\"elementor-column elementor-col-100 elementor-top-column elementor-element elementor-element-28bb6815\" data-id=\"28bb6815\" data-element_type=\"column\">\n\t\t\t<div class=\"elementor-widget-wrap elementor-element-populated\">\n\t\t\t\t\t\t\t<\/div>\n\t\t<\/div>\n\t\t\t\t\t<\/div>\n\t\t<\/section>\n\t\t<div class=\"elementor-element elementor-element-ae57e16 e-flex e-con-boxed e-con e-parent\" data-id=\"ae57e16\" data-element_type=\"container\">\n\t\t\t\t\t<div class=\"e-con-inner\">\n\t\t\t\t<div class=\"elementor-element elementor-element-184a5fa elementor-grid-1 elementor-posts--thumbnail-left elementor-grid-tablet-2 elementor-grid-mobile-1 elementor-widget elementor-widget-posts\" data-id=\"184a5fa\" data-element_type=\"widget\" data-settings=\"{&quot;pagination_type&quot;:&quot;numbers_and_prev_next&quot;,&quot;classic_columns&quot;:&quot;1&quot;,&quot;classic_columns_tablet&quot;:&quot;2&quot;,&quot;classic_columns_mobile&quot;:&quot;1&quot;,&quot;classic_row_gap&quot;:{&quot;unit&quot;:&quot;px&quot;,&quot;size&quot;:35,&quot;sizes&quot;:[]},&quot;classic_row_gap_tablet&quot;:{&quot;unit&quot;:&quot;px&quot;,&quot;size&quot;:&quot;&quot;,&quot;sizes&quot;:[]},&quot;classic_row_gap_mobile&quot;:{&quot;unit&quot;:&quot;px&quot;,&quot;size&quot;:&quot;&quot;,&quot;sizes&quot;:[]}}\" data-widget_type=\"posts.classic\">\n\t\t\t\t<div class=\"elementor-widget-container\">\n\t\t\t<link rel=\"stylesheet\" href=\"https:\/\/www.ramgmbh.de\/wp-content\/plugins\/elementor-pro\/assets\/css\/widget-posts.min.css\">\t\t<div class=\"elementor-posts-container elementor-posts elementor-posts--skin-classic elementor-grid\">\n\t\t\t\t<article class=\"elementor-post elementor-grid-item post-7625 product type-product status-publish has-post-thumbnail hentry product_category-laboratory\">\n\t\t\t\t<a class=\"elementor-post__thumbnail__link\" href=\"https:\/\/www.ramgmbh.de\/es\/product\/itg-500\/\" >\n\t\t\t<div class=\"elementor-post__thumbnail\"><img fetchpriority=\"high\" decoding=\"async\" width=\"300\" height=\"227\" src=\"https:\/\/www.ramgmbh.de\/wp-content\/uploads\/2025\/05\/ITG500-300x227.png\" class=\"attachment-medium size-medium wp-image-7627\" alt=\"\" srcset=\"https:\/\/www.ramgmbh.de\/wp-content\/uploads\/2025\/05\/ITG500-300x227.png 300w, https:\/\/www.ramgmbh.de\/wp-content\/uploads\/2025\/05\/ITG500.png 526w\" sizes=\"(max-width: 300px) 100vw, 300px\" \/><\/div>\n\t\t<\/a>\n\t\t\t\t<div class=\"elementor-post__text\">\n\t\t\t\t<h3 class=\"elementor-post__title\">\n\t\t\t<a href=\"https:\/\/www.ramgmbh.de\/es\/product\/itg-500\/\" >\n\t\t\t\tITG 500\t\t\t<\/a>\n\t\t<\/h3>\n\t\t\t\t<div class=\"elementor-post__excerpt\">\n\t\t\t<p>Precision in LAB Surface Inspection Key Features: Transmitted Light Illumination: Ideal for both transparent and opaque films. Reflected Light Illumination: Enhances visibility and clarity, especially for collateral films. Dark-Field Aperture: Specifically designed to enhance the detection of gel specks in transparent films. Dual Illumination Option: A harmonious blend of transmitted and reflected light illumination, offering unparalleled clarity for collateral films. Automated Defect Classification: From gel specks, gels, burners, to fisheyes, impurities, wrinkles, voids, or flies, our system classifies them all. Additionally, it provides photos of these defects for detailed evaluation. \u00a0 Connectivity and Integration: The ITG 500 System integrates effortlessly into your IT network, ensuring accessibility from any workstation. Monitor evaluations in real-time or download data directly via a USB interface. Elevate your film inspection process with the ITG500. \u00a0<\/p>\n\t\t<\/div>\n\t\t\n\t\t<a class=\"elementor-post__read-more\" href=\"https:\/\/www.ramgmbh.de\/es\/product\/itg-500\/\" >\n\t\t\tRead More \u00bb\t\t<\/a>\n\n\t\t\t\t<\/div>\n\t\t\t\t<\/article>\n\t\t\t\t<article class=\"elementor-post elementor-grid-item post-6227 product type-product status-publish has-post-thumbnail hentry product_category-software\">\n\t\t\t\t<a class=\"elementor-post__thumbnail__link\" href=\"https:\/\/www.ramgmbh.de\/es\/product\/plastpsm\/\" >\n\t\t\t<div class=\"elementor-post__thumbnail\"><img decoding=\"async\" width=\"300\" height=\"100\" src=\"https:\/\/www.ramgmbh.de\/wp-content\/uploads\/2024\/04\/PMS-Logo.1-e1714374307909-300x100.jpeg\" class=\"attachment-medium size-medium wp-image-6228\" alt=\"\" srcset=\"https:\/\/www.ramgmbh.de\/wp-content\/uploads\/2024\/04\/PMS-Logo.1-e1714374307909-300x100.jpeg 300w, https:\/\/www.ramgmbh.de\/wp-content\/uploads\/2024\/04\/PMS-Logo.1-e1714374307909-1024x340.jpeg 1024w, https:\/\/www.ramgmbh.de\/wp-content\/uploads\/2024\/04\/PMS-Logo.1-e1714374307909-768x255.jpeg 768w, https:\/\/www.ramgmbh.de\/wp-content\/uploads\/2024\/04\/PMS-Logo.1-e1714374307909.jpeg 1172w\" sizes=\"(max-width: 300px) 100vw, 300px\" \/><\/div>\n\t\t<\/a>\n\t\t\t\t<div class=\"elementor-post__text\">\n\t\t\t\t<h3 class=\"elementor-post__title\">\n\t\t\t<a href=\"https:\/\/www.ramgmbh.de\/es\/product\/plastpsm\/\" >\n\t\t\t\tPlastPSM\u00ae\t\t\t<\/a>\n\t\t<\/h3>\n\t\t\t\t<div class=\"elementor-post__excerpt\">\n\t\t\t<p>PlastPMS\u00ae: su sistema de monitoreo unificado Plastic Production Monitoring System PlastPMS es tu herramienta todo en uno para an\u00e1lisis en vivo y detallado, llevando tu producci\u00f3n a un nuevo nivel. Combina datos de todos tus sistemas, ofreciendo un solo lugar para ver todo. Pero no se trata solo de ver datos. Nuestro algoritmo inteligente ayuda a predecir lo que viene, para que puedas adelantarte, reducir desperdicios y mejorar la calidad activamente. Con PlastPMS, la calidad no solo se monitorea; se alcanza. \u00a0 Caracter\u00edsticas Principales: Todos Tus Datos en Un Solo Lugar: Ve los datos de todos los sensores de las m\u00e1quinas juntos para una vista completa. Verifica la Calidad en Tiempo Real: Eval\u00faa la calidad del producto directamente desde tu lugar. Usa Datos Pasados para Mejorar: Utiliza informaci\u00f3n pasada para<\/p>\n\t\t<\/div>\n\t\t\n\t\t<a class=\"elementor-post__read-more\" href=\"https:\/\/www.ramgmbh.de\/es\/product\/plastpsm\/\" >\n\t\t\tRead More \u00bb\t\t<\/a>\n\n\t\t\t\t<\/div>\n\t\t\t\t<\/article>\n\t\t\t\t<article class=\"elementor-post elementor-grid-item post-5276 product type-product status-publish has-post-thumbnail hentry product_category-software\">\n\t\t\t\t<a class=\"elementor-post__thumbnail__link\" href=\"https:\/\/www.ramgmbh.de\/es\/product\/camen\/\" >\n\t\t\t<div class=\"elementor-post__thumbnail\"><img decoding=\"async\" width=\"300\" height=\"169\" src=\"https:\/\/www.ramgmbh.de\/wp-content\/uploads\/2023\/11\/Design-sem-nome-25-300x169.png\" class=\"attachment-medium size-medium wp-image-5408\" alt=\"\" srcset=\"https:\/\/www.ramgmbh.de\/wp-content\/uploads\/2023\/11\/Design-sem-nome-25-300x169.png 300w, https:\/\/www.ramgmbh.de\/wp-content\/uploads\/2023\/11\/Design-sem-nome-25-1024x576.png 1024w, https:\/\/www.ramgmbh.de\/wp-content\/uploads\/2023\/11\/Design-sem-nome-25-768x432.png 768w, https:\/\/www.ramgmbh.de\/wp-content\/uploads\/2023\/11\/Design-sem-nome-25-1536x864.png 1536w, https:\/\/www.ramgmbh.de\/wp-content\/uploads\/2023\/11\/Design-sem-nome-25.png 1920w\" sizes=\"(max-width: 300px) 100vw, 300px\" \/><\/div>\n\t\t<\/a>\n\t\t\t\t<div class=\"elementor-post__text\">\n\t\t\t\t<h3 class=\"elementor-post__title\">\n\t\t\t<a href=\"https:\/\/www.ramgmbh.de\/es\/product\/camen\/\" >\n\t\t\t\tCAMEN\u00ae\t\t\t<\/a>\n\t\t<\/h3>\n\t\t\t\t<div class=\"elementor-post__excerpt\">\n\t\t\t<p>\u00a0 CAMEN\u00ae: Su Centro de Control para el Control de Calidad Computer Aided Manufaturing Environment CAMEN\u00ae es una interfaz de usuario que proporciona a la producci\u00f3n an\u00e1lisis de calidad detallados y se enfoca en el seguimiento de defectos de calidad y el registro de la producci\u00f3n. Los registros de CAMEN\u00ae ofrecen informaci\u00f3n detallada sobre las clases de defectos, su tama\u00f1o y su ubicaci\u00f3n exacta, todo clasificado para su conveniencia. Aproveche los informes personalizables que eval\u00faan m\u00e9tricas relacionadas con la calidad y visualice defectos con nuestra funci\u00f3n \u00fanica de mapas de defectos. \u00a0 Requisitos del Sistema: Compatible con Windows 7, Mac OS X 10.9 y Linux con Desktop. Se recomienda una resoluci\u00f3n de pantalla de al menos 1024 x 768. 8GB de memoria (recomendado). \u00a0 Con CAMEN\u00ae, obtendr\u00e1 una visi\u00f3n completa<\/p>\n\t\t<\/div>\n\t\t\n\t\t<a class=\"elementor-post__read-more\" href=\"https:\/\/www.ramgmbh.de\/es\/product\/camen\/\" >\n\t\t\tRead More \u00bb\t\t<\/a>\n\n\t\t\t\t<\/div>\n\t\t\t\t<\/article>\n\t\t\t\t<article class=\"elementor-post elementor-grid-item post-5147 product type-product status-publish has-post-thumbnail hentry product_category-surface-inspection\">\n\t\t\t\t<a class=\"elementor-post__thumbnail__link\" href=\"https:\/\/www.ramgmbh.de\/es\/product\/slitter-rewinder-itg700\/\" >\n\t\t\t<div class=\"elementor-post__thumbnail\"><img loading=\"lazy\" decoding=\"async\" width=\"300\" height=\"165\" src=\"https:\/\/www.ramgmbh.de\/wp-content\/uploads\/2023\/09\/itg700-1-300x165.png\" class=\"attachment-medium size-medium wp-image-2661\" alt=\"\" srcset=\"https:\/\/www.ramgmbh.de\/wp-content\/uploads\/2023\/09\/itg700-1-300x165.png 300w, https:\/\/www.ramgmbh.de\/wp-content\/uploads\/2023\/09\/itg700-1.png 400w\" sizes=\"(max-width: 300px) 100vw, 300px\" \/><\/div>\n\t\t<\/a>\n\t\t\t\t<div class=\"elementor-post__text\">\n\t\t\t\t<h3 class=\"elementor-post__title\">\n\t\t\t<a href=\"https:\/\/www.ramgmbh.de\/es\/product\/slitter-rewinder-itg700\/\" >\n\t\t\t\tSlitter Rewinder\u00ae &#8211; ITG700\t\t\t<\/a>\n\t\t<\/h3>\n\t\t\t\t<div class=\"elementor-post__excerpt\">\n\t\t\t<p>Precisi\u00f3n en la Inspecci\u00f3n durante el Rebobinado Caracter\u00edsticas Clave: Inspecci\u00f3n a Doble Cara: Revisa tanto la parte superior como inferior de las pel\u00edculas opacas en busca de defectos. Clasificaci\u00f3n Autom\u00e1tica de Defectos: Clasifica los defectos en categor\u00edas como manchas\/geles, quemaduras, ojos de pez, impurezas, arrugas, agujeros o insectos. Adem\u00e1s, almacena im\u00e1genes de estos defectos para una evaluaci\u00f3n posterior. Informe de Defectos (MAP): Proporciona una representaci\u00f3n simb\u00f3lica de los defectos en el rollo, incluidos los im\u00e1genes en escala de grises. El informe contiene informaci\u00f3n sobre el n\u00famero de rollo, el n\u00famero total de defectos y los defectos por m\u00b2, clasificados por tama\u00f1o\/tipo. Tambi\u00e9n muestra las ubicaciones de los defectos en direcci\u00f3n de la m\u00e1quina y transversal. Gesti\u00f3n de Recetas: Permite la creaci\u00f3n de una cantidad ilimitada de recetas de inspecci\u00f3n, garantizando<\/p>\n\t\t<\/div>\n\t\t\n\t\t<a class=\"elementor-post__read-more\" href=\"https:\/\/www.ramgmbh.de\/es\/product\/slitter-rewinder-itg700\/\" >\n\t\t\tRead More \u00bb\t\t<\/a>\n\n\t\t\t\t<\/div>\n\t\t\t\t<\/article>\n\t\t\t\t<article class=\"elementor-post elementor-grid-item post-4997 product type-product status-publish has-post-thumbnail hentry product_category-recycling\">\n\t\t\t\t<a class=\"elementor-post__thumbnail__link\" href=\"https:\/\/www.ramgmbh.de\/es\/product\/pqm-lab-extruder\/\" >\n\t\t\t<div class=\"elementor-post__thumbnail\"><img loading=\"lazy\" decoding=\"async\" width=\"225\" height=\"300\" src=\"https:\/\/www.ramgmbh.de\/wp-content\/uploads\/2023\/09\/1697104400302-2-225x300.jpeg\" class=\"attachment-medium size-medium wp-image-7205\" alt=\"\" srcset=\"https:\/\/www.ramgmbh.de\/wp-content\/uploads\/2023\/09\/1697104400302-2-225x300.jpeg 225w, https:\/\/www.ramgmbh.de\/wp-content\/uploads\/2023\/09\/1697104400302-2-768x1024.jpeg 768w, https:\/\/www.ramgmbh.de\/wp-content\/uploads\/2023\/09\/1697104400302-2-1152x1536.jpeg 1152w, https:\/\/www.ramgmbh.de\/wp-content\/uploads\/2023\/09\/1697104400302-2.jpeg 1280w\" sizes=\"(max-width: 225px) 100vw, 225px\" \/><\/div>\n\t\t<\/a>\n\t\t\t\t<div class=\"elementor-post__text\">\n\t\t\t\t<h3 class=\"elementor-post__title\">\n\t\t\t<a href=\"https:\/\/www.ramgmbh.de\/es\/product\/pqm-lab-extruder\/\" >\n\t\t\t\tPQMex &#8211; Gel Analyzer\t\t\t<\/a>\n\t\t<\/h3>\n\t\t\t\t<div class=\"elementor-post__excerpt\">\n\t\t\t<p>An\u00e1lisis de Gel Reciclado de Pr\u00f3ximo Nivel Materiales compatibles: LDPE,LLDPE, MDPE, HDPE y PP. Gr\u00e1nulos, copos o polvo. Caracter\u00edsticas Clave: An\u00e1lisis Integrado: An\u00e1lisis de contaminantes con niveles de advertencia y alarma para control autom\u00e1tico y clasificaci\u00f3n de la calidad. Totalmente Autom\u00e1tico: Ajuste autom\u00e1tico del di\u00e1metro del globo, transporte autom\u00e1tico de material y control autom\u00e1tico del nivel del embudo por sensor ultras\u00f3nico. Personalizaci\u00f3n del Material: Ajuste por recetas para ajuste autom\u00e1tico de la extrusora. Conectividad: Instrumentos de medici\u00f3n externos (por ejemplo, MFI) pueden ser agregados para an\u00e1lisis de material. Gesti\u00f3n de la Temperatura: Zonas de temperatura controladas por objetivo, asegurando condiciones \u00f3ptimas de operaci\u00f3n. Opciones y Extensiones: Actualizaci\u00f3n de su extrusora de laboratorio existente. Integraci\u00f3n con l\u00edneas de reciclaje existentes. vSTAT: Herramienta de an\u00e1lisis estad\u00edstico visual. Opciones de integraci\u00f3n para los<\/p>\n\t\t<\/div>\n\t\t\n\t\t<a class=\"elementor-post__read-more\" href=\"https:\/\/www.ramgmbh.de\/es\/product\/pqm-lab-extruder\/\" >\n\t\t\tRead More \u00bb\t\t<\/a>\n\n\t\t\t\t<\/div>\n\t\t\t\t<\/article>\n\t\t\t\t<article class=\"elementor-post elementor-grid-item post-3925 product type-product status-publish has-post-thumbnail hentry product_category-recycling product_category-software\">\n\t\t\t\t<a class=\"elementor-post__thumbnail__link\" href=\"https:\/\/www.ramgmbh.de\/es\/product\/airec\/\" >\n\t\t\t<div class=\"elementor-post__thumbnail\"><img loading=\"lazy\" decoding=\"async\" width=\"300\" height=\"169\" src=\"https:\/\/www.ramgmbh.de\/wp-content\/uploads\/2023\/09\/Design-sem-nome-27-300x169.png\" class=\"attachment-medium size-medium wp-image-5410\" alt=\"\" srcset=\"https:\/\/www.ramgmbh.de\/wp-content\/uploads\/2023\/09\/Design-sem-nome-27-300x169.png 300w, https:\/\/www.ramgmbh.de\/wp-content\/uploads\/2023\/09\/Design-sem-nome-27-1024x576.png 1024w, https:\/\/www.ramgmbh.de\/wp-content\/uploads\/2023\/09\/Design-sem-nome-27-768x432.png 768w, https:\/\/www.ramgmbh.de\/wp-content\/uploads\/2023\/09\/Design-sem-nome-27-1536x864.png 1536w, https:\/\/www.ramgmbh.de\/wp-content\/uploads\/2023\/09\/Design-sem-nome-27.png 1920w\" sizes=\"(max-width: 300px) 100vw, 300px\" \/><\/div>\n\t\t<\/a>\n\t\t\t\t<div class=\"elementor-post__text\">\n\t\t\t\t<h3 class=\"elementor-post__title\">\n\t\t\t<a href=\"https:\/\/www.ramgmbh.de\/es\/product\/airec\/\" >\n\t\t\t\tAIREC\u00ae\t\t\t<\/a>\n\t\t<\/h3>\n\t\t\t\t<div class=\"elementor-post__excerpt\">\n\t\t\t<p>Revolucionando el Reciclaje con Inteligencia Artificial Sum\u00e9rgete en el futuro del reciclaje con AIREC\u00ae, nuestra tecnolog\u00eda avanzada de IA, dise\u00f1ada espec\u00edficamente para la industria del reciclaje. AIREC\u00ae est\u00e1 desarrollado para operar las m\u00e1quinas de reciclaje en su punto de trabajo \u00f3ptimo, garantizando la m\u00e1s alta calidad del material reciclado. CARACTER\u00cdSTICAS PRINCIPALES: Optimizaci\u00f3n de toda la l\u00ednea: Desde trituradoras y lavadoras hasta l\u00edneas de extrusi\u00f3n y plantas de peletizaci\u00f3n, AIREC\u00ae garantiza un rendimiento m\u00e1ximo en todo el proceso de reciclaje. Integraci\u00f3n completa de sensores: Monitorea par\u00e1metros como temperatura, presi\u00f3n, pH, detalles del tratamiento de agua y m\u00e1s, garantizando una visi\u00f3n hol\u00edstica de sus operaciones. Capacidades predictivas: Ofrece un horizonte de pron\u00f3stico de 30-60 minutos, permitiendo ajustes y optimizaciones proactivas. Evaluaci\u00f3n de calidad: Mide par\u00e1metros como el n\u00famero de geles, opacidad, turbidez<\/p>\n\t\t<\/div>\n\t\t\n\t\t<a class=\"elementor-post__read-more\" href=\"https:\/\/www.ramgmbh.de\/es\/product\/airec\/\" >\n\t\t\tRead More \u00bb\t\t<\/a>\n\n\t\t\t\t<\/div>\n\t\t\t\t<\/article>\n\t\t\t\t<article class=\"elementor-post elementor-grid-item post-3717 product type-product status-publish has-post-thumbnail hentry product_category-software\">\n\t\t\t\t<a class=\"elementor-post__thumbnail__link\" href=\"https:\/\/www.ramgmbh.de\/es\/product\/vstat\/\" >\n\t\t\t<div class=\"elementor-post__thumbnail\"><img loading=\"lazy\" decoding=\"async\" width=\"300\" height=\"169\" src=\"https:\/\/www.ramgmbh.de\/wp-content\/uploads\/2023\/09\/Design-sem-nome-26-300x169.png\" class=\"attachment-medium size-medium wp-image-5409\" alt=\"\" srcset=\"https:\/\/www.ramgmbh.de\/wp-content\/uploads\/2023\/09\/Design-sem-nome-26-300x169.png 300w, https:\/\/www.ramgmbh.de\/wp-content\/uploads\/2023\/09\/Design-sem-nome-26-1024x576.png 1024w, https:\/\/www.ramgmbh.de\/wp-content\/uploads\/2023\/09\/Design-sem-nome-26-768x432.png 768w, https:\/\/www.ramgmbh.de\/wp-content\/uploads\/2023\/09\/Design-sem-nome-26-1536x864.png 1536w, https:\/\/www.ramgmbh.de\/wp-content\/uploads\/2023\/09\/Design-sem-nome-26.png 1920w\" sizes=\"(max-width: 300px) 100vw, 300px\" \/><\/div>\n\t\t<\/a>\n\t\t\t\t<div class=\"elementor-post__text\">\n\t\t\t\t<h3 class=\"elementor-post__title\">\n\t\t\t<a href=\"https:\/\/www.ramgmbh.de\/es\/product\/vstat\/\" >\n\t\t\t\tvSTAT\u00ae\t\t\t<\/a>\n\t\t<\/h3>\n\t\t\t\t<div class=\"elementor-post__excerpt\">\n\t\t\t<p>Su herramienta integral para el an\u00e1lisis estad\u00edstico visual Visual Statistical Analysis ToolMejore la calidad de su producci\u00f3n con vSTAT\u00ae, nuestra herramienta de an\u00e1lisis f\u00e1cil de usar. Re\u00fane todos los datos de los sensores en una sola pantalla. vSTAT\u00ae es excelente para mostrar datos de observaci\u00f3n de bandas y de grosor, y puede combinarse con muchos otros sensores y sistemas. \u00a0 Caracter\u00edsticas Principales: Control de Calidad en el Lugar: Tome decisiones r\u00e1pidas e inteligentes directamente en la producci\u00f3n. Seguir las Tendencias Almacenadas: Revise la producci\u00f3n anterior para mejorar continuamente el flujo de producci\u00f3n. Profundizar en los Procesos: Mejore su comprensi\u00f3n de la producci\u00f3n. Acceso Seguro a los Datos desde Cualquier Lugar: Acceda a sus datos de producci\u00f3n de forma segura, en cualquier momento y lugar. Requisitos del Sistema: Compatible con Windows<\/p>\n\t\t<\/div>\n\t\t\n\t\t<a class=\"elementor-post__read-more\" href=\"https:\/\/www.ramgmbh.de\/es\/product\/vstat\/\" >\n\t\t\tRead More \u00bb\t\t<\/a>\n\n\t\t\t\t<\/div>\n\t\t\t\t<\/article>\n\t\t\t\t<article class=\"elementor-post elementor-grid-item post-3704 product type-product status-publish hentry product_category-training\">\n\t\t\t\t<div class=\"elementor-post__text\">\n\t\t\t\t<h3 class=\"elementor-post__title\">\n\t\t\t<a href=\"https:\/\/www.ramgmbh.de\/es\/product\/training\/\" >\n\t\t\t\tTraining\t\t\t<\/a>\n\t\t<\/h3>\n\t\t\t\t<div class=\"elementor-post__excerpt\">\n\t\t\t<p>Expanda Su Conocimiento con los Programas de Capacitaci\u00f3n de R.A.M. En R.A.M. creemos que el conocimiento es poder. Por eso, ofrecemos capacitaciones especializadas, adaptadas a sus necesidades individuales. Estos cursos son impartidos por nuestro equipo altamente calificado y est\u00e1n dise\u00f1ados para proporcionar las habilidades y conocimientos necesarios para su trabajo. Elija su programa de capacitaci\u00f3n: Domine lo b\u00e1sico en un d\u00eda Capacitaci\u00f3n de Operador: Lo que aprender\u00e1: Navegar en el software CAMEN y cargar recetas Comprender t\u00e9rminos clave como valor de gris, umbral y utilidad &#8211; Creaci\u00f3n de pedidos y gesti\u00f3n de informes de rollos en CAMEN Manejar eficazmente alertas y errores &#8211; Funcionalidades b\u00e1sicas del software Ubicaci\u00f3n: En su propia m\u00e1quina Duraci\u00f3n: 1 d\u00eda Programar ahora Expanda sus habilidades Capacitaci\u00f3n para Gerente \/ Jefe de Producci\u00f3n: Lo que aprender\u00e1:<\/p>\n\t\t<\/div>\n\t\t\n\t\t<a class=\"elementor-post__read-more\" href=\"https:\/\/www.ramgmbh.de\/es\/product\/training\/\" >\n\t\t\tRead More \u00bb\t\t<\/a>\n\n\t\t\t\t<\/div>\n\t\t\t\t<\/article>\n\t\t\t\t<article class=\"elementor-post elementor-grid-item post-3037 product type-product status-publish has-post-thumbnail hentry product_category-laboratory\">\n\t\t\t\t<a class=\"elementor-post__thumbnail__link\" href=\"https:\/\/www.ramgmbh.de\/es\/product\/itg-500-labratory-bench\/\" >\n\t\t\t<div class=\"elementor-post__thumbnail\"><img loading=\"lazy\" decoding=\"async\" width=\"214\" height=\"300\" src=\"https:\/\/www.ramgmbh.de\/wp-content\/uploads\/2023\/09\/Bildschirmfoto-2023-09-04-um-14.23.47-214x300.png\" class=\"attachment-medium size-medium wp-image-3054\" alt=\"\" srcset=\"https:\/\/www.ramgmbh.de\/wp-content\/uploads\/2023\/09\/Bildschirmfoto-2023-09-04-um-14.23.47-214x300.png 214w, https:\/\/www.ramgmbh.de\/wp-content\/uploads\/2023\/09\/Bildschirmfoto-2023-09-04-um-14.23.47-732x1024.png 732w, https:\/\/www.ramgmbh.de\/wp-content\/uploads\/2023\/09\/Bildschirmfoto-2023-09-04-um-14.23.47-768x1074.png 768w, https:\/\/www.ramgmbh.de\/wp-content\/uploads\/2023\/09\/Bildschirmfoto-2023-09-04-um-14.23.47.png 772w\" sizes=\"(max-width: 214px) 100vw, 214px\" \/><\/div>\n\t\t<\/a>\n\t\t\t\t<div class=\"elementor-post__text\">\n\t\t\t\t<h3 class=\"elementor-post__title\">\n\t\t\t<a href=\"https:\/\/www.ramgmbh.de\/es\/product\/itg-500-labratory-bench\/\" >\n\t\t\t\tITG 500 &#8211; Bench Analyzer\t\t\t<\/a>\n\t\t<\/h3>\n\t\t\t\t<div class=\"elementor-post__excerpt\">\n\t\t\t<p>Precisi\u00f3n en la Inspecci\u00f3n de Superficies en el Laboratorio Sum\u00e9rgete en la pr\u00f3xima generaci\u00f3n de inspecci\u00f3n de pel\u00edculas con nuestro Bench Analyser\u00ae. Dise\u00f1ado como una mesa de laboratorio de \u00faltima generaci\u00f3n, este sistema identifica, categoriza y documenta meticulosamente defectos \u00f3pticos en muestras de pel\u00edculas, cumpliendo con los est\u00e1ndares DIN A4. Ya sea que est\u00e9s trabajando con pel\u00edculas transparentes u opacas, nuestro sistema asegura un an\u00e1lisis exhaustivo. Caracter\u00edsticas Principales: Iluminaci\u00f3n Transmitida: Ideal tanto para pel\u00edculas transparentes como para pel\u00edculas parcialmente opacas. Iluminaci\u00f3n Reflejada: Mejora la visibilidad y claridad, especialmente en pel\u00edculas de soporte. Diafragma de Campo Oscuro: Desarrollado especialmente para mejorar la detecci\u00f3n de manchas de gel en pel\u00edculas transparentes. Iluminaci\u00f3n Bilateral: Una mezcla armoniosa de iluminaci\u00f3n transmitida y reflejada, ofreciendo una claridad inigualable para pel\u00edculas de soporte. Clasificaci\u00f3n Automatizada de<\/p>\n\t\t<\/div>\n\t\t\n\t\t<a class=\"elementor-post__read-more\" href=\"https:\/\/www.ramgmbh.de\/es\/product\/itg-500-labratory-bench\/\" >\n\t\t\tRead More \u00bb\t\t<\/a>\n\n\t\t\t\t<\/div>\n\t\t\t\t<\/article>\n\t\t\t\t<\/div>\n\n\n\t\t\n\t\t\t\t<div class=\"e-load-more-anchor\" data-page=\"1\" data-max-page=\"2\" data-next-page=\"https:\/\/www.ramgmbh.de\/es\/wp-json\/wp\/v2\/pages\/2763\/page\/2\/\"><\/div>\n\t\t\t\t<nav class=\"elementor-pagination\" role=\"navigation\" aria-label=\"Pagination\">\n\t\t\t<span class=\"page-numbers prev\">&laquo; Previous<\/span>\n<span aria-current=\"page\" class=\"page-numbers current\"><span class=\"elementor-screen-only\">Page<\/span>1<\/span>\n<a class=\"page-numbers\" href=\"https:\/\/www.ramgmbh.de\/es\/wp-json\/wp\/v2\/pages\/2763\/page\/2\/\"><span class=\"elementor-screen-only\">Page<\/span>2<\/a>\n<a class=\"page-numbers next\" href=\"https:\/\/www.ramgmbh.de\/es\/wp-json\/wp\/v2\/pages\/2763\/page\/2\/\">Next &raquo;<\/a>\t\t<\/nav>\n\t\t\t\t<\/div>\n\t\t\t\t<\/div>\n\t\t\t\t\t<\/div>\n\t\t\t\t<\/div>\n\t\t\t\t<\/div>\n\t\t","protected":false},"excerpt":{"rendered":"","protected":false},"author":1,"featured_media":0,"parent":0,"menu_order":0,"comment_status":"closed","ping_status":"closed","template":"elementor_header_footer","meta":{"footnotes":""},"class_list":["post-2763","page","type-page","status-publish","hentry"],"translation":{"provider":"WPGlobus","version":"2.12.2","language":"es","enabled_languages":["en","es","de","br","fr"],"languages":{"en":{"title":true,"content":false,"excerpt":false},"es":{"title":true,"content":false,"excerpt":false},"de":{"title":true,"content":false,"excerpt":false},"br":{"title":true,"content":false,"excerpt":false},"fr":{"title":true,"content":false,"excerpt":false}}},"aioseo_notices":[],"_links":{"self":[{"href":"https:\/\/www.ramgmbh.de\/es\/wp-json\/wp\/v2\/pages\/2763","targetHints":{"allow":["GET"]}}],"collection":[{"href":"https:\/\/www.ramgmbh.de\/es\/wp-json\/wp\/v2\/pages"}],"about":[{"href":"https:\/\/www.ramgmbh.de\/es\/wp-json\/wp\/v2\/types\/page"}],"author":[{"embeddable":true,"href":"https:\/\/www.ramgmbh.de\/es\/wp-json\/wp\/v2\/users\/1"}],"replies":[{"embeddable":true,"href":"https:\/\/www.ramgmbh.de\/es\/wp-json\/wp\/v2\/comments?post=2763"}],"version-history":[{"count":1,"href":"https:\/\/www.ramgmbh.de\/es\/wp-json\/wp\/v2\/pages\/2763\/revisions"}],"predecessor-version":[{"id":7315,"href":"https:\/\/www.ramgmbh.de\/es\/wp-json\/wp\/v2\/pages\/2763\/revisions\/7315"}],"wp:attachment":[{"href":"https:\/\/www.ramgmbh.de\/es\/wp-json\/wp\/v2\/media?parent=2763"}],"curies":[{"name":"wp","href":"https:\/\/api.w.org\/{rel}","templated":true}]}}