{"id":2650,"date":"2023-09-01T05:48:57","date_gmt":"2023-09-01T05:48:57","guid":{"rendered":"https:\/\/www.ramgmbh.de\/?post_type=product&#038;p=2650"},"modified":"2024-05-27T10:04:28","modified_gmt":"2024-05-27T09:04:28","slug":"fis-1000-surface-camera","status":"publish","type":"product","link":"https:\/\/www.ramgmbh.de\/es\/product\/fis-1000-surface-camera\/","title":{"rendered":"FIS 1000 &#8211; Surface Camera"},"content":{"rendered":"<style>\/*! elementor - v3.21.0 - 25-04-2024 *\/\n.elementor-heading-title{padding:0;margin:0;line-height:1}.elementor-widget-heading .elementor-heading-title[class*=elementor-size-]>a{color:inherit;font-size:inherit;line-height:inherit}.elementor-widget-heading .elementor-heading-title.elementor-size-small{font-size:15px}.elementor-widget-heading .elementor-heading-title.elementor-size-medium{font-size:19px}.elementor-widget-heading .elementor-heading-title.elementor-size-large{font-size:29px}.elementor-widget-heading .elementor-heading-title.elementor-size-xl{font-size:39px}.elementor-widget-heading .elementor-heading-title.elementor-size-xxl{font-size:59px}<\/style>\n<h2>Inspecci\u00f3n de Superficie FIS-1000\u00ae: Precisi\u00f3n en la Medici\u00f3n<br \/>\n<\/h2>\n<p>\t\tEl FIS-1000 es un ejemplo de precisi\u00f3n y eficiencia en la inspecci\u00f3n de superficies. Dise\u00f1ado para satisfacer las diversas necesidades de fabricaci\u00f3n, este sistema ofrece alta precisi\u00f3n, garantizando la m\u00e1xima calidad en cada lote de producci\u00f3n. Detecta defectos como geles, manchas negras, agujeros, insectos, marcas de aceite y muchos otros contaminantes con monitoreo en tiempo real.<\/p>\n<h4 style=\"text-align: left;\">Ya sea para pel\u00edculas sopladas, laminaci\u00f3n, biaxiales, no tejidos y textiles, el FIS-1000 garantiza calidad y consistencia ideales en cada cuadro.<\/h4>\n<ul>\n<li>Inspecci\u00f3n de Pel\u00edcula Biaxial: Dise\u00f1ado para monitorear el proceso de estiramiento en la producci\u00f3n de pel\u00edculas biaxiales.<\/li>\n<\/ul>\n<p><img fetchpriority=\"high\" decoding=\"async\" src=\"https:\/\/www.ramgmbh.de\/wp-content\/uploads\/2023\/09\/combined-film-e1695397422960-300x215.jpg\" alt=\"\" width=\"300\" height=\"215\" \/><\/p>\n<ul>\n<li>Inspecci\u00f3n de No Tejidos y Textiles: Desde la distribuci\u00f3n de las fibras hasta la consistencia de la textura, asegura que cada tejido cumpla con las especificaciones deseadas.<\/li>\n<\/ul>\n<p><img decoding=\"async\" src=\"https:\/\/www.ramgmbh.de\/wp-content\/uploads\/2023\/09\/combined-nonwovens-1-e1695397442231-300x215.jpg\" alt=\"\" width=\"300\" height=\"215\" \/><\/p>\n<h4>Caracter\u00edsticas Principales:<\/h4>\n<ul>\n<li style=\"list-style-type: none;\">\n<ul>\n<li style=\"list-style-type: none;\">\n<ul>\n<li>Imagen de alta resoluci\u00f3n por Multi Camera: A partir de 4.096 p\u00edxeles en CD, con opciones para 8.192 y hasta 16.384 p\u00edxeles.<\/li>\n<li>Tasas de Muestreo R\u00e1pidas: Alcanza tasas de muestreo de 20.000 a 100.000 l\u00edneas\/seg, permitiendo alta resoluci\u00f3n en la Direcci\u00f3n de la M\u00e1quina (MD) incluso a altas velocidades de producci\u00f3n.<\/li>\n<li>Calibraci\u00f3n Avanzada: Minimiza la distorsi\u00f3n en los bordes en l\u00edneas largas para una imagen precisa.<\/li>\n<li>Detecci\u00f3n de Defectos Optimizada: En conjunto con el software de control de procesos CAMEN, puede generar y procesar hasta 256 umbrales. Esto garantiza que solo se reconozcan, analicen y muestren los defectos de fabricaci\u00f3n relevantes.<\/li>\n<li>Dise\u00f1o Compacto y Robusto: El dise\u00f1o compacto de la c\u00e1mara garantiza modularidad ideal. La c\u00e1mara y la unidad de procesamiento se enfr\u00edan pasivamente mediante un disipador de calor montado lateralmente, lo que la hace adecuada para temperaturas ambiente de hasta 50\u00b0C. Opciones para enfriamiento por aire y\/o agua tambi\u00e9n est\u00e1n disponibles para temperaturas ambiente m\u00e1s altas.<\/li>\n<\/ul>\n<\/li>\n<\/ul>\n<\/li>\n<\/ul>\n<style>\/*! elementor - v3.21.0 - 25-04-2024 *\/\n.elementor-widget-image-carousel .swiper,.elementor-widget-image-carousel .swiper-container{position:static}.elementor-widget-image-carousel .swiper-container .swiper-slide figure,.elementor-widget-image-carousel .swiper .swiper-slide figure{line-height:inherit}.elementor-widget-image-carousel .swiper-slide{text-align:center}.elementor-image-carousel-wrapper:not(.swiper-container-initialized):not(.swiper-initialized) .swiper-slide{max-width:calc(100% \/ var(--e-image-carousel-slides-to-show, 3))}<\/style>\n<figure><img data-src=\"https:\/\/www.ramgmbh.de\/wp-content\/uploads\/2023\/09\/IMGP3053.jpeg\" alt=\"IMGP3053\" \/><\/figure>\n<figure><img data-src=\"https:\/\/www.ramgmbh.de\/wp-content\/uploads\/2023\/09\/Bildschirmfoto-2023-07-29-um-09.30.38-800x600.png\" alt=\"Bildschirmfoto 2023-07-29 um 09.30.38\" \/><\/figure>\n<h4>DADOS T\u00c9CNICOS<\/h4>\n<h2>Line Camera<\/h2>\n<\/p>\n<table border=\"0\" width=\"519\" cellspacing=\"0\" cellpadding=\"0\">\n<colgroup>\n<col width=\"185\" \/>\n<col width=\"81\" \/>\n<col width=\"136\" \/>\n<col width=\"117\" \/>\n    <\/colgroup>\n<tbody>\n<tr>\n<td width=\"185\" height=\"13\">C\u00e1mara<\/td>\n<td width=\"81\">P\u00edxel<\/td>\n<td width=\"136\">L\u00edneas\/Segundo<\/td>\n<td width=\"117\">Frecuencia<\/td>\n<\/tr>\n<tr>\n<td height=\"13\">RAM-CAM-4k100<\/td>\n<td>4.096<\/td>\n<td>100.000<\/td>\n<td>410MHz<\/td>\n<\/tr>\n<tr>\n<td height=\"13\">RAM-CAM-4k172<\/td>\n<td>4.096<\/td>\n<td>172.000<\/td>\n<td>704MHz<\/td>\n<\/tr>\n<tr>\n<td height=\"13\">RAM-CAM-8k135<\/td>\n<td>8.192<\/td>\n<td>135.000<\/td>\n<td>1,11 GHz<\/td>\n<\/tr>\n<tr>\n<td height=\"13\">RAM-CAM-8k150<\/td>\n<td>8.192<\/td>\n<td>150.000<\/td>\n<td>1,23 GHz<\/td>\n<\/tr>\n<tr>\n<td height=\"13\">RAM-CAM-16k70<\/td>\n<td>16.384<\/td>\n<td>70.000<\/td>\n<td>1,15 GHz<\/td>\n<\/tr>\n<tr>\n<td height=\"13\">RAM-CAM-16k100<\/td>\n<td>16.384<\/td>\n<td>100.000<\/td>\n<td>1,64 GHz<\/td>\n<\/tr>\n<\/tbody>\n<\/table>\n<p>\t\t\t<a href=\"http:\/\/www.ramgmbh.com\/download\/eng_Zeilenkamera.pdf\" target=\"_blank\" rel=\"noopener\"><br \/>\n\t\t\t\t\t\t\t\t\tFicha de datos<br \/>\n\t\t\t\t\t<\/a><\/p>\n<h2><a href=\"https:\/\/www.ramgmbh.de\/contact\/\">La serie RAM-CAM est\u00e1 dise\u00f1ada para las exigencias rigurosas de la fabricaci\u00f3n de bienes en bobina de hoy en d\u00eda. Su construcci\u00f3n en acero inoxidable asegura durabilidad y longevidad. Para entender mejor c\u00f3mo el FIS-1000\u00ae puede revolucionar su LAB de calidad y producci\u00f3n, <a href=\"https:\/\/www.ramgmbh.de\/contact\/\" target=\"_new\" style=\"color: var(--tw-prose-links); text-decoration: underline; border-style: solid; border-color: rgb(217, 217, 227); outline: currentcolor; font-family: S\u00f6hne, ui-sans-serif, system-ui, -apple-system, 'Segoe UI', Roboto, Ubuntu, Cantarell, 'Noto Sans', sans-serif, 'Helvetica Neue', Arial, 'Apple Color Emoji', 'Segoe UI Emoji', 'Segoe UI Symbol', 'Noto Color Emoji'; font-weight: 500; font-size: 16px; caret-color: rgb(0, 0, 0); text-underline-offset: 2px;\" rel=\"noopener\">cont\u00e1ctenos<\/a> hoy mismo.<\/a><\/h2>\n","protected":false},"featured_media":6224,"menu_order":4,"template":"elementor_header_footer","meta":[],"product_category":[51],"class_list":["post-2650","product","type-product","status-publish","has-post-thumbnail","hentry","product_category-surface-inspection"],"translation":{"provider":"WPGlobus","version":"2.12.2","language":"es","enabled_languages":["en","es","de","br","fr"],"languages":{"en":{"title":true,"content":true,"excerpt":false},"es":{"title":true,"content":true,"excerpt":false},"de":{"title":true,"content":true,"excerpt":false},"br":{"title":true,"content":true,"excerpt":false},"fr":{"title":true,"content":true,"excerpt":false}}},"aioseo_notices":[],"_links":{"self":[{"href":"https:\/\/www.ramgmbh.de\/es\/wp-json\/wp\/v2\/product\/2650","targetHints":{"allow":["GET"]}}],"collection":[{"href":"https:\/\/www.ramgmbh.de\/es\/wp-json\/wp\/v2\/product"}],"about":[{"href":"https:\/\/www.ramgmbh.de\/es\/wp-json\/wp\/v2\/types\/product"}],"version-history":[{"count":81,"href":"https:\/\/www.ramgmbh.de\/es\/wp-json\/wp\/v2\/product\/2650\/revisions"}],"predecessor-version":[{"id":6981,"href":"https:\/\/www.ramgmbh.de\/es\/wp-json\/wp\/v2\/product\/2650\/revisions\/6981"}],"wp:featuredmedia":[{"embeddable":true,"href":"https:\/\/www.ramgmbh.de\/es\/wp-json\/wp\/v2\/media\/6224"}],"wp:attachment":[{"href":"https:\/\/www.ramgmbh.de\/es\/wp-json\/wp\/v2\/media?parent=2650"}],"wp:term":[{"taxonomy":"product_category","embeddable":true,"href":"https:\/\/www.ramgmbh.de\/es\/wp-json\/wp\/v2\/product_category?post=2650"}],"curies":[{"name":"wp","href":"https:\/\/api.w.org\/{rel}","templated":true}]}}