{"id":3704,"date":"2023-09-15T15:19:14","date_gmt":"2023-09-15T15:19:14","guid":{"rendered":"https:\/\/www.ramgmbh.de\/?post_type=product&#038;p=3704"},"modified":"2024-05-27T09:10:49","modified_gmt":"2024-05-27T08:10:49","slug":"training","status":"publish","type":"product","link":"https:\/\/www.ramgmbh.de\/es\/product\/training\/","title":{"rendered":"Training"},"content":{"rendered":"<h4><\/h4>\n<h2>Expanda Su Conocimiento con los Programas de Capacitaci\u00f3n de R.A.M.<\/h2>\n<\/p>\n<link rel=\"stylesheet\" href=\"https:\/\/www.ramgmbh.de\/wp-content\/plugins\/elementor\/assets\/css\/widget-icon-box.min.css\">\n<p>\n\t\t\t\t\t\t<b>En R.A.M.<\/b> creemos que el conocimiento es poder. Por eso, ofrecemos capacitaciones especializadas, adaptadas a sus necesidades individuales. Estos cursos son impartidos por nuestro equipo altamente calificado y est\u00e1n dise\u00f1ados para proporcionar las habilidades y conocimientos necesarios para su trabajo. Elija su programa de capacitaci\u00f3n:\t\t\t\t\t<\/p>\n<h4>Domine lo b\u00e1sico en un d\u00eda<\/h4>\n<h2>Capacitaci\u00f3n de Operador:<\/h2>\n<p>\n\t            Lo que aprender\u00e1:<\/p>\n<p>Navegar en el software CAMEN y cargar recetas<br \/>\nComprender t\u00e9rminos clave como valor de gris, umbral y utilidad<br \/>\n<br \/>&#8211; Creaci\u00f3n de pedidos y gesti\u00f3n de informes de rollos en CAMEN<br \/>\nManejar eficazmente alertas y errores<br \/>\n<br \/>&#8211; Funcionalidades b\u00e1sicas del software <\/p>\n<p>Ubicaci\u00f3n: En su propia m\u00e1quina<br \/>\nDuraci\u00f3n: 1 d\u00eda\t        <\/p>\n<p>\t\t\t<a href=\"mailto:info@ramgmbh.de\"> Programar ahora<\/a>\t\t<\/p>\n<h4>Expanda sus habilidades<br \/>\n<\/h4>\n<h2>Capacitaci\u00f3n para Gerente \/ Jefe de Producci\u00f3n:<br \/>\n<\/h2>\n<p>\n\t            Lo que aprender\u00e1:<\/p>\n<p>Todo el contenido de la Capacitaci\u00f3n de Operador<br \/>\nCreaci\u00f3n de recetas para diferentes productos<br \/>\n<br \/>&#8211; Fundamentos de la detecci\u00f3n de defectos \u00f3pticos<br \/>\n<br \/>&#8211; Clasificaci\u00f3n de defectos por tama\u00f1o y tipo (env\u00ede muestras por adelantado)<br \/>\n<br \/>&#8211; Funcionalidades avanzadas del software<\/p>\n<p>Ubicaci\u00f3n: Planta de R.A.M. GmbH<br \/>\n<br \/>Duraci\u00f3n: 2 d\u00edas\n\t        <\/p>\n<p>\t\t\t<a href=\"mailto:info@ramgmbh.de\"> Programar ahora<\/a>\t\t<\/p>\n<h4>Convi\u00e9rtase en un experto en sistemas<br \/>\n<\/h4>\n<h2>Capacitaci\u00f3n en Mantenimiento:<br \/>\n<\/h2>\n<p>\n\t            Lo que aprender\u00e1:<\/p>\n<p>Todo el contenido de la Capacitaci\u00f3n para Gerente<br \/>\nComprender las alertas del sistema y las acciones adecuadas<br \/>\n<br \/>&#8211; Uso de los protocolos CAMEN para soluci\u00f3n de problemas<br \/>\n<br \/>&#8211; Reinicio de c\u00e1maras de l\u00ednea \u00fanica<br \/>\n<br \/>&#8211; Evaluaci\u00f3n integral del sistema, incluyendo pruebas mec\u00e1nicas y el\u00e9ctricas<br \/>\n<br \/>&#8211; Procedimientos de calibraci\u00f3n del sistema<\/p>\n<p>Ubicaci\u00f3n: Planta de R.A.M. GmbH<br \/>\n<br \/>Duraci\u00f3n: 3 d\u00edas\t        <\/p>\n<p>\t\t\t<a href=\"mailto:info@ramgmbh.de\"> Programar ahora<\/a>\t\t<\/p>\n<style>\n    .shape-move,.shape-move:nth-child(2){\n        background: var(--color-primary) !important;\n    }\n<\/style>\n","protected":false},"featured_media":0,"menu_order":0,"template":"elementor_header_footer","meta":[],"product_category":[60],"class_list":["post-3704","product","type-product","status-publish","hentry","product_category-training"],"translation":{"provider":"WPGlobus","version":"2.12.2","language":"es","enabled_languages":["en","es","de","br","fr"],"languages":{"en":{"title":true,"content":true,"excerpt":false},"es":{"title":true,"content":true,"excerpt":false},"de":{"title":true,"content":true,"excerpt":false},"br":{"title":true,"content":true,"excerpt":false},"fr":{"title":true,"content":true,"excerpt":false}}},"aioseo_notices":[],"_links":{"self":[{"href":"https:\/\/www.ramgmbh.de\/es\/wp-json\/wp\/v2\/product\/3704","targetHints":{"allow":["GET"]}}],"collection":[{"href":"https:\/\/www.ramgmbh.de\/es\/wp-json\/wp\/v2\/product"}],"about":[{"href":"https:\/\/www.ramgmbh.de\/es\/wp-json\/wp\/v2\/types\/product"}],"version-history":[{"count":22,"href":"https:\/\/www.ramgmbh.de\/es\/wp-json\/wp\/v2\/product\/3704\/revisions"}],"predecessor-version":[{"id":6937,"href":"https:\/\/www.ramgmbh.de\/es\/wp-json\/wp\/v2\/product\/3704\/revisions\/6937"}],"wp:attachment":[{"href":"https:\/\/www.ramgmbh.de\/es\/wp-json\/wp\/v2\/media?parent=3704"}],"wp:term":[{"taxonomy":"product_category","embeddable":true,"href":"https:\/\/www.ramgmbh.de\/es\/wp-json\/wp\/v2\/product_category?post=3704"}],"curies":[{"name":"wp","href":"https:\/\/api.w.org\/{rel}","templated":true}]}}