{"id":4997,"date":"2023-09-26T12:35:45","date_gmt":"2023-09-26T12:35:45","guid":{"rendered":"https:\/\/www.ramgmbh.de\/?post_type=product&#038;p=4997"},"modified":"2025-05-08T08:33:05","modified_gmt":"2025-05-08T07:33:05","slug":"pqm-lab-extruder","status":"publish","type":"product","link":"https:\/\/www.ramgmbh.de\/es\/product\/pqm-lab-extruder\/","title":{"rendered":"PQMex &#8211; Gel Analyzer"},"content":{"rendered":"<style>\/*! elementor - v3.21.0 - 25-04-2024 *\/\n.elementor-heading-title{padding:0;margin:0;line-height:1}.elementor-widget-heading .elementor-heading-title[class*=elementor-size-]>a{color:inherit;font-size:inherit;line-height:inherit}.elementor-widget-heading .elementor-heading-title.elementor-size-small{font-size:15px}.elementor-widget-heading .elementor-heading-title.elementor-size-medium{font-size:19px}.elementor-widget-heading .elementor-heading-title.elementor-size-large{font-size:29px}.elementor-widget-heading .elementor-heading-title.elementor-size-xl{font-size:39px}.elementor-widget-heading .elementor-heading-title.elementor-size-xxl{font-size:59px}<\/style>\n<h2>An\u00e1lisis de Gel Reciclado de Pr\u00f3ximo Nivel<\/h2>\n<h5>Materiales compatibles:<\/h5>\n<ul>\n<li>LDPE,LLDPE, MDPE, HDPE y PP.\n<ul>\n<li>Gr\u00e1nulos, copos o polvo.<\/li>\n<\/ul>\n<\/li>\n<\/ul>\n<h5>Caracter\u00edsticas Clave:<\/h5>\n<ul>\n<li>An\u00e1lisis Integrado: An\u00e1lisis de contaminantes con niveles de advertencia y alarma para control autom\u00e1tico y clasificaci\u00f3n de la calidad.<\/li>\n<li>Totalmente Autom\u00e1tico: Ajuste autom\u00e1tico del di\u00e1metro del globo, transporte autom\u00e1tico de material y control autom\u00e1tico del nivel del embudo por sensor ultras\u00f3nico.<\/li>\n<li>Personalizaci\u00f3n del Material: Ajuste por recetas para ajuste autom\u00e1tico de la extrusora.<\/li>\n<li>Conectividad: Instrumentos de medici\u00f3n externos (por ejemplo, MFI) pueden ser agregados para an\u00e1lisis de material.<\/li>\n<li>Gesti\u00f3n de la Temperatura: Zonas de temperatura controladas por objetivo, asegurando condiciones \u00f3ptimas de operaci\u00f3n.<\/li>\n<\/ul>\n<h5>Opciones y Extensiones:<\/h5>\n<ul>\n<li>Actualizaci\u00f3n de su extrusora de laboratorio existente.<\/li>\n<li>Integraci\u00f3n con l\u00edneas de reciclaje existentes.<\/li>\n<li>vSTAT: Herramienta de an\u00e1lisis estad\u00edstico visual.<\/li>\n<li>Opciones de integraci\u00f3n para los softwares plastPMS y AIREC\u00ae.<\/li>\n<\/ul>\n<style>\/*! elementor - v3.21.0 - 25-04-2024 *\/\n.elementor-widget-image{text-align:center}.elementor-widget-image a{display:inline-block}.elementor-widget-image a img[src$=\".svg\"]{width:48px}.elementor-widget-image img{vertical-align:middle;display:inline-block}<\/style>\n<p>\t\t\t\t\t\t\t\t\t\t<img fetchpriority=\"high\" decoding=\"async\" width=\"2256\" height=\"1800\" src=\"https:\/\/www.ramgmbh.de\/wp-content\/uploads\/2024\/07\/Screenshot-2024-07-16-at-15.31.26-e1721137070166.png\" alt=\"\" srcset=\"https:\/\/www.ramgmbh.de\/wp-content\/uploads\/2024\/07\/Screenshot-2024-07-16-at-15.31.26-e1721137070166.png 2256w, https:\/\/www.ramgmbh.de\/wp-content\/uploads\/2024\/07\/Screenshot-2024-07-16-at-15.31.26-e1721137070166-300x239.png 300w, https:\/\/www.ramgmbh.de\/wp-content\/uploads\/2024\/07\/Screenshot-2024-07-16-at-15.31.26-e1721137070166-1024x817.png 1024w, https:\/\/www.ramgmbh.de\/wp-content\/uploads\/2024\/07\/Screenshot-2024-07-16-at-15.31.26-e1721137070166-768x613.png 768w, https:\/\/www.ramgmbh.de\/wp-content\/uploads\/2024\/07\/Screenshot-2024-07-16-at-15.31.26-e1721137070166-1536x1226.png 1536w, https:\/\/www.ramgmbh.de\/wp-content\/uploads\/2024\/07\/Screenshot-2024-07-16-at-15.31.26-e1721137070166-2048x1634.png 2048w\" sizes=\"(max-width: 2256px) 100vw, 2256px\" \/><br \/>\n\t\t\t\t\t\t\t\t\t\t\t\t\t<img decoding=\"async\" width=\"1252\" height=\"863\" src=\"https:\/\/www.ramgmbh.de\/wp-content\/uploads\/2024\/01\/Screenshot-2024-01-26-at-09.59.44.png\" alt=\"\" srcset=\"https:\/\/www.ramgmbh.de\/wp-content\/uploads\/2024\/01\/Screenshot-2024-01-26-at-09.59.44.png 1252w, https:\/\/www.ramgmbh.de\/wp-content\/uploads\/2024\/01\/Screenshot-2024-01-26-at-09.59.44-300x207.png 300w, https:\/\/www.ramgmbh.de\/wp-content\/uploads\/2024\/01\/Screenshot-2024-01-26-at-09.59.44-1024x706.png 1024w, https:\/\/www.ramgmbh.de\/wp-content\/uploads\/2024\/01\/Screenshot-2024-01-26-at-09.59.44-768x529.png 768w\" sizes=\"(max-width: 1252px) 100vw, 1252px\" \/>\t\t\t\t\t\t\t\t\t\t\t\t\t<\/p>\n<h4><\/h4>\n<h2>DATOS T\u00c9CNICOS<\/h2>\n<\/p>\n<style>\/*! elementor-pro - v3.7.7 - 20-09-2022 *\/\n.elementor-widget-price-list .elementor-price-list{list-style:none;padding:0;margin:0}.elementor-widget-price-list .elementor-price-list li{margin:0}.elementor-price-list li:not(:last-child){margin-bottom:20px}.elementor-price-list .elementor-price-list-image{max-width:50%;-ms-flex-negative:0;flex-shrink:0;padding-right:25px}.elementor-price-list .elementor-price-list-image img{width:100%}.elementor-price-list .elementor-price-list-header,.elementor-price-list .elementor-price-list-item,.elementor-price-list .elementor-price-list-text{display:-webkit-box;display:-ms-flexbox;display:flex}.elementor-price-list .elementor-price-list-item{-webkit-box-align:start;-ms-flex-align:start;align-items:flex-start}.elementor-price-list .elementor-price-list-item .elementor-price-list-text{-webkit-box-align:start;-ms-flex-align:start;align-items:flex-start;-ms-flex-wrap:wrap;flex-wrap:wrap;-webkit-box-flex:1;-ms-flex-positive:1;flex-grow:1}.elementor-price-list .elementor-price-list-item .elementor-price-list-header{-webkit-box-align:center;-ms-flex-align:center;align-items:center;-ms-flex-preferred-size:100%;flex-basis:100%;font-size:19px;font-weight:600;margin-bottom:10px;-webkit-box-pack:justify;-ms-flex-pack:justify;justify-content:space-between}.elementor-price-list .elementor-price-list-item .elementor-price-list-title{max-width:80%}.elementor-price-list .elementor-price-list-item .elementor-price-list-price{font-weight:600}.elementor-price-list .elementor-price-list-item p.elementor-price-list-description{-ms-flex-preferred-size:100%;flex-basis:100%;font-size:14px;margin:0}.elementor-price-list .elementor-price-list-item .elementor-price-list-separator{-webkit-box-flex:1;-ms-flex-positive:1;flex-grow:1;margin-left:10px;margin-right:10px;border-bottom-style:dotted;border-bottom-width:2px;height:0}.elementor-price-table{text-align:center}.elementor-price-table .elementor-price-table__header{background:var(--e-price-table-header-background-color,#555);padding:20px 0}.elementor-price-table .elementor-price-table__heading{margin:0;padding:0;line-height:1.2;font-size:24px;font-weight:600;color:#fff}.elementor-price-table .elementor-price-table__subheading{font-size:13px;font-weight:400;color:#fff}.elementor-price-table .elementor-price-table__original-price{margin-right:15px;text-decoration:line-through;font-size:.5em;line-height:1;font-weight:400;-ms-flex-item-align:center;align-self:center}.elementor-price-table .elementor-price-table__original-price .elementor-price-table__currency{font-size:1em;margin:0}.elementor-price-table .elementor-price-table__price{display:-webkit-box;display:-ms-flexbox;display:flex;-webkit-box-pack:center;-ms-flex-pack:center;justify-content:center;-webkit-box-align:center;-ms-flex-align:center;align-items:center;-ms-flex-wrap:wrap;flex-wrap:wrap;-webkit-box-orient:horizontal;-webkit-box-direction:normal;-ms-flex-direction:row;flex-direction:row;color:#555;font-weight:800;font-size:65px;padding:40px 0}.elementor-price-table .elementor-price-table__price .elementor-typo-excluded{line-height:normal;letter-spacing:normal;text-transform:none;font-weight:400;font-size:medium;font-style:normal}.elementor-price-table .elementor-price-table__after-price{display:-webkit-box;display:-ms-flexbox;display:flex;-ms-flex-wrap:wrap;flex-wrap:wrap;text-align:left;-ms-flex-item-align:stretch;align-self:stretch;-webkit-box-align:start;-ms-flex-align:start;align-items:flex-start;-webkit-box-orient:vertical;-webkit-box-direction:normal;-ms-flex-direction:column;flex-direction:column}.elementor-price-table .elementor-price-table__integer-part{line-height:.8}.elementor-price-table .elementor-price-table__currency,.elementor-price-table .elementor-price-table__fractional-part{line-height:1;font-size:.3em}.elementor-price-table .elementor-price-table__currency{margin-right:3px}.elementor-price-table .elementor-price-table__period{width:100%;font-size:13px;font-weight:400}.elementor-price-table .elementor-price-table__features-list{list-style-type:none;margin:0;padding:0;line-height:1;color:var(--e-price-table-features-list-color)}.elementor-price-table .elementor-price-table__features-list li{font-size:14px;line-height:1;margin:0;padding:0}.elementor-price-table .elementor-price-table__features-list li .elementor-price-table__feature-inner{margin-left:15px;margin-right:15px}.elementor-price-table .elementor-price-table__features-list li:not(:first-child):before{content:\"\";display:block;border:0 solid hsla(0,0%,47.8%,.3);margin:10px 12.5%}.elementor-price-table .elementor-price-table__features-list i{margin-right:10px;font-size:1.3em}.elementor-price-table .elementor-price-table__features-list svg{margin-right:10px;fill:var(--e-price-table-features-list-color);height:1.3em;width:1.3em}.elementor-price-table .elementor-price-table__features-list svg~*{vertical-align:text-top}.elementor-price-table .elementor-price-table__footer{padding:30px 0}.elementor-price-table .elementor-price-table__additional_info{margin:0;font-size:13px;line-height:1.4}.elementor-price-table__ribbon{position:absolute;top:0;left:auto;right:0;-webkit-transform:rotate(90deg);-ms-transform:rotate(90deg);transform:rotate(90deg);width:150px;overflow:hidden;height:150px}.elementor-price-table__ribbon-inner{text-align:center;left:0;width:200%;-webkit-transform:translateY(-50%) translateX(-50%) translateX(35px) rotate(-45deg);-ms-transform:translateY(-50%) translateX(-50%) translateX(35px) rotate(-45deg);transform:translateY(-50%) translateX(-50%) translateX(35px) rotate(-45deg);margin-top:35px;font-size:13px;line-height:2;font-weight:800;text-transform:uppercase;background:#000}.elementor-price-table__ribbon.elementor-ribbon-left{-webkit-transform:rotate(0);-ms-transform:rotate(0);transform:rotate(0);left:0;right:auto}.elementor-price-table__ribbon.elementor-ribbon-right{-webkit-transform:rotate(90deg);-ms-transform:rotate(90deg);transform:rotate(90deg);left:auto;right:0}.elementor-widget-price-table .elementor-widget-container{overflow:hidden;background-color:#f7f7f7}.e-container>.elementor-widget-price-list,.e-container__inner>.elementor-widget-price-list{width:var(--container-widget-width,100%)}<\/style>\n<ul>\n<li><a href=\"#\"><br \/>\n\t\t\t\t\t\t\tAlimentaci\u00f3n\t\t\t\t\t\t<\/p>\n<p>\n\t\t\t\t\t\t\t400 V \/ 3 Fases \/ 50 Hz\t\t\t\t\t\t<\/p>\n<p>\t\t\t\t<\/a><\/li>\n<li><a href=\"#\"><br \/>\n\t\t\t\t\t\t\tExtrusora simple\t\t\t\t\t\t<\/p>\n<p>\n\t\t\t\t\t\t\t&#8211; Dise\u00f1o: Secci\u00f3n de mezcla de canal doble.<br \/>\n&#8211; Control de Temperatura del Cabezal y del Barril<br \/>\n&#8211; Calentamiento del Barril: &#8211; Calentamiento por resistencia el\u00e9ctrica.<br \/>\n&#8211; Velocidad de Rotaci\u00f3n del Tornillo: 10-60rpm.<br \/>\n&#8211; Tracci\u00f3n: Tracci\u00f3n de rodillo independiente.<br \/>\n&#8211; Motor: Motor de tracci\u00f3n con convertidor de frecuencia y caja de engranajes.<br \/>\n&#8211; Rodillo: Rodillo de fricci\u00f3n antiest\u00e1tico.<br \/>\n&#8211; Motor del enrollador con control de velocidad.\t\t\t\t\t\t<\/p>\n<p>\t\t\t\t<\/a><\/li>\n<li>\n\t\t\t\t\t\t\tPC\t\t\t\t\t\t<\/p>\n<p>\n\t\t\t\t\t\t\tCPU: 16 GByte RAM, 1 TByte SSD\t\t\t\t\t\t<\/p>\n<\/li>\n<li><a href=\"#\"><br \/>\n\t\t\t\t\t\t\tPantalla\t\t\t\t\t\t<\/p>\n<p>\n\t\t\t\t\t\t\t19&#8243; Touch-Screen\n\t\t\t\t\t\t<\/p>\n<p>\t\t\t\t<\/a><\/li>\n<li><a href=\"#\"><br \/>\n\t\t\t\t\t\t\tSoftware\t\t\t\t\t\t<\/p>\n<p>\n\t\t\t\t\t\t\tCAMEN\u00ae + Sistema Integrado de An\u00e1lisis de Gel: ITG 500\t\t\t\t\t\t<\/p>\n<p>\t\t\t\t<\/a><\/li>\n<li><a href=\"#\"><br \/>\n\t\t\t\t\t\t\tC\u00e1mara\t\t\t\t\t\t<\/p>\n<p>\n\t\t\t\t\t\t\tL\u00ednea C\u00e1mara 4.096 p\u00edxeles<br \/>\n20.000 scans \/ sec.\t\t\t\t\t\t<\/p>\n<p>\t\t\t\t<\/a><\/li>\n<li><a href=\"#\"><br \/>\n\t\t\t\t\t\t\tIluminaci\u00f3n\t\t\t\t\t\t<\/p>\n<p>\n\t\t\t\t\t\t\tL\u00e1mpara LED Longfield para luz y campo oscuro\n\t\t\t\t\t\t<\/p>\n<p>\t\t\t\t<\/a><\/li>\n<li><a href=\"#\"><br \/>\n\t\t\t\t\t\t\tDimensiones\t\t\t\t\t\t<\/p>\n<p>\n\t\t\t\t\t\t\tL: 1850 mm Ancho: 720 mm Alto: 2000 mm\n\t\t\t\t\t\t<\/p>\n<p>\t\t\t\t<\/a><\/li>\n<li><a href=\"#\"><br \/>\n\t\t\t\t\t\t\tPeso\t\t\t\t\t\t<\/p>\n<p>\n\t\t\t\t\t\t\t280 Kg\t\t\t\t\t\t<\/p>\n<p>\t\t\t\t<\/a><\/li>\n<li><a href=\"#\"><br \/>\n\t\t\t\t\t\t\tOpcionales\t\t\t\t\t\t<\/p>\n<p>\n\t\t\t\t\t\t\t&#8211; Programa personalizado adaptado para la integraci\u00f3n de la producci\u00f3n del cliente, con enfoque en el control de carga de gr\u00e1nulos.<br \/>\n&#8211; vSTAT &#8211; Herramienta de an\u00e1lisis estad\u00edstico visual para datos de gel y datos de producci\u00f3n.<br \/>\nInterfaz para aplicaciones externas. &#8211; Controle el estado del sistema y la calidad en l\u00ednea a trav\u00e9s de iPad, iPhone, tablet y m\u00e1s.<br \/>\n&#8211; CPU de alta velocidad equipada con 64 GByte RAM y 4 TByte SSD, dise\u00f1ada para la integraci\u00f3n del software plastPMS (Sistema de Monitoreo de &#8211; Producci\u00f3n de Pl\u00e1sticos) y AIREC\u00ae (IIoT 4.0, Reciclaje Artificial).<br \/>\n&#8211; Software PlastPMS\u00ae.<br \/>\n&#8211; Software AIREC\u00ae.<br \/>\nInterfaz de software compatible con l\u00edneas de reciclaje existentes, facilitando la adquisici\u00f3n y optimizaci\u00f3n de datos.<br \/>\n&#8211; Medici\u00f3n de opacidad &#8211; Nota: Sensor de espesor necesario para la autocorrecci\u00f3n.\t\t\t\t\t\t<\/p>\n<p>\t\t\t\t<\/a><\/li>\n<\/ul>\n<p>\t\t\t<a href=\"http:\/\/www.ramgmbh.com\/download\/eng_labex.pdf\" target=\"_blank\"><br \/>\n\t\t\t\t\t\t\t\t\tFicha de datos<br \/>\n\t\t\t\t\t<\/a><\/p>\n<h2><a href=\"https:\/\/www.ramgmbh.de\/contact\/\">Para comprender mejor c\u00f3mo la extrusora PQMex puede revolucionar sus procesos de reciclaje, <a href=\"https:\/\/www.ramgmbh.de\/contact\/\" target=\"_new\" style=\"color: var(--tw-prose-links); text-decoration: underline; border-style: solid; border-color: rgb(217, 217, 227); outline: currentcolor; font-family: S\u00f6hne, ui-sans-serif, system-ui, -apple-system, &quot;Segoe UI&quot;, Roboto, Ubuntu, Cantarell, &quot;Noto Sans&quot;, sans-serif, &quot;Helvetica Neue&quot;, Arial, &quot;Apple Color Emoji&quot;, &quot;Segoe UI Emoji&quot;, &quot;Segoe UI Symbol&quot;, &quot;Noto Color Emoji&quot;; font-weight: 500; font-size: 16px; caret-color: rgb(0, 0, 0); text-underline-offset: 2px;\">contacte<\/a> con nosotros.<\/p>\n<p><\/a><\/h2>\n","protected":false},"featured_media":7205,"menu_order":4,"template":"elementor_header_footer","meta":[],"product_category":[59],"class_list":["post-4997","product","type-product","status-publish","has-post-thumbnail","hentry","product_category-recycling"],"translation":{"provider":"WPGlobus","version":"2.12.2","language":"es","enabled_languages":["en","es","de","br","fr"],"languages":{"en":{"title":true,"content":true,"excerpt":false},"es":{"title":true,"content":true,"excerpt":false},"de":{"title":true,"content":true,"excerpt":false},"br":{"title":true,"content":true,"excerpt":false},"fr":{"title":true,"content":true,"excerpt":false}}},"aioseo_notices":[],"_links":{"self":[{"href":"https:\/\/www.ramgmbh.de\/es\/wp-json\/wp\/v2\/product\/4997","targetHints":{"allow":["GET"]}}],"collection":[{"href":"https:\/\/www.ramgmbh.de\/es\/wp-json\/wp\/v2\/product"}],"about":[{"href":"https:\/\/www.ramgmbh.de\/es\/wp-json\/wp\/v2\/types\/product"}],"version-history":[{"count":196,"href":"https:\/\/www.ramgmbh.de\/es\/wp-json\/wp\/v2\/product\/4997\/revisions"}],"predecessor-version":[{"id":7677,"href":"https:\/\/www.ramgmbh.de\/es\/wp-json\/wp\/v2\/product\/4997\/revisions\/7677"}],"wp:featuredmedia":[{"embeddable":true,"href":"https:\/\/www.ramgmbh.de\/es\/wp-json\/wp\/v2\/media\/7205"}],"wp:attachment":[{"href":"https:\/\/www.ramgmbh.de\/es\/wp-json\/wp\/v2\/media?parent=4997"}],"wp:term":[{"taxonomy":"product_category","embeddable":true,"href":"https:\/\/www.ramgmbh.de\/es\/wp-json\/wp\/v2\/product_category?post=4997"}],"curies":[{"name":"wp","href":"https:\/\/api.w.org\/{rel}","templated":true}]}}