{"id":5147,"date":"2023-09-29T13:31:15","date_gmt":"2023-09-29T13:31:15","guid":{"rendered":"https:\/\/www.ramgmbh.de\/?post_type=product&#038;p=5147"},"modified":"2024-05-27T11:04:55","modified_gmt":"2024-05-27T10:04:55","slug":"slitter-rewinder-itg700","status":"publish","type":"product","link":"https:\/\/www.ramgmbh.de\/es\/product\/slitter-rewinder-itg700\/","title":{"rendered":"Slitter Rewinder\u00ae &#8211; ITG700"},"content":{"rendered":"<style>\/*! elementor - v3.21.0 - 25-04-2024 *\/\n.elementor-heading-title{padding:0;margin:0;line-height:1}.elementor-widget-heading .elementor-heading-title[class*=elementor-size-]>a{color:inherit;font-size:inherit;line-height:inherit}.elementor-widget-heading .elementor-heading-title.elementor-size-small{font-size:15px}.elementor-widget-heading .elementor-heading-title.elementor-size-medium{font-size:19px}.elementor-widget-heading .elementor-heading-title.elementor-size-large{font-size:29px}.elementor-widget-heading .elementor-heading-title.elementor-size-xl{font-size:39px}.elementor-widget-heading .elementor-heading-title.elementor-size-xxl{font-size:59px}<\/style>\n<h2>Precisi\u00f3n en la Inspecci\u00f3n durante el Rebobinado<\/h2>\n<h4>Caracter\u00edsticas Clave:<\/h4>\n<ul>\n<li>Inspecci\u00f3n a Doble Cara: Revisa tanto la parte superior como inferior de las pel\u00edculas opacas en busca de defectos.<\/li>\n<li>Clasificaci\u00f3n Autom\u00e1tica de Defectos: Clasifica los defectos en categor\u00edas como manchas\/geles, quemaduras, ojos de pez, impurezas, arrugas, agujeros o insectos. Adem\u00e1s, almacena im\u00e1genes de estos defectos para una evaluaci\u00f3n posterior.<\/li>\n<li>Informe de Defectos (MAP): Proporciona una representaci\u00f3n simb\u00f3lica de los defectos en el rollo, incluidos los im\u00e1genes en escala de grises. El informe contiene informaci\u00f3n sobre el n\u00famero de rollo, el n\u00famero total de defectos y los defectos por m\u00b2, clasificados por tama\u00f1o\/tipo. Tambi\u00e9n muestra las ubicaciones de los defectos en direcci\u00f3n de la m\u00e1quina y transversal.<\/li>\n<li>Gesti\u00f3n de Recetas: Permite la creaci\u00f3n de una cantidad ilimitada de recetas de inspecci\u00f3n, garantizando flexibilidad y adaptabilidad a diferentes requisitos de fabricaci\u00f3n.<\/li>\n<li>Alerta de Defectos Cr\u00edticos: En caso de defectos graves, el sistema puede activar una luz de alarma, hacer sonar una bocina o incluso detener un enrollador para asegurarse de que los problemas cr\u00edticos se resuelvan de inmediato.<\/li>\n<li>Integraci\u00f3n de Datos BDE: Carga sin problemas los datos BDE en el sistema de inspecci\u00f3n para mejorar el an\u00e1lisis y la supervisi\u00f3n.<\/li>\n<li>Entradas\/Salidas Digitales: Equipado con entradas digitales para se\u00f1ales de cambio de rollo, se\u00f1ales de codificador o parada de inspecci\u00f3n y salidas digitales para controlar alarmas en situaciones de defectos cr\u00edticos.<\/li>\n<\/ul>\n<h4><\/h4>\n<h4>Aplicaciones:<\/h4>\n<p>El ITG 700 ha sido desarrollado para las estrictas exigencias de los procesos de fabricaci\u00f3n modernos. Sus funciones avanzadas y capacidades lo convierten en una herramienta indispensable para garantizar la m\u00e1s alta calidad en la producci\u00f3n de pel\u00edculas\/hojas. Ya sea que desee mejorar el control de calidad, reducir el desperdicio o optimizar su proceso de fabricaci\u00f3n, el ITG 700 es la soluci\u00f3n que ha estado buscando.<\/p>\n<style>\/*! elementor - v3.21.0 - 25-04-2024 *\/\n.elementor-widget-image-carousel .swiper,.elementor-widget-image-carousel .swiper-container{position:static}.elementor-widget-image-carousel .swiper-container .swiper-slide figure,.elementor-widget-image-carousel .swiper .swiper-slide figure{line-height:inherit}.elementor-widget-image-carousel .swiper-slide{text-align:center}.elementor-image-carousel-wrapper:not(.swiper-container-initialized):not(.swiper-initialized) .swiper-slide{max-width:calc(100% \/ var(--e-image-carousel-slides-to-show, 3))}<\/style>\n<p>\t\t\t\t\t\t\t\t<a data-elementor-open-lightbox=\"yes\" data-elementor-lightbox-slideshow=\"39d6a2e\" data-elementor-lightbox-title=\"itg700\" data-e-action-hash=\"#elementor-action%3Aaction%3Dlightbox%26settings%3DeyJpZCI6MjY2MSwidXJsIjoiaHR0cHM6XC9cL3d3dy5yYW1nbWJoLmRlXC93cC1jb250ZW50XC91cGxvYWRzXC8yMDIzXC8wOVwvaXRnNzAwLTEucG5nIiwic2xpZGVzaG93IjoiMzlkNmEyZSJ9\" href=\"https:\/\/www.ramgmbh.de\/wp-content\/uploads\/2023\/09\/itg700-1.png\"><\/p>\n<figure><img data-src=\"https:\/\/www.ramgmbh.de\/wp-content\/uploads\/2023\/09\/itg700-1.png\" alt=\"itg700\" \/><\/figure>\n<p><\/a><a data-elementor-open-lightbox=\"yes\" data-elementor-lightbox-slideshow=\"39d6a2e\" data-elementor-lightbox-title=\"Bildschirmfoto 2023-07-29 um 09.30.38\" data-e-action-hash=\"#elementor-action%3Aaction%3Dlightbox%26settings%3DeyJpZCI6NDEyNiwidXJsIjoiaHR0cHM6XC9cL3d3dy5yYW1nbWJoLmRlXC93cC1jb250ZW50XC91cGxvYWRzXC8yMDIzXC8wOVwvQmlsZHNjaGlybWZvdG8tMjAyMy0wNy0yOS11bS0wOS4zMC4zOC5wbmciLCJzbGlkZXNob3ciOiIzOWQ2YTJlIn0%3D\" href=\"https:\/\/www.ramgmbh.de\/wp-content\/uploads\/2023\/09\/Bildschirmfoto-2023-07-29-um-09.30.38.png\"><\/p>\n<figure><img data-src=\"https:\/\/www.ramgmbh.de\/wp-content\/uploads\/2023\/09\/Bildschirmfoto-2023-07-29-um-09.30.38-800x600.png\" alt=\"Bildschirmfoto 2023-07-29 um 09.30.38\" \/><\/figure>\n<p><\/a>\t\t\t<\/p>\n<h4>DATOS T\u00c9CNICOS<\/h4>\n<h2>ITG 700<\/h2>\n<\/p>\n<style>\/*! elementor-pro - v3.7.7 - 20-09-2022 *\/\n.elementor-widget-price-list .elementor-price-list{list-style:none;padding:0;margin:0}.elementor-widget-price-list .elementor-price-list li{margin:0}.elementor-price-list li:not(:last-child){margin-bottom:20px}.elementor-price-list .elementor-price-list-image{max-width:50%;-ms-flex-negative:0;flex-shrink:0;padding-right:25px}.elementor-price-list .elementor-price-list-image img{width:100%}.elementor-price-list .elementor-price-list-header,.elementor-price-list .elementor-price-list-item,.elementor-price-list .elementor-price-list-text{display:-webkit-box;display:-ms-flexbox;display:flex}.elementor-price-list .elementor-price-list-item{-webkit-box-align:start;-ms-flex-align:start;align-items:flex-start}.elementor-price-list .elementor-price-list-item .elementor-price-list-text{-webkit-box-align:start;-ms-flex-align:start;align-items:flex-start;-ms-flex-wrap:wrap;flex-wrap:wrap;-webkit-box-flex:1;-ms-flex-positive:1;flex-grow:1}.elementor-price-list .elementor-price-list-item .elementor-price-list-header{-webkit-box-align:center;-ms-flex-align:center;align-items:center;-ms-flex-preferred-size:100%;flex-basis:100%;font-size:19px;font-weight:600;margin-bottom:10px;-webkit-box-pack:justify;-ms-flex-pack:justify;justify-content:space-between}.elementor-price-list .elementor-price-list-item .elementor-price-list-title{max-width:80%}.elementor-price-list .elementor-price-list-item .elementor-price-list-price{font-weight:600}.elementor-price-list .elementor-price-list-item p.elementor-price-list-description{-ms-flex-preferred-size:100%;flex-basis:100%;font-size:14px;margin:0}.elementor-price-list .elementor-price-list-item .elementor-price-list-separator{-webkit-box-flex:1;-ms-flex-positive:1;flex-grow:1;margin-left:10px;margin-right:10px;border-bottom-style:dotted;border-bottom-width:2px;height:0}.elementor-price-table{text-align:center}.elementor-price-table .elementor-price-table__header{background:var(--e-price-table-header-background-color,#555);padding:20px 0}.elementor-price-table .elementor-price-table__heading{margin:0;padding:0;line-height:1.2;font-size:24px;font-weight:600;color:#fff}.elementor-price-table .elementor-price-table__subheading{font-size:13px;font-weight:400;color:#fff}.elementor-price-table .elementor-price-table__original-price{margin-right:15px;text-decoration:line-through;font-size:.5em;line-height:1;font-weight:400;-ms-flex-item-align:center;align-self:center}.elementor-price-table .elementor-price-table__original-price .elementor-price-table__currency{font-size:1em;margin:0}.elementor-price-table .elementor-price-table__price{display:-webkit-box;display:-ms-flexbox;display:flex;-webkit-box-pack:center;-ms-flex-pack:center;justify-content:center;-webkit-box-align:center;-ms-flex-align:center;align-items:center;-ms-flex-wrap:wrap;flex-wrap:wrap;-webkit-box-orient:horizontal;-webkit-box-direction:normal;-ms-flex-direction:row;flex-direction:row;color:#555;font-weight:800;font-size:65px;padding:40px 0}.elementor-price-table .elementor-price-table__price .elementor-typo-excluded{line-height:normal;letter-spacing:normal;text-transform:none;font-weight:400;font-size:medium;font-style:normal}.elementor-price-table .elementor-price-table__after-price{display:-webkit-box;display:-ms-flexbox;display:flex;-ms-flex-wrap:wrap;flex-wrap:wrap;text-align:left;-ms-flex-item-align:stretch;align-self:stretch;-webkit-box-align:start;-ms-flex-align:start;align-items:flex-start;-webkit-box-orient:vertical;-webkit-box-direction:normal;-ms-flex-direction:column;flex-direction:column}.elementor-price-table .elementor-price-table__integer-part{line-height:.8}.elementor-price-table .elementor-price-table__currency,.elementor-price-table .elementor-price-table__fractional-part{line-height:1;font-size:.3em}.elementor-price-table .elementor-price-table__currency{margin-right:3px}.elementor-price-table .elementor-price-table__period{width:100%;font-size:13px;font-weight:400}.elementor-price-table .elementor-price-table__features-list{list-style-type:none;margin:0;padding:0;line-height:1;color:var(--e-price-table-features-list-color)}.elementor-price-table .elementor-price-table__features-list li{font-size:14px;line-height:1;margin:0;padding:0}.elementor-price-table .elementor-price-table__features-list li .elementor-price-table__feature-inner{margin-left:15px;margin-right:15px}.elementor-price-table .elementor-price-table__features-list li:not(:first-child):before{content:\"\";display:block;border:0 solid hsla(0,0%,47.8%,.3);margin:10px 12.5%}.elementor-price-table .elementor-price-table__features-list i{margin-right:10px;font-size:1.3em}.elementor-price-table .elementor-price-table__features-list svg{margin-right:10px;fill:var(--e-price-table-features-list-color);height:1.3em;width:1.3em}.elementor-price-table .elementor-price-table__features-list svg~*{vertical-align:text-top}.elementor-price-table .elementor-price-table__footer{padding:30px 0}.elementor-price-table .elementor-price-table__additional_info{margin:0;font-size:13px;line-height:1.4}.elementor-price-table__ribbon{position:absolute;top:0;left:auto;right:0;-webkit-transform:rotate(90deg);-ms-transform:rotate(90deg);transform:rotate(90deg);width:150px;overflow:hidden;height:150px}.elementor-price-table__ribbon-inner{text-align:center;left:0;width:200%;-webkit-transform:translateY(-50%) translateX(-50%) translateX(35px) rotate(-45deg);-ms-transform:translateY(-50%) translateX(-50%) translateX(35px) rotate(-45deg);transform:translateY(-50%) translateX(-50%) translateX(35px) rotate(-45deg);margin-top:35px;font-size:13px;line-height:2;font-weight:800;text-transform:uppercase;background:#000}.elementor-price-table__ribbon.elementor-ribbon-left{-webkit-transform:rotate(0);-ms-transform:rotate(0);transform:rotate(0);left:0;right:auto}.elementor-price-table__ribbon.elementor-ribbon-right{-webkit-transform:rotate(90deg);-ms-transform:rotate(90deg);transform:rotate(90deg);left:auto;right:0}.elementor-widget-price-table .elementor-widget-container{overflow:hidden;background-color:#f7f7f7}.e-container>.elementor-widget-price-list,.e-container__inner>.elementor-widget-price-list{width:var(--container-widget-width,100%)}<\/style>\n<ul>\n<li>\n\t\t\t\t\t\t\tPC\t\t\t\t\t\t<\/p>\n<p>\n\t\t\t\t\t\t\tCPU 16 Gbyte RAM,<br \/>\n1 TByte HD,<br \/>\nSSD para el sistema operativo\t\t\t\t\t\t<\/p>\n<\/li>\n<li><a href=\"#\"><br \/>\n\t\t\t\t\t\t\tInterfaces\t\t\t\t\t\t<\/p>\n<p>\n\t\t\t\t\t\t\t1 Entrada y 1 Salida con optoacoplador<br \/>\n1 Contador de entrada para contadores de marcha\t\t\t\t\t\t<\/p>\n<p>\t\t\t\t<\/a><\/li>\n<li><a href=\"#\"><br \/>\n\t\t\t\t\t\t\tPantalla\t\t\t\t\t\t<\/p>\n<p>\n\t\t\t\t\t\t\t19&#8243; LCD-TFT Touch-Screen\n\t\t\t\t\t\t<\/p>\n<p>\t\t\t\t<\/a><\/li>\n<li><a href=\"#\"><br \/>\n\t\t\t\t\t\t\tSoftware\t\t\t\t\t\t<\/p>\n<p>\n\t\t\t\t\t\t\tITG CAMEN 10.xx\t\t\t\t\t\t<\/p>\n<p>\t\t\t\t<\/a><\/li>\n<li><a href=\"#\"><br \/>\n\t\t\t\t\t\t\tC\u00e1mara\t\t\t\t\t\t<\/p>\n<p>\n\t\t\t\t\t\t\tCMOS C\u00e1mara lineal 8.192 p\u00edxeles<br \/>\n40.000 scans \/ sec.<br \/>\n320 MBit\/s\t\t\t\t\t\t<\/p>\n<p>\t\t\t\t<\/a><\/li>\n<li><a href=\"#\"><br \/>\n\t\t\t\t\t\t\tResoluci\u00f3n del sistema\t\t\t\t\t\t<\/p>\n<p>\n\t\t\t\t\t\t\tCD 65 \u00b5m ( anchura 500 mm)<br \/>\nMD 170 \u00b5m ( en 400 m\/Min.)\t\t\t\t\t\t<\/p>\n<p>\t\t\t\t<\/a><\/li>\n<li><a href=\"#\"><br \/>\n\t\t\t\t\t\t\tSistema de iluminaci\u00f3n\t\t\t\t\t\t<\/p>\n<p>\n\t\t\t\t\t\t\tL\u00e1mpara LED 1000, 1500 y 2000 mm para m\u00e1x. 1900 mm Anchura de inspecci\u00f3n<br \/>\nAdecuada para inspecci\u00f3n de luz reflejada, luz transmitida y campo claro\/oscuro\t\t\t\t\t\t<\/p>\n<p>\t\t\t\t<\/a><\/li>\n<li><a href=\"#\"><br \/>\n\t\t\t\t\t\t\tDimension Cabinet\t\t\t\t\t\t<\/p>\n<p>\n\t\t\t\t\t\t\t860 x 860 x 30 mm\t\t\t\t\t\t<\/p>\n<p>\t\t\t\t<\/a><\/li>\n<li><a href=\"#\"><br \/>\n\t\t\t\t\t\t\tFuente de alimentaci\u00f3n\t\t\t\t\t\t<\/p>\n<p>\n\t\t\t\t\t\t\t230 VAC, 50-60 Hz, 500 W\n\t\t\t\t\t\t<\/p>\n<p>\t\t\t\t<\/a><\/li>\n<li><a href=\"#\"><br \/>\n\t\t\t\t\t\t\tServicio y asistencia\t\t\t\t\t\t<\/p>\n<p>\n\t\t\t\t\t\t\tSe recomienda SSH\/VPN-Tunnel (DSL necesario)\n\t\t\t\t\t\t<\/p>\n<p>\t\t\t\t<\/a><\/li>\n<\/ul>\n<p>\t\t\t<a href=\"https:\/\/www.ramgmbh.de\/download\/eng_ITG-700.pdf\" target=\"_blank\" rel=\"noopener\"><br \/>\n\t\t\t\t\t\t\t\t\tFicha de datos<br \/>\n\t\t\t\t\t<\/a><\/p>\n<h2><a href=\"https:\/\/www.ramgmbh.de\/contact\/\">Para comprender mejor c\u00f3mo la cortadora rebobinadora puede mejorar la calidad de su producci\u00f3n, <a href=\"https:\/\/www.ramgmbh.de\/contact\/\" target=\"_new\" style=\"color: var(--tw-prose-links); text-decoration: underline; border-style: solid; border-color: rgb(217, 217, 227); outline: currentcolor; font-family: S\u00f6hne, ui-sans-serif, system-ui, -apple-system, &quot;Segoe UI&quot;, Roboto, Ubuntu, Cantarell, &quot;Noto Sans&quot;, sans-serif, &quot;Helvetica Neue&quot;, Arial, &quot;Apple Color Emoji&quot;, &quot;Segoe UI Emoji&quot;, &quot;Segoe UI Symbol&quot;, &quot;Noto Color Emoji&quot;; font-weight: 500; font-size: 16px; caret-color: rgb(0, 0, 0); text-underline-offset: 2px;\" rel=\"noopener\">contacte<\/a> con nosotros.<\/p>\n<p><\/a><\/h2>\n","protected":false},"featured_media":2661,"menu_order":0,"template":"elementor_header_footer","meta":[],"product_category":[51],"class_list":["post-5147","product","type-product","status-publish","has-post-thumbnail","hentry","product_category-surface-inspection"],"translation":{"provider":"WPGlobus","version":"2.12.2","language":"es","enabled_languages":["en","es","de","br","fr"],"languages":{"en":{"title":true,"content":true,"excerpt":false},"es":{"title":true,"content":true,"excerpt":false},"de":{"title":true,"content":true,"excerpt":false},"br":{"title":true,"content":true,"excerpt":false},"fr":{"title":true,"content":true,"excerpt":false}}},"aioseo_notices":[],"_links":{"self":[{"href":"https:\/\/www.ramgmbh.de\/es\/wp-json\/wp\/v2\/product\/5147","targetHints":{"allow":["GET"]}}],"collection":[{"href":"https:\/\/www.ramgmbh.de\/es\/wp-json\/wp\/v2\/product"}],"about":[{"href":"https:\/\/www.ramgmbh.de\/es\/wp-json\/wp\/v2\/types\/product"}],"version-history":[{"count":28,"href":"https:\/\/www.ramgmbh.de\/es\/wp-json\/wp\/v2\/product\/5147\/revisions"}],"predecessor-version":[{"id":6989,"href":"https:\/\/www.ramgmbh.de\/es\/wp-json\/wp\/v2\/product\/5147\/revisions\/6989"}],"wp:featuredmedia":[{"embeddable":true,"href":"https:\/\/www.ramgmbh.de\/es\/wp-json\/wp\/v2\/media\/2661"}],"wp:attachment":[{"href":"https:\/\/www.ramgmbh.de\/es\/wp-json\/wp\/v2\/media?parent=5147"}],"wp:term":[{"taxonomy":"product_category","embeddable":true,"href":"https:\/\/www.ramgmbh.de\/es\/wp-json\/wp\/v2\/product_category?post=5147"}],"curies":[{"name":"wp","href":"https:\/\/api.w.org\/{rel}","templated":true}]}}