{"id":5276,"date":"2023-11-01T07:50:25","date_gmt":"2023-11-01T07:50:25","guid":{"rendered":"https:\/\/www.ramgmbh.de\/?post_type=product&#038;p=5276"},"modified":"2024-05-27T10:02:03","modified_gmt":"2024-05-27T09:02:03","slug":"camen","status":"publish","type":"product","link":"https:\/\/www.ramgmbh.de\/es\/product\/camen\/","title":{"rendered":"CAMEN\u00ae"},"content":{"rendered":"<h4>\u00a0<\/h4>\n<h2>CAMEN\u00ae: Su Centro de Control para el Control de Calidad<\/h2>\n<h4 style=\"letter-spacing: normal;\">Computer Aided Manufaturing Environment <\/h4>\n<p>CAMEN\u00ae es una interfaz de usuario que proporciona a la producci\u00f3n an\u00e1lisis de calidad detallados y se enfoca en el seguimiento de defectos de calidad y el registro de la producci\u00f3n. Los registros de CAMEN\u00ae ofrecen informaci\u00f3n detallada sobre las clases de defectos, su tama\u00f1o y su ubicaci\u00f3n exacta, todo clasificado para su conveniencia. Aproveche los informes personalizables que eval\u00faan m\u00e9tricas relacionadas con la calidad y visualice defectos con nuestra funci\u00f3n \u00fanica de mapas de defectos.<\/p>\n<h4>\u00a0<\/h4>\n<h4>Requisitos del Sistema:<\/h4>\n<ul>\n<li>Compatible con Windows 7, Mac OS X 10.9 y Linux con Desktop.<\/li>\n<li>Se recomienda una resoluci\u00f3n de pantalla de al menos 1024 x 768.<\/li>\n<li>8GB de memoria (recomendado).<\/li>\n<\/ul>\n<h5>\u00a0<\/h5>\n<p><style>\/*! elementor - v3.7.8 - 02-10-2022 *\/<br \/>.elementor-widget-image{text-align:center}.elementor-widget-image a{display:inline-block}.elementor-widget-image a img[src$=\".svg\"]{width:48px}.elementor-widget-image img{vertical-align:middle;display:inline-block}<\/style>\n<\/p>\n<p><img fetchpriority=\"high\" decoding=\"async\" src=\"https:\/\/www.ramgmbh.de\/wp-content\/uploads\/2023\/09\/Bildschirmfoto-2018-10-17-um-16.19.50-1-1024x838.png\" sizes=\"(max-width: 1024px) 100vw, 1024px\" srcset=\"https:\/\/www.ramgmbh.de\/wp-content\/uploads\/2023\/09\/Bildschirmfoto-2018-10-17-um-16.19.50-1-1024x838.png 1024w, https:\/\/www.ramgmbh.de\/wp-content\/uploads\/2023\/09\/Bildschirmfoto-2018-10-17-um-16.19.50-1-300x245.png 300w, https:\/\/www.ramgmbh.de\/wp-content\/uploads\/2023\/09\/Bildschirmfoto-2018-10-17-um-16.19.50-1-768x628.png 768w, https:\/\/www.ramgmbh.de\/wp-content\/uploads\/2023\/09\/Bildschirmfoto-2018-10-17-um-16.19.50-1-1536x1257.png 1536w, https:\/\/www.ramgmbh.de\/wp-content\/uploads\/2023\/09\/Bildschirmfoto-2018-10-17-um-16.19.50-1-2048x1676.png 2048w\" alt=\"\" width=\"1024\" height=\"838\" \/><\/p>\n<p>Con CAMEN\u00ae, obtendr\u00e1 una visi\u00f3n completa de la calidad de sus materiales y podr\u00e1 tomar decisiones basadas en datos para mejorar la calidad y la eficiencia.<\/p>\n<h4>\u00a0<\/h4>\n<h5><a style=\"color: #ad1221; text-decoration: underline;\" href=\"https:\/\/www.ramgmbh.de\/contact\/\">\u00a1Cont\u00e1ctenos para saber m\u00e1s!<\/a><\/h5>\n<h3 style=\"text-align: center;\">\u00a0\u00a0<\/h3>\n<p>\t\t\t<a href=\"http:\/\/www.ramgmbh.de\/download\/plastPMS_by_RAM_i40.pdf\"><br \/>\n\t\t\t\t\t\t\t\t\tCAMEN\u00ae Datasheet<br \/>\n\t\t\t\t\t<\/a><\/p>\n<style>\/*! elementor - v3.21.0 - 25-04-2024 *\/\n.elementor-column .elementor-spacer-inner{height:var(--spacer-size)}.e-con{--container-widget-width:100%}.e-con-inner>.elementor-widget-spacer,.e-con>.elementor-widget-spacer{width:var(--container-widget-width,var(--spacer-size));--align-self:var(--container-widget-align-self,initial);--flex-shrink:0}.e-con-inner>.elementor-widget-spacer>.elementor-widget-container,.e-con>.elementor-widget-spacer>.elementor-widget-container{height:100%;width:100%}.e-con-inner>.elementor-widget-spacer>.elementor-widget-container>.elementor-spacer,.e-con>.elementor-widget-spacer>.elementor-widget-container>.elementor-spacer{height:100%}.e-con-inner>.elementor-widget-spacer>.elementor-widget-container>.elementor-spacer>.elementor-spacer-inner,.e-con>.elementor-widget-spacer>.elementor-widget-container>.elementor-spacer>.elementor-spacer-inner{height:var(--container-widget-height,var(--spacer-size))}.e-con-inner>.elementor-widget-spacer.elementor-widget-empty,.e-con>.elementor-widget-spacer.elementor-widget-empty{position:relative;min-height:22px;min-width:22px}.e-con-inner>.elementor-widget-spacer.elementor-widget-empty .elementor-widget-empty-icon,.e-con>.elementor-widget-spacer.elementor-widget-empty .elementor-widget-empty-icon{position:absolute;top:0;bottom:0;left:0;right:0;margin:auto;padding:0;width:22px;height:22px}<\/style>\n","protected":false},"featured_media":5408,"menu_order":7,"template":"elementor_header_footer","meta":[],"product_category":[57],"class_list":["post-5276","product","type-product","status-publish","has-post-thumbnail","hentry","product_category-software"],"translation":{"provider":"WPGlobus","version":"2.12.2","language":"es","enabled_languages":["en","es","de","br","fr"],"languages":{"en":{"title":true,"content":true,"excerpt":false},"es":{"title":true,"content":true,"excerpt":false},"de":{"title":true,"content":true,"excerpt":false},"br":{"title":true,"content":true,"excerpt":false},"fr":{"title":true,"content":true,"excerpt":false}}},"aioseo_notices":[],"_links":{"self":[{"href":"https:\/\/www.ramgmbh.de\/es\/wp-json\/wp\/v2\/product\/5276","targetHints":{"allow":["GET"]}}],"collection":[{"href":"https:\/\/www.ramgmbh.de\/es\/wp-json\/wp\/v2\/product"}],"about":[{"href":"https:\/\/www.ramgmbh.de\/es\/wp-json\/wp\/v2\/types\/product"}],"version-history":[{"count":19,"href":"https:\/\/www.ramgmbh.de\/es\/wp-json\/wp\/v2\/product\/5276\/revisions"}],"predecessor-version":[{"id":6978,"href":"https:\/\/www.ramgmbh.de\/es\/wp-json\/wp\/v2\/product\/5276\/revisions\/6978"}],"wp:featuredmedia":[{"embeddable":true,"href":"https:\/\/www.ramgmbh.de\/es\/wp-json\/wp\/v2\/media\/5408"}],"wp:attachment":[{"href":"https:\/\/www.ramgmbh.de\/es\/wp-json\/wp\/v2\/media?parent=5276"}],"wp:term":[{"taxonomy":"product_category","embeddable":true,"href":"https:\/\/www.ramgmbh.de\/es\/wp-json\/wp\/v2\/product_category?post=5276"}],"curies":[{"name":"wp","href":"https:\/\/api.w.org\/{rel}","templated":true}]}}