{"id":6227,"date":"2024-04-29T08:03:20","date_gmt":"2024-04-29T07:03:20","guid":{"rendered":"https:\/\/www.ramgmbh.de\/?post_type=product&#038;p=6227"},"modified":"2024-05-27T09:57:46","modified_gmt":"2024-05-27T08:57:46","slug":"plastpsm","status":"publish","type":"product","link":"https:\/\/www.ramgmbh.de\/es\/product\/plastpsm\/","title":{"rendered":"PlastPSM\u00ae"},"content":{"rendered":"<h2>PlastPMS\u00ae: su sistema de monitoreo unificado<\/h2>\n<h4>Plastic Production Monitoring System<\/h4>\n<p>PlastPMS es tu herramienta todo en uno para an\u00e1lisis en vivo y detallado, llevando tu producci\u00f3n a un nuevo nivel. Combina datos de todos tus sistemas, ofreciendo un solo lugar para ver todo. Pero no se trata solo de ver datos. Nuestro algoritmo inteligente ayuda a predecir lo que viene, para que puedas adelantarte, reducir desperdicios y mejorar la calidad activamente. Con PlastPMS, la calidad no solo se monitorea; se alcanza.<\/p>\n<h4>\u00a0<\/h4>\n<h4>Caracter\u00edsticas Principales:<\/h4>\n<ul>\n<li>Todos Tus Datos en Un Solo Lugar: Ve los datos de todos los sensores de las m\u00e1quinas juntos para una vista completa.<\/li>\n<li>Verifica la Calidad en Tiempo Real: Eval\u00faa la calidad del producto directamente desde tu lugar.<\/li>\n<li>Usa Datos Pasados para Mejorar: Utiliza informaci\u00f3n pasada para seguir mejorando.<\/li>\n<li>Insights Profundos: Profundiza en los detalles de tu producci\u00f3n para tomar decisiones m\u00e1s inteligentes.<\/li>\n<li>Acceso a los Datos desde Cualquier Lugar: Accede a tus datos de forma segura, en cualquier momento y lugar.<\/li>\n<\/ul>\n<h4>\u00a0<\/h4>\n<h4>Requisitos del Sistema:<\/h4>\n<ul>\n<li>Compatible con Windows 7, Mac OS X 10.9 y Linux con Desktop.<\/li>\n<li>Resoluci\u00f3n de pantalla de al menos 1024 \u00d7 768 recomendada.<\/li>\n<li>M\u00ednimo de 2GB de memoria (se recomiendan 8GB).<\/li>\n<\/ul>\n<h4>\u00a0<\/h4>\n<h4>M\u00f3dulos Especializados:<\/h4>\n<ul>\n<li style=\"list-style-type: none;\">\n<ul>\n<li style=\"list-style-type: none;\">\n<ul>\n<li>ESTAD\u00cdSTICAS: Personaliza tu an\u00e1lisis con inspecci\u00f3n web, grosor y m\u00e1s. Obt\u00e9n insights exactamente donde los necesitas.<\/li>\n<\/ul>\n<\/li>\n<\/ul>\n<\/li>\n<\/ul>\n<p>\u00a0<\/p>\n<ul>\n<li style=\"list-style-type: none;\">\n<ul>\n<li style=\"list-style-type: none;\">\n<ul>\n<li>MONITOREO &#8211; VISUALIZADOR DE INFORMES: Mant\u00e9n todos los datos de tus sensores en un solo lugar, dise\u00f1ado para inspecci\u00f3n web y grosor, pero listo para mucho m\u00e1s.<\/li>\n<\/ul>\n<\/li>\n<\/ul>\n<\/li>\n<\/ul>\n<p>\u00a0<\/p>\n<p><img fetchpriority=\"high\" decoding=\"async\" src=\"https:\/\/www.ramgmbh.de\/wp-content\/uploads\/2023\/09\/Design-sem-nome-7-1024x838.png\" alt=\"\" width=\"1024\" height=\"838\" \/><\/p>\n<p><a href=\"https:\/\/www.ramgmbh.de\/contact\/\"><u>\u00a1Cont\u00e1ctanos y descubre m\u00e1s!<\/u><\/a><\/p>\n<p>\t\t\t<a href=\"http:\/\/www.ramgmbh.de\/download\/plastPMS_by_RAM_i40.pdf\"><br \/>\n\t\t\t\t\t\t\t\t\tPlastPMS Ficha de datos<br \/>\n\t\t\t\t\t<\/a><\/p>\n<style>\/*! elementor - v3.21.0 - 25-04-2024 *\/\n.elementor-column .elementor-spacer-inner{height:var(--spacer-size)}.e-con{--container-widget-width:100%}.e-con-inner>.elementor-widget-spacer,.e-con>.elementor-widget-spacer{width:var(--container-widget-width,var(--spacer-size));--align-self:var(--container-widget-align-self,initial);--flex-shrink:0}.e-con-inner>.elementor-widget-spacer>.elementor-widget-container,.e-con>.elementor-widget-spacer>.elementor-widget-container{height:100%;width:100%}.e-con-inner>.elementor-widget-spacer>.elementor-widget-container>.elementor-spacer,.e-con>.elementor-widget-spacer>.elementor-widget-container>.elementor-spacer{height:100%}.e-con-inner>.elementor-widget-spacer>.elementor-widget-container>.elementor-spacer>.elementor-spacer-inner,.e-con>.elementor-widget-spacer>.elementor-widget-container>.elementor-spacer>.elementor-spacer-inner{height:var(--container-widget-height,var(--spacer-size))}.e-con-inner>.elementor-widget-spacer.elementor-widget-empty,.e-con>.elementor-widget-spacer.elementor-widget-empty{position:relative;min-height:22px;min-width:22px}.e-con-inner>.elementor-widget-spacer.elementor-widget-empty .elementor-widget-empty-icon,.e-con>.elementor-widget-spacer.elementor-widget-empty .elementor-widget-empty-icon{position:absolute;top:0;bottom:0;left:0;right:0;margin:auto;padding:0;width:22px;height:22px}<\/style>\n","protected":false},"featured_media":6228,"menu_order":1,"template":"elementor_header_footer","meta":[],"product_category":[57],"class_list":["post-6227","product","type-product","status-publish","has-post-thumbnail","hentry","product_category-software"],"translation":{"provider":"WPGlobus","version":"2.12.2","language":"es","enabled_languages":["en","es","de","br","fr"],"languages":{"en":{"title":true,"content":true,"excerpt":false},"es":{"title":true,"content":true,"excerpt":false},"de":{"title":true,"content":true,"excerpt":false},"br":{"title":true,"content":true,"excerpt":false},"fr":{"title":true,"content":true,"excerpt":false}}},"aioseo_notices":[],"_links":{"self":[{"href":"https:\/\/www.ramgmbh.de\/es\/wp-json\/wp\/v2\/product\/6227","targetHints":{"allow":["GET"]}}],"collection":[{"href":"https:\/\/www.ramgmbh.de\/es\/wp-json\/wp\/v2\/product"}],"about":[{"href":"https:\/\/www.ramgmbh.de\/es\/wp-json\/wp\/v2\/types\/product"}],"version-history":[{"count":50,"href":"https:\/\/www.ramgmbh.de\/es\/wp-json\/wp\/v2\/product\/6227\/revisions"}],"predecessor-version":[{"id":6975,"href":"https:\/\/www.ramgmbh.de\/es\/wp-json\/wp\/v2\/product\/6227\/revisions\/6975"}],"wp:featuredmedia":[{"embeddable":true,"href":"https:\/\/www.ramgmbh.de\/es\/wp-json\/wp\/v2\/media\/6228"}],"wp:attachment":[{"href":"https:\/\/www.ramgmbh.de\/es\/wp-json\/wp\/v2\/media?parent=6227"}],"wp:term":[{"taxonomy":"product_category","embeddable":true,"href":"https:\/\/www.ramgmbh.de\/es\/wp-json\/wp\/v2\/product_category?post=6227"}],"curies":[{"name":"wp","href":"https:\/\/api.w.org\/{rel}","templated":true}]}}