{"id":2763,"date":"2023-09-01T16:11:54","date_gmt":"2023-09-01T16:11:54","guid":{"rendered":"https:\/\/www.ramgmbh.de\/?page_id=2763"},"modified":"2024-07-19T13:17:04","modified_gmt":"2024-07-19T12:17:04","slug":"recycling1","status":"publish","type":"page","link":"https:\/\/www.ramgmbh.de\/fr\/recycling1\/","title":{"rendered":"Recycling"},"content":{"rendered":"\t\t<div data-elementor-type=\"wp-page\" data-elementor-id=\"2763\" class=\"elementor elementor-2763\">\n\t\t\t\t\t\t<section class=\"elementor-section elementor-top-section elementor-element elementor-element-a9ede96 elementor-section-full_width elementor-section-stretched elementor-section-height-default elementor-section-height-default\" data-id=\"a9ede96\" data-element_type=\"section\" id=\"history\" data-settings=\"{&quot;stretch_section&quot;:&quot;section-stretched&quot;,&quot;background_background&quot;:&quot;classic&quot;}\">\n\t\t\t\t\t\t\t<div class=\"elementor-background-overlay\"><\/div>\n\t\t\t\t\t\t\t<div class=\"elementor-container elementor-column-gap-no\">\n\t\t\t\t\t<div class=\"elementor-column elementor-col-100 elementor-top-column elementor-element elementor-element-28bb6815\" data-id=\"28bb6815\" data-element_type=\"column\">\n\t\t\t<div class=\"elementor-widget-wrap elementor-element-populated\">\n\t\t\t\t\t\t\t<\/div>\n\t\t<\/div>\n\t\t\t\t\t<\/div>\n\t\t<\/section>\n\t\t<div class=\"elementor-element elementor-element-ae57e16 e-flex e-con-boxed e-con e-parent\" data-id=\"ae57e16\" data-element_type=\"container\">\n\t\t\t\t\t<div class=\"e-con-inner\">\n\t\t\t\t<div class=\"elementor-element elementor-element-184a5fa elementor-grid-1 elementor-posts--thumbnail-left elementor-grid-tablet-2 elementor-grid-mobile-1 elementor-widget elementor-widget-posts\" data-id=\"184a5fa\" data-element_type=\"widget\" data-settings=\"{&quot;pagination_type&quot;:&quot;numbers_and_prev_next&quot;,&quot;classic_columns&quot;:&quot;1&quot;,&quot;classic_columns_tablet&quot;:&quot;2&quot;,&quot;classic_columns_mobile&quot;:&quot;1&quot;,&quot;classic_row_gap&quot;:{&quot;unit&quot;:&quot;px&quot;,&quot;size&quot;:35,&quot;sizes&quot;:[]},&quot;classic_row_gap_tablet&quot;:{&quot;unit&quot;:&quot;px&quot;,&quot;size&quot;:&quot;&quot;,&quot;sizes&quot;:[]},&quot;classic_row_gap_mobile&quot;:{&quot;unit&quot;:&quot;px&quot;,&quot;size&quot;:&quot;&quot;,&quot;sizes&quot;:[]}}\" data-widget_type=\"posts.classic\">\n\t\t\t\t<div class=\"elementor-widget-container\">\n\t\t\t<link rel=\"stylesheet\" href=\"https:\/\/www.ramgmbh.de\/wp-content\/plugins\/elementor-pro\/assets\/css\/widget-posts.min.css\">\t\t<div class=\"elementor-posts-container elementor-posts elementor-posts--skin-classic elementor-grid\">\n\t\t\t\t<article class=\"elementor-post elementor-grid-item post-7625 product type-product status-publish has-post-thumbnail hentry product_category-laboratory\">\n\t\t\t\t<a class=\"elementor-post__thumbnail__link\" href=\"https:\/\/www.ramgmbh.de\/fr\/product\/itg-500\/\" >\n\t\t\t<div class=\"elementor-post__thumbnail\"><img fetchpriority=\"high\" decoding=\"async\" width=\"300\" height=\"227\" src=\"https:\/\/www.ramgmbh.de\/wp-content\/uploads\/2025\/05\/ITG500-300x227.png\" class=\"attachment-medium size-medium wp-image-7627\" alt=\"\" srcset=\"https:\/\/www.ramgmbh.de\/wp-content\/uploads\/2025\/05\/ITG500-300x227.png 300w, https:\/\/www.ramgmbh.de\/wp-content\/uploads\/2025\/05\/ITG500.png 526w\" sizes=\"(max-width: 300px) 100vw, 300px\" \/><\/div>\n\t\t<\/a>\n\t\t\t\t<div class=\"elementor-post__text\">\n\t\t\t\t<h3 class=\"elementor-post__title\">\n\t\t\t<a href=\"https:\/\/www.ramgmbh.de\/fr\/product\/itg-500\/\" >\n\t\t\t\tITG 500\t\t\t<\/a>\n\t\t<\/h3>\n\t\t\t\t<div class=\"elementor-post__excerpt\">\n\t\t\t<p>Precision in LAB Recycling Inspection Key Features: Transmitted Light Illumination: Ideal for both transparent and opaque films. Reflected Light Illumination: Enhances visibility and clarity, especially for collateral films. Dark-Field Aperture: Specifically designed to enhance the detection of gel specks in transparent films. Dual Illumination Option: A harmonious blend of transmitted and reflected light illumination, offering unparalleled clarity for collateral films. Automated Defect Classification: From gel specks, gels, burners, to fisheyes, impurities, wrinkles, voids, or flies, our system classifies them all. Additionally, it provides photos of these defects for detailed evaluation. Connectivity and Integration: The ITG 500 Bench System integrates effortlessly into your IT network, ensuring accessibility from any workstation. Monitor evaluations in real-time or download data directly via a USB interface. Elevate your film inspection process with the Bench Analyser.<\/p>\n\t\t<\/div>\n\t\t\n\t\t<a class=\"elementor-post__read-more\" href=\"https:\/\/www.ramgmbh.de\/fr\/product\/itg-500\/\" >\n\t\t\tRead More \u00bb\t\t<\/a>\n\n\t\t\t\t<\/div>\n\t\t\t\t<\/article>\n\t\t\t\t<article class=\"elementor-post elementor-grid-item post-6227 product type-product status-publish has-post-thumbnail hentry product_category-software\">\n\t\t\t\t<a class=\"elementor-post__thumbnail__link\" href=\"https:\/\/www.ramgmbh.de\/fr\/product\/plastpsm\/\" >\n\t\t\t<div class=\"elementor-post__thumbnail\"><img decoding=\"async\" width=\"300\" height=\"100\" src=\"https:\/\/www.ramgmbh.de\/wp-content\/uploads\/2024\/04\/PMS-Logo.1-e1714374307909-300x100.jpeg\" class=\"attachment-medium size-medium wp-image-6228\" alt=\"\" srcset=\"https:\/\/www.ramgmbh.de\/wp-content\/uploads\/2024\/04\/PMS-Logo.1-e1714374307909-300x100.jpeg 300w, https:\/\/www.ramgmbh.de\/wp-content\/uploads\/2024\/04\/PMS-Logo.1-e1714374307909-1024x340.jpeg 1024w, https:\/\/www.ramgmbh.de\/wp-content\/uploads\/2024\/04\/PMS-Logo.1-e1714374307909-768x255.jpeg 768w, https:\/\/www.ramgmbh.de\/wp-content\/uploads\/2024\/04\/PMS-Logo.1-e1714374307909.jpeg 1172w\" sizes=\"(max-width: 300px) 100vw, 300px\" \/><\/div>\n\t\t<\/a>\n\t\t\t\t<div class=\"elementor-post__text\">\n\t\t\t\t<h3 class=\"elementor-post__title\">\n\t\t\t<a href=\"https:\/\/www.ramgmbh.de\/fr\/product\/plastpsm\/\" >\n\t\t\t\tPlastPSM\u00ae\t\t\t<\/a>\n\t\t<\/h3>\n\t\t\t\t<div class=\"elementor-post__excerpt\">\n\t\t\t<p>PlastPMS\u00ae: Votre syst\u00e8me de surveillance complet Plastic Production Monitoring System PlastPMS est votre outil tout-en-un pour les analyses en direct et en d\u00e9tail, qui fait passer votre production \u00e0 un niveau sup\u00e9rieur. Il combine les donn\u00e9es de tous vos syst\u00e8mes, de sorte que vous pouvez tout voir au m\u00eame endroit. Mais il ne s&#8217;agit pas seulement de voir des donn\u00e9es. Notre algorithme intelligent aide \u00e0 pr\u00e9dire les prochains \u00e9v\u00e9nements de la production, ce qui vous permet d&#8217;avoir toujours une longueur d&#8217;avance, de r\u00e9duire les d\u00e9chets et d&#8217;am\u00e9liorer activement la qualit\u00e9. Avec PlastPMS, la qualit\u00e9 n&#8217;est pas seulement surveill\u00e9e, elle est aussi atteinte. \u00a0 Caract\u00e9ristiques principales: Toutes vos donn\u00e9es en un seul endroit: Les donn\u00e9es de tous les capteurs de la machine sont regroup\u00e9es pour obtenir une vue d&#8217;ensemble. Contr\u00f4ler la<\/p>\n\t\t<\/div>\n\t\t\n\t\t<a class=\"elementor-post__read-more\" href=\"https:\/\/www.ramgmbh.de\/fr\/product\/plastpsm\/\" >\n\t\t\tRead More \u00bb\t\t<\/a>\n\n\t\t\t\t<\/div>\n\t\t\t\t<\/article>\n\t\t\t\t<article class=\"elementor-post elementor-grid-item post-5276 product type-product status-publish has-post-thumbnail hentry product_category-software\">\n\t\t\t\t<a class=\"elementor-post__thumbnail__link\" href=\"https:\/\/www.ramgmbh.de\/fr\/product\/camen\/\" >\n\t\t\t<div class=\"elementor-post__thumbnail\"><img decoding=\"async\" width=\"300\" height=\"169\" src=\"https:\/\/www.ramgmbh.de\/wp-content\/uploads\/2023\/11\/Design-sem-nome-25-300x169.png\" class=\"attachment-medium size-medium wp-image-5408\" alt=\"\" srcset=\"https:\/\/www.ramgmbh.de\/wp-content\/uploads\/2023\/11\/Design-sem-nome-25-300x169.png 300w, https:\/\/www.ramgmbh.de\/wp-content\/uploads\/2023\/11\/Design-sem-nome-25-1024x576.png 1024w, https:\/\/www.ramgmbh.de\/wp-content\/uploads\/2023\/11\/Design-sem-nome-25-768x432.png 768w, https:\/\/www.ramgmbh.de\/wp-content\/uploads\/2023\/11\/Design-sem-nome-25-1536x864.png 1536w, https:\/\/www.ramgmbh.de\/wp-content\/uploads\/2023\/11\/Design-sem-nome-25.png 1920w\" sizes=\"(max-width: 300px) 100vw, 300px\" \/><\/div>\n\t\t<\/a>\n\t\t\t\t<div class=\"elementor-post__text\">\n\t\t\t\t<h3 class=\"elementor-post__title\">\n\t\t\t<a href=\"https:\/\/www.ramgmbh.de\/fr\/product\/camen\/\" >\n\t\t\t\tCAMEN\u00ae\t\t\t<\/a>\n\t\t<\/h3>\n\t\t\t\t<div class=\"elementor-post__excerpt\">\n\t\t\t<p>\u00a0 CAMEN\u00ae: Votre centre de commande pour le contr\u00f4le de la qualit\u00e9 Computer Aided Manufacturing Environment \u00a0 CAMEN\u00ae est une interface utilisateur qui fournit de mani\u00e8re transparente des analyses d\u00e9taill\u00e9es de la qualit\u00e9 \u00e0 la production et se concentre sur le suivi des d\u00e9fauts de qualit\u00e9 et l&#8217;enregistrement de la production. Les journaux de r\u00f4les de CAMEN\u00ae offrent une vue d\u00e9taill\u00e9e des classes de d\u00e9fauts, de leur taille et de leur emplacement exact, le tout tri\u00e9 pour vous aider. Profitez de rapports personnalisables qui \u00e9valuent les m\u00e9triques li\u00e9es \u00e0 la qualit\u00e9 et visualisez les d\u00e9fauts avec notre fonction unique de carte des d\u00e9fauts. \u00a0 Syst\u00e8me Conditions pr\u00e9alables: Compatible avec Windows 7, Mac OS X 10.9, et Linux avec Desktop. Une r\u00e9solution d&#8217;\u00e9cran d&#8217;au moins 1024 \u00d7 768 est recommand\u00e9e. 8<\/p>\n\t\t<\/div>\n\t\t\n\t\t<a class=\"elementor-post__read-more\" href=\"https:\/\/www.ramgmbh.de\/fr\/product\/camen\/\" >\n\t\t\tRead More \u00bb\t\t<\/a>\n\n\t\t\t\t<\/div>\n\t\t\t\t<\/article>\n\t\t\t\t<article class=\"elementor-post elementor-grid-item post-5147 product type-product status-publish has-post-thumbnail hentry product_category-surface-inspection\">\n\t\t\t\t<a class=\"elementor-post__thumbnail__link\" href=\"https:\/\/www.ramgmbh.de\/fr\/product\/slitter-rewinder-itg700\/\" >\n\t\t\t<div class=\"elementor-post__thumbnail\"><img loading=\"lazy\" decoding=\"async\" width=\"300\" height=\"165\" src=\"https:\/\/www.ramgmbh.de\/wp-content\/uploads\/2023\/09\/itg700-1-300x165.png\" class=\"attachment-medium size-medium wp-image-2661\" alt=\"\" srcset=\"https:\/\/www.ramgmbh.de\/wp-content\/uploads\/2023\/09\/itg700-1-300x165.png 300w, https:\/\/www.ramgmbh.de\/wp-content\/uploads\/2023\/09\/itg700-1.png 400w\" sizes=\"(max-width: 300px) 100vw, 300px\" \/><\/div>\n\t\t<\/a>\n\t\t\t\t<div class=\"elementor-post__text\">\n\t\t\t\t<h3 class=\"elementor-post__title\">\n\t\t\t<a href=\"https:\/\/www.ramgmbh.de\/fr\/product\/slitter-rewinder-itg700\/\" >\n\t\t\t\tSlitter Rewinder\u00ae &#8211; ITG700\t\t\t<\/a>\n\t\t<\/h3>\n\t\t\t\t<div class=\"elementor-post__excerpt\">\n\t\t\t<p>Pr\u00e9cision de l&#8217;inspection de l&#8217;enrouleur Caract\u00e9ristiques cl\u00e9s: Inspection des deux c\u00f4t\u00e9s: V\u00e9rifie que le haut et le bas des films opaques ne pr\u00e9sentent pas de d\u00e9fauts. Classification automatis\u00e9e des erreurs: Classe les d\u00e9fauts dans des cat\u00e9gories telles que les taches\/gels, les br\u00fblures, les yeux de poisson, les impuret\u00e9s, les plis, les trous ou les mouches. Il enregistre \u00e9galement des images de ces d\u00e9fauts pour une analyse ult\u00e9rieure. Rapport d&#8217;erreur (MAP): Fournit une repr\u00e9sentation symbolique des d\u00e9fauts dans le rouleau, y compris des images en niveaux de gris. Le rapport contient des informations sur le num\u00e9ro de bobine, le nombre total de d\u00e9fauts et les d\u00e9fauts par m\u00b2, tri\u00e9s par classe de taille\/type. Il indique \u00e9galement les emplacements des d\u00e9fauts dans le sens machine et dans le sens transversal. Gestion des<\/p>\n\t\t<\/div>\n\t\t\n\t\t<a class=\"elementor-post__read-more\" href=\"https:\/\/www.ramgmbh.de\/fr\/product\/slitter-rewinder-itg700\/\" >\n\t\t\tRead More \u00bb\t\t<\/a>\n\n\t\t\t\t<\/div>\n\t\t\t\t<\/article>\n\t\t\t\t<article class=\"elementor-post elementor-grid-item post-4997 product type-product status-publish has-post-thumbnail hentry product_category-recycling\">\n\t\t\t\t<a class=\"elementor-post__thumbnail__link\" href=\"https:\/\/www.ramgmbh.de\/fr\/product\/pqm-lab-extruder\/\" >\n\t\t\t<div class=\"elementor-post__thumbnail\"><img loading=\"lazy\" decoding=\"async\" width=\"225\" height=\"300\" src=\"https:\/\/www.ramgmbh.de\/wp-content\/uploads\/2023\/09\/1697104400302-2-225x300.jpeg\" class=\"attachment-medium size-medium wp-image-7205\" alt=\"\" srcset=\"https:\/\/www.ramgmbh.de\/wp-content\/uploads\/2023\/09\/1697104400302-2-225x300.jpeg 225w, https:\/\/www.ramgmbh.de\/wp-content\/uploads\/2023\/09\/1697104400302-2-768x1024.jpeg 768w, https:\/\/www.ramgmbh.de\/wp-content\/uploads\/2023\/09\/1697104400302-2-1152x1536.jpeg 1152w, https:\/\/www.ramgmbh.de\/wp-content\/uploads\/2023\/09\/1697104400302-2.jpeg 1280w\" sizes=\"(max-width: 225px) 100vw, 225px\" \/><\/div>\n\t\t<\/a>\n\t\t\t\t<div class=\"elementor-post__text\">\n\t\t\t\t<h3 class=\"elementor-post__title\">\n\t\t\t<a href=\"https:\/\/www.ramgmbh.de\/fr\/product\/pqm-lab-extruder\/\" >\n\t\t\t\tPQMex &#8211; Gel Analyzer\t\t\t<\/a>\n\t\t<\/h3>\n\t\t\t\t<div class=\"elementor-post__excerpt\">\n\t\t\t<p>Analyse du gel recycl\u00e9 au niveau suivant Mat\u00e9riaux compatibles : LDPE, LLDPE, MDPE, HDPE et PP. Granul\u00e9s, flocons ou poudre. Caract\u00e9ristiques cl\u00e9s: Analyse int\u00e9gr\u00e9e:\u00a0Analyse de la contamination avec des niveaux d&#8217;avertissement et d&#8217;alerte pour un contr\u00f4le et un tri automatiques de la qualit\u00e9. Totalement automatique:\u00a0R\u00e9glage automatique du diam\u00e8tre de la bulle, transport automatique du mat\u00e9riau et contr\u00f4le automatique du niveau de remplissage de la tr\u00e9mie par capteur \u00e0 ultrasons. Personnalisation du mat\u00e9riau: Configuration par recettes pour le r\u00e9glage automatique de l&#8217;extrudeuse. Connectivit\u00e9: Des instruments de mesure externes (par ex. MFI) peuvent \u00eatre regroup\u00e9s pour l&#8217;analyse des mat\u00e9riaux. Gestion des temp\u00e9ratures: Des zones de temp\u00e9rature contr\u00f4l\u00e9es en fonction des objectifs fix\u00e9s garantissent des conditions de fonctionnement optimales. Options &amp; Extensions: Mise \u00e0 niveau de votre extrudeuse de laboratoire existante. Int\u00e9gration dans<\/p>\n\t\t<\/div>\n\t\t\n\t\t<a class=\"elementor-post__read-more\" href=\"https:\/\/www.ramgmbh.de\/fr\/product\/pqm-lab-extruder\/\" >\n\t\t\tRead More \u00bb\t\t<\/a>\n\n\t\t\t\t<\/div>\n\t\t\t\t<\/article>\n\t\t\t\t<article class=\"elementor-post elementor-grid-item post-3925 product type-product status-publish has-post-thumbnail hentry product_category-recycling product_category-software\">\n\t\t\t\t<a class=\"elementor-post__thumbnail__link\" href=\"https:\/\/www.ramgmbh.de\/fr\/product\/airec\/\" >\n\t\t\t<div class=\"elementor-post__thumbnail\"><img loading=\"lazy\" decoding=\"async\" width=\"300\" height=\"169\" src=\"https:\/\/www.ramgmbh.de\/wp-content\/uploads\/2023\/09\/Design-sem-nome-27-300x169.png\" class=\"attachment-medium size-medium wp-image-5410\" alt=\"\" srcset=\"https:\/\/www.ramgmbh.de\/wp-content\/uploads\/2023\/09\/Design-sem-nome-27-300x169.png 300w, https:\/\/www.ramgmbh.de\/wp-content\/uploads\/2023\/09\/Design-sem-nome-27-1024x576.png 1024w, https:\/\/www.ramgmbh.de\/wp-content\/uploads\/2023\/09\/Design-sem-nome-27-768x432.png 768w, https:\/\/www.ramgmbh.de\/wp-content\/uploads\/2023\/09\/Design-sem-nome-27-1536x864.png 1536w, https:\/\/www.ramgmbh.de\/wp-content\/uploads\/2023\/09\/Design-sem-nome-27.png 1920w\" sizes=\"(max-width: 300px) 100vw, 300px\" \/><\/div>\n\t\t<\/a>\n\t\t\t\t<div class=\"elementor-post__text\">\n\t\t\t\t<h3 class=\"elementor-post__title\">\n\t\t\t<a href=\"https:\/\/www.ramgmbh.de\/fr\/product\/airec\/\" >\n\t\t\t\tAIREC\u00ae\t\t\t<\/a>\n\t\t<\/h3>\n\t\t\t\t<div class=\"elementor-post__excerpt\">\n\t\t\t<p>R\u00e9volutionner le recyclage gr\u00e2ce \u00e0 l&#8217;intelligence artificielle Plongez dans l&#8217;avenir du recyclage avec AIREC\u00ae, notre technologie d&#8217;intelligence artificielle de pointe, sp\u00e9cialement con\u00e7ue pour l&#8217;industrie du recyclage. AIREC\u00ae a \u00e9t\u00e9 con\u00e7u pour faire fonctionner les machines de recyclage \u00e0 leur point de fonctionnement optimal et obtenir ainsi la meilleure qualit\u00e9 de mat\u00e9riau recycl\u00e9. CARACT\u00c9RISTIQUES CL\u00c9S: Optimisation de toute la ligne: Des d\u00e9chiqueteuses et des laveuses aux lignes d&#8217;extrusion et aux installations de pelletisation, AIREC\u00ae assure des performances de pointe tout au long du processus de recyclage. Int\u00e9gration compl\u00e8te des capteurs: Il surveille des param\u00e8tres tels que la temp\u00e9rature, la pression, le pH, les d\u00e9tails du traitement de l&#8217;eau et bien d&#8217;autres encore, garantissant ainsi une vision globale de vos op\u00e9rations. Capacit\u00e9s pr\u00e9dictives: Offre un horizon de pr\u00e9vision de 30 \u00e0 60<\/p>\n\t\t<\/div>\n\t\t\n\t\t<a class=\"elementor-post__read-more\" href=\"https:\/\/www.ramgmbh.de\/fr\/product\/airec\/\" >\n\t\t\tRead More \u00bb\t\t<\/a>\n\n\t\t\t\t<\/div>\n\t\t\t\t<\/article>\n\t\t\t\t<article class=\"elementor-post elementor-grid-item post-3717 product type-product status-publish has-post-thumbnail hentry product_category-software\">\n\t\t\t\t<a class=\"elementor-post__thumbnail__link\" href=\"https:\/\/www.ramgmbh.de\/fr\/product\/vstat\/\" >\n\t\t\t<div class=\"elementor-post__thumbnail\"><img loading=\"lazy\" decoding=\"async\" width=\"300\" height=\"169\" src=\"https:\/\/www.ramgmbh.de\/wp-content\/uploads\/2023\/09\/Design-sem-nome-26-300x169.png\" class=\"attachment-medium size-medium wp-image-5409\" alt=\"\" srcset=\"https:\/\/www.ramgmbh.de\/wp-content\/uploads\/2023\/09\/Design-sem-nome-26-300x169.png 300w, https:\/\/www.ramgmbh.de\/wp-content\/uploads\/2023\/09\/Design-sem-nome-26-1024x576.png 1024w, https:\/\/www.ramgmbh.de\/wp-content\/uploads\/2023\/09\/Design-sem-nome-26-768x432.png 768w, https:\/\/www.ramgmbh.de\/wp-content\/uploads\/2023\/09\/Design-sem-nome-26-1536x864.png 1536w, https:\/\/www.ramgmbh.de\/wp-content\/uploads\/2023\/09\/Design-sem-nome-26.png 1920w\" sizes=\"(max-width: 300px) 100vw, 300px\" \/><\/div>\n\t\t<\/a>\n\t\t\t\t<div class=\"elementor-post__text\">\n\t\t\t\t<h3 class=\"elementor-post__title\">\n\t\t\t<a href=\"https:\/\/www.ramgmbh.de\/fr\/product\/vstat\/\" >\n\t\t\t\tvSTAT\u00ae\t\t\t<\/a>\n\t\t<\/h3>\n\t\t\t\t<div class=\"elementor-post__excerpt\">\n\t\t\t<p>Votre outil complet pour l&#8217;analyse statistique visuelle Visual Statistical Analysis Tool Am\u00e9liorez la qualit\u00e9 de votre production avec vSTAT\u00ae, notre outil d&#8217;analyse facile \u00e0 utiliser. Il regroupe toutes les donn\u00e9es des capteurs sur un seul \u00e9cran. vSTAT\u00ae convient parfaitement \u00e0 l&#8217;affichage des donn\u00e9es d&#8217;observation de la bande et de l&#8217;\u00e9paisseur et peut \u00eatre combin\u00e9 avec de nombreux autres capteurs et syst\u00e8mes. \u00a0 Caract\u00e9ristiques principales: Contr\u00f4les de qualit\u00e9 sur place: Prenez des d\u00e9cisions rapides et intelligentes directement dans la production. Suivre les tendances pass\u00e9es: Examinez la production pass\u00e9e afin d&#8217;am\u00e9liorer constamment le processus de production. Une connaissance approfondie des processus: Am\u00e9liorez votre compr\u00e9hension de la production. acc\u00e8s s\u00e9curis\u00e9 aux donn\u00e9es de n&#8217;importe o\u00f9: Acc\u00e9dez en toute s\u00e9curit\u00e9 \u00e0 vos donn\u00e9es de production, \u00e0 tout moment et en tout lieu. Syst\u00e8me Conditions<\/p>\n\t\t<\/div>\n\t\t\n\t\t<a class=\"elementor-post__read-more\" href=\"https:\/\/www.ramgmbh.de\/fr\/product\/vstat\/\" >\n\t\t\tRead More \u00bb\t\t<\/a>\n\n\t\t\t\t<\/div>\n\t\t\t\t<\/article>\n\t\t\t\t<article class=\"elementor-post elementor-grid-item post-3704 product type-product status-publish hentry product_category-training\">\n\t\t\t\t<div class=\"elementor-post__text\">\n\t\t\t\t<h3 class=\"elementor-post__title\">\n\t\t\t<a href=\"https:\/\/www.ramgmbh.de\/fr\/product\/training\/\" >\n\t\t\t\tTraining\t\t\t<\/a>\n\t\t<\/h3>\n\t\t\t\t<div class=\"elementor-post__excerpt\">\n\t\t\t<p>D\u00e9veloppez votre expertise avec les programmes de formation R.A.M. Chez RAM, nous pensons que la connaissance est un pouvoir. C&#8217;est pourquoi nous proposons des cours de formation sp\u00e9cialis\u00e9s, adapt\u00e9s \u00e0 vos besoins sp\u00e9cifiques. Dispens\u00e9s par notre \u00e9quipe hautement qualifi\u00e9e, ces cours sont con\u00e7us pour vous permettre d&#8217;acqu\u00e9rir les comp\u00e9tences et les connaissances n\u00e9cessaires pour exceller dans votre r\u00f4le. Choisissez vos programmes de formation: MA\u00ceTRISEZ LES BASES EN UNE JOURN\u00c9E Formation des op\u00e9rateurs: Ce que vous allez apprendre: &#8211; Naviguer dans le logiciel CAMEN et charger des recettes &#8211; Comprendre les termes cl\u00e9s tels que valeur de gris, seuil et fente &#8211; Cr\u00e9ation d&#8217;une commande et gestion des rapports de roulage dans la CAMEN &#8211; Traiter efficacement les avertissements et les erreurs &#8211; Fonctionnalit\u00e9s de base du logiciel Emplacement : A<\/p>\n\t\t<\/div>\n\t\t\n\t\t<a class=\"elementor-post__read-more\" href=\"https:\/\/www.ramgmbh.de\/fr\/product\/training\/\" >\n\t\t\tRead More \u00bb\t\t<\/a>\n\n\t\t\t\t<\/div>\n\t\t\t\t<\/article>\n\t\t\t\t<article class=\"elementor-post elementor-grid-item post-3037 product type-product status-publish has-post-thumbnail hentry product_category-laboratory\">\n\t\t\t\t<a class=\"elementor-post__thumbnail__link\" href=\"https:\/\/www.ramgmbh.de\/fr\/product\/itg-500-labratory-bench\/\" >\n\t\t\t<div class=\"elementor-post__thumbnail\"><img loading=\"lazy\" decoding=\"async\" width=\"214\" height=\"300\" src=\"https:\/\/www.ramgmbh.de\/wp-content\/uploads\/2023\/09\/Bildschirmfoto-2023-09-04-um-14.23.47-214x300.png\" class=\"attachment-medium size-medium wp-image-3054\" alt=\"\" srcset=\"https:\/\/www.ramgmbh.de\/wp-content\/uploads\/2023\/09\/Bildschirmfoto-2023-09-04-um-14.23.47-214x300.png 214w, https:\/\/www.ramgmbh.de\/wp-content\/uploads\/2023\/09\/Bildschirmfoto-2023-09-04-um-14.23.47-732x1024.png 732w, https:\/\/www.ramgmbh.de\/wp-content\/uploads\/2023\/09\/Bildschirmfoto-2023-09-04-um-14.23.47-768x1074.png 768w, https:\/\/www.ramgmbh.de\/wp-content\/uploads\/2023\/09\/Bildschirmfoto-2023-09-04-um-14.23.47.png 772w\" sizes=\"(max-width: 214px) 100vw, 214px\" \/><\/div>\n\t\t<\/a>\n\t\t\t\t<div class=\"elementor-post__text\">\n\t\t\t\t<h3 class=\"elementor-post__title\">\n\t\t\t<a href=\"https:\/\/www.ramgmbh.de\/fr\/product\/itg-500-labratory-bench\/\" >\n\t\t\t\tITG 500 &#8211; Bench Analyzer\t\t\t<\/a>\n\t\t<\/h3>\n\t\t\t\t<div class=\"elementor-post__excerpt\">\n\t\t\t<p>Pr\u00e9cision dans l&#8217;inspection des surfaces LAB Plongez dans la nouvelle g\u00e9n\u00e9ration d&#8217;inspection de films avec notre Bench Analyser\u00ae. Con\u00e7u comme une table de laboratoire ultramoderne, ce syst\u00e8me identifie, cat\u00e9gorise et documente m\u00e9ticuleusement les d\u00e9fauts optiques dans les \u00e9chantillons de films en respectant les normes DIN A4 \/ DIN A3. Qu&#8217;il s&#8217;agisse de films transparents ou opaques, notre syst\u00e8me garantit une analyse compl\u00e8te. Caract\u00e9ristiques cl\u00e9s: Lumi\u00e8re transmise \u00c9clairage: Id\u00e9al aussi bien pour les films transparents que pour les films partiellement opaques. Lumi\u00e8re r\u00e9fl\u00e9chie Illumination: Am\u00e9liore la visibilit\u00e9 et la clart\u00e9, en particulier pour les films d&#8217;accompagnement. Ouverture du champ sombre: Sp\u00e9cialement con\u00e7u pour am\u00e9liorer la d\u00e9tection des taches de gel dans les films transparents. Option double \u00e9clairage: Un m\u00e9lange harmonieux de lumi\u00e8re transmise et r\u00e9fl\u00e9chie, offrant une clart\u00e9 in\u00e9gal\u00e9e pour les<\/p>\n\t\t<\/div>\n\t\t\n\t\t<a class=\"elementor-post__read-more\" href=\"https:\/\/www.ramgmbh.de\/fr\/product\/itg-500-labratory-bench\/\" >\n\t\t\tRead More \u00bb\t\t<\/a>\n\n\t\t\t\t<\/div>\n\t\t\t\t<\/article>\n\t\t\t\t<\/div>\n\n\n\t\t\n\t\t\t\t<div class=\"e-load-more-anchor\" data-page=\"1\" data-max-page=\"2\" data-next-page=\"https:\/\/www.ramgmbh.de\/fr\/wp-json\/wp\/v2\/pages\/2763\/page\/2\/\"><\/div>\n\t\t\t\t<nav class=\"elementor-pagination\" role=\"navigation\" aria-label=\"Pagination\">\n\t\t\t<span class=\"page-numbers prev\">&laquo; Previous<\/span>\n<span aria-current=\"page\" class=\"page-numbers current\"><span class=\"elementor-screen-only\">Page<\/span>1<\/span>\n<a class=\"page-numbers\" href=\"https:\/\/www.ramgmbh.de\/fr\/wp-json\/wp\/v2\/pages\/2763\/page\/2\/\"><span class=\"elementor-screen-only\">Page<\/span>2<\/a>\n<a class=\"page-numbers next\" href=\"https:\/\/www.ramgmbh.de\/fr\/wp-json\/wp\/v2\/pages\/2763\/page\/2\/\">Next &raquo;<\/a>\t\t<\/nav>\n\t\t\t\t<\/div>\n\t\t\t\t<\/div>\n\t\t\t\t\t<\/div>\n\t\t\t\t<\/div>\n\t\t\t\t<\/div>\n\t\t","protected":false},"excerpt":{"rendered":"","protected":false},"author":1,"featured_media":0,"parent":0,"menu_order":0,"comment_status":"closed","ping_status":"closed","template":"elementor_header_footer","meta":{"footnotes":""},"class_list":["post-2763","page","type-page","status-publish","hentry"],"translation":{"provider":"WPGlobus","version":"2.12.2","language":"fr","enabled_languages":["en","es","de","br","fr"],"languages":{"en":{"title":true,"content":false,"excerpt":false},"es":{"title":true,"content":false,"excerpt":false},"de":{"title":true,"content":false,"excerpt":false},"br":{"title":true,"content":false,"excerpt":false},"fr":{"title":true,"content":false,"excerpt":false}}},"aioseo_notices":[],"_links":{"self":[{"href":"https:\/\/www.ramgmbh.de\/fr\/wp-json\/wp\/v2\/pages\/2763","targetHints":{"allow":["GET"]}}],"collection":[{"href":"https:\/\/www.ramgmbh.de\/fr\/wp-json\/wp\/v2\/pages"}],"about":[{"href":"https:\/\/www.ramgmbh.de\/fr\/wp-json\/wp\/v2\/types\/page"}],"author":[{"embeddable":true,"href":"https:\/\/www.ramgmbh.de\/fr\/wp-json\/wp\/v2\/users\/1"}],"replies":[{"embeddable":true,"href":"https:\/\/www.ramgmbh.de\/fr\/wp-json\/wp\/v2\/comments?post=2763"}],"version-history":[{"count":1,"href":"https:\/\/www.ramgmbh.de\/fr\/wp-json\/wp\/v2\/pages\/2763\/revisions"}],"predecessor-version":[{"id":7315,"href":"https:\/\/www.ramgmbh.de\/fr\/wp-json\/wp\/v2\/pages\/2763\/revisions\/7315"}],"wp:attachment":[{"href":"https:\/\/www.ramgmbh.de\/fr\/wp-json\/wp\/v2\/media?parent=2763"}],"curies":[{"name":"wp","href":"https:\/\/api.w.org\/{rel}","templated":true}]}}