{"id":3307,"date":"2023-09-12T15:22:50","date_gmt":"2023-09-12T15:22:50","guid":{"rendered":"https:\/\/www.ramgmbh.de\/?page_id=3307"},"modified":"2025-04-28T11:23:44","modified_gmt":"2025-04-28T10:23:44","slug":"recycling","status":"publish","type":"page","link":"https:\/\/www.ramgmbh.de\/fr\/recycling\/","title":{"rendered":"Recycling"},"content":{"rendered":"\n\t\t\t<!-- START recycling_FR REVOLUTION SLIDER 6.6.4 --><p class=\"rs-p-wp-fix\"><\/p>\n\t\t\t<rs-module-wrap id=\"rev_slider_9_1_wrapper\" data-source=\"gallery\" style=\"visibility:hidden;background:transparent;padding:0;margin:0px auto;margin-top:0;margin-bottom:0;\">\n\t\t\t\t<rs-module id=\"rev_slider_9_1\" style=\"\" data-version=\"6.6.4\">\n\t\t\t\t\t<rs-slides style=\"overflow: hidden; position: absolute;\">\n\t\t\t\t\t\t<rs-slide style=\"position: absolute;\" data-key=\"rs-9\" data-title=\"Slide\" data-anim=\"ms:250;\" data-in=\"o:0;\" data-out=\"a:false;\">\n\t\t\t\t\t\t\t<img fetchpriority=\"high\" decoding=\"async\" src=\"\/\/www.ramgmbh.de\/wp-content\/plugins\/revslider\/public\/assets\/assets\/dummy.png\" alt=\"\" title=\"RAM, Pellets\" width=\"1024\" height=\"1024\" class=\"rev-slidebg tp-rs-img rs-lazyload\" data-lazyload=\"\/\/www.ramgmbh.de\/wp-content\/uploads\/2023\/09\/DALL\u00b7E-2023-08-08-16.05.28-LDPE-recycled-pellets-high-definition-for-a-power-point-presentation.jpg\" data-no-retina>\n\t\t\t\t\t\t\t<rs-bgvideo \n\t\t\t\t\t\t\t\tdata-video=\"sp:1.5;vc:none;w:100%;h:100%;sta:00:00;nse:false;l:true;ptimer:false;do:2;doca:rgba(51, 142, 28, 0.08);\"\n\t\t\t\t\t\t\t\tdata-ytid=\"15I6ydhJemE\"\n\t\t\t\t\t\t\t\tdata-vatr=\"version=3&amp;enablejsapi=1&amp;html5=1&amp;hd=1&amp;wmode=opaque&amp;showinfo=0&amp;rel=0&amp;origin=https:\/\/ramgmbh.de;\"\n\t\t\t\t\t\t\t><\/rs-bgvideo>\n<!--\n\t\t\t\t\t\t\t--><rs-layer\n\t\t\t\t\t\t\t\tid=\"slider-9-slide-9-layer-0\" \n\t\t\t\t\t\t\t\tdata-type=\"text\"\n\t\t\t\t\t\t\t\tdata-rsp_ch=\"on\"\n\t\t\t\t\t\t\t\tdata-xy=\"xo:109px,109px,109px,50px;yo:199px,199px,199px,266px;\"\n\t\t\t\t\t\t\t\tdata-text=\"w:normal;s:55,55,55,41;l:61,61,61,50;fw:200;\"\n\t\t\t\t\t\t\t\tdata-frame_0=\"x:0,0,0,0px;y:50,50,50,43px;\"\n\t\t\t\t\t\t\t\tdata-frame_1=\"y:212px,212px,212px,0px;st:2460;sp:1290;sR:2460;\"\n\t\t\t\t\t\t\t\tdata-frame_999=\"y:-50,-50,-50,-43px;o:0;st:w;sp:1000;sR:5250;\"\n\t\t\t\t\t\t\t\tstyle=\"z-index:8;font-family:'Poppins';\"\n\t\t\t\t\t\t\t>avec <strong style=\"font-size: 70px; font-weight: bold; color: white;\">R.A.M.<\/strong><br \/>\n \n\t\t\t\t\t\t\t<\/rs-layer><!--\n\n\t\t\t\t\t\t\t--><a\n\t\t\t\t\t\t\t\tid=\"slider-9-slide-9-layer-1\" \n\t\t\t\t\t\t\t\tclass=\"rs-layer rev-btn\"\n\t\t\t\t\t\t\t\thref=\"\/product-category\/?category=recycling\" target=\"_self\"\n\t\t\t\t\t\t\t\tdata-type=\"button\"\n\t\t\t\t\t\t\t\tdata-bsh=\"c:rgba(255,255,255,0.27);v:5px,5px,5px,3px;b:20px,20px,20px,18px;\"\n\t\t\t\t\t\t\t\tdata-rsp_ch=\"on\"\n\t\t\t\t\t\t\t\tdata-xy=\"xo:111px,111px,111px,34px;yo:546px,546px,546px,441px;\"\n\t\t\t\t\t\t\t\tdata-text=\"w:normal;s:20,20,20,18;l:60,60,60,55;fw:600;\"\n\t\t\t\t\t\t\t\tdata-dim=\"minh:0px,0px,0px,none;\"\n\t\t\t\t\t\t\t\tdata-padding=\"r:60,60,60,58;l:60,60,60,58;\"\n\t\t\t\t\t\t\t\tdata-border=\"bor:5px,5px,5px,5px;\"\n\t\t\t\t\t\t\t\tdata-frame_0=\"x:0,0,0,0px;y:0,0,0,0px;\"\n\t\t\t\t\t\t\t\tdata-frame_1=\"x:0,0,0,0px;y:0,0,0,0px;st:5410;sp:600;sR:5410;\"\n\t\t\t\t\t\t\t\tdata-frame_999=\"o:0;st:w;sR:2990;\"\n\t\t\t\t\t\t\t\tdata-frame_hover=\"bgc:rgba(2,12,12,0.75);bor:5px,5px,5px,5px;e:power1.inOut;bri:120%;\"\n\t\t\t\t\t\t\t\tstyle=\"z-index:14;background:linear-gradient(20deg, rgba(119,0,0,1) 0%, rgba(119,0,0,1) 99%, rgba(137,140,144,1) 100%);font-family:'Poppins';\"\n\t\t\t\t\t\t\t>Explorez le Potentiel de Votre Mat\u00e9riau Recycl\u00e9 \n\t\t\t\t\t\t\t<\/a><!--\n\n\t\t\t\t\t\t\t--><rs-layer\n\t\t\t\t\t\t\t\tid=\"slider-9-slide-9-layer-2\" \n\t\t\t\t\t\t\t\tdata-type=\"text\"\n\t\t\t\t\t\t\t\tdata-rsp_ch=\"on\"\n\t\t\t\t\t\t\t\tdata-xy=\"xo:107px,107px,107px,50px;yo:262px,262px,262px,124px;\"\n\t\t\t\t\t\t\t\tdata-text=\"w:normal;s:63,63,63,55;l:78,78,78,67;fw:600;\"\n\t\t\t\t\t\t\t\tdata-frame_0=\"x:0,0,0,0px;y:50,50,50,44px;\"\n\t\t\t\t\t\t\t\tdata-frame_1=\"y:-5px,-5px,-5px,-2px;st:660;sp:1410;sR:660;\"\n\t\t\t\t\t\t\t\tdata-frame_999=\"y:-50,-50,-50,-44px;o:0;st:w;sp:1000;sR:6930;\"\n\t\t\t\t\t\t\t\tstyle=\"z-index:10;font-family:'Poppins';\"\n\t\t\t\t\t\t\t>Qualit\u00e9 de <br \/>\nVotre Recyclage \n\t\t\t\t\t\t\t<\/rs-layer><!--\n\n\t\t\t\t\t\t\t--><rs-layer\n\t\t\t\t\t\t\t\tid=\"slider-9-slide-9-layer-12\" \n\t\t\t\t\t\t\t\tdata-type=\"text\"\n\t\t\t\t\t\t\t\tdata-rsp_ch=\"on\"\n\t\t\t\t\t\t\t\tdata-xy=\"xo:110px,110px,110px,50px;yo:197px,197px,197px,74px;\"\n\t\t\t\t\t\t\t\tdata-text=\"w:normal;s:49,49,49,40;l:61,61,61,49;fw:200;\"\n\t\t\t\t\t\t\t\tdata-frame_0=\"x:0,0,0,0px;y:50,50,50,42px;\"\n\t\t\t\t\t\t\t\tdata-frame_1=\"x:0,0,0,0px;y:0,0,0,0px;st:440;sp:1290;sR:440;\"\n\t\t\t\t\t\t\t\tdata-frame_999=\"y:-50,-50,-50,-42px;o:0;st:w;sp:1000;sR:7270;\"\n\t\t\t\t\t\t\t\tstyle=\"z-index:11;font-family:'Poppins';\"\n\t\t\t\t\t\t\t>\u00c9levez la \n\t\t\t\t\t\t\t<\/rs-layer><!--\n\n\t\t\t\t\t\t\t--><rs-layer\n\t\t\t\t\t\t\t\tid=\"slider-9-slide-9-layer-13\" \n\t\t\t\t\t\t\t\tdata-type=\"text\"\n\t\t\t\t\t\t\t\tdata-rsp_ch=\"on\"\n\t\t\t\t\t\t\t\tdata-xy=\"xo:345px,345px,345px,41px;yo:333px,333px,333px,187px;\"\n\t\t\t\t\t\t\t\tdata-text=\"w:normal;s:63,63,63,55;l:78,78,78,66;fw:600;\"\n\t\t\t\t\t\t\t\tdata-frame_0=\"x:0,0,0,0px;y:50,50,50,43px;\"\n\t\t\t\t\t\t\t\tdata-frame_1=\"x:-126px,-126px,-126px,0px;y:65px,65px,65px,0px;st:4300;sp:1410;sR:4300;\"\n\t\t\t\t\t\t\t\tdata-frame_999=\"y:-50,-50,-50,-43px;o:0;st:w;sp:1000;sR:3290;\"\n\t\t\t\t\t\t\t\tstyle=\"z-index:7;font-family:'Poppins';\"\n\t\t\t\t\t\t\t> \n\t\t\t\t\t\t\t<\/rs-layer><!--\n\n\t\t\t\t\t\t\t--><rs-layer\n\t\t\t\t\t\t\t\tid=\"slider-9-slide-9-layer-14\" \n\t\t\t\t\t\t\t\tdata-type=\"text\"\n\t\t\t\t\t\t\t\tdata-color=\"#fff\"\n\t\t\t\t\t\t\t\tdata-rsp_ch=\"on\"\n\t\t\t\t\t\t\t\tdata-xy=\"xo:114px,114px,114px,50px;yo:435px,435px,435px,334px;\"\n\t\t\t\t\t\t\t\tdata-text=\"w:normal;s:18,18,18,17;l:30,30,30,31;ls:1,1,1,0;\"\n\t\t\t\t\t\t\t\tdata-dim=\"w:717px,717px,717px,367px;h:72px,72px,72px,auto;minh:0,0,0,none;\"\n\t\t\t\t\t\t\t\tdata-ford=\"frame_0;frame_1;frame_2;frame_999;\"\n\t\t\t\t\t\t\t\tdata-frame_1=\"x:-1px,-1px,-1px,0px;y:60px,60px,60px,0px;st:4250;sp:730;sR:4250;\"\n\t\t\t\t\t\t\t\tdata-frame_999=\"o:0;st:w;sR:3520;\"\n\t\t\t\t\t\t\t\tdata-frame_2=\"oX:50%;oY:50%;oZ:0;tp:600;st:5080;sp:400;sR:100;\"\n\t\t\t\t\t\t\t\tstyle=\"z-index:12;font-family:'Poppins';\"\n\t\t\t\t\t\t\t>D\u00e9finissant l'Avenir du Recyclage par l'Innovation et l'Intelligence \n\t\t\t\t\t\t\t<\/rs-layer><!--\n-->\t\t\t\t\t\t<\/rs-slide>\n\t\t\t\t\t<\/rs-slides>\n\t\t\t\t<\/rs-module>\n\t\t\t\t<script>\n\t\t\t\t\tsetREVStartSize({c: 'rev_slider_9_1',rl:[1240,1240,1240,480],el:[800,800,800,720],gw:[1240,1240,1240,480],gh:[800,800,800,720],type:'standard',justify:'',layout:'fullwidth',mh:\"0\"});if (window.RS_MODULES!==undefined && window.RS_MODULES.modules!==undefined && window.RS_MODULES.modules[\"revslider91\"]!==undefined) {window.RS_MODULES.modules[\"revslider91\"].once = false;window.revapi9 = undefined;if (window.RS_MODULES.checkMinimal!==undefined) window.RS_MODULES.checkMinimal()}\n\t\t\t\t<\/script>\n\t\t\t\t<script src=\"https:\/\/www.youtube.com\/iframe_api\"><\/script>\n\t\t\t<\/rs-module-wrap>\n\t\t\t<!-- END REVOLUTION SLIDER -->\n\n<h4>\nL&#8217;avenir du recyclage avec R.A.M.<br \/>\n<\/h4>\n<h2>D\u00e9bloquez le Niveau Sup\u00e9rieur de Vos Op\u00e9rations de Recyclage<br \/>\n<\/h2>\n<\/p>\n<link rel=\"stylesheet\" href=\"https:\/\/www.ramgmbh.de\/wp-content\/plugins\/elementor\/assets\/css\/widget-icon-box.min.css\">\n<p>\n\t\t\t\t\t\tRenforcez votre production avec une \u00e9valuation de qualit\u00e9 pr\u00e9cise\t\t\t\t\t<\/p>\n<p>\n\t\t\t\t\t\tOptimisez gr\u00e2ce \u00e0 <br \/> des analyses de recyclage\t\t\t\t\t<\/p>\n<p>\n\t\t\t\t\t\tR\u00e9volutionnez votre flux de travail avec un contr\u00f4le pr\u00e9dictif.\t\t\t\t\t<\/p>\n<h4><\/h4>\n<h2>Nos syst\u00e8mes am\u00e9liorent la qualit\u00e9 du recyclage, aidant nos clients \u00e0 atteindre leurs objectifs.<\/h2>\n<\/p>\n<style>\/*! elementor - v3.21.0 - 25-04-2024 *\/\n.elementor-widget-image{text-align:center}.elementor-widget-image a{display:inline-block}.elementor-widget-image a img[src$=\".svg\"]{width:48px}.elementor-widget-image img{vertical-align:middle;display:inline-block}<\/style>\n<figure>\n\t\t\t\t\t\t\t\t\t\t<img decoding=\"async\" width=\"743\" height=\"1024\" src=\"https:\/\/www.ramgmbh.de\/wp-content\/uploads\/2024\/11\/Task-23546989-5-2-4K-e1731684608246-743x1024.png\" alt=\"\" srcset=\"https:\/\/www.ramgmbh.de\/wp-content\/uploads\/2024\/11\/Task-23546989-5-2-4K-e1731684608246-743x1024.png 743w, https:\/\/www.ramgmbh.de\/wp-content\/uploads\/2024\/11\/Task-23546989-5-2-4K-e1731684608246-218x300.png 218w, https:\/\/www.ramgmbh.de\/wp-content\/uploads\/2024\/11\/Task-23546989-5-2-4K-e1731684608246-768x1059.png 768w, https:\/\/www.ramgmbh.de\/wp-content\/uploads\/2024\/11\/Task-23546989-5-2-4K-e1731684608246-1114x1536.png 1114w, https:\/\/www.ramgmbh.de\/wp-content\/uploads\/2024\/11\/Task-23546989-5-2-4K-e1731684608246-1485x2048.png 1485w\" sizes=\"(max-width: 743px) 100vw, 743px\" \/><figcaption><a href=\"-link-here\" style=\"color: black\">PQMex Gel Analyzer \u2013 Con\u00e7u pour mesurer avec pr\u00e9cision les contaminations de recyclage en production et en laboratoire<\/a><\/figcaption><\/figure>\n<p><a href=\"\/product\/labextruder\/\">  D\u00e9couvrez comment mesurer<\/a><\/p>\n<h4>\nAnalyse de pr\u00e9cision des mat\u00e9riaux de recyclage<br \/>\n<\/h4>\n<h2>PQMex\u00ae<\/h2>\n<p>\n\t            <!DOCTYPE html><br \/>\n<html><br \/>\n<head><\/p>\n<style>\n.justified-text {\n    text-align: justify;\n}\n<\/style>\n<p><\/head><br \/>\n<body><br \/>\nLa technologie PQM (Production Quality Measurement) \u00e9l\u00e8ve votre processus de recyclage avec une mesure de qualit\u00e9 en temps r\u00e9el. PQMex\u00ae effectue une analyse des granul\u00e9s recycl\u00e9s, d\u00e9tectant les niveaux de contamination (gels, black dots, fisheyes, holes&#8230;) dans les granul\u00e9s recycl\u00e9s. <\/p>\n<p>PQMex\u00ae peut compter, classer et qualifier vos mat\u00e9riaux recycl\u00e9s en grades de qualit\u00e9 (A, B, C) selon les directives de vos clients ou de certification, le tout g\u00e9r\u00e9 par un seul op\u00e9rateur. Obtenez un recyclage constant et de haute qualit\u00e9 avec PQMex\u00ae.<br \/>\n<\/body><br \/>\n<\/html>\t        <\/p>\n<p>            <img decoding=\"async\" src=\"https:\/\/www.ramgmbh.de\/wp-content\/uploads\/2024\/04\/Recycle-Transform-The-Journey-hd.mp4\" alt=\"R.A.M.\"><\/p>\n<style>\/*! elementor - v3.21.0 - 25-04-2024 *\/\n.elementor-column .elementor-spacer-inner{height:var(--spacer-size)}.e-con{--container-widget-width:100%}.e-con-inner>.elementor-widget-spacer,.e-con>.elementor-widget-spacer{width:var(--container-widget-width,var(--spacer-size));--align-self:var(--container-widget-align-self,initial);--flex-shrink:0}.e-con-inner>.elementor-widget-spacer>.elementor-widget-container,.e-con>.elementor-widget-spacer>.elementor-widget-container{height:100%;width:100%}.e-con-inner>.elementor-widget-spacer>.elementor-widget-container>.elementor-spacer,.e-con>.elementor-widget-spacer>.elementor-widget-container>.elementor-spacer{height:100%}.e-con-inner>.elementor-widget-spacer>.elementor-widget-container>.elementor-spacer>.elementor-spacer-inner,.e-con>.elementor-widget-spacer>.elementor-widget-container>.elementor-spacer>.elementor-spacer-inner{height:var(--container-widget-height,var(--spacer-size))}.e-con-inner>.elementor-widget-spacer.elementor-widget-empty,.e-con>.elementor-widget-spacer.elementor-widget-empty{position:relative;min-height:22px;min-width:22px}.e-con-inner>.elementor-widget-spacer.elementor-widget-empty .elementor-widget-empty-icon,.e-con>.elementor-widget-spacer.elementor-widget-empty .elementor-widget-empty-icon{position:absolute;top:0;bottom:0;left:0;right:0;margin:auto;padding:0;width:22px;height:22px}<\/style>\n<style>\/*! elementor - v3.21.0 - 25-04-2024 *\/\n.elementor-heading-title{padding:0;margin:0;line-height:1}.elementor-widget-heading .elementor-heading-title[class*=elementor-size-]>a{color:inherit;font-size:inherit;line-height:inherit}.elementor-widget-heading .elementor-heading-title.elementor-size-small{font-size:15px}.elementor-widget-heading .elementor-heading-title.elementor-size-medium{font-size:19px}.elementor-widget-heading .elementor-heading-title.elementor-size-large{font-size:29px}.elementor-widget-heading .elementor-heading-title.elementor-size-xl{font-size:39px}.elementor-widget-heading .elementor-heading-title.elementor-size-xxl{font-size:59px}<\/style>\n<h2>Approuv\u00e9 par les leaders de l&#8217;industrie<\/h2>\n<p>\t\t    <!-- Start Brand \n\t    ============================================= --><br \/>\n\t                            <!-- Additional required wrapper --><br \/>\n\t                            \t\t                                <!-- Single Item --><br \/>\n\t\t\t\t\t\t\t\t\t\t<a target=\"_blank\" href=\"https:\/\/rkw-group.com\/de\/\"><br \/>\n\t\t\t\t\t\t\t\t\t\t\t<img decoding=\"async\" src=\"https:\/\/www.ramgmbh.de\/wp-content\/uploads\/2023\/08\/rkw-1.png\" alt=\"R.A.M.\"><br \/>\n\t\t\t\t\t\t\t\t\t\t<\/a><br \/>\n\t                                <!-- End Single Item --><br \/>\n\t                                \t                                <!-- Single Item --><br \/>\n\t\t\t\t\t\t\t\t\t\t<a target=\"_blank\" href=\"https:\/\/www.suez.com\/en\/\"><br \/>\n\t\t\t\t\t\t\t\t\t\t\t<img decoding=\"async\" src=\"https:\/\/www.ramgmbh.de\/wp-content\/uploads\/2024\/03\/Suez_logo-scaled.jpg\" alt=\"R.A.M.\"><br \/>\n\t\t\t\t\t\t\t\t\t\t<\/a><br \/>\n\t                                <!-- End Single Item --><br \/>\n\t                                \t                                <!-- Single Item --><br \/>\n\t\t\t\t\t\t\t\t\t\t<a target=\"_blank\" href=\"https:\/\/www.ravago.com\/sustainability\"><br \/>\n\t\t\t\t\t\t\t\t\t\t\t<img decoding=\"async\" src=\"https:\/\/www.ramgmbh.de\/wp-content\/uploads\/2025\/02\/Screenshot-2025-02-07-at-12.20.11.png\" alt=\"R.A.M.\"><br \/>\n\t\t\t\t\t\t\t\t\t\t<\/a><br \/>\n\t                                <!-- End Single Item --><br \/>\n\t                                \t                                <!-- Single Item --><br \/>\n\t\t\t\t\t\t\t\t\t\t<a target=\"_blank\" href=\"https:\/\/plastship.com\/plastship-benchmark\"><br \/>\n\t\t\t\t\t\t\t\t\t\t\t<img decoding=\"async\" src=\"https:\/\/www.ramgmbh.de\/wp-content\/uploads\/2024\/03\/plastship_logo_color_rgb_v_1.png\" alt=\"R.A.M.\"><br \/>\n\t\t\t\t\t\t\t\t\t\t<\/a><br \/>\n\t                                <!-- End Single Item --><br \/>\n\t                                \t                                <!-- Single Item --><br \/>\n\t\t\t\t\t\t\t\t\t\t<a target=\"_blank\" href=\"https:\/\/ergbierun.pl\/regranulaty.html\"><br \/>\n\t\t\t\t\t\t\t\t\t\t\t<img decoding=\"async\" src=\"https:\/\/www.ramgmbh.de\/wp-content\/uploads\/2025\/02\/Screenshot-2025-02-07-at-12.21.22.png\" alt=\"R.A.M.\"><br \/>\n\t\t\t\t\t\t\t\t\t\t<\/a><br \/>\n\t                                <!-- End Single Item --><br \/>\n\t                                \t                                <!-- Single Item --><br \/>\n\t\t\t\t\t\t\t\t\t\t<a target=\"_blank\" href=\"https:\/\/dpsr.com\/de\/home-de\/\"><br \/>\n\t\t\t\t\t\t\t\t\t\t\t<img decoding=\"async\" src=\"https:\/\/www.ramgmbh.de\/wp-content\/uploads\/2023\/08\/depaauw.png\" alt=\"R.A.M.\"><br \/>\n\t\t\t\t\t\t\t\t\t\t<\/a><br \/>\n\t                                <!-- End Single Item --><br \/>\n\t                                \t                                <!-- Single Item --><br \/>\n\t\t\t\t\t\t\t\t\t\t<a target=\"_blank\" href=\"https:\/\/morssinkhofplastics.nl\/en\"><br \/>\n\t\t\t\t\t\t\t\t\t\t\t<img decoding=\"async\" src=\"https:\/\/www.ramgmbh.de\/wp-content\/uploads\/2023\/09\/58be04cc-5b58-4e21-871f-0eb98015aa00.jpg\" alt=\"R.A.M.\"><br \/>\n\t\t\t\t\t\t\t\t\t\t<\/a><br \/>\n\t                                <!-- End Single Item --><br \/>\n\t                                \t                                <!-- Single Item --><br \/>\n\t\t\t\t\t\t\t\t\t\t<a target=\"_blank\" href=\"https:\/\/repeats-group.com\"><br \/>\n\t\t\t\t\t\t\t\t\t\t\t<img decoding=\"async\" src=\"https:\/\/www.ramgmbh.de\/wp-content\/uploads\/2023\/09\/0c5f84c0-783a-4a5a-9bef-1404dd124b99.jpg\" alt=\"R.A.M.\"><br \/>\n\t\t\t\t\t\t\t\t\t\t<\/a><br \/>\n\t                                <!-- End Single Item --><br \/>\n\t                                \t                                <!-- Single Item --><br \/>\n\t\t\t\t\t\t\t\t\t\t<a target=\"_blank\" href=\"https:\/\/www.berryglobal.com\/en\/\"><br \/>\n\t\t\t\t\t\t\t\t\t\t\t<img decoding=\"async\" src=\"https:\/\/www.ramgmbh.de\/wp-content\/uploads\/2023\/08\/Berry.png\" alt=\"R.A.M.\"><br \/>\n\t\t\t\t\t\t\t\t\t\t<\/a><br \/>\n\t                                <!-- End Single Item --><br \/>\n\t                                \t                                <!-- Single Item --><br \/>\n\t\t\t\t\t\t\t\t\t\t<a target=\"_blank\" href=\"https:\/\/www.rigk.de\"><br \/>\n\t\t\t\t\t\t\t\t\t\t\t<img decoding=\"async\" src=\"https:\/\/www.ramgmbh.de\/wp-content\/uploads\/2025\/02\/Screenshot-2025-02-07-at-12.22.41.png\" alt=\"R.A.M.\"><br \/>\n\t\t\t\t\t\t\t\t\t\t<\/a><br \/>\n\t                                <!-- End Single Item --><br \/>\n\t                                \t                                <!-- Single Item --><br \/>\n\t\t\t\t\t\t\t\t\t\t<a target=\"_blank\" href=\"https:\/\/www.lyondellbasell.com\/en\/sustainability\/ending-plastic-waste\/\"><br \/>\n\t\t\t\t\t\t\t\t\t\t\t<img decoding=\"async\" src=\"https:\/\/www.ramgmbh.de\/wp-content\/uploads\/2025\/02\/Screenshot-2025-02-07-at-12.22.14.png\" alt=\"R.A.M.\"><br \/>\n\t\t\t\t\t\t\t\t\t\t<\/a><br \/>\n\t                                <!-- End Single Item --><br \/>\n\t    <!-- End Brand --><br \/>\n\t<!-- Start Features \n    ============================================= --><\/p>\n<h4>\nSMART Recycling<br \/>\n<\/h4>\n<h2><\/h2>\n<p>Notre technologie PQMex\u00ae peut optimiser l&#8217;utilisation des machines, r\u00e9duire les d\u00e9chets et am\u00e9liorer la qualit\u00e9 du mat\u00e9riau.                    <\/p>\n<p>                                        <a href=\"https:\/\/www.ramgmbh.de\/product\/intrec\/\">Optimisez Votre Recyclage<\/a><br \/>\n                    \t                        <!-- Single Item --><\/p>\n<h4>Analyses en Temps R\u00e9el<\/h4>\n<p>\n                                    Utilisez des analyses avanc\u00e9es pour classer la qualit\u00e9 des mat\u00e9riaux, garantissant une production constante et de haute qualit\u00e9.                                <\/p>\n<p>                        <!-- End Single Item --><br \/>\n                                                <!-- Single Item --><\/p>\n<h4>Classification de la Qualit\u00e9 des Mat\u00e9riaux<\/h4>\n<p>\n                                    Utilisez l&#039;extrudeuse PQM pour d\u00e9tecter la qualit\u00e9 de l&#039;Impression de la Surface du Film et l&#039;Inspection Visuelle des Impuret\u00e9s avant la conversion.                                <\/p>\n<p>                        <!-- End Single Item --><br \/>\n                                                <!-- Single Item --><\/p>\n<h4>3 \u00e9tapes en avance<\/h4>\n<p>\n                                    Connaissez \u00e0 l&#039;avance la performance du mat\u00e9riau. R\u00e9duisez les retours et am\u00e9liorez l&#039;utilisation des machines. Moins de d\u00e9chets, plus de qualit\u00e9!                                <\/p>\n<p>                        <!-- End Single Item --><br \/>\n                                                <!-- Single Item --><\/p>\n<h4>Augmentation du ROI<\/h4>\n<p>\n                                    Am\u00e9liorez l&#039;efficacit\u00e9 et la rentabilit\u00e9, garantissant un retour rapide sur votre investissement.                                <\/p>\n<p>                        <!-- End Single Item --><br \/>\n    <!-- End Features --><\/p>\n<h4>\nAI dans le recyclage<br \/>\n<\/h4>\n<h2>AIREC\u00ae<\/h2>\n<p>\n\t            AIREC\u00ae est plus que de l&#8217;intelligence artificielle\u2014c&#8217;est le prochain niveau dans l&#8217;industrie du recyclage. Propuls\u00e9 par des algorithmes avanc\u00e9s d&#8217;apprentissage automatique et d&#8217;analyse de donn\u00e9es, notre AIREC\u00ae est capable de coexister avec les machines de nos clients, r\u00e9duisant les d\u00e9chets gr\u00e2ce \u00e0 une \u00e9valuation intelligente.\t        <\/p>\n<p>\t\t\t<a href=\"\/product\/airec\"> D\u00e9bloquez le Recyclage Pilot\u00e9 par l&#8217;IA<br \/>\n<\/a><br \/>\n\t\t\t    \t<!-- Start About Image Style Two --><br \/>\n                <img decoding=\"async\" src=\"https:\/\/www.ramgmbh.de\/wp-content\/uploads\/2023\/09\/DALL\u00b7E-2023-08-08-16.09.06.png\" alt=\"R.A.M.\"><br \/>\n                    <img decoding=\"async\" src=\"https:\/\/themelocker.tech\/crystal\/wp-content\/plugins\/elementor\/assets\/images\/placeholder.png\" alt=\"R.A.M.\"><br \/>\n        <!-- End About Image Style Two --><\/p>\n<style>\n    .meeting-style-one ul li a{\n         background: linear-gradient(to right, #0008, #000000, #000);\n    }\n    .btn.btn-gradient::after{\n           background: linear-gradient(to right, #000009, #155500);\n    }\n    .bg-dark{\n        background: #198754 !important;\n    }\n    footer .newsletter::after{\n        background: #045b35\n    }\n    footer .newsletter button::after{\n        background: white;\n    }\n    footer .newsletter button{\n        color: black;\n    }\n    footer.bg-dark::after{\n        background: #12ad7e;\n    }\n    .choose-us-style-two .thumb .overlay i{\n        background: linear-gradient(to right, #198754, #03a84e, #039445);\n    }\n    li.active a{\n        color: #03a84e !important;\n    }\n    .feature-style-five .row > div:nth-child(1) .feature-style-five-item i,.feature-style-five .row > div:nth-child(2) .feature-style-five-item i,.feature-style-five .row > div:nth-child(3) .feature-style-five-item i,.feature-style-five .row > div:nth-child(4) .feature-style-five-item i,.choose-us-style-two .thumb .title .top i,.sub-heading, .site-heading .sub-title{\n            background: linear-gradient(to right, #198754, #03a84e, #039445);\n                -webkit-background-clip: text;\n    background-clip: text;\n    -webkit-text-fill-color: transparent;\n    }\n    #recsolu .sub-heading{\n        background: linear-gradient(to right, #FFFFFF, #DDDDDD, #DDDDDD);\n                -webkit-background-clip: text;\n    background-clip: text;\n    -webkit-text-fill-color: transparent;\n    }\n    .site-heading .sub-title::after,.sub-heading::after{\n        background: url(https:\/\/www.ramgmbh.de\/wp-content\/uploads\/2023\/09\/shape_line.png);\n        background-size: contain;\n    background-repeat: no-repeat;\n    }\n    .shape-move{\n         background: linear-gradient(to right, #000000, #0009,#0009, #0009,#0009, #0005,#0000);\n !important;\n    }\n<\/style>\n<p>    <!-- Start Meeting \n    ============================================= --><br \/>\n        <!-- Shape --><br \/>\n                <!-- End Shape --><\/p>\n<h4>Notre \u00e9quipe d&#8217;experts est pr\u00eate \u00e0 vous aider<\/h4>\n<h2>Discutons de Vos Besoins<\/h2>\n<ul>\n<li>\n                            <a href=\"tel:+49%20(0)%206145%20\/%209356-0\"><\/p>\n<h5>Appelez-nous !<\/h5>\n<p>\n                                    +49 (0) 6145  9356-0                                <\/p>\n<p>                            <\/a>\n                        <\/li>\n<li>\n                            <a href=\"mailto:info@ramgmbh.de\"><\/p>\n<h5>Vous pr\u00e9f\u00e9rez \u00e9crire ?<br \/>\n<\/h5>\n<p>\n                                    info@ramgmbh.de                                <\/p>\n<p>                            <\/a>\n                        <\/li>\n<\/ul>\n<p>    <!-- End Meeting --><\/p>\n","protected":false},"excerpt":{"rendered":"<p>L&#8217;avenir du recyclage avec R.A.M. D\u00e9bloquez le Niveau Sup\u00e9rieur de Vos Op\u00e9rations de Recyclage Renforcez votre production avec une \u00e9valuation de qualit\u00e9 pr\u00e9cise Optimisez gr\u00e2ce \u00e0 des analyses de recyclage R\u00e9volutionnez votre flux de travail avec un contr\u00f4le pr\u00e9dictif. Nos syst\u00e8mes am\u00e9liorent la qualit\u00e9 du recyclage, aidant nos clients \u00e0 atteindre leurs objectifs. PQMex Gel [&hellip;]<\/p>\n","protected":false},"author":1,"featured_media":0,"parent":0,"menu_order":0,"comment_status":"closed","ping_status":"closed","template":"","meta":{"footnotes":""},"class_list":["post-3307","page","type-page","status-publish","hentry"],"translation":{"provider":"WPGlobus","version":"2.12.2","language":"fr","enabled_languages":["en","es","de","br","fr"],"languages":{"en":{"title":true,"content":true,"excerpt":false},"es":{"title":true,"content":true,"excerpt":false},"de":{"title":true,"content":true,"excerpt":false},"br":{"title":true,"content":true,"excerpt":false},"fr":{"title":true,"content":true,"excerpt":false}}},"aioseo_notices":[],"_links":{"self":[{"href":"https:\/\/www.ramgmbh.de\/fr\/wp-json\/wp\/v2\/pages\/3307","targetHints":{"allow":["GET"]}}],"collection":[{"href":"https:\/\/www.ramgmbh.de\/fr\/wp-json\/wp\/v2\/pages"}],"about":[{"href":"https:\/\/www.ramgmbh.de\/fr\/wp-json\/wp\/v2\/types\/page"}],"author":[{"embeddable":true,"href":"https:\/\/www.ramgmbh.de\/fr\/wp-json\/wp\/v2\/users\/1"}],"replies":[{"embeddable":true,"href":"https:\/\/www.ramgmbh.de\/fr\/wp-json\/wp\/v2\/comments?post=3307"}],"version-history":[{"count":238,"href":"https:\/\/www.ramgmbh.de\/fr\/wp-json\/wp\/v2\/pages\/3307\/revisions"}],"predecessor-version":[{"id":7560,"href":"https:\/\/www.ramgmbh.de\/fr\/wp-json\/wp\/v2\/pages\/3307\/revisions\/7560"}],"wp:attachment":[{"href":"https:\/\/www.ramgmbh.de\/fr\/wp-json\/wp\/v2\/media?parent=3307"}],"curies":[{"name":"wp","href":"https:\/\/api.w.org\/{rel}","templated":true}]}}