{"id":2650,"date":"2023-09-01T05:48:57","date_gmt":"2023-09-01T05:48:57","guid":{"rendered":"https:\/\/www.ramgmbh.de\/?post_type=product&#038;p=2650"},"modified":"2024-05-27T10:04:28","modified_gmt":"2024-05-27T09:04:28","slug":"fis-1000-surface-camera","status":"publish","type":"product","link":"https:\/\/www.ramgmbh.de\/fr\/product\/fis-1000-surface-camera\/","title":{"rendered":"FIS 1000 &#8211; Surface Camera"},"content":{"rendered":"<style>\/*! elementor - v3.21.0 - 25-04-2024 *\/\n.elementor-heading-title{padding:0;margin:0;line-height:1}.elementor-widget-heading .elementor-heading-title[class*=elementor-size-]>a{color:inherit;font-size:inherit;line-height:inherit}.elementor-widget-heading .elementor-heading-title.elementor-size-small{font-size:15px}.elementor-widget-heading .elementor-heading-title.elementor-size-medium{font-size:19px}.elementor-widget-heading .elementor-heading-title.elementor-size-large{font-size:29px}.elementor-widget-heading .elementor-heading-title.elementor-size-xl{font-size:39px}.elementor-widget-heading .elementor-heading-title.elementor-size-xxl{font-size:59px}<\/style>\n<h2>Inspection de la surface FIS-1000\u00ae: Pr\u00e9cision des mesures<\/h2>\n<p>\t\tLe FIS-1000 est un exemple de pr\u00e9cision et d&#8217;efficacit\u00e9 dans l&#8217;inspection de surfaces. Con\u00e7u pour r\u00e9pondre aux divers besoins de fabrication, ce syst\u00e8me offre une haute pr\u00e9cision, garantissant une qualit\u00e9 maximale \u00e0 chaque lot de production. D\u00e9tectez les d\u00e9fauts tels que les gels, les taches noires, les trous, les insectes, les marques d&#8217;huile et de nombreux autres contaminants gr\u00e2ce \u00e0 un suivi en temps r\u00e9el.<\/p>\n<h4>\u00a0<\/h4>\n<h4 style=\"text-align: left;\">Qu&#8217;il s&#8217;agisse de films, de films biaxiaux ou de non-tiss\u00e9s et de textiles, le FIS-1000 garantit une qualit\u00e9 et une coh\u00e9rence optimales pour chaque image.<\/h4>\n<ul>\n<li>\n<p>Inspection de film biaxial: Con\u00e7u sur mesure dans la fabrication de films biaxiaux pour surveiller le processus d&#8217;\u00e9tirage.<\/p>\n<\/li>\n<\/ul>\n<p><img fetchpriority=\"high\" decoding=\"async\" src=\"https:\/\/www.ramgmbh.de\/wp-content\/uploads\/2023\/09\/combined-film-e1695397422960-300x215.jpg\" alt=\"\" width=\"300\" height=\"215\" \/><\/p>\n<ul>\n<li>\n<p>Inspection Non-Tiss\u00e9s &amp; Textiles: De la r\u00e9partition des fibres \u00e0 la consistance de la texture, assurez-vous que chaque textile r\u00e9pond aux sp\u00e9cifications souhait\u00e9es.<\/p>\n<\/li>\n<\/ul>\n<p><img decoding=\"async\" src=\"https:\/\/www.ramgmbh.de\/wp-content\/uploads\/2023\/09\/combined-nonwovens-1-e1695397442231-300x215.jpg\" alt=\"\" width=\"300\" height=\"215\" \/><\/p>\n<h4>\u00a0<\/h4>\n<h4>\u00a0<\/h4>\n<h4>Caract\u00e9ristiques cl\u00e9s:<\/h4>\n<ul>\n<li style=\"list-style-type: none;\">\n<ul>\n<li style=\"list-style-type: none;\">\n<ul>\n<li>Imagerie \u00e0 haute r\u00e9solution par multi-cam\u00e9ra: En commen\u00e7ant par 4 096 pixels dans le sens de la largeur (CD), avec des options pour 8 192 et jusqu&#8217;\u00e0 16 384 pixels.<\/li>\n<li>Taux d&#8217;\u00e9chantillonnage \u00e9lev\u00e9s:\u00a0Obtenez des taux de balayage de 20 000 \u00e0 100 000 lignes\/seconde, ce qui permet une r\u00e9solution \u00e9lev\u00e9e dans le sens machine (MD), m\u00eame \u00e0 des vitesses de production \u00e9lev\u00e9es.<\/li>\n<li>Calibrage avanc\u00e9: Minimiser la distorsion des bords dans les lignes longues pour une image pr\u00e9cise.<\/li>\n<li>D\u00e9tection optimis\u00e9e des d\u00e9fauts:\u00a0En combinaison avec le logiciel de contr\u00f4le de processus CAMEN, il est possible de g\u00e9n\u00e9rer et de traiter jusqu&#8217;\u00e0 256 valeurs de seuil. Cela permet de garantir que seuls les d\u00e9fauts de fabrication pertinents sont d\u00e9tect\u00e9s, analys\u00e9s et affich\u00e9s.<\/li>\n<li>\n<p>Design compact &amp; robuste: La conception compacte de la cam\u00e9ra garantit une modularit\u00e9 optimale. La t\u00eate de la cam\u00e9ra et l&#8217;unit\u00e9 de traitement sont refroidies passivement par un dissipateur thermique lat\u00e9ral, ce qui permet de les utiliser \u00e0 des temp\u00e9ratures ambiantes allant jusqu&#8217;\u00e0 50\u00b0C. Pour des temp\u00e9ratures ambiantes plus \u00e9lev\u00e9es, il existe des options de refroidissement par air et\/ou par eau.<\/p>\n<\/li>\n<\/ul>\n<\/li>\n<\/ul>\n<\/li>\n<\/ul>\n<style>\/*! elementor - v3.21.0 - 25-04-2024 *\/\n.elementor-widget-image-carousel .swiper,.elementor-widget-image-carousel .swiper-container{position:static}.elementor-widget-image-carousel .swiper-container .swiper-slide figure,.elementor-widget-image-carousel .swiper .swiper-slide figure{line-height:inherit}.elementor-widget-image-carousel .swiper-slide{text-align:center}.elementor-image-carousel-wrapper:not(.swiper-container-initialized):not(.swiper-initialized) .swiper-slide{max-width:calc(100% \/ var(--e-image-carousel-slides-to-show, 3))}<\/style>\n<figure><img data-src=\"https:\/\/www.ramgmbh.de\/wp-content\/uploads\/2023\/09\/IMGP3053.jpeg\" alt=\"IMGP3053\" \/><\/figure>\n<figure><img data-src=\"https:\/\/www.ramgmbh.de\/wp-content\/uploads\/2023\/09\/Bildschirmfoto-2023-07-29-um-09.30.38-800x600.png\" alt=\"Bildschirmfoto 2023-07-29 um 09.30.38\" \/><\/figure>\n<h4>DONN\u00c9ES TECHNIQUES<\/h4>\n<h2>Cam\u00e9ra lin\u00e9aire<\/h2>\n<\/p>\n<table border=\"0\" width=\"519\" cellspacing=\"0\" cellpadding=\"0\">\n<colgroup>\n<col width=\"185\" \/>\n<col width=\"81\" \/>\n<col width=\"136\" \/>\n<col width=\"117\" \/><\/colgroup>\n<tbody>\n<tr>\n<td width=\"185\" height=\"13\">Cam\u00e9ra<\/td>\n<td width=\"81\">Pixel<\/td>\n<td width=\"136\">Lignes\/Seconde<\/td>\n<td width=\"117\">Fr\u00e9quence<\/td>\n<\/tr>\n<tr>\n<td height=\"13\">RAM-CAM-4k100<\/td>\n<td>4.096<\/td>\n<td>100.000<\/td>\n<td>410MHz<\/td>\n<\/tr>\n<tr>\n<td height=\"13\">RAM-CAM-4k172<\/td>\n<td>4.096<\/td>\n<td>172.000<\/td>\n<td>704MHz<\/td>\n<\/tr>\n<tr>\n<td height=\"13\">RAM-CAM-8k135<\/td>\n<td>8.192<\/td>\n<td>135.000<\/td>\n<td>1,11 GHz<\/td>\n<\/tr>\n<tr>\n<td height=\"13\">RAM-CAM-8k150<\/td>\n<td>8.192<\/td>\n<td>150.000<\/td>\n<td>1,23 GHz<\/td>\n<\/tr>\n<tr>\n<td height=\"13\">RAM-CAM-16k70<\/td>\n<td>16.384<\/td>\n<td>70.000<\/td>\n<td>1,15 GHz<\/td>\n<\/tr>\n<tr>\n<td height=\"13\">RAM-CAM-16k100<\/td>\n<td>16.384<\/td>\n<td>100.000<\/td>\n<td>1,64 GHz<\/td>\n<\/tr>\n<\/tbody>\n<\/table>\n<p>\t\t\t<a href=\"http:\/\/www.ramgmbh.com\/download\/eng_Zeilenkamera.pdf\" target=\"_blank\" rel=\"noopener\"><br \/>\n\t\t\t\t\t\t\t\t\tFiche technique<br \/>\n\t\t\t\t\t<\/a><\/p>\n<h2><a href=\"https:\/\/www.ramgmbh.de\/contact\/\"><br \/>\nLa s\u00e9rie RAM-CAM a \u00e9t\u00e9 con\u00e7ue pour r\u00e9pondre aux exigences strictes de la fabrication actuelle de produits ferroviaires. Sa construction en acier inoxydable garantit sa durabilit\u00e9 et sa long\u00e9vit\u00e9. Pour mieux comprendre comment FIS-1000\u00ae peut r\u00e9volutionner votre laboratoire de qualit\u00e9 et votre production, <a href=\"https:\/\/www.ramgmbh.de\/contact\/\" target=\"_new\" style=\"color: var(--tw-prose-links); text-decoration: underline; border-style: solid; border-color: rgb(217, 217, 227); outline: currentcolor; font-family: S\u00f6hne, ui-sans-serif, system-ui, -apple-system, &quot;Segoe UI&quot;, Roboto, Ubuntu, Cantarell, &quot;Noto Sans&quot;, sans-serif, &quot;Helvetica Neue&quot;, Arial, &quot;Apple Color Emoji&quot;, &quot;Segoe UI Emoji&quot;, &quot;Segoe UI Symbol&quot;, &quot;Noto Color Emoji&quot;; font-weight: 500; font-size: 16px; caret-color: rgb(0, 0, 0); text-underline-offset: 2px;\" rel=\"noopener\">contactez-nous<\/a> aujourd&#8217;hui.<\/p>\n<p><\/a><\/h2>\n","protected":false},"featured_media":6224,"menu_order":4,"template":"elementor_header_footer","meta":[],"product_category":[51],"class_list":["post-2650","product","type-product","status-publish","has-post-thumbnail","hentry","product_category-surface-inspection"],"translation":{"provider":"WPGlobus","version":"2.12.2","language":"fr","enabled_languages":["en","es","de","br","fr"],"languages":{"en":{"title":true,"content":true,"excerpt":false},"es":{"title":true,"content":true,"excerpt":false},"de":{"title":true,"content":true,"excerpt":false},"br":{"title":true,"content":true,"excerpt":false},"fr":{"title":true,"content":true,"excerpt":false}}},"aioseo_notices":[],"_links":{"self":[{"href":"https:\/\/www.ramgmbh.de\/fr\/wp-json\/wp\/v2\/product\/2650","targetHints":{"allow":["GET"]}}],"collection":[{"href":"https:\/\/www.ramgmbh.de\/fr\/wp-json\/wp\/v2\/product"}],"about":[{"href":"https:\/\/www.ramgmbh.de\/fr\/wp-json\/wp\/v2\/types\/product"}],"version-history":[{"count":81,"href":"https:\/\/www.ramgmbh.de\/fr\/wp-json\/wp\/v2\/product\/2650\/revisions"}],"predecessor-version":[{"id":6981,"href":"https:\/\/www.ramgmbh.de\/fr\/wp-json\/wp\/v2\/product\/2650\/revisions\/6981"}],"wp:featuredmedia":[{"embeddable":true,"href":"https:\/\/www.ramgmbh.de\/fr\/wp-json\/wp\/v2\/media\/6224"}],"wp:attachment":[{"href":"https:\/\/www.ramgmbh.de\/fr\/wp-json\/wp\/v2\/media?parent=2650"}],"wp:term":[{"taxonomy":"product_category","embeddable":true,"href":"https:\/\/www.ramgmbh.de\/fr\/wp-json\/wp\/v2\/product_category?post=2650"}],"curies":[{"name":"wp","href":"https:\/\/api.w.org\/{rel}","templated":true}]}}