{"id":3037,"date":"2023-09-04T12:09:08","date_gmt":"2023-09-04T12:09:08","guid":{"rendered":"https:\/\/www.ramgmbh.de\/?post_type=product&#038;p=3037"},"modified":"2025-05-05T10:52:40","modified_gmt":"2025-05-05T09:52:40","slug":"itg-500-labratory-bench","status":"publish","type":"product","link":"https:\/\/www.ramgmbh.de\/fr\/product\/itg-500-labratory-bench\/","title":{"rendered":"ITG 500 &#8211; Bench Analyzer"},"content":{"rendered":"<style>\/*! elementor - v3.21.0 - 25-04-2024 *\/\n.elementor-heading-title{padding:0;margin:0;line-height:1}.elementor-widget-heading .elementor-heading-title[class*=elementor-size-]>a{color:inherit;font-size:inherit;line-height:inherit}.elementor-widget-heading .elementor-heading-title.elementor-size-small{font-size:15px}.elementor-widget-heading .elementor-heading-title.elementor-size-medium{font-size:19px}.elementor-widget-heading .elementor-heading-title.elementor-size-large{font-size:29px}.elementor-widget-heading .elementor-heading-title.elementor-size-xl{font-size:39px}.elementor-widget-heading .elementor-heading-title.elementor-size-xxl{font-size:59px}<\/style>\n<h2>Pr\u00e9cision dans l&#8217;inspection des surfaces LAB<\/h2>\n<p>Plongez dans la nouvelle g\u00e9n\u00e9ration d&#8217;inspection de films avec notre Bench Analyser\u00ae. Con\u00e7u comme une table de laboratoire ultramoderne, ce syst\u00e8me identifie, cat\u00e9gorise et documente m\u00e9ticuleusement les d\u00e9fauts optiques dans les \u00e9chantillons de films en respectant les normes DIN A4 \/ DIN A3. Qu&#8217;il s&#8217;agisse de films transparents ou opaques, notre syst\u00e8me garantit une analyse compl\u00e8te.<\/p>\n<h4>Caract\u00e9ristiques cl\u00e9s:<\/h4>\n<ul>\n<li>Lumi\u00e8re transmise \u00c9clairage: Id\u00e9al aussi bien pour les films transparents que pour les films partiellement opaques.<\/li>\n<li>Lumi\u00e8re r\u00e9fl\u00e9chie Illumination: Am\u00e9liore la visibilit\u00e9 et la clart\u00e9, en particulier pour les films d&#8217;accompagnement.<\/li>\n<li>Ouverture du champ sombre: Sp\u00e9cialement con\u00e7u pour am\u00e9liorer la d\u00e9tection des taches de gel dans les films transparents.<\/li>\n<li>Option double \u00e9clairage: Un m\u00e9lange harmonieux de lumi\u00e8re transmise et r\u00e9fl\u00e9chie, offrant une clart\u00e9 in\u00e9gal\u00e9e pour les films collat\u00e9raux.<\/li>\n<li>Classification automatis\u00e9e des d\u00e9fauts: Qu&#8217;il s&#8217;agisse de taches de gel, de gels, de br\u00fblures, de fisheyes, d&#8217;impuret\u00e9s, de rides, de vides ou de mouches, notre syst\u00e8me les classe tous. En outre, il fournit des photos de ces d\u00e9fauts pour une \u00e9valuation d\u00e9taill\u00e9e.<\/li>\n<\/ul>\n<h4>\u00a0<\/h4>\n<h4>Connectivit\u00e9 &amp; Int\u00e9gration :<\/h4>\n<p>Le syst\u00e8me ITG 500 Bench s&#8217;int\u00e8gre facilement dans votre r\u00e9seau informatique, ce qui permet d&#8217;y acc\u00e9der depuis n&#8217;importe quel poste de travail. Surveillez les \u00e9valuations en temps r\u00e9el ou t\u00e9l\u00e9chargez directement les donn\u00e9es via une interface USB. Am\u00e9liorez votre processus d&#8217;inspection de films avec le Bench Analyser.<\/p>\n<style>\/*! elementor - v3.21.0 - 25-04-2024 *\/\n.elementor-widget-image{text-align:center}.elementor-widget-image a{display:inline-block}.elementor-widget-image a img[src$=\".svg\"]{width:48px}.elementor-widget-image img{vertical-align:middle;display:inline-block}<\/style>\n<p>\t\t\t\t\t\t\t\t\t\t<img fetchpriority=\"high\" decoding=\"async\" width=\"772\" height=\"1080\" src=\"https:\/\/www.ramgmbh.de\/wp-content\/uploads\/2023\/09\/Bildschirmfoto-2023-09-04-um-14.23.47-1.png\" alt=\"\" srcset=\"https:\/\/www.ramgmbh.de\/wp-content\/uploads\/2023\/09\/Bildschirmfoto-2023-09-04-um-14.23.47-1.png 772w, https:\/\/www.ramgmbh.de\/wp-content\/uploads\/2023\/09\/Bildschirmfoto-2023-09-04-um-14.23.47-1-214x300.png 214w, https:\/\/www.ramgmbh.de\/wp-content\/uploads\/2023\/09\/Bildschirmfoto-2023-09-04-um-14.23.47-1-732x1024.png 732w, https:\/\/www.ramgmbh.de\/wp-content\/uploads\/2023\/09\/Bildschirmfoto-2023-09-04-um-14.23.47-1-768x1074.png 768w\" sizes=\"(max-width: 772px) 100vw, 772px\" \/>\t\t\t\t\t\t\t\t\t\t\t\t\t<\/p>\n<h4>DONN\u00c9ES TECHNIQUES<\/h4>\n<h2>ITG 500 &#8211; Bench<\/h2>\n<\/p>\n<style>\/*! elementor-pro - v3.7.7 - 20-09-2022 *\/\n.elementor-widget-price-list .elementor-price-list{list-style:none;padding:0;margin:0}.elementor-widget-price-list .elementor-price-list li{margin:0}.elementor-price-list li:not(:last-child){margin-bottom:20px}.elementor-price-list .elementor-price-list-image{max-width:50%;-ms-flex-negative:0;flex-shrink:0;padding-right:25px}.elementor-price-list .elementor-price-list-image img{width:100%}.elementor-price-list .elementor-price-list-header,.elementor-price-list .elementor-price-list-item,.elementor-price-list .elementor-price-list-text{display:-webkit-box;display:-ms-flexbox;display:flex}.elementor-price-list .elementor-price-list-item{-webkit-box-align:start;-ms-flex-align:start;align-items:flex-start}.elementor-price-list .elementor-price-list-item .elementor-price-list-text{-webkit-box-align:start;-ms-flex-align:start;align-items:flex-start;-ms-flex-wrap:wrap;flex-wrap:wrap;-webkit-box-flex:1;-ms-flex-positive:1;flex-grow:1}.elementor-price-list .elementor-price-list-item .elementor-price-list-header{-webkit-box-align:center;-ms-flex-align:center;align-items:center;-ms-flex-preferred-size:100%;flex-basis:100%;font-size:19px;font-weight:600;margin-bottom:10px;-webkit-box-pack:justify;-ms-flex-pack:justify;justify-content:space-between}.elementor-price-list .elementor-price-list-item .elementor-price-list-title{max-width:80%}.elementor-price-list .elementor-price-list-item .elementor-price-list-price{font-weight:600}.elementor-price-list .elementor-price-list-item p.elementor-price-list-description{-ms-flex-preferred-size:100%;flex-basis:100%;font-size:14px;margin:0}.elementor-price-list .elementor-price-list-item .elementor-price-list-separator{-webkit-box-flex:1;-ms-flex-positive:1;flex-grow:1;margin-left:10px;margin-right:10px;border-bottom-style:dotted;border-bottom-width:2px;height:0}.elementor-price-table{text-align:center}.elementor-price-table .elementor-price-table__header{background:var(--e-price-table-header-background-color,#555);padding:20px 0}.elementor-price-table .elementor-price-table__heading{margin:0;padding:0;line-height:1.2;font-size:24px;font-weight:600;color:#fff}.elementor-price-table .elementor-price-table__subheading{font-size:13px;font-weight:400;color:#fff}.elementor-price-table .elementor-price-table__original-price{margin-right:15px;text-decoration:line-through;font-size:.5em;line-height:1;font-weight:400;-ms-flex-item-align:center;align-self:center}.elementor-price-table .elementor-price-table__original-price .elementor-price-table__currency{font-size:1em;margin:0}.elementor-price-table .elementor-price-table__price{display:-webkit-box;display:-ms-flexbox;display:flex;-webkit-box-pack:center;-ms-flex-pack:center;justify-content:center;-webkit-box-align:center;-ms-flex-align:center;align-items:center;-ms-flex-wrap:wrap;flex-wrap:wrap;-webkit-box-orient:horizontal;-webkit-box-direction:normal;-ms-flex-direction:row;flex-direction:row;color:#555;font-weight:800;font-size:65px;padding:40px 0}.elementor-price-table .elementor-price-table__price .elementor-typo-excluded{line-height:normal;letter-spacing:normal;text-transform:none;font-weight:400;font-size:medium;font-style:normal}.elementor-price-table .elementor-price-table__after-price{display:-webkit-box;display:-ms-flexbox;display:flex;-ms-flex-wrap:wrap;flex-wrap:wrap;text-align:left;-ms-flex-item-align:stretch;align-self:stretch;-webkit-box-align:start;-ms-flex-align:start;align-items:flex-start;-webkit-box-orient:vertical;-webkit-box-direction:normal;-ms-flex-direction:column;flex-direction:column}.elementor-price-table .elementor-price-table__integer-part{line-height:.8}.elementor-price-table .elementor-price-table__currency,.elementor-price-table .elementor-price-table__fractional-part{line-height:1;font-size:.3em}.elementor-price-table .elementor-price-table__currency{margin-right:3px}.elementor-price-table .elementor-price-table__period{width:100%;font-size:13px;font-weight:400}.elementor-price-table .elementor-price-table__features-list{list-style-type:none;margin:0;padding:0;line-height:1;color:var(--e-price-table-features-list-color)}.elementor-price-table .elementor-price-table__features-list li{font-size:14px;line-height:1;margin:0;padding:0}.elementor-price-table .elementor-price-table__features-list li .elementor-price-table__feature-inner{margin-left:15px;margin-right:15px}.elementor-price-table .elementor-price-table__features-list li:not(:first-child):before{content:\"\";display:block;border:0 solid hsla(0,0%,47.8%,.3);margin:10px 12.5%}.elementor-price-table .elementor-price-table__features-list i{margin-right:10px;font-size:1.3em}.elementor-price-table .elementor-price-table__features-list svg{margin-right:10px;fill:var(--e-price-table-features-list-color);height:1.3em;width:1.3em}.elementor-price-table .elementor-price-table__features-list svg~*{vertical-align:text-top}.elementor-price-table .elementor-price-table__footer{padding:30px 0}.elementor-price-table .elementor-price-table__additional_info{margin:0;font-size:13px;line-height:1.4}.elementor-price-table__ribbon{position:absolute;top:0;left:auto;right:0;-webkit-transform:rotate(90deg);-ms-transform:rotate(90deg);transform:rotate(90deg);width:150px;overflow:hidden;height:150px}.elementor-price-table__ribbon-inner{text-align:center;left:0;width:200%;-webkit-transform:translateY(-50%) translateX(-50%) translateX(35px) rotate(-45deg);-ms-transform:translateY(-50%) translateX(-50%) translateX(35px) rotate(-45deg);transform:translateY(-50%) translateX(-50%) translateX(35px) rotate(-45deg);margin-top:35px;font-size:13px;line-height:2;font-weight:800;text-transform:uppercase;background:#000}.elementor-price-table__ribbon.elementor-ribbon-left{-webkit-transform:rotate(0);-ms-transform:rotate(0);transform:rotate(0);left:0;right:auto}.elementor-price-table__ribbon.elementor-ribbon-right{-webkit-transform:rotate(90deg);-ms-transform:rotate(90deg);transform:rotate(90deg);left:auto;right:0}.elementor-widget-price-table .elementor-widget-container{overflow:hidden;background-color:#f7f7f7}.e-container>.elementor-widget-price-list,.e-container__inner>.elementor-widget-price-list{width:var(--container-widget-width,100%)}<\/style>\n<ul>\n<li>\n\t\t\t\t\t\t\tPC\t\t\t\t\t\t<\/p>\n<p>\n\t\t\t\t\t\t\t1 x CPU 3,10 GHz,<br \/>\n16 GByte M\u00e9moire,<br \/>\n1 TByte,<br \/>\n8 Gbyte SSD,<br \/>\n2x Ethernet\n\t\t\t\t\t\t<\/p>\n<\/li>\n<li><a href=\"#\"><br \/>\n\t\t\t\t\t\t\t\u00c9cran\t\t\t\t\t\t<\/p>\n<p>\n\t\t\t\t\t\t\t19&#8243; Touch-Screen\n\t\t\t\t\t\t<\/p>\n<p>\t\t\t\t<\/a><\/li>\n<li><a href=\"#\"><br \/>\n\t\t\t\t\t\t\tSoftware\t\t\t\t\t\t<\/p>\n<p>\n\t\t\t\t\t\t\tITG CAMEN 10.xx\t\t\t\t\t\t<\/p>\n<p>\t\t\t\t<\/a><\/li>\n<li><a href=\"#\"><br \/>\n\t\t\t\t\t\t\tCam\u00e9ra\t\t\t\t\t\t<\/p>\n<p>\n\t\t\t\t\t\t\tCMOS Cam\u00e9ra lin\u00e9aire 4.096 pixel<br \/>\n20.000 scans \/ sec.\t\t\t\t\t\t<\/p>\n<p>\t\t\t\t<\/a><\/li>\n<li><a href=\"#\"><br \/>\n\t\t\t\t\t\t\tSyst\u00e8me d&#8217;\u00e9clairage\t\t\t\t\t\t<\/p>\n<p>\n\t\t\t\t\t\t\tLED lampe longfield LL 500 mm pour les champs<br \/>\net champ sombre\t\t\t\t\t\t<\/p>\n<p>\t\t\t\t<\/a><\/li>\n<li><a href=\"#\"><br \/>\n\t\t\t\t\t\t\tDimensions\t\t\t\t\t\t<\/p>\n<p>\n\t\t\t\t\t\t\tL: 1.005 mm W: 885 mm H: 1.590 mm\n\t\t\t\t\t\t<\/p>\n<p>\t\t\t\t<\/a><\/li>\n<li><a href=\"#\"><br \/>\n\t\t\t\t\t\t\tAlimentation \u00e9lectrique\t\t\t\t\t\t<\/p>\n<p>\n\t\t\t\t\t\t\t230 VAC, 50-60 Hz, 500 W\n\t\t\t\t\t\t<\/p>\n<p>\t\t\t\t<\/a><\/li>\n<li><a href=\"#\"><br \/>\n\t\t\t\t\t\t\tOptions\t\t\t\t\t\t<\/p>\n<p>\n\t\t\t\t\t\t\tLampe Longfield LL 500 lumi\u00e8re r\u00e9fl\u00e9chie,<br \/>\nMesure de l&#8217;opacit\u00e9, du Haze et de la peau d&#8217;orange<br \/>\nCMOS Cam\u00e9ras lin\u00e9aires jusqu&#8217;\u00e0 16.384 Pixel\n\t\t\t\t\t\t<\/p>\n<p>\t\t\t\t<\/a><\/li>\n<\/ul>\n<p>\t\t\t<a href=\"https:\/\/www.ramgmbh.de\/download\/eng_ITG-500-Bench.pdf\" target=\"_blank\"><br \/>\n\t\t\t\t\t\t\t\t\tFiche technique<br \/>\n\t\t\t\t\t<\/a><\/p>\n<h2><a href=\"https:\/\/www.ramgmbh.de\/contact\/\">Pour mieux comprendre comment Bench Analyser\u00ae peut r\u00e9volutionner votre LAB qualit\u00e9 et votre production, <a href=\"https:\/\/www.ramgmbh.de\/contact\/\" target=\"_new\" style=\"color: var(--tw-prose-links); text-decoration: underline; border-style: solid; border-color: rgb(217, 217, 227); outline: currentcolor; font-family: S\u00f6hne, ui-sans-serif, system-ui, -apple-system, &quot;Segoe UI&quot;, Roboto, Ubuntu, Cantarell, &quot;Noto Sans&quot;, sans-serif, &quot;Helvetica Neue&quot;, Arial, &quot;Apple Color Emoji&quot;, &quot;Segoe UI Emoji&quot;, &quot;Segoe UI Symbol&quot;, &quot;Noto Color Emoji&quot;; font-weight: 500; font-size: 16px; caret-color: rgb(0, 0, 0); text-underline-offset: 2px;\">contactez-nous<\/a> aujourd&#8217;hui.<\/p>\n<p><\/a><\/h2>\n","protected":false},"featured_media":3054,"menu_order":0,"template":"elementor_header_footer","meta":[],"product_category":[54],"class_list":["post-3037","product","type-product","status-publish","has-post-thumbnail","hentry","product_category-laboratory"],"translation":{"provider":"WPGlobus","version":"2.12.2","language":"fr","enabled_languages":["en","es","de","br","fr"],"languages":{"en":{"title":true,"content":true,"excerpt":false},"es":{"title":true,"content":true,"excerpt":false},"de":{"title":true,"content":true,"excerpt":false},"br":{"title":true,"content":true,"excerpt":false},"fr":{"title":true,"content":true,"excerpt":false}}},"aioseo_notices":[],"_links":{"self":[{"href":"https:\/\/www.ramgmbh.de\/fr\/wp-json\/wp\/v2\/product\/3037","targetHints":{"allow":["GET"]}}],"collection":[{"href":"https:\/\/www.ramgmbh.de\/fr\/wp-json\/wp\/v2\/product"}],"about":[{"href":"https:\/\/www.ramgmbh.de\/fr\/wp-json\/wp\/v2\/types\/product"}],"version-history":[{"count":102,"href":"https:\/\/www.ramgmbh.de\/fr\/wp-json\/wp\/v2\/product\/3037\/revisions"}],"predecessor-version":[{"id":7624,"href":"https:\/\/www.ramgmbh.de\/fr\/wp-json\/wp\/v2\/product\/3037\/revisions\/7624"}],"wp:featuredmedia":[{"embeddable":true,"href":"https:\/\/www.ramgmbh.de\/fr\/wp-json\/wp\/v2\/media\/3054"}],"wp:attachment":[{"href":"https:\/\/www.ramgmbh.de\/fr\/wp-json\/wp\/v2\/media?parent=3037"}],"wp:term":[{"taxonomy":"product_category","embeddable":true,"href":"https:\/\/www.ramgmbh.de\/fr\/wp-json\/wp\/v2\/product_category?post=3037"}],"curies":[{"name":"wp","href":"https:\/\/api.w.org\/{rel}","templated":true}]}}