{"id":3704,"date":"2023-09-15T15:19:14","date_gmt":"2023-09-15T15:19:14","guid":{"rendered":"https:\/\/www.ramgmbh.de\/?post_type=product&#038;p=3704"},"modified":"2024-05-27T09:10:49","modified_gmt":"2024-05-27T08:10:49","slug":"training","status":"publish","type":"product","link":"https:\/\/www.ramgmbh.de\/fr\/product\/training\/","title":{"rendered":"Training"},"content":{"rendered":"<h4><\/h4>\n<h2>D\u00e9veloppez votre expertise avec les programmes de formation R.A.M.<\/h2>\n<\/p>\n<link rel=\"stylesheet\" href=\"https:\/\/www.ramgmbh.de\/wp-content\/plugins\/elementor\/assets\/css\/widget-icon-box.min.css\">\n<p>\n\t\t\t\t\t\t<b>Chez RAM<\/b>, nous pensons que la connaissance est un pouvoir. C&#8217;est pourquoi nous proposons des cours de formation sp\u00e9cialis\u00e9s, adapt\u00e9s \u00e0 vos besoins sp\u00e9cifiques. Dispens\u00e9s par notre \u00e9quipe hautement qualifi\u00e9e, ces cours sont con\u00e7us pour vous permettre d&#8217;acqu\u00e9rir les comp\u00e9tences et les connaissances n\u00e9cessaires pour exceller dans votre r\u00f4le. Choisissez vos programmes de formation:\t\t\t\t\t<\/p>\n<h4>MA\u00ceTRISEZ LES BASES EN UNE JOURN\u00c9E<\/h4>\n<h2>Formation des op\u00e9rateurs:<\/h2>\n<p>\n\t            Ce que vous allez apprendre:<\/p>\n<p>&#8211; Naviguer dans le logiciel CAMEN et charger des recettes<br \/>\n&#8211; Comprendre les termes cl\u00e9s tels que valeur de gris, seuil et fente<br \/>\n<br \/>&#8211; Cr\u00e9ation d&#8217;une commande et gestion des rapports de roulage dans la CAMEN<br \/>\n&#8211; Traiter efficacement les avertissements et les erreurs<br \/>\n<br \/>&#8211; Fonctionnalit\u00e9s de base du logiciel  <\/p>\n<p>Emplacement : A votre propre machine<br \/>\nDur\u00e9e: 1 jour\t        <\/p>\n<p>\t\t\t<a href=\"mailto:info@ramgmbh.de\"> Planifiez maintenant<\/a>\t\t<\/p>\n<h4>\u00c9LARGISSEZ VOS COMP\u00c9TENCES<\/h4>\n<h2>Manager \/ Responsable de la formation \u00e0 la production:<\/h2>\n<p>\n\t            Ce que vous apprendrez:<\/p>\n<p>&#8211; Tous les contenus de Formation des op\u00e9rateurs<br \/>\n&#8211; Cr\u00e9ation de recettes pour divers produits<br \/>\n<br \/>&#8211; Principes de base de la d\u00e9tection optique des d\u00e9fauts<br \/>\n<br \/>&#8211; Classification des d\u00e9fauts par taille et par type (veuillez envoyer des \u00e9chantillons \u00e0 l&#8217;avance)<br \/>\n<br \/>&#8211; Fonctionnalit\u00e9s avanc\u00e9es du logiciel<\/p>\n<p>Lieu: Installation de R.A.M. GmbH<br \/>\n<br \/>Dur\u00e9e: 2 jours\t        <\/p>\n<p>\t\t\t<a href=\"mailto:info@ramgmbh.de\"> Planifiez maintenant<\/a>\t\t<\/p>\n<h4>Devenir un expert du syst\u00e8me<\/h4>\n<h2>Formation \u00e0 la maintenance:<\/h2>\n<p>\n\t            Ce que vous apprendrez:<\/p>\n<p>&#8211; Tous les contenus de Manager Formation<br \/>\n<br \/>&#8211; Comprendre les alertes du syst\u00e8me et les actions appropri\u00e9es<br \/>\n<br \/>&#8211; Utilisation des journaux CAMEN pour le d\u00e9pannage<br \/>\n<br \/>&#8211; Red\u00e9marrage des cam\u00e9ras \u00e0 ligne unique<br \/>\n<br \/>&#8211; \u00c9valuation compl\u00e8te du syst\u00e8me, y compris les v\u00e9rifications m\u00e9caniques et \u00e9lectriques<br \/>\n<br \/>&#8211; Techniques d&#8217;\u00e9talonnage des syst\u00e8mes<\/p>\n<p>Lieu : \u00c9tablissement de R.A.M. GmbH<br \/>\n<br \/>Dur\u00e9e: 3 jours\t        <\/p>\n<p>\t\t\t<a href=\"mailto:info@ramgmbh.de\"> Planifiez maintenant<\/a>\t\t<\/p>\n<style>\n    .shape-move,.shape-move:nth-child(2){\n        background: var(--color-primary) !important;\n    }\n<\/style>\n","protected":false},"featured_media":0,"menu_order":0,"template":"elementor_header_footer","meta":[],"product_category":[60],"class_list":["post-3704","product","type-product","status-publish","hentry","product_category-training"],"translation":{"provider":"WPGlobus","version":"2.12.2","language":"fr","enabled_languages":["en","es","de","br","fr"],"languages":{"en":{"title":true,"content":true,"excerpt":false},"es":{"title":true,"content":true,"excerpt":false},"de":{"title":true,"content":true,"excerpt":false},"br":{"title":true,"content":true,"excerpt":false},"fr":{"title":true,"content":true,"excerpt":false}}},"aioseo_notices":[],"_links":{"self":[{"href":"https:\/\/www.ramgmbh.de\/fr\/wp-json\/wp\/v2\/product\/3704","targetHints":{"allow":["GET"]}}],"collection":[{"href":"https:\/\/www.ramgmbh.de\/fr\/wp-json\/wp\/v2\/product"}],"about":[{"href":"https:\/\/www.ramgmbh.de\/fr\/wp-json\/wp\/v2\/types\/product"}],"version-history":[{"count":22,"href":"https:\/\/www.ramgmbh.de\/fr\/wp-json\/wp\/v2\/product\/3704\/revisions"}],"predecessor-version":[{"id":6937,"href":"https:\/\/www.ramgmbh.de\/fr\/wp-json\/wp\/v2\/product\/3704\/revisions\/6937"}],"wp:attachment":[{"href":"https:\/\/www.ramgmbh.de\/fr\/wp-json\/wp\/v2\/media?parent=3704"}],"wp:term":[{"taxonomy":"product_category","embeddable":true,"href":"https:\/\/www.ramgmbh.de\/fr\/wp-json\/wp\/v2\/product_category?post=3704"}],"curies":[{"name":"wp","href":"https:\/\/api.w.org\/{rel}","templated":true}]}}