{"id":3717,"date":"2023-09-15T15:36:09","date_gmt":"2023-09-15T15:36:09","guid":{"rendered":"https:\/\/www.ramgmbh.de\/?post_type=product&#038;p=3717"},"modified":"2024-05-27T09:51:24","modified_gmt":"2024-05-27T08:51:24","slug":"vstat","status":"publish","type":"product","link":"https:\/\/www.ramgmbh.de\/fr\/product\/vstat\/","title":{"rendered":"vSTAT\u00ae"},"content":{"rendered":"<h2>Votre outil complet pour l&#8217;analyse statistique visuelle<\/h2>\n<p>Visual Statistical Analysis Tool<\/p>\n<p>Am\u00e9liorez la qualit\u00e9 de votre production avec vSTAT\u00ae, notre outil d&#8217;analyse facile \u00e0 utiliser. Il regroupe toutes les donn\u00e9es des capteurs sur un seul \u00e9cran. vSTAT\u00ae convient parfaitement \u00e0 l&#8217;affichage des donn\u00e9es d&#8217;observation de la bande et de l&#8217;\u00e9paisseur et peut \u00eatre combin\u00e9 avec de nombreux autres capteurs et syst\u00e8mes.<\/p>\n<h4>\u00a0<\/h4>\n<h4>Caract\u00e9ristiques principales:<\/h4>\n<ul>\n<li>Contr\u00f4les de qualit\u00e9 sur place: Prenez des d\u00e9cisions rapides et intelligentes directement dans la production.<\/li>\n<li>Suivre les tendances pass\u00e9es: Examinez la production pass\u00e9e afin d&#8217;am\u00e9liorer constamment le processus de production.<\/li>\n<li>Une connaissance approfondie des processus: Am\u00e9liorez votre compr\u00e9hension de la production.<\/li>\n<li>acc\u00e8s s\u00e9curis\u00e9 aux donn\u00e9es de n&#8217;importe o\u00f9: Acc\u00e9dez en toute s\u00e9curit\u00e9 \u00e0 vos donn\u00e9es de production, \u00e0 tout moment et en tout lieu.<\/li>\n<\/ul>\n<h4>Syst\u00e8me Conditions pr\u00e9alables:<\/h4>\n<ul>\n<li>Compatible avec Windows 7, Mac OS X 10.9, et Linux avec Desktop.<\/li>\n<li>Une r\u00e9solution d&#8217;\u00e9cran d&#8217;au moins 1024 \u00d7 768 est recommand\u00e9e.<\/li>\n<li>Au moins 2 GB de m\u00e9moire (8 GB recommand\u00e9s).<\/li>\n<\/ul>\n<h4>\u00a0<\/h4>\n<h4>Caract\u00e9ristiques particuli\u00e8res:<\/h4>\n<ul>\n<li style=\"list-style-type: none;\">\n<ul>\n<li style=\"list-style-type: none;\">\n<ul>\n<li>STATISTIC: Configurez vos statistiques pour l&#8217;inspection du web, l&#8217;\u00e9paisseur et plus encore. Nous veillons \u00e0 ce que vous obteniez des aper\u00e7us utiles sur la qualit\u00e9.<\/li>\n<\/ul>\n<ul>\n<li>OVERLAY: Vous pouvez voir ensemble les donn\u00e9es de diff\u00e9rents capteurs et les comparer facilement.<\/li>\n<\/ul>\n<\/li>\n<\/ul>\n<\/li>\n<\/ul>\n<p>\u00a0<\/p>\n<p><img fetchpriority=\"high\" decoding=\"async\" src=\"https:\/\/www.ramgmbh.de\/wp-content\/uploads\/2023\/09\/Design-sem-nome-6-1024x838.png\" alt=\"\" width=\"1024\" height=\"838\" \/><\/p>\n<p><a href=\"https:\/\/www.ramgmbh.de\/contact\/\"><u>Contactez-nous pour en savoir plus !<\/u><\/a><\/p>\n<p>\t\t\t<a href=\"http:\/\/www.ramgmbh.de\/download\/plastPMS_by_RAM_i40.pdf\"><br \/>\n\t\t\t\t\t\t\t\t\tvSTAT Fiche technique<br \/>\n\t\t\t\t\t<\/a><\/p>\n<style>\/*! elementor - v3.21.0 - 25-04-2024 *\/\n.elementor-column .elementor-spacer-inner{height:var(--spacer-size)}.e-con{--container-widget-width:100%}.e-con-inner>.elementor-widget-spacer,.e-con>.elementor-widget-spacer{width:var(--container-widget-width,var(--spacer-size));--align-self:var(--container-widget-align-self,initial);--flex-shrink:0}.e-con-inner>.elementor-widget-spacer>.elementor-widget-container,.e-con>.elementor-widget-spacer>.elementor-widget-container{height:100%;width:100%}.e-con-inner>.elementor-widget-spacer>.elementor-widget-container>.elementor-spacer,.e-con>.elementor-widget-spacer>.elementor-widget-container>.elementor-spacer{height:100%}.e-con-inner>.elementor-widget-spacer>.elementor-widget-container>.elementor-spacer>.elementor-spacer-inner,.e-con>.elementor-widget-spacer>.elementor-widget-container>.elementor-spacer>.elementor-spacer-inner{height:var(--container-widget-height,var(--spacer-size))}.e-con-inner>.elementor-widget-spacer.elementor-widget-empty,.e-con>.elementor-widget-spacer.elementor-widget-empty{position:relative;min-height:22px;min-width:22px}.e-con-inner>.elementor-widget-spacer.elementor-widget-empty .elementor-widget-empty-icon,.e-con>.elementor-widget-spacer.elementor-widget-empty .elementor-widget-empty-icon{position:absolute;top:0;bottom:0;left:0;right:0;margin:auto;padding:0;width:22px;height:22px}<\/style>\n","protected":false},"featured_media":5409,"menu_order":7,"template":"elementor_header_footer","meta":[],"product_category":[57],"class_list":["post-3717","product","type-product","status-publish","has-post-thumbnail","hentry","product_category-software"],"translation":{"provider":"WPGlobus","version":"2.12.2","language":"fr","enabled_languages":["en","es","de","br","fr"],"languages":{"en":{"title":true,"content":true,"excerpt":false},"es":{"title":true,"content":true,"excerpt":false},"de":{"title":true,"content":true,"excerpt":false},"br":{"title":true,"content":true,"excerpt":false},"fr":{"title":true,"content":true,"excerpt":false}}},"aioseo_notices":[],"_links":{"self":[{"href":"https:\/\/www.ramgmbh.de\/fr\/wp-json\/wp\/v2\/product\/3717","targetHints":{"allow":["GET"]}}],"collection":[{"href":"https:\/\/www.ramgmbh.de\/fr\/wp-json\/wp\/v2\/product"}],"about":[{"href":"https:\/\/www.ramgmbh.de\/fr\/wp-json\/wp\/v2\/types\/product"}],"version-history":[{"count":37,"href":"https:\/\/www.ramgmbh.de\/fr\/wp-json\/wp\/v2\/product\/3717\/revisions"}],"predecessor-version":[{"id":6972,"href":"https:\/\/www.ramgmbh.de\/fr\/wp-json\/wp\/v2\/product\/3717\/revisions\/6972"}],"wp:featuredmedia":[{"embeddable":true,"href":"https:\/\/www.ramgmbh.de\/fr\/wp-json\/wp\/v2\/media\/5409"}],"wp:attachment":[{"href":"https:\/\/www.ramgmbh.de\/fr\/wp-json\/wp\/v2\/media?parent=3717"}],"wp:term":[{"taxonomy":"product_category","embeddable":true,"href":"https:\/\/www.ramgmbh.de\/fr\/wp-json\/wp\/v2\/product_category?post=3717"}],"curies":[{"name":"wp","href":"https:\/\/api.w.org\/{rel}","templated":true}]}}