{"id":3925,"date":"2023-09-19T10:06:15","date_gmt":"2023-09-19T10:06:15","guid":{"rendered":"https:\/\/www.ramgmbh.de\/?post_type=product&#038;p=3925"},"modified":"2024-05-27T08:56:45","modified_gmt":"2024-05-27T07:56:45","slug":"airec","status":"publish","type":"product","link":"https:\/\/www.ramgmbh.de\/fr\/product\/airec\/","title":{"rendered":"AIREC\u00ae"},"content":{"rendered":"<style>\/*! elementor - v3.21.0 - 25-04-2024 *\/\n.elementor-heading-title{padding:0;margin:0;line-height:1}.elementor-widget-heading .elementor-heading-title[class*=elementor-size-]>a{color:inherit;font-size:inherit;line-height:inherit}.elementor-widget-heading .elementor-heading-title.elementor-size-small{font-size:15px}.elementor-widget-heading .elementor-heading-title.elementor-size-medium{font-size:19px}.elementor-widget-heading .elementor-heading-title.elementor-size-large{font-size:29px}.elementor-widget-heading .elementor-heading-title.elementor-size-xl{font-size:39px}.elementor-widget-heading .elementor-heading-title.elementor-size-xxl{font-size:59px}<\/style>\n<h2>R\u00e9volutionner le recyclage gr\u00e2ce \u00e0 l&#8217;intelligence artificielle<\/h2>\n<p>Plongez dans l&#8217;avenir du recyclage avec AIREC\u00ae, notre technologie d&#8217;intelligence artificielle de pointe, sp\u00e9cialement con\u00e7ue pour l&#8217;industrie du recyclage. AIREC\u00ae a \u00e9t\u00e9 con\u00e7u pour faire fonctionner les machines de recyclage \u00e0 leur point de fonctionnement optimal et obtenir ainsi la meilleure qualit\u00e9 de mat\u00e9riau recycl\u00e9.<\/p>\n<h4>CARACT\u00c9RISTIQUES CL\u00c9S:<\/h4>\n<h2><\/h2>\n<\/p>\n<ul>\n<li><strong>Optimisation de toute la ligne:<\/strong> Des d\u00e9chiqueteuses et des laveuses aux lignes d&#8217;extrusion et aux installations de pelletisation, AIREC\u00ae assure des performances de pointe tout au long du processus de recyclage.<\/li>\n<li><strong>Int\u00e9gration compl\u00e8te des capteurs:<\/strong> Il surveille des param\u00e8tres tels que la temp\u00e9rature, la pression, le pH, les d\u00e9tails du traitement de l&#8217;eau et bien d&#8217;autres encore, garantissant ainsi une vision globale de vos op\u00e9rations.<\/li>\n<li><strong>Capacit\u00e9s pr\u00e9dictives:<\/strong> Offre un horizon de pr\u00e9vision de 30 \u00e0 60 minutes, permettant ainsi des ajustements et des optimisations proactifs.<\/li>\n<li><strong>Classement de la qualit\u00e9:<\/strong> Mesure des param\u00e8tres tels que le nombre de gels, l&#8217;opacit\u00e9, la turbidit\u00e9 et la transparence afin de permettre une \u00e9valuation compl\u00e8te de la qualit\u00e9.<\/li>\n<li><strong>Int\u00e9gration de dispositifs externes:<\/strong> Int\u00e9gration transparente d&#8217;appareils tels que les mesures MFI dans le syst\u00e8me PlastPMS\u00ae.<\/li>\n<li><strong>Contr\u00f4le optimal &#038; Maintenance:<\/strong> Pr\u00e9voit la qualit\u00e9, assure le bon d\u00e9roulement des processus de recyclage et fournit des informations pour la maintenance pr\u00e9dictive.<\/li>\n<li><strong>Efficacit\u00e9 \u00c9nerg\u00e9tique &#038; Mat\u00e9rielle:<\/strong> Optimise la consommation d&#8217;\u00e9nergie et l&#8217;utilisation des mati\u00e8res premi\u00e8res, am\u00e9liorant ainsi le bilan carbone.<\/li>\n<li><strong>Analyse des co\u00fbts:<\/strong> Permet aux utilisateurs de voir la qualit\u00e9 r\u00e9elle et le co\u00fbt total du processus, assurant ainsi la transparence et l&#8217;efficacit\u00e9.<\/li>\n<\/ul>\n<h4>\u00a0<\/h4>\n<h4>\u00a0<\/h4>\n<h4>Int\u00e9gration &amp; Support:<\/h4>\n<ul>\n<li>Installation rapide: La mise en place initiale de PlastPMS\u00ae et d&#8217;AIREC\u00ae prend au maximum 40 \u00e0 45 jours, les int\u00e9grations suivantes prennent en moyenne 10 jours.<\/li>\n<li>D\u00e9veloppement continu: Tant AIREC\u00ae que PlastPMS\u00ae sont continuellement mis \u00e0 jour pour la qualit\u00e9, la production pr\u00e9dictive et la maintenance.<\/li>\n<li>Propri\u00e9t\u00e9 des donn\u00e9es: Toutes les donn\u00e9es restent la propri\u00e9t\u00e9 du client. La protection des donn\u00e9es et la s\u00e9curit\u00e9 sont nos priorit\u00e9s.<\/li>\n<\/ul>\n<style>\/*! elementor - v3.21.0 - 25-04-2024 *\/\n.elementor-widget-image{text-align:center}.elementor-widget-image a{display:inline-block}.elementor-widget-image a img[src$=\".svg\"]{width:48px}.elementor-widget-image img{vertical-align:middle;display:inline-block}<\/style>\n<p>\t\t\t\t\t\t\t\t\t\t<img decoding=\"async\" src=\"https:\/\/www.ramgmbh.de\/wp-content\/uploads\/2023\/09\/Other-Measurements-Temperature-Speed-Roughness-Corona-Thickness-Automatic-Sampler-3.pdf\" title=\"\" alt=\"\" loading=\"lazy\" \/>\t\t\t\t\t\t\t\t\t\t\t\t\t<\/p>\n<h2><a href=\"https:\/\/www.ramgmbh.de\/contact\/\">Pour des informations d\u00e9taill\u00e9es sur l&#8217;assistance, les co\u00fbts et les options, veuillez consulter notre liste de prix. <a href=\"https:\/\/www.ramgmbh.de\/contact\/\" target=\"_new\" style=\"color: var(--tw-prose-links); text-decoration: underline; border-style: solid; border-color: rgb(217, 217, 227); outline: currentcolor; font-family: S\u00f6hne, ui-sans-serif, system-ui, -apple-system, &quot;Segoe UI&quot;, Roboto, Ubuntu, Cantarell, &quot;Noto Sans&quot;, sans-serif, &quot;Helvetica Neue&quot;, Arial, &quot;Apple Color Emoji&quot;, &quot;Segoe UI Emoji&quot;, &quot;Segoe UI Symbol&quot;, &quot;Noto Color Emoji&quot;; font-weight: 500; font-size: 16px; caret-color: rgb(0, 0, 0); text-underline-offset: 2px;\" rel=\"noopener\">Contactez-nous<\/a> aujourd&#8217;hui.<\/p>\n<p><\/a><\/h2>\n","protected":false},"featured_media":5410,"menu_order":0,"template":"elementor_header_footer","meta":[],"product_category":[59,57],"class_list":["post-3925","product","type-product","status-publish","has-post-thumbnail","hentry","product_category-recycling","product_category-software"],"translation":{"provider":"WPGlobus","version":"2.12.2","language":"fr","enabled_languages":["en","es","de","br","fr"],"languages":{"en":{"title":true,"content":true,"excerpt":false},"es":{"title":true,"content":true,"excerpt":false},"de":{"title":true,"content":true,"excerpt":false},"br":{"title":true,"content":true,"excerpt":false},"fr":{"title":true,"content":true,"excerpt":false}}},"aioseo_notices":[],"_links":{"self":[{"href":"https:\/\/www.ramgmbh.de\/fr\/wp-json\/wp\/v2\/product\/3925","targetHints":{"allow":["GET"]}}],"collection":[{"href":"https:\/\/www.ramgmbh.de\/fr\/wp-json\/wp\/v2\/product"}],"about":[{"href":"https:\/\/www.ramgmbh.de\/fr\/wp-json\/wp\/v2\/types\/product"}],"version-history":[{"count":25,"href":"https:\/\/www.ramgmbh.de\/fr\/wp-json\/wp\/v2\/product\/3925\/revisions"}],"predecessor-version":[{"id":6913,"href":"https:\/\/www.ramgmbh.de\/fr\/wp-json\/wp\/v2\/product\/3925\/revisions\/6913"}],"wp:featuredmedia":[{"embeddable":true,"href":"https:\/\/www.ramgmbh.de\/fr\/wp-json\/wp\/v2\/media\/5410"}],"wp:attachment":[{"href":"https:\/\/www.ramgmbh.de\/fr\/wp-json\/wp\/v2\/media?parent=3925"}],"wp:term":[{"taxonomy":"product_category","embeddable":true,"href":"https:\/\/www.ramgmbh.de\/fr\/wp-json\/wp\/v2\/product_category?post=3925"}],"curies":[{"name":"wp","href":"https:\/\/api.w.org\/{rel}","templated":true}]}}