{"id":5147,"date":"2023-09-29T13:31:15","date_gmt":"2023-09-29T13:31:15","guid":{"rendered":"https:\/\/www.ramgmbh.de\/?post_type=product&#038;p=5147"},"modified":"2024-05-27T11:04:55","modified_gmt":"2024-05-27T10:04:55","slug":"slitter-rewinder-itg700","status":"publish","type":"product","link":"https:\/\/www.ramgmbh.de\/fr\/product\/slitter-rewinder-itg700\/","title":{"rendered":"Slitter Rewinder\u00ae &#8211; ITG700"},"content":{"rendered":"<style>\/*! elementor - v3.21.0 - 25-04-2024 *\/\n.elementor-heading-title{padding:0;margin:0;line-height:1}.elementor-widget-heading .elementor-heading-title[class*=elementor-size-]>a{color:inherit;font-size:inherit;line-height:inherit}.elementor-widget-heading .elementor-heading-title.elementor-size-small{font-size:15px}.elementor-widget-heading .elementor-heading-title.elementor-size-medium{font-size:19px}.elementor-widget-heading .elementor-heading-title.elementor-size-large{font-size:29px}.elementor-widget-heading .elementor-heading-title.elementor-size-xl{font-size:39px}.elementor-widget-heading .elementor-heading-title.elementor-size-xxl{font-size:59px}<\/style>\n<h2>Pr\u00e9cision de l&#8217;inspection de l&#8217;enrouleur<\/h2>\n<h4>Caract\u00e9ristiques cl\u00e9s:<\/h4>\n<ul>\n<li>Inspection des deux c\u00f4t\u00e9s: V\u00e9rifie que le haut et le bas des films opaques ne pr\u00e9sentent pas de d\u00e9fauts.<\/li>\n<li>Classification automatis\u00e9e des erreurs: Classe les d\u00e9fauts dans des cat\u00e9gories telles que les taches\/gels, les br\u00fblures, les yeux de poisson, les impuret\u00e9s, les plis, les trous ou les mouches. Il enregistre \u00e9galement des images de ces d\u00e9fauts pour une analyse ult\u00e9rieure.<\/li>\n<li>Rapport d&#8217;erreur (MAP): Fournit une repr\u00e9sentation symbolique des d\u00e9fauts dans le rouleau, y compris des images en niveaux de gris. Le rapport contient des informations sur le num\u00e9ro de bobine, le nombre total de d\u00e9fauts et les d\u00e9fauts par m\u00b2, tri\u00e9s par classe de taille\/type. Il indique \u00e9galement les emplacements des d\u00e9fauts dans le sens machine et dans le sens transversal.<\/li>\n<li>Gestion des recettes: Permet de cr\u00e9er un nombre illimit\u00e9 de recettes d&#8217;inspection, garantissant ainsi la flexibilit\u00e9 et l&#8217;adaptabilit\u00e9 aux diff\u00e9rentes exigences de fabrication.<\/li>\n<li>Alerte d&#8217;erreur critique: En cas d&#8217;erreur grave, le syst\u00e8me peut d\u00e9clencher un voyant d&#8217;alarme, faire retentir un klaxon ou m\u00eame arr\u00eater une bobineuse afin de s&#8217;assurer que les probl\u00e8mes critiques sont imm\u00e9diatement r\u00e9solus.<\/li>\n<li>Int\u00e9gration des donn\u00e9es BDE: T\u00e9l\u00e9chargement transparent des donn\u00e9es BDE dans le syst\u00e8me d&#8217;inspection pour une analyse et un suivi am\u00e9lior\u00e9s.<\/li>\n<li>Entr\u00e9es\/sorties digitales: \u00c9quip\u00e9 d&#8217;entr\u00e9es num\u00e9riques pour le signal de changement de rouleau, le signal du codeur ou l&#8217;inspection d&#8217;arr\u00eat et de sorties num\u00e9riques pour la commande d&#8217;alarmes en cas de situations d&#8217;erreur critiques.<\/li>\n<\/ul>\n<h4>\u00a0<\/h4>\n<h4>Applications:<\/h4>\n<p>L&#8217;ITG 700 a \u00e9t\u00e9 con\u00e7u pour r\u00e9pondre aux exigences strictes des processus de fabrication modernes. Ses fonctions et possibilit\u00e9s avanc\u00e9es en font un outil indispensable pour garantir la meilleure qualit\u00e9 dans la production de films\/feuilles. Que vous souhaitiez am\u00e9liorer le contr\u00f4le de la qualit\u00e9, r\u00e9duire les d\u00e9chets ou rationaliser votre processus de fabrication, l&#8217;ITG 700 est la solution que vous recherchiez.<\/p>\n<style>\/*! elementor - v3.21.0 - 25-04-2024 *\/\n.elementor-widget-image-carousel .swiper,.elementor-widget-image-carousel .swiper-container{position:static}.elementor-widget-image-carousel .swiper-container .swiper-slide figure,.elementor-widget-image-carousel .swiper .swiper-slide figure{line-height:inherit}.elementor-widget-image-carousel .swiper-slide{text-align:center}.elementor-image-carousel-wrapper:not(.swiper-container-initialized):not(.swiper-initialized) .swiper-slide{max-width:calc(100% \/ var(--e-image-carousel-slides-to-show, 3))}<\/style>\n<p>\t\t\t\t\t\t\t\t<a data-elementor-open-lightbox=\"yes\" data-elementor-lightbox-slideshow=\"39d6a2e\" data-elementor-lightbox-title=\"itg700\" data-e-action-hash=\"#elementor-action%3Aaction%3Dlightbox%26settings%3DeyJpZCI6MjY2MSwidXJsIjoiaHR0cHM6XC9cL3d3dy5yYW1nbWJoLmRlXC93cC1jb250ZW50XC91cGxvYWRzXC8yMDIzXC8wOVwvaXRnNzAwLTEucG5nIiwic2xpZGVzaG93IjoiMzlkNmEyZSJ9\" href=\"https:\/\/www.ramgmbh.de\/wp-content\/uploads\/2023\/09\/itg700-1.png\"><\/p>\n<figure><img data-src=\"https:\/\/www.ramgmbh.de\/wp-content\/uploads\/2023\/09\/itg700-1.png\" alt=\"itg700\" \/><\/figure>\n<p><\/a><a data-elementor-open-lightbox=\"yes\" data-elementor-lightbox-slideshow=\"39d6a2e\" data-elementor-lightbox-title=\"Bildschirmfoto 2023-07-29 um 09.30.38\" data-e-action-hash=\"#elementor-action%3Aaction%3Dlightbox%26settings%3DeyJpZCI6NDEyNiwidXJsIjoiaHR0cHM6XC9cL3d3dy5yYW1nbWJoLmRlXC93cC1jb250ZW50XC91cGxvYWRzXC8yMDIzXC8wOVwvQmlsZHNjaGlybWZvdG8tMjAyMy0wNy0yOS11bS0wOS4zMC4zOC5wbmciLCJzbGlkZXNob3ciOiIzOWQ2YTJlIn0%3D\" href=\"https:\/\/www.ramgmbh.de\/wp-content\/uploads\/2023\/09\/Bildschirmfoto-2023-07-29-um-09.30.38.png\"><\/p>\n<figure><img data-src=\"https:\/\/www.ramgmbh.de\/wp-content\/uploads\/2023\/09\/Bildschirmfoto-2023-07-29-um-09.30.38-800x600.png\" alt=\"Bildschirmfoto 2023-07-29 um 09.30.38\" \/><\/figure>\n<p><\/a>\t\t\t<\/p>\n<h4>DONN\u00c9ES TECHNIQUES<\/h4>\n<h2>ITG 700<\/h2>\n<\/p>\n<style>\/*! elementor-pro - v3.7.7 - 20-09-2022 *\/\n.elementor-widget-price-list .elementor-price-list{list-style:none;padding:0;margin:0}.elementor-widget-price-list .elementor-price-list li{margin:0}.elementor-price-list li:not(:last-child){margin-bottom:20px}.elementor-price-list .elementor-price-list-image{max-width:50%;-ms-flex-negative:0;flex-shrink:0;padding-right:25px}.elementor-price-list .elementor-price-list-image img{width:100%}.elementor-price-list .elementor-price-list-header,.elementor-price-list .elementor-price-list-item,.elementor-price-list .elementor-price-list-text{display:-webkit-box;display:-ms-flexbox;display:flex}.elementor-price-list .elementor-price-list-item{-webkit-box-align:start;-ms-flex-align:start;align-items:flex-start}.elementor-price-list .elementor-price-list-item .elementor-price-list-text{-webkit-box-align:start;-ms-flex-align:start;align-items:flex-start;-ms-flex-wrap:wrap;flex-wrap:wrap;-webkit-box-flex:1;-ms-flex-positive:1;flex-grow:1}.elementor-price-list .elementor-price-list-item .elementor-price-list-header{-webkit-box-align:center;-ms-flex-align:center;align-items:center;-ms-flex-preferred-size:100%;flex-basis:100%;font-size:19px;font-weight:600;margin-bottom:10px;-webkit-box-pack:justify;-ms-flex-pack:justify;justify-content:space-between}.elementor-price-list .elementor-price-list-item .elementor-price-list-title{max-width:80%}.elementor-price-list .elementor-price-list-item .elementor-price-list-price{font-weight:600}.elementor-price-list .elementor-price-list-item p.elementor-price-list-description{-ms-flex-preferred-size:100%;flex-basis:100%;font-size:14px;margin:0}.elementor-price-list .elementor-price-list-item .elementor-price-list-separator{-webkit-box-flex:1;-ms-flex-positive:1;flex-grow:1;margin-left:10px;margin-right:10px;border-bottom-style:dotted;border-bottom-width:2px;height:0}.elementor-price-table{text-align:center}.elementor-price-table .elementor-price-table__header{background:var(--e-price-table-header-background-color,#555);padding:20px 0}.elementor-price-table .elementor-price-table__heading{margin:0;padding:0;line-height:1.2;font-size:24px;font-weight:600;color:#fff}.elementor-price-table .elementor-price-table__subheading{font-size:13px;font-weight:400;color:#fff}.elementor-price-table .elementor-price-table__original-price{margin-right:15px;text-decoration:line-through;font-size:.5em;line-height:1;font-weight:400;-ms-flex-item-align:center;align-self:center}.elementor-price-table .elementor-price-table__original-price .elementor-price-table__currency{font-size:1em;margin:0}.elementor-price-table .elementor-price-table__price{display:-webkit-box;display:-ms-flexbox;display:flex;-webkit-box-pack:center;-ms-flex-pack:center;justify-content:center;-webkit-box-align:center;-ms-flex-align:center;align-items:center;-ms-flex-wrap:wrap;flex-wrap:wrap;-webkit-box-orient:horizontal;-webkit-box-direction:normal;-ms-flex-direction:row;flex-direction:row;color:#555;font-weight:800;font-size:65px;padding:40px 0}.elementor-price-table .elementor-price-table__price .elementor-typo-excluded{line-height:normal;letter-spacing:normal;text-transform:none;font-weight:400;font-size:medium;font-style:normal}.elementor-price-table .elementor-price-table__after-price{display:-webkit-box;display:-ms-flexbox;display:flex;-ms-flex-wrap:wrap;flex-wrap:wrap;text-align:left;-ms-flex-item-align:stretch;align-self:stretch;-webkit-box-align:start;-ms-flex-align:start;align-items:flex-start;-webkit-box-orient:vertical;-webkit-box-direction:normal;-ms-flex-direction:column;flex-direction:column}.elementor-price-table .elementor-price-table__integer-part{line-height:.8}.elementor-price-table .elementor-price-table__currency,.elementor-price-table .elementor-price-table__fractional-part{line-height:1;font-size:.3em}.elementor-price-table .elementor-price-table__currency{margin-right:3px}.elementor-price-table .elementor-price-table__period{width:100%;font-size:13px;font-weight:400}.elementor-price-table .elementor-price-table__features-list{list-style-type:none;margin:0;padding:0;line-height:1;color:var(--e-price-table-features-list-color)}.elementor-price-table .elementor-price-table__features-list li{font-size:14px;line-height:1;margin:0;padding:0}.elementor-price-table .elementor-price-table__features-list li .elementor-price-table__feature-inner{margin-left:15px;margin-right:15px}.elementor-price-table .elementor-price-table__features-list li:not(:first-child):before{content:\"\";display:block;border:0 solid hsla(0,0%,47.8%,.3);margin:10px 12.5%}.elementor-price-table .elementor-price-table__features-list i{margin-right:10px;font-size:1.3em}.elementor-price-table .elementor-price-table__features-list svg{margin-right:10px;fill:var(--e-price-table-features-list-color);height:1.3em;width:1.3em}.elementor-price-table .elementor-price-table__features-list svg~*{vertical-align:text-top}.elementor-price-table .elementor-price-table__footer{padding:30px 0}.elementor-price-table .elementor-price-table__additional_info{margin:0;font-size:13px;line-height:1.4}.elementor-price-table__ribbon{position:absolute;top:0;left:auto;right:0;-webkit-transform:rotate(90deg);-ms-transform:rotate(90deg);transform:rotate(90deg);width:150px;overflow:hidden;height:150px}.elementor-price-table__ribbon-inner{text-align:center;left:0;width:200%;-webkit-transform:translateY(-50%) translateX(-50%) translateX(35px) rotate(-45deg);-ms-transform:translateY(-50%) translateX(-50%) translateX(35px) rotate(-45deg);transform:translateY(-50%) translateX(-50%) translateX(35px) rotate(-45deg);margin-top:35px;font-size:13px;line-height:2;font-weight:800;text-transform:uppercase;background:#000}.elementor-price-table__ribbon.elementor-ribbon-left{-webkit-transform:rotate(0);-ms-transform:rotate(0);transform:rotate(0);left:0;right:auto}.elementor-price-table__ribbon.elementor-ribbon-right{-webkit-transform:rotate(90deg);-ms-transform:rotate(90deg);transform:rotate(90deg);left:auto;right:0}.elementor-widget-price-table .elementor-widget-container{overflow:hidden;background-color:#f7f7f7}.e-container>.elementor-widget-price-list,.e-container__inner>.elementor-widget-price-list{width:var(--container-widget-width,100%)}<\/style>\n<ul>\n<li>\n\t\t\t\t\t\t\tPC\t\t\t\t\t\t<\/p>\n<p>\n\t\t\t\t\t\t\tCPU 16 Gbyte RAM,<br \/>\n1 TByte HD,<br \/>\nSSD pour le syst\u00e8me d&#8217;exploitation\t\t\t\t\t\t<\/p>\n<\/li>\n<li><a href=\"#\"><br \/>\n\t\t\t\t\t\t\tInterfaces\t\t\t\t\t\t<\/p>\n<p>\n\t\t\t\t\t\t\t1 entr\u00e9e et 1 sortie avec optocoupleur,<br \/>\n1 compteur d&#8217;entr\u00e9e pour les compteurs de course\t\t\t\t\t\t<\/p>\n<p>\t\t\t\t<\/a><\/li>\n<li><a href=\"#\"><br \/>\n\t\t\t\t\t\t\t\u00c9cran\t\t\t\t\t\t<\/p>\n<p>\n\t\t\t\t\t\t\t19&#8243; LCD-TFT Touch-Screen\n\t\t\t\t\t\t<\/p>\n<p>\t\t\t\t<\/a><\/li>\n<li><a href=\"#\"><br \/>\n\t\t\t\t\t\t\tSoftware\t\t\t\t\t\t<\/p>\n<p>\n\t\t\t\t\t\t\tITG CAMEN 10.xx\t\t\t\t\t\t<\/p>\n<p>\t\t\t\t<\/a><\/li>\n<li><a href=\"#\"><br \/>\n\t\t\t\t\t\t\tCam\u00e9ra\t\t\t\t\t\t<\/p>\n<p>\n\t\t\t\t\t\t\tCMOS  Cam\u00e9ra lin\u00e9aire 8.192 pixel,<br \/>\n40.000 scans \/ sec.,<br \/>\n320 MBit\/s\t\t\t\t\t\t<\/p>\n<p>\t\t\t\t<\/a><\/li>\n<li><a href=\"#\"><br \/>\n\t\t\t\t\t\t\tR\u00e9solution du syst\u00e8me\t\t\t\t\t\t<\/p>\n<p>\n\t\t\t\t\t\t\tCD 65 \u00b5m ( largeur 500 mm),<br \/>\nMD 170 \u00b5m ( \u00e0 400 m\/Min.)\t\t\t\t\t\t<\/p>\n<p>\t\t\t\t<\/a><\/li>\n<li><a href=\"#\"><br \/>\n\t\t\t\t\t\t\tSyst\u00e8me d&#8217;\u00e9clairage\t\t\t\t\t\t<\/p>\n<p>\n\t\t\t\t\t\t\tLampe LED 1000, 1500 &#038; 2000 mm pour max. 1900 mm Largeur d&#8217;inspection<br \/>\nConvient \u00e0 l&#8217;inspection en lumi\u00e8re r\u00e9fl\u00e9chie, en lumi\u00e8re transmise et en champ clair\/obscur\t\t\t\t\t\t<\/p>\n<p>\t\t\t\t<\/a><\/li>\n<li><a href=\"#\"><br \/>\n\t\t\t\t\t\t\tDimension Cabinet\t\t\t\t\t\t<\/p>\n<p>\n\t\t\t\t\t\t\t860 x 860 x 30 mm\t\t\t\t\t\t<\/p>\n<p>\t\t\t\t<\/a><\/li>\n<li><a href=\"#\"><br \/>\n\t\t\t\t\t\t\tAlimentation \u00e9lectrique\t\t\t\t\t\t<\/p>\n<p>\n\t\t\t\t\t\t\t230 VAC, 50-60 Hz, 500 W\t\t\t\t\t\t<\/p>\n<p>\t\t\t\t<\/a><\/li>\n<li><a href=\"#\"><br \/>\n\t\t\t\t\t\t\tService et Support\t\t\t\t\t\t<\/p>\n<p>\n\t\t\t\t\t\t\tTunnel SSH\/VPN (DSL n\u00e9cessaire) recommand\u00e9\t\t\t\t\t\t<\/p>\n<p>\t\t\t\t<\/a><\/li>\n<\/ul>\n<p>\t\t\t<a href=\"https:\/\/www.ramgmbh.de\/download\/eng_ITG-700.pdf\" target=\"_blank\" rel=\"noopener\"><br \/>\n\t\t\t\t\t\t\t\t\tFiche technique<br \/>\n\t\t\t\t\t<\/a><\/p>\n<h2><a href=\"https:\/\/www.ramgmbh.de\/contact\/\">Pour une compr\u00e9hension plus approfondie de la mani\u00e8re dont l&#8217;enrouleur de la barre de coupe ITG 700 peut am\u00e9liorer la qualit\u00e9 de votre production, <a href=\"https:\/\/www.ramgmbh.de\/contact\/\" target=\"_new\" style=\"color: var(--tw-prose-links); text-decoration: underline; border-style: solid; border-color: rgb(217, 217, 227); outline: currentcolor; font-family: S\u00f6hne, ui-sans-serif, system-ui, -apple-system, &quot;Segoe UI&quot;, Roboto, Ubuntu, Cantarell, &quot;Noto Sans&quot;, sans-serif, &quot;Helvetica Neue&quot;, Arial, &quot;Apple Color Emoji&quot;, &quot;Segoe UI Emoji&quot;, &quot;Segoe UI Symbol&quot;, &quot;Noto Color Emoji&quot;; font-weight: 500; font-size: 16px; caret-color: rgb(0, 0, 0); text-underline-offset: 2px;\" rel=\"noopener\">contactez-nous<\/a> aujourd&#8217;hui.<\/p>\n<p><\/a><\/h2>\n","protected":false},"featured_media":2661,"menu_order":0,"template":"elementor_header_footer","meta":[],"product_category":[51],"class_list":["post-5147","product","type-product","status-publish","has-post-thumbnail","hentry","product_category-surface-inspection"],"translation":{"provider":"WPGlobus","version":"2.12.2","language":"fr","enabled_languages":["en","es","de","br","fr"],"languages":{"en":{"title":true,"content":true,"excerpt":false},"es":{"title":true,"content":true,"excerpt":false},"de":{"title":true,"content":true,"excerpt":false},"br":{"title":true,"content":true,"excerpt":false},"fr":{"title":true,"content":true,"excerpt":false}}},"aioseo_notices":[],"_links":{"self":[{"href":"https:\/\/www.ramgmbh.de\/fr\/wp-json\/wp\/v2\/product\/5147","targetHints":{"allow":["GET"]}}],"collection":[{"href":"https:\/\/www.ramgmbh.de\/fr\/wp-json\/wp\/v2\/product"}],"about":[{"href":"https:\/\/www.ramgmbh.de\/fr\/wp-json\/wp\/v2\/types\/product"}],"version-history":[{"count":28,"href":"https:\/\/www.ramgmbh.de\/fr\/wp-json\/wp\/v2\/product\/5147\/revisions"}],"predecessor-version":[{"id":6989,"href":"https:\/\/www.ramgmbh.de\/fr\/wp-json\/wp\/v2\/product\/5147\/revisions\/6989"}],"wp:featuredmedia":[{"embeddable":true,"href":"https:\/\/www.ramgmbh.de\/fr\/wp-json\/wp\/v2\/media\/2661"}],"wp:attachment":[{"href":"https:\/\/www.ramgmbh.de\/fr\/wp-json\/wp\/v2\/media?parent=5147"}],"wp:term":[{"taxonomy":"product_category","embeddable":true,"href":"https:\/\/www.ramgmbh.de\/fr\/wp-json\/wp\/v2\/product_category?post=5147"}],"curies":[{"name":"wp","href":"https:\/\/api.w.org\/{rel}","templated":true}]}}