{"id":6227,"date":"2024-04-29T08:03:20","date_gmt":"2024-04-29T07:03:20","guid":{"rendered":"https:\/\/www.ramgmbh.de\/?post_type=product&#038;p=6227"},"modified":"2024-05-27T09:57:46","modified_gmt":"2024-05-27T08:57:46","slug":"plastpsm","status":"publish","type":"product","link":"https:\/\/www.ramgmbh.de\/fr\/product\/plastpsm\/","title":{"rendered":"PlastPSM\u00ae"},"content":{"rendered":"<h2>PlastPMS\u00ae: Votre syst\u00e8me de surveillance complet<br \/><\/h2>\n<h4>Plastic Production Monitoring System<\/h4>\n<p>PlastPMS est votre outil tout-en-un pour les analyses en direct et en d\u00e9tail, qui fait passer votre production \u00e0 un niveau sup\u00e9rieur. Il combine les donn\u00e9es de tous vos syst\u00e8mes, de sorte que vous pouvez tout voir au m\u00eame endroit. Mais il ne s&#8217;agit pas seulement de voir des donn\u00e9es. Notre algorithme intelligent aide \u00e0 pr\u00e9dire les prochains \u00e9v\u00e9nements de la production, ce qui vous permet d&#8217;avoir toujours une longueur d&#8217;avance, de r\u00e9duire les d\u00e9chets et d&#8217;am\u00e9liorer activement la qualit\u00e9. Avec PlastPMS, la qualit\u00e9 n&#8217;est pas seulement surveill\u00e9e, elle est aussi atteinte.<\/p>\n<h4>\u00a0<\/h4>\n<h4>Caract\u00e9ristiques principales:<\/h4>\n<ul>\n<li>Toutes vos donn\u00e9es en un seul endroit: Les donn\u00e9es de tous les capteurs de la machine sont regroup\u00e9es pour obtenir une vue d&#8217;ensemble.<\/li>\n<li>Contr\u00f4ler la qualit\u00e9 en temps r\u00e9el: \u00c9valuez la qualit\u00e9 des produits directement depuis votre lieu de travail.<\/li>\n<li>Analyser pour optimiser: Utiliser les donn\u00e9es ant\u00e9rieures pour continuer \u00e0 s&#8217;am\u00e9liorer.<\/li>\n<li>Un regard en profondeur: Apprenez-en plus sur les d\u00e9tails de votre production et prenez de meilleures d\u00e9cisions.<\/li>\n<li>Les donn\u00e9es l\u00e0 o\u00f9 vous \u00eates: Acc\u00e9dez \u00e0 vos donn\u00e9es en toute s\u00e9curit\u00e9, \u00e0 tout moment et o\u00f9 que vous soyez.<\/li>\n<\/ul>\n<h4>\u00a0<\/h4>\n<h4>Syst\u00e8me Conditions pr\u00e9alables:<\/h4>\n<ul>\n<li>Compatible avec Windows 7, Mac OS X 10.9, et Linux avec Desktop.<\/li>\n<li>Une r\u00e9solution d&#8217;\u00e9cran d&#8217;au moins 1024 \u00d7 768 est recommand\u00e9e.<\/li>\n<li>Au moins 2 GB de m\u00e9moire (8 GB recommand\u00e9s).<\/li>\n<\/ul>\n<h4>\u00a0<\/h4>\n<h4>Modules Sp\u00e9cifiques:<\/h4>\n<ul>\n<li style=\"list-style-type: none;\">\n<ul>\n<li style=\"list-style-type: none;\">\n<ul>\n<li>STATISTIC: Concevez votre analyse avec l&#8217;observation de la trajectoire, l&#8217;\u00e9paisseur et plus encore. Obtenez des informations l\u00e0 o\u00f9 vous en avez besoin.<\/li>\n<\/ul>\n<\/li>\n<\/ul>\n<\/li>\n<\/ul>\n<p>\u00a0<\/p>\n<ul>\n<li style=\"list-style-type: none;\">\n<ul>\n<li style=\"list-style-type: none;\">\n<ul>\n<li>MONITORING &#8211; REPORT VIEWER: Stockez toutes vos donn\u00e9es de capteurs dans un endroit con\u00e7u pour l&#8217;inspection de la bande et de l&#8217;\u00e9paisseur, mais \u00e9quip\u00e9 pour en faire plus.<\/li>\n<\/ul>\n<\/li>\n<\/ul>\n<\/li>\n<\/ul>\n<p>\u00a0<\/p>\n<p><img fetchpriority=\"high\" decoding=\"async\" src=\"https:\/\/www.ramgmbh.de\/wp-content\/uploads\/2023\/09\/Design-sem-nome-7-1024x838.png\" alt=\"\" width=\"1024\" height=\"838\" \/><\/p>\n<p><a href=\"https:\/\/www.ramgmbh.de\/contact\/\"><u>Contactez-nous pour en savoir plus!<\/u><\/a><\/p>\n<p>\t\t\t<a href=\"http:\/\/www.ramgmbh.de\/download\/plastPMS_by_RAM_i40.pdf\"><br \/>\n\t\t\t\t\t\t\t\t\tPlastPMS Fiche technique<br \/>\n\t\t\t\t\t<\/a><\/p>\n<style>\/*! elementor - v3.21.0 - 25-04-2024 *\/\n.elementor-column .elementor-spacer-inner{height:var(--spacer-size)}.e-con{--container-widget-width:100%}.e-con-inner>.elementor-widget-spacer,.e-con>.elementor-widget-spacer{width:var(--container-widget-width,var(--spacer-size));--align-self:var(--container-widget-align-self,initial);--flex-shrink:0}.e-con-inner>.elementor-widget-spacer>.elementor-widget-container,.e-con>.elementor-widget-spacer>.elementor-widget-container{height:100%;width:100%}.e-con-inner>.elementor-widget-spacer>.elementor-widget-container>.elementor-spacer,.e-con>.elementor-widget-spacer>.elementor-widget-container>.elementor-spacer{height:100%}.e-con-inner>.elementor-widget-spacer>.elementor-widget-container>.elementor-spacer>.elementor-spacer-inner,.e-con>.elementor-widget-spacer>.elementor-widget-container>.elementor-spacer>.elementor-spacer-inner{height:var(--container-widget-height,var(--spacer-size))}.e-con-inner>.elementor-widget-spacer.elementor-widget-empty,.e-con>.elementor-widget-spacer.elementor-widget-empty{position:relative;min-height:22px;min-width:22px}.e-con-inner>.elementor-widget-spacer.elementor-widget-empty .elementor-widget-empty-icon,.e-con>.elementor-widget-spacer.elementor-widget-empty .elementor-widget-empty-icon{position:absolute;top:0;bottom:0;left:0;right:0;margin:auto;padding:0;width:22px;height:22px}<\/style>\n","protected":false},"featured_media":6228,"menu_order":1,"template":"elementor_header_footer","meta":[],"product_category":[57],"class_list":["post-6227","product","type-product","status-publish","has-post-thumbnail","hentry","product_category-software"],"translation":{"provider":"WPGlobus","version":"2.12.2","language":"fr","enabled_languages":["en","es","de","br","fr"],"languages":{"en":{"title":true,"content":true,"excerpt":false},"es":{"title":true,"content":true,"excerpt":false},"de":{"title":true,"content":true,"excerpt":false},"br":{"title":true,"content":true,"excerpt":false},"fr":{"title":true,"content":true,"excerpt":false}}},"aioseo_notices":[],"_links":{"self":[{"href":"https:\/\/www.ramgmbh.de\/fr\/wp-json\/wp\/v2\/product\/6227","targetHints":{"allow":["GET"]}}],"collection":[{"href":"https:\/\/www.ramgmbh.de\/fr\/wp-json\/wp\/v2\/product"}],"about":[{"href":"https:\/\/www.ramgmbh.de\/fr\/wp-json\/wp\/v2\/types\/product"}],"version-history":[{"count":50,"href":"https:\/\/www.ramgmbh.de\/fr\/wp-json\/wp\/v2\/product\/6227\/revisions"}],"predecessor-version":[{"id":6975,"href":"https:\/\/www.ramgmbh.de\/fr\/wp-json\/wp\/v2\/product\/6227\/revisions\/6975"}],"wp:featuredmedia":[{"embeddable":true,"href":"https:\/\/www.ramgmbh.de\/fr\/wp-json\/wp\/v2\/media\/6228"}],"wp:attachment":[{"href":"https:\/\/www.ramgmbh.de\/fr\/wp-json\/wp\/v2\/media?parent=6227"}],"wp:term":[{"taxonomy":"product_category","embeddable":true,"href":"https:\/\/www.ramgmbh.de\/fr\/wp-json\/wp\/v2\/product_category?post=6227"}],"curies":[{"name":"wp","href":"https:\/\/api.w.org\/{rel}","templated":true}]}}